{"id":16,"date":"2013-05-23T22:49:54","date_gmt":"2013-05-23T19:49:54","guid":{"rendered":"http:\/\/munska.siiksten.webfactional.com\/helsinki\/?page_id=16"},"modified":"2020-02-22T19:41:46","modified_gmt":"2020-02-22T17:41:46","slug":"tastingit","status":"publish","type":"page","link":"https:\/\/munskankarna.org\/helsinki\/tastingit\/","title":{"rendered":"Tastingit"},"content":{"rendered":"<p>Helsingin Munsk\u00e4nkarna j\u00e4rjest\u00e4\u00e4 vuosittain 10-15 korkeatasoista viinitastingia eli maistelutilaisuutta alustuksineen.<\/p>\n<p>Ellei kutsussa toisin mainita, tastingit ovat avoimia sek\u00e4 viiniseuran j\u00e4senille ett\u00e4 ei-j\u00e4senille. Paikkoja on kuitenkin rajallisesti, ja ne jaetaan ilmoittautumisj\u00e4rjestyksess\u00e4.<\/p>\n<p>Katso uusimmat tastingit ja ilmoittautumisohjeet <a href=\"https:\/\/munskankarna.org\/helsinki\/jasenkirje\/\">j\u00e4senkirjeest\u00e4 &gt;<\/a><\/p>\n\n\n<h4 class=\"wp-block-heading\">AIKA JA PAIKKA<\/h4>\n\n\n\n<p class=\"has-text-color has-dark-gray-color\">P\u00e4\u00e4osa viinitastingeista pidet\u00e4\u00e4n alkaen klo 18.00 Vinoteekissa Katajanokalla osoitteessa Kauppiaankatu 6. Kunkin tilaisuuden pitopaikka- ja -aika on ilmoitettu <a href=\"https:\/\/munskankarna.org\/helsinki\/jasenkirje\/\">j\u00e4senkirjeess\u00e4<\/a>. <\/p>\n\n\n\n<h4 class=\"wp-block-heading\">ILMOITTAUTUMISET<\/h4>\n\n\n\n<p>Tastingeihin ilmoittaudutaan ensisijaisesti s\u00e4hk\u00f6postilla osoitteeseen  <a href=\"m&#97;&#x69;&#x6c;t&#111;&#58;&#x69;&#x6c;m&#111;&#x69;&#x74;t&#97;&#117;&#x74;&#x75;m&#105;&#x73;&#x65;t&#46;&#104;&#x65;&#x6c;s&#105;&#x6e;&#x6b;i&#64;&#109;&#x75;&#x6e;s&#107;&#x61;&#x6e;ka&#114;&#x6e;&#x61;&#46;&#111;&#x72;&#x67;\">&#x69;&#108;m&#x6f;&#x69;&#116;t&#x61;&#x75;&#116;u&#x6d;&#105;s&#x65;&#x74;&#46;h&#x65;&#x6c;&#115;i&#x6e;&#107;&#105;&#x40;&#x6d;&#117;n&#x73;&#x6b;&#97;n&#x6b;&#97;&#114;n&#x61;&#46;o&#x72;&#x67;<\/a>. Muista ilmoittaa, mihin tilaisuuteen haluat ilmoittautua. Toissijaisesti voit ilmoittautua my\u00f6s <a href=\"https:\/\/munskankarna.org\/helsinki\/yhteystiedot\/\">puhelimitse hallituksen sihteerille &gt;<\/a>.<\/p>\n\n\n\n<p>Tastingeihin on rajallinen m\u00e4\u00e4r\u00e4 paikkoja. Paikkam\u00e4\u00e4r\u00e4 on ilmoitettu <a href=\"https:\/\/munskankarna.org\/helsinki\/jasenkirje\/\">j\u00e4senkirjeess\u00e4<\/a>. Paikat t\u00e4ytet\u00e4\u00e4n ilmoittautumisj\u00e4rjestyksess\u00e4.  <\/p>\n\n\n\n<h4 class=\"wp-block-heading\">OSALLISTUMISMAKSU<\/h4>\n\n\n\n<p>Tastingin osallistumaksu on maksettava pitop\u00e4iv\u00e4\u00e4n menness\u00e4 yhdistyksen tilille. Maksu saa sis\u00e4lt\u00e4\u00e4 vain yhden tilaisuuden maksun. <\/p>\n\n\n\n<p style=\"background-color:#640305\" class=\"has-text-color has-background has-white-color\">Pankkitili: FI13 6601 0003 3348 77 <br>Maksusta on ilmett\u00e4v\u00e4  selv\u00e4sti osallistujan nimi, tastingin aihe ja  p\u00e4iv\u00e4m\u00e4\u00e4r\u00e4. <\/p>\n\n\n\n<p>Ep\u00e4selvist\u00e4 ja muistutuslaskuista perimme 5 euron lis\u00e4maksun per muistutus.  <\/p>\n\n\n\n<h4 class=\"wp-block-heading\">PERUUTUKSET<\/h4>\n\n\n\n<p>Mahdollinen peruutus on teht\u00e4v\u00e4 ennen tilaisuuden j\u00e4senkirjeen tiedoissa annetun peruutusajan umpeutumista, yleens\u00e4 viimeist\u00e4\u00e4n viikkoa ennen tilaisuutta. <\/p>\n\n\n\n<p>Ilman hyv\u00e4ksytt\u00e4v\u00e4\u00e4 peruutusta yhdistys perii tilaisuuden koko hinnan. <\/p>\n\n\n\n<p>Huomioithan, ett\u00e4 voit peruutusajan umpeuduttua hankkia tastingiin tilallesi sijaisen. Informoi asiasta s\u00e4hk\u00f6postilla <a href=\"&#x6d;&#x61;&#x69;&#108;&#116;o:&#x69;&#x6c;&#x6d;&#111;&#105;tt&#x61;&#x75;&#x74;&#117;&#109;is&#x65;&#x74;&#x2e;&#104;&#101;ls&#x69;&#x6e;&#x6b;&#105;&#64;mu&#x6e;&#x73;&#x6b;&#97;&#110;&#107;a&#x72;&#x6e;&#x61;&#x2e;&#111;&#114;g\" target=\"_blank\" rel=\"noreferrer noopener\" aria-label=\"&#x69;l&#x6d;&#111;i&#x74;&#116;&#x61;&#x75;t&#x75;&#109;i&#x73;&#101;&#x74;&#46;h&#x65;&#108;s&#x69;&#110;&#x6b;&#105;&#64;&#x6d;&#117;&#x6e;&#x73;k&#x61;&#110;k&#x61;&#114;&#x6e;&#x61;&#46;&#x6f;&#114;g (avautuu uudessa v\u00e4lilehdess\u00e4)\">&#x69;&#108;&#x6d;&#111;i&#x74;&#116;a&#x75;&#116;&#x75;&#x6d;i&#x73;&#101;t&#x2e;&#104;&#x65;&#x6c;s&#x69;&#110;k&#x69;&#64;m&#x75;&#110;&#x73;&#107;a&#x6e;&#107;a&#x72;&#110;&#x61;&#x2e;o&#x72;&#103;<\/a> osallistujalistan yll\u00e4pit\u00e4j\u00e4\u00e4.  <\/p>\n","protected":false},"excerpt":{"rendered":"<p>Helsingin Munsk\u00e4nkarna j\u00e4rjest\u00e4\u00e4 vuosittain 10-15 korkeatasoista viinitastingia eli maistelutilaisuutta alustuksineen. Ellei kutsussa toisin mainita, tastingit ovat avoimia sek\u00e4 viiniseuran j\u00e4senille ett\u00e4 ei-j\u00e4senille. Paikkoja on kuitenkin rajallisesti, ja ne jaetaan ilmoittautumisj\u00e4rjestyksess\u00e4. Katso uusimmat tastingit ja ilmoittautumisohjeet j\u00e4senkirjeest\u00e4 &gt; AIKA JA PAIKKA P\u00e4\u00e4osa viinitastingeista pidet\u00e4\u00e4n alkaen klo 18.00 Vinoteekissa Katajanokalla osoitteessa Kauppiaankatu 6. Kunkin tilaisuuden pitopaikka- ja [&hellip;]<\/p>\n","protected":false},"author":24,"featured_media":0,"parent":0,"menu_order":2,"comment_status":"closed","ping_status":"open","template":"","meta":{"_monsterinsights_skip_tracking":false,"_monsterinsights_sitenote_active":false,"_monsterinsights_sitenote_note":"","_monsterinsights_sitenote_category":0,"footnotes":""},"class_list":["post-16","page","type-page","status-publish","hentry"],"yoast_head":"<!-- This site is optimized with the Yoast SEO plugin v27.3 - https:\/\/yoast.com\/product\/yoast-seo-wordpress\/ -->\n<title>Tastingit - Helsingin Munsk\u00e4nkarna<\/title>\n<meta name=\"robots\" content=\"index, follow, max-snippet:-1, max-image-preview:large, max-video-preview:-1\" \/>\n<link rel=\"canonical\" href=\"https:\/\/munskankarna.org\/helsinki\/tastingit\/\" \/>\n<meta property=\"og:locale\" content=\"fi_FI\" \/>\n<meta property=\"og:type\" content=\"article\" \/>\n<meta property=\"og:title\" content=\"Tastingit - Helsingin Munsk\u00e4nkarna\" \/>\n<meta property=\"og:description\" content=\"Helsingin Munsk\u00e4nkarna j\u00e4rjest\u00e4\u00e4 vuosittain 10-15 korkeatasoista viinitastingia eli maistelutilaisuutta alustuksineen. Ellei kutsussa toisin mainita, tastingit ovat avoimia sek\u00e4 viiniseuran j\u00e4senille ett\u00e4 ei-j\u00e4senille. Paikkoja on kuitenkin rajallisesti, ja ne jaetaan ilmoittautumisj\u00e4rjestyksess\u00e4. Katso uusimmat tastingit ja ilmoittautumisohjeet j\u00e4senkirjeest\u00e4 &gt; AIKA JA PAIKKA P\u00e4\u00e4osa viinitastingeista pidet\u00e4\u00e4n alkaen klo 18.00 Vinoteekissa Katajanokalla osoitteessa Kauppiaankatu 6. Kunkin tilaisuuden pitopaikka- ja [&hellip;]\" \/>\n<meta property=\"og:url\" content=\"https:\/\/munskankarna.org\/helsinki\/tastingit\/\" \/>\n<meta property=\"og:site_name\" content=\"Helsingin Munsk\u00e4nkarna\" \/>\n<meta property=\"article:modified_time\" content=\"2020-02-22T17:41:46+00:00\" \/>\n<meta name=\"twitter:card\" content=\"summary_large_image\" \/>\n<meta name=\"twitter:label1\" content=\"Arvioitu lukuaika\" \/>\n\t<meta name=\"twitter:data1\" content=\"1 minuutti\" \/>\n<script type=\"application\/ld+json\" class=\"yoast-schema-graph\">{\"@context\":\"https:\\\/\\\/schema.org\",\"@graph\":[{\"@type\":\"WebPage\",\"@id\":\"https:\\\/\\\/munskankarna.org\\\/helsinki\\\/tastingit\\\/\",\"url\":\"https:\\\/\\\/munskankarna.org\\\/helsinki\\\/tastingit\\\/\",\"name\":\"Tastingit - Helsingin Munsk\u00e4nkarna\",\"isPartOf\":{\"@id\":\"https:\\\/\\\/munskankarna.org\\\/helsinki\\\/#website\"},\"datePublished\":\"2013-05-23T19:49:54+00:00\",\"dateModified\":\"2020-02-22T17:41:46+00:00\",\"breadcrumb\":{\"@id\":\"https:\\\/\\\/munskankarna.org\\\/helsinki\\\/tastingit\\\/#breadcrumb\"},\"inLanguage\":\"fi\",\"potentialAction\":[{\"@type\":\"ReadAction\",\"target\":[\"https:\\\/\\\/munskankarna.org\\\/helsinki\\\/tastingit\\\/\"]}]},{\"@type\":\"BreadcrumbList\",\"@id\":\"https:\\\/\\\/munskankarna.org\\\/helsinki\\\/tastingit\\\/#breadcrumb\",\"itemListElement\":[{\"@type\":\"ListItem\",\"position\":1,\"name\":\"Home\",\"item\":\"https:\\\/\\\/munskankarna.org\\\/helsinki\\\/\"},{\"@type\":\"ListItem\",\"position\":2,\"name\":\"Tastingit\"}]},{\"@type\":\"WebSite\",\"@id\":\"https:\\\/\\\/munskankarna.org\\\/helsinki\\\/#website\",\"url\":\"https:\\\/\\\/munskankarna.org\\\/helsinki\\\/\",\"name\":\"Helsingin Munsk\u00e4nkarna\",\"description\":\"Suomen Munsk\u00e4nkarna ry:n Helsingin paikallisseura\",\"potentialAction\":[{\"@type\":\"SearchAction\",\"target\":{\"@type\":\"EntryPoint\",\"urlTemplate\":\"https:\\\/\\\/munskankarna.org\\\/helsinki\\\/?s={search_term_string}\"},\"query-input\":{\"@type\":\"PropertyValueSpecification\",\"valueRequired\":true,\"valueName\":\"search_term_string\"}}],\"inLanguage\":\"fi\"}]}<\/script>\n<!-- \/ Yoast SEO plugin. -->","yoast_head_json":{"title":"Tastingit - Helsingin Munsk\u00e4nkarna","robots":{"index":"index","follow":"follow","max-snippet":"max-snippet:-1","max-image-preview":"max-image-preview:large","max-video-preview":"max-video-preview:-1"},"canonical":"https:\/\/munskankarna.org\/helsinki\/tastingit\/","og_locale":"fi_FI","og_type":"article","og_title":"Tastingit - Helsingin Munsk\u00e4nkarna","og_description":"Helsingin Munsk\u00e4nkarna j\u00e4rjest\u00e4\u00e4 vuosittain 10-15 korkeatasoista viinitastingia eli maistelutilaisuutta alustuksineen. Ellei kutsussa toisin mainita, tastingit ovat avoimia sek\u00e4 viiniseuran j\u00e4senille ett\u00e4 ei-j\u00e4senille. Paikkoja on kuitenkin rajallisesti, ja ne jaetaan ilmoittautumisj\u00e4rjestyksess\u00e4. Katso uusimmat tastingit ja ilmoittautumisohjeet j\u00e4senkirjeest\u00e4 &gt; AIKA JA PAIKKA P\u00e4\u00e4osa viinitastingeista pidet\u00e4\u00e4n alkaen klo 18.00 Vinoteekissa Katajanokalla osoitteessa Kauppiaankatu 6. Kunkin tilaisuuden pitopaikka- ja [&hellip;]","og_url":"https:\/\/munskankarna.org\/helsinki\/tastingit\/","og_site_name":"Helsingin Munsk\u00e4nkarna","article_modified_time":"2020-02-22T17:41:46+00:00","twitter_card":"summary_large_image","twitter_misc":{"Arvioitu lukuaika":"1 minuutti"},"schema":{"@context":"https:\/\/schema.org","@graph":[{"@type":"WebPage","@id":"https:\/\/munskankarna.org\/helsinki\/tastingit\/","url":"https:\/\/munskankarna.org\/helsinki\/tastingit\/","name":"Tastingit - Helsingin Munsk\u00e4nkarna","isPartOf":{"@id":"https:\/\/munskankarna.org\/helsinki\/#website"},"datePublished":"2013-05-23T19:49:54+00:00","dateModified":"2020-02-22T17:41:46+00:00","breadcrumb":{"@id":"https:\/\/munskankarna.org\/helsinki\/tastingit\/#breadcrumb"},"inLanguage":"fi","potentialAction":[{"@type":"ReadAction","target":["https:\/\/munskankarna.org\/helsinki\/tastingit\/"]}]},{"@type":"BreadcrumbList","@id":"https:\/\/munskankarna.org\/helsinki\/tastingit\/#breadcrumb","itemListElement":[{"@type":"ListItem","position":1,"name":"Home","item":"https:\/\/munskankarna.org\/helsinki\/"},{"@type":"ListItem","position":2,"name":"Tastingit"}]},{"@type":"WebSite","@id":"https:\/\/munskankarna.org\/helsinki\/#website","url":"https:\/\/munskankarna.org\/helsinki\/","name":"Helsingin Munsk\u00e4nkarna","description":"Suomen Munsk\u00e4nkarna ry:n Helsingin paikallisseura","potentialAction":[{"@type":"SearchAction","target":{"@type":"EntryPoint","urlTemplate":"https:\/\/munskankarna.org\/helsinki\/?s={search_term_string}"},"query-input":{"@type":"PropertyValueSpecification","valueRequired":true,"valueName":"search_term_string"}}],"inLanguage":"fi"}]}},"_links":{"self":[{"href":"https:\/\/munskankarna.org\/helsinki\/wp-json\/wp\/v2\/pages\/16","targetHints":{"allow":["GET"]}}],"collection":[{"href":"https:\/\/munskankarna.org\/helsinki\/wp-json\/wp\/v2\/pages"}],"about":[{"href":"https:\/\/munskankarna.org\/helsinki\/wp-json\/wp\/v2\/types\/page"}],"author":[{"embeddable":true,"href":"https:\/\/munskankarna.org\/helsinki\/wp-json\/wp\/v2\/users\/24"}],"replies":[{"embeddable":true,"href":"https:\/\/munskankarna.org\/helsinki\/wp-json\/wp\/v2\/comments?post=16"}],"version-history":[{"count":24,"href":"https:\/\/munskankarna.org\/helsinki\/wp-json\/wp\/v2\/pages\/16\/revisions"}],"predecessor-version":[{"id":479,"href":"https:\/\/munskankarna.org\/helsinki\/wp-json\/wp\/v2\/pages\/16\/revisions\/479"}],"wp:attachment":[{"href":"https:\/\/munskankarna.org\/helsinki\/wp-json\/wp\/v2\/media?parent=16"}],"curies":[{"name":"wp","href":"https:\/\/api.w.org\/{rel}","templated":true}]}}