{"id":18,"date":"2013-05-23T22:51:09","date_gmt":"2013-05-23T19:51:09","guid":{"rendered":"http:\/\/munska.siiksten.webfactional.com\/helsinki\/?page_id=18"},"modified":"2023-12-14T18:01:23","modified_gmt":"2023-12-14T16:01:23","slug":"jasenyys","status":"publish","type":"page","link":"https:\/\/munskankarna.org\/helsinki\/jasenyys\/","title":{"rendered":"J\u00e4senyys"},"content":{"rendered":"\r\n<p>Helsingin Munsk\u00e4nkarnalla on noin 170 j\u00e4sent\u00e4. Tunnuksena kuulumisesta kansainv\u00e4liseen viiniyhdistykseen, jolla on l\u00e4hes 30 000 j\u00e4sent\u00e4, j\u00e4senille luovutetaan yhdistyksen pinssi sek\u00e4 taste de vin -k\u00e4\u00e4ty. K\u00e4\u00e4dyn nauhan v\u00e4ri kertoo, kuinka kauan henkil\u00f6 on kuulunut Munsk\u00e4nkarnaan:<\/p>\r\n\r\n\r\n\r\n<ul class=\"wp-block-list\">\r\n<li>j\u00e4senen\u00e4 alle 5 vuotta = mustavihre\u00e4 kaulanauha<\/li>\r\n<li>yli 5 vuotta, mutta alle 10 vuotta = punakeltainen kaulanauha<\/li>\r\n<li>yli 10 vuotta, mutta alle 25 vuotta = liila kaulanauha<\/li>\r\n<li>yli 25 vuotta = punakultainen kaulanauha<\/li>\r\n<\/ul>\r\n\r\n\r\n\r\n<p>J\u00e4senen\u00e4 pysyminen edellytt\u00e4\u00e4 yhdistyksen vuosikokouksen vuosittain vahvistaman j\u00e4senmaksun maksamista. Vuonna 2024 j\u00e4senmaksut ovat<\/p>\r\n\r\n\r\n\r\n<ul class=\"wp-block-list\">\r\n<li>henkil\u00f6j\u00e4senen j\u00e4senmaksu: 35 \u20ac\/vuosi<\/li>\r\n<li>uuden j\u00e4senen liittymismaksu: 40 \u20ac<\/li>\r\n<\/ul>\r\n\r\n\r\n\r\n<p>J\u00e4senmaksu suoritetaan 15.1.2024 menness\u00e4 yhdistyksen tilille FI13 6601 0003 3348 77.<br \/>Maksaessasi j\u00e4senmaksua muista ilmoittaa viestikent\u00e4ss\u00e4 oma nimesi.<br \/>HUOM! J\u00e4senmaksusta ei tule erillist\u00e4 laskua.<\/p>\r\n\r\n\r\n\r\n<p>Helsingin Munsk\u00e4nkarnan j\u00e4senlehten\u00e4 on <a href=\"http:\/\/www.viinilehti.fi\/\" target=\"_blank\" rel=\"noopener noreferrer\">Viinilehti<\/a>.<\/p>\r\n\r\n\r\n\r\n<h2 class=\"wp-block-heading\">Etk\u00f6 viel\u00e4 ole j\u00e4sen?<\/h2>\r\n\r\n\r\n\r\n<p>Tule mukaan toimintaamme! Nopeiten p\u00e4\u00e4set j\u00e4seneksi seuraavasti<\/p>\r\n\r\n\r\n\r\n<ol class=\"wp-block-list\">\r\n<li>Maksa liittymis- ja j\u00e4senmaksut Helsingin Munk\u00e4nkarnan tilille FI13 6601 0003 3348 77.<\/li>\r\n<li>Ilmoita maksetuista maksuista sek\u00e4 yhteystietosi <a href=\"https:\/\/munskankarna.org\/helsinki\/yhteystiedot\/\"><span style=\"color: #993300\">puheenjohtajalle tai sihteerille<\/span> &gt;<\/a>.<\/li>\r\n<\/ol>\r\n\r\n\r\n\r\n<p><span style=\"color: #993300\">Huom!<\/span> Jos liityt seuraan vasta lokakuun j\u00e4lkeen, liittyminen ei edellyt\u00e4 j\u00e4senmaksua kuluvalta vuodelta.<\/p>\r\n\r\n\r\n\r\n<p>Etk\u00f6 viel\u00e4 ole aivan varma? Voit my\u00f6s tutustua toimintaamme maistelutilaisuudessa ennen j\u00e4senyytt\u00e4. Toimi t\u00e4ll\u00f6in <span style=\"color: #993300\"><a style=\"color: #993300\" href=\"https:\/\/munskankarna.org\/helsinki\/jasenkirje\/\">j\u00e4senkirjeess\u00e4<\/a><\/span> annettujen ohjeiden mukaan. Huomioithan, ett\u00e4 osallistumismaksu on t\u00e4ll\u00f6in suurempi kuin j\u00e4senill\u00e4.<\/p>\r\n\r\n\r\n\r\n<p>Lis\u00e4tietoja saat <span style=\"color: #993300\"><a style=\"color: #993300\" href=\"https:\/\/munskankarna.org\/helsinki\/tastingit\/\">Tastingit-osiosta &gt;<\/a><\/span> tai kun otat meihin yhteytt\u00e4 <a href=\"https:\/\/munskankarna.org\/helsinki\/yhteystiedot\/palaute\/\"><span style=\"color: #993300\">palautelomakkeella &gt;<\/span><\/a>.<\/p>\r\n","protected":false},"excerpt":{"rendered":"<p>Helsingin Munsk\u00e4nkarnalla on noin 170 j\u00e4sent\u00e4. Tunnuksena kuulumisesta kansainv\u00e4liseen viiniyhdistykseen, jolla on l\u00e4hes 30 000 j\u00e4sent\u00e4, j\u00e4senille luovutetaan yhdistyksen pinssi sek\u00e4 taste de vin -k\u00e4\u00e4ty. K\u00e4\u00e4dyn nauhan v\u00e4ri kertoo, kuinka kauan henkil\u00f6 on kuulunut Munsk\u00e4nkarnaan: j\u00e4senen\u00e4 alle 5 vuotta = mustavihre\u00e4 kaulanauha yli 5 vuotta, mutta alle 10 vuotta = punakeltainen kaulanauha yli 10 vuotta, [&hellip;]<\/p>\n","protected":false},"author":24,"featured_media":0,"parent":0,"menu_order":3,"comment_status":"closed","ping_status":"open","template":"","meta":{"_monsterinsights_skip_tracking":false,"_monsterinsights_sitenote_active":false,"_monsterinsights_sitenote_note":"","_monsterinsights_sitenote_category":0,"footnotes":""},"class_list":["post-18","page","type-page","status-publish","hentry"],"yoast_head":"<!-- This site is optimized with the Yoast SEO plugin v27.0 - https:\/\/yoast.com\/product\/yoast-seo-wordpress\/ -->\n<title>J\u00e4senyys - Helsingin Munsk\u00e4nkarna<\/title>\n<meta name=\"robots\" content=\"index, follow, max-snippet:-1, max-image-preview:large, max-video-preview:-1\" \/>\n<link rel=\"canonical\" href=\"https:\/\/munskankarna.org\/helsinki\/jasenyys\/\" \/>\n<meta property=\"og:locale\" content=\"fi_FI\" \/>\n<meta property=\"og:type\" content=\"article\" \/>\n<meta property=\"og:title\" content=\"J\u00e4senyys - Helsingin Munsk\u00e4nkarna\" \/>\n<meta property=\"og:description\" content=\"Helsingin Munsk\u00e4nkarnalla on noin 170 j\u00e4sent\u00e4. Tunnuksena kuulumisesta kansainv\u00e4liseen viiniyhdistykseen, jolla on l\u00e4hes 30 000 j\u00e4sent\u00e4, j\u00e4senille luovutetaan yhdistyksen pinssi sek\u00e4 taste de vin -k\u00e4\u00e4ty. K\u00e4\u00e4dyn nauhan v\u00e4ri kertoo, kuinka kauan henkil\u00f6 on kuulunut Munsk\u00e4nkarnaan: j\u00e4senen\u00e4 alle 5 vuotta = mustavihre\u00e4 kaulanauha yli 5 vuotta, mutta alle 10 vuotta = punakeltainen kaulanauha yli 10 vuotta, [&hellip;]\" \/>\n<meta property=\"og:url\" content=\"https:\/\/munskankarna.org\/helsinki\/jasenyys\/\" \/>\n<meta property=\"og:site_name\" content=\"Helsingin Munsk\u00e4nkarna\" \/>\n<meta property=\"article:modified_time\" content=\"2023-12-14T16:01:23+00:00\" \/>\n<meta name=\"twitter:card\" content=\"summary_large_image\" \/>\n<meta name=\"twitter:label1\" content=\"Arvioitu lukuaika\" \/>\n\t<meta name=\"twitter:data1\" content=\"1 minuutti\" \/>\n<script type=\"application\/ld+json\" class=\"yoast-schema-graph\">{\"@context\":\"https:\/\/schema.org\",\"@graph\":[{\"@type\":\"WebPage\",\"@id\":\"https:\/\/munskankarna.org\/helsinki\/jasenyys\/\",\"url\":\"https:\/\/munskankarna.org\/helsinki\/jasenyys\/\",\"name\":\"J\u00e4senyys - Helsingin Munsk\u00e4nkarna\",\"isPartOf\":{\"@id\":\"https:\/\/munskankarna.org\/helsinki\/#website\"},\"datePublished\":\"2013-05-23T19:51:09+00:00\",\"dateModified\":\"2023-12-14T16:01:23+00:00\",\"breadcrumb\":{\"@id\":\"https:\/\/munskankarna.org\/helsinki\/jasenyys\/#breadcrumb\"},\"inLanguage\":\"fi\",\"potentialAction\":[{\"@type\":\"ReadAction\",\"target\":[\"https:\/\/munskankarna.org\/helsinki\/jasenyys\/\"]}]},{\"@type\":\"BreadcrumbList\",\"@id\":\"https:\/\/munskankarna.org\/helsinki\/jasenyys\/#breadcrumb\",\"itemListElement\":[{\"@type\":\"ListItem\",\"position\":1,\"name\":\"Home\",\"item\":\"https:\/\/munskankarna.org\/helsinki\/\"},{\"@type\":\"ListItem\",\"position\":2,\"name\":\"J\u00e4senyys\"}]},{\"@type\":\"WebSite\",\"@id\":\"https:\/\/munskankarna.org\/helsinki\/#website\",\"url\":\"https:\/\/munskankarna.org\/helsinki\/\",\"name\":\"Helsingin Munsk\u00e4nkarna\",\"description\":\"Suomen Munsk\u00e4nkarna ry:n Helsingin paikallisseura\",\"potentialAction\":[{\"@type\":\"SearchAction\",\"target\":{\"@type\":\"EntryPoint\",\"urlTemplate\":\"https:\/\/munskankarna.org\/helsinki\/?s={search_term_string}\"},\"query-input\":{\"@type\":\"PropertyValueSpecification\",\"valueRequired\":true,\"valueName\":\"search_term_string\"}}],\"inLanguage\":\"fi\"}]}<\/script>\n<!-- \/ Yoast SEO plugin. -->","yoast_head_json":{"title":"J\u00e4senyys - Helsingin Munsk\u00e4nkarna","robots":{"index":"index","follow":"follow","max-snippet":"max-snippet:-1","max-image-preview":"max-image-preview:large","max-video-preview":"max-video-preview:-1"},"canonical":"https:\/\/munskankarna.org\/helsinki\/jasenyys\/","og_locale":"fi_FI","og_type":"article","og_title":"J\u00e4senyys - Helsingin Munsk\u00e4nkarna","og_description":"Helsingin Munsk\u00e4nkarnalla on noin 170 j\u00e4sent\u00e4. Tunnuksena kuulumisesta kansainv\u00e4liseen viiniyhdistykseen, jolla on l\u00e4hes 30 000 j\u00e4sent\u00e4, j\u00e4senille luovutetaan yhdistyksen pinssi sek\u00e4 taste de vin -k\u00e4\u00e4ty. K\u00e4\u00e4dyn nauhan v\u00e4ri kertoo, kuinka kauan henkil\u00f6 on kuulunut Munsk\u00e4nkarnaan: j\u00e4senen\u00e4 alle 5 vuotta = mustavihre\u00e4 kaulanauha yli 5 vuotta, mutta alle 10 vuotta = punakeltainen kaulanauha yli 10 vuotta, [&hellip;]","og_url":"https:\/\/munskankarna.org\/helsinki\/jasenyys\/","og_site_name":"Helsingin Munsk\u00e4nkarna","article_modified_time":"2023-12-14T16:01:23+00:00","twitter_card":"summary_large_image","twitter_misc":{"Arvioitu lukuaika":"1 minuutti"},"schema":{"@context":"https:\/\/schema.org","@graph":[{"@type":"WebPage","@id":"https:\/\/munskankarna.org\/helsinki\/jasenyys\/","url":"https:\/\/munskankarna.org\/helsinki\/jasenyys\/","name":"J\u00e4senyys - Helsingin Munsk\u00e4nkarna","isPartOf":{"@id":"https:\/\/munskankarna.org\/helsinki\/#website"},"datePublished":"2013-05-23T19:51:09+00:00","dateModified":"2023-12-14T16:01:23+00:00","breadcrumb":{"@id":"https:\/\/munskankarna.org\/helsinki\/jasenyys\/#breadcrumb"},"inLanguage":"fi","potentialAction":[{"@type":"ReadAction","target":["https:\/\/munskankarna.org\/helsinki\/jasenyys\/"]}]},{"@type":"BreadcrumbList","@id":"https:\/\/munskankarna.org\/helsinki\/jasenyys\/#breadcrumb","itemListElement":[{"@type":"ListItem","position":1,"name":"Home","item":"https:\/\/munskankarna.org\/helsinki\/"},{"@type":"ListItem","position":2,"name":"J\u00e4senyys"}]},{"@type":"WebSite","@id":"https:\/\/munskankarna.org\/helsinki\/#website","url":"https:\/\/munskankarna.org\/helsinki\/","name":"Helsingin Munsk\u00e4nkarna","description":"Suomen Munsk\u00e4nkarna ry:n Helsingin paikallisseura","potentialAction":[{"@type":"SearchAction","target":{"@type":"EntryPoint","urlTemplate":"https:\/\/munskankarna.org\/helsinki\/?s={search_term_string}"},"query-input":{"@type":"PropertyValueSpecification","valueRequired":true,"valueName":"search_term_string"}}],"inLanguage":"fi"}]}},"_links":{"self":[{"href":"https:\/\/munskankarna.org\/helsinki\/wp-json\/wp\/v2\/pages\/18","targetHints":{"allow":["GET"]}}],"collection":[{"href":"https:\/\/munskankarna.org\/helsinki\/wp-json\/wp\/v2\/pages"}],"about":[{"href":"https:\/\/munskankarna.org\/helsinki\/wp-json\/wp\/v2\/types\/page"}],"author":[{"embeddable":true,"href":"https:\/\/munskankarna.org\/helsinki\/wp-json\/wp\/v2\/users\/24"}],"replies":[{"embeddable":true,"href":"https:\/\/munskankarna.org\/helsinki\/wp-json\/wp\/v2\/comments?post=18"}],"version-history":[{"count":28,"href":"https:\/\/munskankarna.org\/helsinki\/wp-json\/wp\/v2\/pages\/18\/revisions"}],"predecessor-version":[{"id":595,"href":"https:\/\/munskankarna.org\/helsinki\/wp-json\/wp\/v2\/pages\/18\/revisions\/595"}],"wp:attachment":[{"href":"https:\/\/munskankarna.org\/helsinki\/wp-json\/wp\/v2\/media?parent=18"}],"curies":[{"name":"wp","href":"https:\/\/api.w.org\/{rel}","templated":true}]}}