{"id":20,"date":"2013-05-23T22:51:52","date_gmt":"2013-05-23T19:51:52","guid":{"rendered":"http:\/\/munska.siiksten.webfactional.com\/helsinki\/?page_id=20"},"modified":"2020-02-19T20:16:44","modified_gmt":"2020-02-19T18:16:44","slug":"koulutus","status":"publish","type":"page","link":"https:\/\/munskankarna.org\/helsinki\/koulutus\/","title":{"rendered":"Koulutus"},"content":{"rendered":"\n<p>Munsk\u00e4rnalla on oma monitasoinen koulutusj\u00e4rjestelm\u00e4ns\u00e4. Koulutuksiin osallistuminen on vapaaehtoista, joten j\u00e4senet voivat valita, haluavatko osallistua vain tastingeihin vai my\u00f6s ohjattuun koulutukseen.<\/p>\n\n\n\n<p>Koulutusten suositeltu suorittamisj\u00e4rjestys on 1-taso tai ryp\u00e4lekurssi, mieluusti molemmat edell\u00e4 mainitut ennen 2-tasoa ja sitten 3-taso. Suomen Munsk\u00e4nkarnalla on my\u00f6s kurssiaineistot erilliseen johdantokurssiin sek\u00e4 ruoan ja viinin yhdist\u00e4minen -kurssiin.<\/p>\n\n\n\n<div class=\"wp-block-image\"><figure class=\"aligncenter size-large is-resized\"><img loading=\"lazy\" decoding=\"async\" src=\"https:\/\/munskankarna.org\/helsinki\/wp-content\/uploads\/sites\/2\/2020\/02\/Pinssit.png\" alt=\"\" class=\"wp-image-455\" width=\"224\" height=\"82\" srcset=\"https:\/\/munskankarna.org\/helsinki\/wp-content\/uploads\/sites\/2\/2020\/02\/Pinssit.png 562w, https:\/\/munskankarna.org\/helsinki\/wp-content\/uploads\/sites\/2\/2020\/02\/Pinssit-300x110.png 300w\" sizes=\"auto, (max-width: 224px) 100vw, 224px\" \/><\/figure><\/div>\n\n\n\n<p>Jokaisesta hyv\u00e4ksytysti suoritetusta tasokurssista my\u00f6nnet\u00e4\u00e4n oma pinssins\u00e4: <\/p>\n\n\n\n<ul class=\"wp-block-list\"><li>1-taso = vihre\u00e4<\/li><li>ryp\u00e4lekurssi = keltainen<\/li><li>2-taso = sininen<\/li><li>3-taso =punainen<\/li><\/ul>\n\n\n\n<p>Pinssin lis\u00e4ksi koulutusvastaavalta saa halutessaan my\u00f6s diplomin koulutussuorituksestaan.<\/p>\n\n\n\n<h3 class=\"has-text-color wp-block-heading\" style=\"color:#3c7242\">1-taso<\/h3>\n\n\n\n<p>Helsingin Munsk\u00e4nkarnan j\u00e4rjest\u00e4m\u00e4ll\u00e4 ykk\u00f6stason kurssilla k\u00e4yd\u00e4\u00e4n l\u00e4pi t\u00e4rkeimpien viinialueiden ominaispiirteet. Koulutusmateriaalit perustuvat Suomen Munskankarnan 1-tason aineistoon. Esitietovaatimuksia ei ole.<\/p>\n\n\n\n<p>Kurssi sis\u00e4lt\u00e4\u00e4 5-7 kokoontumista, joiden tavoitteena on maistamisen ja sit\u00e4 tukevan teorian ja keskustelujen avulla tutustua k\u00e4sitelt\u00e4v\u00e4\u00e4n alueeseen. <\/p>\n\n\n\n<p>Kurssi huipentuu puolen tunnin teoriakokeeseen ja maistelukokeeseen. Teoriakokeen 15 kysymyksest\u00e4 noin puolet pit\u00e4\u00e4 saada oikein. Maistelukokeessa puolestaan pit\u00e4\u00e4 tunnistaa kahdesta punaviinist\u00e4 tanniinisempi ja kahdesta valkoviinist\u00e4 hapokkaampi.<\/p>\n\n\n\n<h3 class=\"has-text-color wp-block-heading\" style=\"color:#f9e106\">Ryp\u00e4lekurssi<\/h3>\n\n\n\n<p>Helsingin Munk\u00e4nkarnan ryp\u00e4lekurssilla k\u00e4yd\u00e4\u00e4n l\u00e4pi viinin valmistamisen vaiheet ja niiden vaikutus viinin makuun sek\u00e4 tutustutaan tunnetuimpien ryp\u00e4lelajikkeiden ominaisuuksiin. Koulutusmateriaalit perustuvat Suomen Munsk\u00e4nkarnan ryp\u00e4lekurssiaineistoon. Esitietovaatimuksia ei ole.<\/p>\n\n\n\n<p>Kurssin tapaamiskerroilla keskityt\u00e4\u00e4n viininmaisteluun. <\/p>\n\n\n\n<p>Ryp\u00e4lekurssin teoriakokeessa 15 kysymyksest\u00e4 noin puolet pit\u00e4\u00e4 saada oikein. Maistelukokeessa puolestaan on tunnistettava kolme punaviini\u00e4 (Pinot Noir, Shiraz ja Cabernet Sauvignon) ja kolme valkoviini\u00e4 (Chardonnay, Sauvignon Blanc ja Riesling). Molempien osioiden kesto on puoli tuntia.<\/p>\n\n\n\n<h3 class=\"has-text-color wp-block-heading\" style=\"color:#011070\">2-taso<\/h3>\n\n\n\n<p>Helsingin Munsk\u00e4nkarnalla on kakkosen tasoryhm\u00e4, joka kokoontuu kerran, pari kuukaudessa. Suomen Munsk\u00e4nkarna suosittelee opiskelemaan teoriaa ja osallistumaan tasoryhm\u00e4\u00e4n noin puolen vuoden ajan. <\/p>\n\n\n\n<p>Tasokurssin p\u00e4\u00e4asiallinen aineisto on Suomen Munsk\u00e4nkarnan 2-tason esitysaineisto, aikaisempi 1-kurssiaineisto ja ryp\u00e4lekurssiaineisto. My\u00f6s esitysaineistoa laventavaa oheiskirjallisuutta kannattaa lukea ennen koetta. Kokeen esitietovaatimuksena on 1-taso- tai ryp\u00e4lekokeen hyv\u00e4ksytty suorittaminen. <\/p>\n\n\n\n<p>Helsingin Munsk\u00e4nkarna j\u00e4rjest\u00e4\u00e4 2-tason kokeen kerran vuodessa; yleens\u00e4 koep\u00e4iv\u00e4 on maaliskuun 3. lauantai. Kysymykset, koeviiniluettelo ja arvosteluohjeet tulevat Ruotsista, mutta ne k\u00e4\u00e4nnet\u00e4\u00e4n suomeksi ja kysymyksiin vastataan suomeksi. Teoriakokeessa on 50-60 monivalintateht\u00e4v\u00e4\u00e4 ja noin 30 erityyppist\u00e4 sanallista teht\u00e4v\u00e4\u00e4. Maistelukokeessa, jota kutsutaan usein k\u00e4yt\u00e4nn\u00f6n kokeeksi, pit\u00e4\u00e4 tunnistaa kolmen valkoisen ja nelj\u00e4n punaisen viinin dominoiva ryp\u00e4le, alkuper\u00e4maa ja viinialue. Hyv\u00e4ksytyt pisterajat teoria- ja maistelukokeille m\u00e4\u00e4ritt\u00e4\u00e4 emoj\u00e4rjest\u00e4 Ruotsissa. Raja-arvot vaihtelevata vuosittain; nyrkkis\u00e4\u00e4nt\u00f6n\u00e4 on, ett\u00e4 v\u00e4hint\u00e4\u00e4n puolet olisi saatava oikein. <\/p>\n\n\n\n<h3 class=\"has-text-color wp-block-heading\" style=\"color:#a30003\">3-taso<\/h3>\n\n\n\n<p>Kolmostason suositeltava opiskelutapa on s\u00e4\u00e4nn\u00f6llisesti kokoontuva itseohjautuva pienryhm\u00e4, jossa kokoontumisten tiheytt\u00e4 ja sis\u00e4lt\u00f6\u00e4 s\u00e4\u00e4det\u00e4\u00e4n sen mukaaan, onko vuorossa joka toinen vuosi j\u00e4rjestett\u00e4v\u00e4 teoria- vai k\u00e4yt\u00e4nn\u00f6n koe. Erityisesti teoriakoe vaatii paljon itsen\u00e4ist\u00e4 opiskelua. Kokeen esitietovaatimuksena on 2-tasokokeen hyv\u00e4ksytty suorittaminen. <\/p>\n\n\n\n<p>Koe koostuu kolmesta eri osasta, jotka on suoritettava m\u00e4\u00e4r\u00e4tyss\u00e4 j\u00e4rjestyksess\u00e4: teoria, kypsyysn\u00e4yte ja k\u00e4yt\u00e4nt\u00f6. Seuraavaan vaiheeseen voi jatkaa vasta, kun edellinen on<br>hyv\u00e4ksytty. Osioista teoria ja k\u00e4yt\u00e4nt\u00f6 j\u00e4rjestet\u00e4\u00e4n vuorovuosittain marraskuun 2. lauantai. <\/p>\n\n\n\n<p>Teoriakokeen kysymykset ja arvosteluohjeet tulevat emoj\u00e4rjest\u00f6lt\u00e4 Ruotsista. Ne k\u00e4\u00e4nnet\u00e4\u00e4n kokeeseen suomeksi ja niihin vastataan suomeksi. Kokeen rakenne on sama kuin 2-tasolla.  <\/p>\n\n\n\n<p>Kypsyysn\u00e4yte on valvojan ohjaamana itsen\u00e4isesti tehty englannin- tai ruotsinkielinen kirjallinen<br>tutkielma erikseen sovitusta aiheesta.<\/p>\n\n\n\n<p>3-tason maistelukoe j\u00e4rjestet\u00e4\u00e4n Tukholmassa. Siin\u00e4 tunnistettavana on 20 viinin alkuper\u00e4 ja dominoiva ryp\u00e4le. Lis\u00e4ksi v\u00e4kev\u00f6idyiss\u00e4 ja makeissa viineiss\u00e4 kysyt\u00e4\u00e4n my\u00f6s valmistusmenetelm\u00e4\u00e4. Koe voi sis\u00e4lt\u00e4\u00e4 my\u00f6s kuohuviinej\u00e4. <\/p>\n\n\n\n<p style=\"background-color:#a30003\" class=\"has-text-color has-background has-white-color\"><strong><a href=\"https:\/\/munskankarna.org\/helsinki\/jasenkirje-2\/\">Lis\u00e4tietoja koulutuksista, tasoryhmist\u00e4 ja -kokeista j\u00e4senkirjeiss\u00e4 &gt;<\/a><\/strong><\/p>\n\n\n<p><a href=\"https:\/\/munskankarna.org\/helsinki\/koulutus\/aiempia-koulutusasioita\/\">Aiemmin julkaistuja koulutustietoja &gt;<\/a><\/p>","protected":false},"excerpt":{"rendered":"<p>Munsk\u00e4rnalla on oma monitasoinen koulutusj\u00e4rjestelm\u00e4ns\u00e4. Koulutuksiin osallistuminen on vapaaehtoista, joten j\u00e4senet voivat valita, haluavatko osallistua vain tastingeihin vai my\u00f6s ohjattuun koulutukseen. Koulutusten suositeltu suorittamisj\u00e4rjestys on 1-taso tai ryp\u00e4lekurssi, mieluusti molemmat edell\u00e4 mainitut ennen 2-tasoa ja sitten 3-taso. Suomen Munsk\u00e4nkarnalla on my\u00f6s kurssiaineistot erilliseen johdantokurssiin sek\u00e4 ruoan ja viinin yhdist\u00e4minen -kurssiin. Jokaisesta hyv\u00e4ksytysti suoritetusta tasokurssista my\u00f6nnet\u00e4\u00e4n [&hellip;]<\/p>\n","protected":false},"author":24,"featured_media":0,"parent":0,"menu_order":4,"comment_status":"closed","ping_status":"open","template":"","meta":{"_monsterinsights_skip_tracking":false,"_monsterinsights_sitenote_active":false,"_monsterinsights_sitenote_note":"","_monsterinsights_sitenote_category":0,"footnotes":""},"class_list":["post-20","page","type-page","status-publish","hentry"],"yoast_head":"<!-- This site is optimized with the Yoast SEO plugin v27.0 - https:\/\/yoast.com\/product\/yoast-seo-wordpress\/ -->\n<title>Koulutus - Helsingin Munsk\u00e4nkarna<\/title>\n<meta name=\"robots\" content=\"index, follow, max-snippet:-1, max-image-preview:large, max-video-preview:-1\" \/>\n<link rel=\"canonical\" href=\"https:\/\/munskankarna.org\/helsinki\/koulutus\/\" \/>\n<meta property=\"og:locale\" content=\"fi_FI\" \/>\n<meta property=\"og:type\" content=\"article\" \/>\n<meta property=\"og:title\" content=\"Koulutus - Helsingin Munsk\u00e4nkarna\" \/>\n<meta property=\"og:description\" content=\"Munsk\u00e4rnalla on oma monitasoinen koulutusj\u00e4rjestelm\u00e4ns\u00e4. Koulutuksiin osallistuminen on vapaaehtoista, joten j\u00e4senet voivat valita, haluavatko osallistua vain tastingeihin vai my\u00f6s ohjattuun koulutukseen. Koulutusten suositeltu suorittamisj\u00e4rjestys on 1-taso tai ryp\u00e4lekurssi, mieluusti molemmat edell\u00e4 mainitut ennen 2-tasoa ja sitten 3-taso. Suomen Munsk\u00e4nkarnalla on my\u00f6s kurssiaineistot erilliseen johdantokurssiin sek\u00e4 ruoan ja viinin yhdist\u00e4minen -kurssiin. Jokaisesta hyv\u00e4ksytysti suoritetusta tasokurssista my\u00f6nnet\u00e4\u00e4n [&hellip;]\" \/>\n<meta property=\"og:url\" content=\"https:\/\/munskankarna.org\/helsinki\/koulutus\/\" \/>\n<meta property=\"og:site_name\" content=\"Helsingin Munsk\u00e4nkarna\" \/>\n<meta property=\"article:modified_time\" content=\"2020-02-19T18:16:44+00:00\" \/>\n<meta property=\"og:image\" content=\"https:\/\/munskankarna.org\/helsinki\/wp-content\/uploads\/sites\/2\/2020\/02\/Pinssit.png\" \/>\n\t<meta property=\"og:image:width\" content=\"562\" \/>\n\t<meta property=\"og:image:height\" content=\"206\" \/>\n\t<meta property=\"og:image:type\" content=\"image\/png\" \/>\n<meta name=\"twitter:card\" content=\"summary_large_image\" \/>\n<meta name=\"twitter:label1\" content=\"Arvioitu lukuaika\" \/>\n\t<meta name=\"twitter:data1\" content=\"3 minuuttia\" \/>\n<script type=\"application\/ld+json\" class=\"yoast-schema-graph\">{\"@context\":\"https:\/\/schema.org\",\"@graph\":[{\"@type\":\"WebPage\",\"@id\":\"https:\/\/munskankarna.org\/helsinki\/koulutus\/\",\"url\":\"https:\/\/munskankarna.org\/helsinki\/koulutus\/\",\"name\":\"Koulutus - Helsingin Munsk\u00e4nkarna\",\"isPartOf\":{\"@id\":\"https:\/\/munskankarna.org\/helsinki\/#website\"},\"primaryImageOfPage\":{\"@id\":\"https:\/\/munskankarna.org\/helsinki\/koulutus\/#primaryimage\"},\"image\":{\"@id\":\"https:\/\/munskankarna.org\/helsinki\/koulutus\/#primaryimage\"},\"thumbnailUrl\":\"https:\/\/munskankarna.org\/helsinki\/wp-content\/uploads\/sites\/2\/2020\/02\/Pinssit.png\",\"datePublished\":\"2013-05-23T19:51:52+00:00\",\"dateModified\":\"2020-02-19T18:16:44+00:00\",\"breadcrumb\":{\"@id\":\"https:\/\/munskankarna.org\/helsinki\/koulutus\/#breadcrumb\"},\"inLanguage\":\"fi\",\"potentialAction\":[{\"@type\":\"ReadAction\",\"target\":[\"https:\/\/munskankarna.org\/helsinki\/koulutus\/\"]}]},{\"@type\":\"ImageObject\",\"inLanguage\":\"fi\",\"@id\":\"https:\/\/munskankarna.org\/helsinki\/koulutus\/#primaryimage\",\"url\":\"https:\/\/munskankarna.org\/helsinki\/wp-content\/uploads\/sites\/2\/2020\/02\/Pinssit.png\",\"contentUrl\":\"https:\/\/munskankarna.org\/helsinki\/wp-content\/uploads\/sites\/2\/2020\/02\/Pinssit.png\",\"width\":562,\"height\":206},{\"@type\":\"BreadcrumbList\",\"@id\":\"https:\/\/munskankarna.org\/helsinki\/koulutus\/#breadcrumb\",\"itemListElement\":[{\"@type\":\"ListItem\",\"position\":1,\"name\":\"Home\",\"item\":\"https:\/\/munskankarna.org\/helsinki\/\"},{\"@type\":\"ListItem\",\"position\":2,\"name\":\"Koulutus\"}]},{\"@type\":\"WebSite\",\"@id\":\"https:\/\/munskankarna.org\/helsinki\/#website\",\"url\":\"https:\/\/munskankarna.org\/helsinki\/\",\"name\":\"Helsingin Munsk\u00e4nkarna\",\"description\":\"Suomen Munsk\u00e4nkarna ry:n Helsingin paikallisseura\",\"potentialAction\":[{\"@type\":\"SearchAction\",\"target\":{\"@type\":\"EntryPoint\",\"urlTemplate\":\"https:\/\/munskankarna.org\/helsinki\/?s={search_term_string}\"},\"query-input\":{\"@type\":\"PropertyValueSpecification\",\"valueRequired\":true,\"valueName\":\"search_term_string\"}}],\"inLanguage\":\"fi\"}]}<\/script>\n<!-- \/ Yoast SEO plugin. -->","yoast_head_json":{"title":"Koulutus - Helsingin Munsk\u00e4nkarna","robots":{"index":"index","follow":"follow","max-snippet":"max-snippet:-1","max-image-preview":"max-image-preview:large","max-video-preview":"max-video-preview:-1"},"canonical":"https:\/\/munskankarna.org\/helsinki\/koulutus\/","og_locale":"fi_FI","og_type":"article","og_title":"Koulutus - Helsingin Munsk\u00e4nkarna","og_description":"Munsk\u00e4rnalla on oma monitasoinen koulutusj\u00e4rjestelm\u00e4ns\u00e4. Koulutuksiin osallistuminen on vapaaehtoista, joten j\u00e4senet voivat valita, haluavatko osallistua vain tastingeihin vai my\u00f6s ohjattuun koulutukseen. Koulutusten suositeltu suorittamisj\u00e4rjestys on 1-taso tai ryp\u00e4lekurssi, mieluusti molemmat edell\u00e4 mainitut ennen 2-tasoa ja sitten 3-taso. Suomen Munsk\u00e4nkarnalla on my\u00f6s kurssiaineistot erilliseen johdantokurssiin sek\u00e4 ruoan ja viinin yhdist\u00e4minen -kurssiin. Jokaisesta hyv\u00e4ksytysti suoritetusta tasokurssista my\u00f6nnet\u00e4\u00e4n [&hellip;]","og_url":"https:\/\/munskankarna.org\/helsinki\/koulutus\/","og_site_name":"Helsingin Munsk\u00e4nkarna","article_modified_time":"2020-02-19T18:16:44+00:00","og_image":[{"width":562,"height":206,"url":"https:\/\/munskankarna.org\/helsinki\/wp-content\/uploads\/sites\/2\/2020\/02\/Pinssit.png","type":"image\/png"}],"twitter_card":"summary_large_image","twitter_misc":{"Arvioitu lukuaika":"3 minuuttia"},"schema":{"@context":"https:\/\/schema.org","@graph":[{"@type":"WebPage","@id":"https:\/\/munskankarna.org\/helsinki\/koulutus\/","url":"https:\/\/munskankarna.org\/helsinki\/koulutus\/","name":"Koulutus - Helsingin Munsk\u00e4nkarna","isPartOf":{"@id":"https:\/\/munskankarna.org\/helsinki\/#website"},"primaryImageOfPage":{"@id":"https:\/\/munskankarna.org\/helsinki\/koulutus\/#primaryimage"},"image":{"@id":"https:\/\/munskankarna.org\/helsinki\/koulutus\/#primaryimage"},"thumbnailUrl":"https:\/\/munskankarna.org\/helsinki\/wp-content\/uploads\/sites\/2\/2020\/02\/Pinssit.png","datePublished":"2013-05-23T19:51:52+00:00","dateModified":"2020-02-19T18:16:44+00:00","breadcrumb":{"@id":"https:\/\/munskankarna.org\/helsinki\/koulutus\/#breadcrumb"},"inLanguage":"fi","potentialAction":[{"@type":"ReadAction","target":["https:\/\/munskankarna.org\/helsinki\/koulutus\/"]}]},{"@type":"ImageObject","inLanguage":"fi","@id":"https:\/\/munskankarna.org\/helsinki\/koulutus\/#primaryimage","url":"https:\/\/munskankarna.org\/helsinki\/wp-content\/uploads\/sites\/2\/2020\/02\/Pinssit.png","contentUrl":"https:\/\/munskankarna.org\/helsinki\/wp-content\/uploads\/sites\/2\/2020\/02\/Pinssit.png","width":562,"height":206},{"@type":"BreadcrumbList","@id":"https:\/\/munskankarna.org\/helsinki\/koulutus\/#breadcrumb","itemListElement":[{"@type":"ListItem","position":1,"name":"Home","item":"https:\/\/munskankarna.org\/helsinki\/"},{"@type":"ListItem","position":2,"name":"Koulutus"}]},{"@type":"WebSite","@id":"https:\/\/munskankarna.org\/helsinki\/#website","url":"https:\/\/munskankarna.org\/helsinki\/","name":"Helsingin Munsk\u00e4nkarna","description":"Suomen Munsk\u00e4nkarna ry:n Helsingin paikallisseura","potentialAction":[{"@type":"SearchAction","target":{"@type":"EntryPoint","urlTemplate":"https:\/\/munskankarna.org\/helsinki\/?s={search_term_string}"},"query-input":{"@type":"PropertyValueSpecification","valueRequired":true,"valueName":"search_term_string"}}],"inLanguage":"fi"}]}},"_links":{"self":[{"href":"https:\/\/munskankarna.org\/helsinki\/wp-json\/wp\/v2\/pages\/20","targetHints":{"allow":["GET"]}}],"collection":[{"href":"https:\/\/munskankarna.org\/helsinki\/wp-json\/wp\/v2\/pages"}],"about":[{"href":"https:\/\/munskankarna.org\/helsinki\/wp-json\/wp\/v2\/types\/page"}],"author":[{"embeddable":true,"href":"https:\/\/munskankarna.org\/helsinki\/wp-json\/wp\/v2\/users\/24"}],"replies":[{"embeddable":true,"href":"https:\/\/munskankarna.org\/helsinki\/wp-json\/wp\/v2\/comments?post=20"}],"version-history":[{"count":38,"href":"https:\/\/munskankarna.org\/helsinki\/wp-json\/wp\/v2\/pages\/20\/revisions"}],"predecessor-version":[{"id":556,"href":"https:\/\/munskankarna.org\/helsinki\/wp-json\/wp\/v2\/pages\/20\/revisions\/556"}],"wp:attachment":[{"href":"https:\/\/munskankarna.org\/helsinki\/wp-json\/wp\/v2\/media?parent=20"}],"curies":[{"name":"wp","href":"https:\/\/api.w.org\/{rel}","templated":true}]}}