{"id":28,"date":"2013-05-23T22:56:29","date_gmt":"2013-05-23T19:56:29","guid":{"rendered":"http:\/\/munska.siiksten.webfactional.com\/helsinki\/?page_id=28"},"modified":"2023-03-26T14:37:39","modified_gmt":"2023-03-26T11:37:39","slug":"yhteystiedot","status":"publish","type":"page","link":"https:\/\/munskankarna.org\/helsinki\/yhteystiedot\/","title":{"rendered":"Yhteystiedot"},"content":{"rendered":"<p><strong>Puheenjohtaja<\/strong><\/p>\r\n<p style=\"padding-left: 30px\">Arja Porvali<br \/>p. 040 868 4039<br \/>sposti: puheenjohtaja.helsinki (at) munskankarna.org<\/p>\r\n<p><strong>Varapuheenjohtaja<\/strong><\/p>\r\n<p style=\"padding-left: 30px\">Seppo Salminen<br \/>p. 0400 476 526<br \/>sposti: seppo.salminen (at) welho.com<\/p>\r\n<p><strong>Sihteeri<\/strong><\/p>\r\n<p style=\"padding-left: 30px\">Susanne Lemstr\u00f6m<br \/>sposti: sihteeri.helsinki (at) munskankarna.org<br \/><br \/>Sihteerille voi l\u00e4hett\u00e4\u00e4 yleisi\u00e4 tiedusteluja, viinitapahtumien tietoja ja muita yhdistyksen j\u00e4seni\u00e4 kiinnostavia asioita.<br \/><br \/>My\u00f6s yhteystietojen muutokset tehd\u00e4\u00e4n j\u00e4senrekisteriin sihteerin avulla.\u00a0<\/p>\r\n<p><strong>Rahastonhoitaja<\/strong><\/p>\r\n<p style=\"padding-left: 30px\">Samu Viljanen<br \/>sposti: rahastonhoitaja.helsinki (at) munskankarna.org<\/p>\r\n<p><strong>Ilmoittautumiset tastingeihin, koulutuksiin ja kokeisiin<\/strong><\/p>\r\n<p style=\"padding-left: 30px\">Arja Porvali<br \/>sposti: ilmoittautumiset.helsinki (at) munskankarna.org<\/p>\r\n<p><strong>Yhdistyksen Facebook-sivut<\/strong><\/p>\r\n<p style=\"padding-left: 30px\">Helsingin Munsk\u00e4nkarnan Facebook-sivuja p\u00e4ivit\u00e4\u00e4 Jari-Pekka Auterinen.<\/p>\r\n\r\n<p>&nbsp;<\/p>\r\n","protected":false},"excerpt":{"rendered":"<p>Puheenjohtaja Arja Porvalip. 040 868 4039sposti: puheenjohtaja.helsinki (at) munskankarna.org Varapuheenjohtaja Seppo Salminenp. 0400 476 526sposti: seppo.salminen (at) welho.com Sihteeri Susanne Lemstr\u00f6msposti: sihteeri.helsinki (at) munskankarna.org Sihteerille voi l\u00e4hett\u00e4\u00e4 yleisi\u00e4 tiedusteluja, viinitapahtumien tietoja ja muita yhdistyksen j\u00e4seni\u00e4 kiinnostavia asioita. My\u00f6s yhteystietojen muutokset tehd\u00e4\u00e4n j\u00e4senrekisteriin sihteerin avulla.\u00a0 Rahastonhoitaja Samu Viljanensposti: rahastonhoitaja.helsinki (at) munskankarna.org Ilmoittautumiset tastingeihin, koulutuksiin ja kokeisiin [&hellip;]<\/p>\n","protected":false},"author":1,"featured_media":0,"parent":0,"menu_order":6,"comment_status":"closed","ping_status":"open","template":"","meta":{"_monsterinsights_skip_tracking":false,"_monsterinsights_sitenote_active":false,"_monsterinsights_sitenote_note":"","_monsterinsights_sitenote_category":0,"footnotes":""},"class_list":["post-28","page","type-page","status-publish","hentry"],"yoast_head":"<!-- This site is optimized with the Yoast SEO plugin v27.3 - https:\/\/yoast.com\/product\/yoast-seo-wordpress\/ -->\n<title>Yhteystiedot - Helsingin Munsk\u00e4nkarna<\/title>\n<meta name=\"robots\" content=\"index, follow, max-snippet:-1, max-image-preview:large, max-video-preview:-1\" \/>\n<link rel=\"canonical\" href=\"https:\/\/munskankarna.org\/helsinki\/yhteystiedot\/\" \/>\n<meta property=\"og:locale\" content=\"fi_FI\" \/>\n<meta property=\"og:type\" content=\"article\" \/>\n<meta property=\"og:title\" content=\"Yhteystiedot - Helsingin Munsk\u00e4nkarna\" \/>\n<meta property=\"og:description\" content=\"Puheenjohtaja Arja Porvalip. 040 868 4039sposti: puheenjohtaja.helsinki (at) munskankarna.org Varapuheenjohtaja Seppo Salminenp. 0400 476 526sposti: seppo.salminen (at) welho.com Sihteeri Susanne Lemstr\u00f6msposti: sihteeri.helsinki (at) munskankarna.org Sihteerille voi l\u00e4hett\u00e4\u00e4 yleisi\u00e4 tiedusteluja, viinitapahtumien tietoja ja muita yhdistyksen j\u00e4seni\u00e4 kiinnostavia asioita. My\u00f6s yhteystietojen muutokset tehd\u00e4\u00e4n j\u00e4senrekisteriin sihteerin avulla.\u00a0 Rahastonhoitaja Samu Viljanensposti: rahastonhoitaja.helsinki (at) munskankarna.org Ilmoittautumiset tastingeihin, koulutuksiin ja kokeisiin [&hellip;]\" \/>\n<meta property=\"og:url\" content=\"https:\/\/munskankarna.org\/helsinki\/yhteystiedot\/\" \/>\n<meta property=\"og:site_name\" content=\"Helsingin Munsk\u00e4nkarna\" \/>\n<meta property=\"article:modified_time\" content=\"2023-03-26T11:37:39+00:00\" \/>\n<meta name=\"twitter:card\" content=\"summary_large_image\" \/>\n<script type=\"application\/ld+json\" class=\"yoast-schema-graph\">{\"@context\":\"https:\\\/\\\/schema.org\",\"@graph\":[{\"@type\":\"WebPage\",\"@id\":\"https:\\\/\\\/munskankarna.org\\\/helsinki\\\/yhteystiedot\\\/\",\"url\":\"https:\\\/\\\/munskankarna.org\\\/helsinki\\\/yhteystiedot\\\/\",\"name\":\"Yhteystiedot - Helsingin Munsk\u00e4nkarna\",\"isPartOf\":{\"@id\":\"https:\\\/\\\/munskankarna.org\\\/helsinki\\\/#website\"},\"datePublished\":\"2013-05-23T19:56:29+00:00\",\"dateModified\":\"2023-03-26T11:37:39+00:00\",\"breadcrumb\":{\"@id\":\"https:\\\/\\\/munskankarna.org\\\/helsinki\\\/yhteystiedot\\\/#breadcrumb\"},\"inLanguage\":\"fi\",\"potentialAction\":[{\"@type\":\"ReadAction\",\"target\":[\"https:\\\/\\\/munskankarna.org\\\/helsinki\\\/yhteystiedot\\\/\"]}]},{\"@type\":\"BreadcrumbList\",\"@id\":\"https:\\\/\\\/munskankarna.org\\\/helsinki\\\/yhteystiedot\\\/#breadcrumb\",\"itemListElement\":[{\"@type\":\"ListItem\",\"position\":1,\"name\":\"Home\",\"item\":\"https:\\\/\\\/munskankarna.org\\\/helsinki\\\/\"},{\"@type\":\"ListItem\",\"position\":2,\"name\":\"Yhteystiedot\"}]},{\"@type\":\"WebSite\",\"@id\":\"https:\\\/\\\/munskankarna.org\\\/helsinki\\\/#website\",\"url\":\"https:\\\/\\\/munskankarna.org\\\/helsinki\\\/\",\"name\":\"Helsingin Munsk\u00e4nkarna\",\"description\":\"Suomen Munsk\u00e4nkarna ry:n Helsingin paikallisseura\",\"potentialAction\":[{\"@type\":\"SearchAction\",\"target\":{\"@type\":\"EntryPoint\",\"urlTemplate\":\"https:\\\/\\\/munskankarna.org\\\/helsinki\\\/?s={search_term_string}\"},\"query-input\":{\"@type\":\"PropertyValueSpecification\",\"valueRequired\":true,\"valueName\":\"search_term_string\"}}],\"inLanguage\":\"fi\"}]}<\/script>\n<!-- \/ Yoast SEO plugin. -->","yoast_head_json":{"title":"Yhteystiedot - Helsingin Munsk\u00e4nkarna","robots":{"index":"index","follow":"follow","max-snippet":"max-snippet:-1","max-image-preview":"max-image-preview:large","max-video-preview":"max-video-preview:-1"},"canonical":"https:\/\/munskankarna.org\/helsinki\/yhteystiedot\/","og_locale":"fi_FI","og_type":"article","og_title":"Yhteystiedot - Helsingin Munsk\u00e4nkarna","og_description":"Puheenjohtaja Arja Porvalip. 040 868 4039sposti: puheenjohtaja.helsinki (at) munskankarna.org Varapuheenjohtaja Seppo Salminenp. 0400 476 526sposti: seppo.salminen (at) welho.com Sihteeri Susanne Lemstr\u00f6msposti: sihteeri.helsinki (at) munskankarna.org Sihteerille voi l\u00e4hett\u00e4\u00e4 yleisi\u00e4 tiedusteluja, viinitapahtumien tietoja ja muita yhdistyksen j\u00e4seni\u00e4 kiinnostavia asioita. My\u00f6s yhteystietojen muutokset tehd\u00e4\u00e4n j\u00e4senrekisteriin sihteerin avulla.\u00a0 Rahastonhoitaja Samu Viljanensposti: rahastonhoitaja.helsinki (at) munskankarna.org Ilmoittautumiset tastingeihin, koulutuksiin ja kokeisiin [&hellip;]","og_url":"https:\/\/munskankarna.org\/helsinki\/yhteystiedot\/","og_site_name":"Helsingin Munsk\u00e4nkarna","article_modified_time":"2023-03-26T11:37:39+00:00","twitter_card":"summary_large_image","schema":{"@context":"https:\/\/schema.org","@graph":[{"@type":"WebPage","@id":"https:\/\/munskankarna.org\/helsinki\/yhteystiedot\/","url":"https:\/\/munskankarna.org\/helsinki\/yhteystiedot\/","name":"Yhteystiedot - Helsingin Munsk\u00e4nkarna","isPartOf":{"@id":"https:\/\/munskankarna.org\/helsinki\/#website"},"datePublished":"2013-05-23T19:56:29+00:00","dateModified":"2023-03-26T11:37:39+00:00","breadcrumb":{"@id":"https:\/\/munskankarna.org\/helsinki\/yhteystiedot\/#breadcrumb"},"inLanguage":"fi","potentialAction":[{"@type":"ReadAction","target":["https:\/\/munskankarna.org\/helsinki\/yhteystiedot\/"]}]},{"@type":"BreadcrumbList","@id":"https:\/\/munskankarna.org\/helsinki\/yhteystiedot\/#breadcrumb","itemListElement":[{"@type":"ListItem","position":1,"name":"Home","item":"https:\/\/munskankarna.org\/helsinki\/"},{"@type":"ListItem","position":2,"name":"Yhteystiedot"}]},{"@type":"WebSite","@id":"https:\/\/munskankarna.org\/helsinki\/#website","url":"https:\/\/munskankarna.org\/helsinki\/","name":"Helsingin Munsk\u00e4nkarna","description":"Suomen Munsk\u00e4nkarna ry:n Helsingin paikallisseura","potentialAction":[{"@type":"SearchAction","target":{"@type":"EntryPoint","urlTemplate":"https:\/\/munskankarna.org\/helsinki\/?s={search_term_string}"},"query-input":{"@type":"PropertyValueSpecification","valueRequired":true,"valueName":"search_term_string"}}],"inLanguage":"fi"}]}},"_links":{"self":[{"href":"https:\/\/munskankarna.org\/helsinki\/wp-json\/wp\/v2\/pages\/28","targetHints":{"allow":["GET"]}}],"collection":[{"href":"https:\/\/munskankarna.org\/helsinki\/wp-json\/wp\/v2\/pages"}],"about":[{"href":"https:\/\/munskankarna.org\/helsinki\/wp-json\/wp\/v2\/types\/page"}],"author":[{"embeddable":true,"href":"https:\/\/munskankarna.org\/helsinki\/wp-json\/wp\/v2\/users\/1"}],"replies":[{"embeddable":true,"href":"https:\/\/munskankarna.org\/helsinki\/wp-json\/wp\/v2\/comments?post=28"}],"version-history":[{"count":15,"href":"https:\/\/munskankarna.org\/helsinki\/wp-json\/wp\/v2\/pages\/28\/revisions"}],"predecessor-version":[{"id":582,"href":"https:\/\/munskankarna.org\/helsinki\/wp-json\/wp\/v2\/pages\/28\/revisions\/582"}],"wp:attachment":[{"href":"https:\/\/munskankarna.org\/helsinki\/wp-json\/wp\/v2\/media?parent=28"}],"curies":[{"name":"wp","href":"https:\/\/api.w.org\/{rel}","templated":true}]}}