{"id":290,"date":"2017-12-07T19:20:16","date_gmt":"2017-12-07T17:20:16","guid":{"rendered":"http:\/\/www.munskankarna.org\/helsinki\/?page_id=290"},"modified":"2017-12-13T10:36:32","modified_gmt":"2017-12-13T08:36:32","slug":"jasenkirje-2","status":"publish","type":"page","link":"https:\/\/munskankarna.org\/helsinki\/jasenkirje-2\/","title":{"rendered":"J\u00e4senkirje"},"content":{"rendered":"<div class=\"entry-content\">\n<p><a href=\"https:\/\/munskankarna.org\/helsinki\/wp-content\/uploads\/sites\/2\/2017\/12\/J\u00c4SENKIRJE-5_07122017.pdf\">J\u00c4SENKIRJE 5_07122017<\/a><\/p>\n<p>Voit jatkossa ladata itsellesi j\u00e4senkirjeen pdf-muodossa n\u00e4ilt\u00e4 sivuilta. Saat j\u00e4senkirjeen edelleen my\u00f6s s\u00e4hk\u00f6postiisi ja\/tai postitse.<br \/>\nVoit ilmoittautua tastingeihin puhelimitse: 040 868 4039 tai s\u00e4hk\u00f6postilla <a href=\"&#109;&#97;&#x69;l&#116;&#x6f;&#x3a;i&#108;&#x6d;&#x6f;i&#116;&#x74;&#x61;u&#116;&#x75;&#x6d;i&#115;&#x65;&#x74;&#46;&#104;&#x65;l&#115;&#105;&#x6e;k&#105;&#x40;&#x6d;u&#110;&#x73;&#x6b;a&#110;&#x6b;&#x61;r&#110;&#x61;&#x2e;o&#114;&#x67;\">&#105;&#x6c;&#109;&#x6f;i&#x74;t&#97;&#x75;&#116;&#x75;&#109;&#x69;s&#x65;t&#46;&#x68;&#101;&#x6c;s&#x69;n&#x6b;&#x69;&#64;&#x6d;&#117;&#x6e;s&#x6b;a&#110;&#x6b;&#97;&#x72;&#110;&#x61;&#46;&#x6f;r&#103;<\/a>. Ilmoita s\u00e4hk\u00f6postissa, mihin tilaisuuksiin haluat ilmoittautua.<\/p>\n<p>Kaikki tilaisuudet maksetaan pankkitilille: FI13 6601 0003 3348 77<\/p>\n<p>Lataa t\u00e4st\u00e4 uusin <a href=\"https:\/\/munskankarna.org\/helsinki\/wp-content\/uploads\/sites\/2\/2017\/12\/J\u00c4SENKIRJE-5_07122017.pdf\">J\u00c4SENKIRJE 5_07122017<\/a><\/p>\n<p><strong>Vanhat<\/strong> j\u00e4senkirjeet:<br \/>\n<a href=\"https:\/\/munskankarna.org\/helsinki\/wp-content\/uploads\/sites\/2\/2017\/12\/J\u00c4SENKIRJE-5_07122017.pdf\">J\u00c4SENKIRJE 5_07122017<\/a><br \/>\n<a href=\"https:\/\/munskankarna.org\/helsinki\/wp-content\/uploads\/sites\/2\/2017\/09\/J\u00c4SENKIRJE-4_30092017.pdf\">J<\/a><a href=\"https:\/\/munskankarna.org\/helsinki\/wp-content\/uploads\/sites\/2\/2017\/09\/J\u00c4SENKIRJE-4_30092017.pdf\">\u00c4SENKIRJE<\/a><a href=\"https:\/\/munskankarna.org\/helsinki\/wp-content\/uploads\/sites\/2\/2017\/09\/J\u00c4SENKIRJE-4_30092017.pdf\"> 4_30092017<br \/>\n<\/a><a href=\"https:\/\/munskankarna.org\/helsinki\/wp-content\/uploads\/sites\/2\/2017\/06\/J%C3%84SENKIRJE-3_06062017-2-1.pdf\">J\u00c4SENKIRJE 3_06062017 (2)-1<\/a><a href=\"https:\/\/munskankarna.org\/helsinki\/wp-content\/uploads\/sites\/2\/2017\/02\/J%C3%84SENKIRJE-2_22022017.pdf\"><br \/>\nJ\u00c4SENKIRJE 2_22022017<br \/>\n<\/a><a href=\"https:\/\/munskankarna.org\/helsinki\/wp-content\/uploads\/sites\/2\/2017\/01\/J%C3%84SENKIRJE-1_22012017.pdf\">J\u00c4SENKIRJE 1_22012017<\/a><\/p>\n<p><a href=\"https:\/\/munskankarna.org\/helsinki\/wp-content\/uploads\/sites\/2\/2016\/12\/J%C3%84SENKIRJE-5_01122016.pdf\">jasenkirje 2016-5<\/a><br \/>\n<a href=\"https:\/\/munskankarna.org\/helsinki\/wp-content\/uploads\/sites\/2\/2016\/10\/J%C3%84SENKIRJE-4_01102016-1.pdf\">j\u00e4senkirje 2016-4<\/a><a href=\"https:\/\/munskankarna.org\/helsinki\/wp-content\/uploads\/sites\/2\/2013\/05\/J%C3%84SENKIRJE-3_03062016.pdf\"><br \/>\nj\u00e4senkirje 2016-3<\/a><br \/>\n<a href=\"https:\/\/munskankarna.org\/helsinki\/wp-content\/uploads\/sites\/2\/2016\/03\/j%C3%A4senkirje_2016-2.pdf\">j\u00e4senkirje 2016-2<\/a><br \/>\n<a href=\"https:\/\/munskankarna.org\/helsinki\/wp-content\/uploads\/sites\/2\/2016\/01\/j%C3%A4senkirje_2016-1.pdf\">j\u00e4senkirje_2016-1<\/a><\/p>\n<p><a href=\"https:\/\/munskankarna.org\/helsinki\/wp-content\/uploads\/sites\/2\/2015\/11\/j%C3%A4senkirje_2015-4.pdf\">j\u00e4senkirje_2015-4<\/a><br \/>\n<a href=\"https:\/\/munskankarna.org\/helsinki\/wp-content\/uploads\/sites\/2\/2015\/08\/j%C3%A4senkirje_2015-3.pdf\">j\u00e4senkirje_2015-3<\/a><br \/>\n<a href=\"https:\/\/munskankarna.org\/helsinki\/wp-content\/uploads\/sites\/2\/2015\/05\/j%C3%A4senkirje_2015-2.pdf\">j\u00e4senkirje_2015-2<\/a><br \/>\n<a href=\"https:\/\/munskankarna.org\/helsinki\/wp-content\/uploads\/sites\/2\/2015\/02\/j%C3%A4senkirje_2015-1.pdf\">j\u00e4senkirje_2015-1<\/a><br \/>\n<a href=\"https:\/\/munskankarna.org\/helsinki\/wp-content\/uploads\/sites\/2\/2014\/12\/j%C3%A4senkirje_2014-6.pdf\">j\u00e4senkirje_2014-6<\/a><br \/>\n<a href=\"https:\/\/munskankarna.org\/helsinki\/wp-content\/uploads\/sites\/2\/2014\/10\/j%C3%A4senkirje_2014-5.pdf\">j\u00e4senkirje_2014-5<\/a><br \/>\n<a href=\"https:\/\/munskankarna.org\/helsinki\/wp-content\/uploads\/sites\/2\/2014\/08\/j%C3%A4senkirje_2014-4.pdf\">j\u00e4senkirje_2014-4<\/a><br \/>\n<a href=\"https:\/\/munskankarna.org\/helsinki\/wp-content\/uploads\/sites\/2\/2014\/04\/j%C3%A4senkirje_2014-3.pdf\">j\u00e4senkirje_2014-3<\/a><br \/>\n<a href=\"https:\/\/munskankarna.org\/helsinki\/wp-content\/uploads\/sites\/2\/2014\/03\/j%C3%A4senkirje_2014-2.pdf\">j\u00e4senkirje_2014-2<\/a><br \/>\n<a href=\"https:\/\/munskankarna.org\/helsinki\/wp-content\/uploads\/sites\/2\/2014\/01\/j%C3%A4senkirje_2014-1.pdf\">j\u00e4senkirje_2014-1<\/a><br \/>\n<a href=\"https:\/\/munskankarna.org\/helsinki\/wp-content\/uploads\/sites\/2\/2013\/11\/j%C3%A4senkirje_2013-4.pdf\">j\u00e4senkirje_2013-4<\/a><br \/>\n<a href=\"https:\/\/munskankarna.org\/helsinki\/wp-content\/uploads\/sites\/2\/2013\/05\/j%C3%A4senkirje_2013-3.pdf\">j\u00e4senkirje_2013-3<\/a><br \/>\n<a href=\"https:\/\/munskankarna.org\/helsinki\/wp-content\/uploads\/sites\/2\/2013\/05\/j%C3%A4senkirje_2013-2.pdf\">j\u00e4senkirje_2013-2<\/a><br \/>\n<a href=\"https:\/\/munskankarna.org\/helsinki\/wp-content\/uploads\/sites\/2\/2015\/11\/j%C3%A4senkirje_2013-1.pdf\">j\u00e4senkirje_2013-1<\/a><br \/>\n<a href=\"https:\/\/munskankarna.org\/helsinki\/wp-content\/uploads\/sites\/2\/2015\/11\/j%C3%A4senkirje_2012-6.pdf\">j\u00e4senkirje_2012-6<\/a><br \/>\n<a href=\"https:\/\/munskankarna.org\/helsinki\/wp-content\/uploads\/sites\/2\/2015\/11\/j%C3%A4senkirje_2012-5.pdf\">j\u00e4senkirje_2012-5<\/a><br \/>\n<a href=\"https:\/\/munskankarna.org\/helsinki\/wp-content\/uploads\/sites\/2\/2015\/11\/j%C3%A4senkirje_2012-4.pdf\">j\u00e4senkirje_2012-4<\/a><br \/>\n<a href=\"https:\/\/munskankarna.org\/helsinki\/wp-content\/uploads\/sites\/2\/2015\/11\/j%C3%A4senkirje_2012-3.pdf\">j\u00e4senkirje_2012-3<\/a><br \/>\n<a href=\"https:\/\/munskankarna.org\/helsinki\/wp-content\/uploads\/sites\/2\/2015\/11\/j%C3%A4senkirje_2012-2.pdf\">j\u00e4senkirje_2012-2<\/a><br \/>\n<a href=\"https:\/\/munskankarna.org\/helsinki\/wp-content\/uploads\/sites\/2\/2015\/11\/j%C3%A4senkirje_2012-1.pdf\">j\u00e4senkirje_2012-1<\/a><\/p>\n<\/div>\n","protected":false},"excerpt":{"rendered":"<p>J\u00c4SENKIRJE 5_07122017 Voit jatkossa ladata itsellesi j\u00e4senkirjeen pdf-muodossa n\u00e4ilt\u00e4 sivuilta. Saat j\u00e4senkirjeen edelleen my\u00f6s s\u00e4hk\u00f6postiisi ja\/tai postitse. Voit ilmoittautua tastingeihin puhelimitse: 040 868 4039 tai s\u00e4hk\u00f6postilla i&#108;&#109;&#x6f;&#x69;tt&#97;&#117;&#x74;&#x75;mi&#115;&#101;&#x74;&#x2e;he&#108;&#x73;&#x69;&#x6e;k&#105;&#64;&#x6d;&#x75;&#x6e;s&#107;&#97;&#x6e;&#x6b;&#x61;r&#110;&#97;&#x2e;&#x6f;&#x72;g. Ilmoita s\u00e4hk\u00f6postissa, mihin tilaisuuksiin haluat ilmoittautua. Kaikki tilaisuudet maksetaan pankkitilille: FI13 6601 0003 3348 77 Lataa t\u00e4st\u00e4 uusin J\u00c4SENKIRJE 5_07122017 Vanhat j\u00e4senkirjeet: J\u00c4SENKIRJE 5_07122017 J\u00c4SENKIRJE 4_30092017 J\u00c4SENKIRJE 3_06062017 [&hellip;]<\/p>\n","protected":false},"author":17,"featured_media":0,"parent":0,"menu_order":0,"comment_status":"closed","ping_status":"closed","template":"","meta":{"_monsterinsights_skip_tracking":false,"_monsterinsights_sitenote_active":false,"_monsterinsights_sitenote_note":"","_monsterinsights_sitenote_category":0,"footnotes":""},"class_list":["post-290","page","type-page","status-publish","hentry"],"yoast_head":"<!-- This site is optimized with the Yoast SEO plugin v27.3 - https:\/\/yoast.com\/product\/yoast-seo-wordpress\/ -->\n<title>J\u00e4senkirje - Helsingin Munsk\u00e4nkarna<\/title>\n<meta name=\"robots\" content=\"index, follow, max-snippet:-1, max-image-preview:large, max-video-preview:-1\" \/>\n<link rel=\"canonical\" href=\"https:\/\/munskankarna.org\/helsinki\/jasenkirje-2\/\" \/>\n<meta property=\"og:locale\" content=\"fi_FI\" \/>\n<meta property=\"og:type\" content=\"article\" \/>\n<meta property=\"og:title\" content=\"J\u00e4senkirje - Helsingin Munsk\u00e4nkarna\" \/>\n<meta property=\"og:description\" content=\"J\u00c4SENKIRJE 5_07122017 Voit jatkossa ladata itsellesi j\u00e4senkirjeen pdf-muodossa n\u00e4ilt\u00e4 sivuilta. Saat j\u00e4senkirjeen edelleen my\u00f6s s\u00e4hk\u00f6postiisi ja\/tai postitse. Voit ilmoittautua tastingeihin puhelimitse: 040 868 4039 tai s\u00e4hk\u00f6postilla i&#108;&#109;&#x6f;&#x69;&#x74;t&#097;&#117;&#x74;&#x75;&#x6d;is&#101;&#x74;&#x2e;&#x68;el&#115;&#105;&#x6e;&#x6b;&#x69;&#064;&#109;&#117;&#x6e;&#x73;&#x6b;a&#110;&#107;&#x61;&#x72;&#x6e;a&#046;&#111;&#x72;&#x67;. Ilmoita s\u00e4hk\u00f6postissa, mihin tilaisuuksiin haluat ilmoittautua. Kaikki tilaisuudet maksetaan pankkitilille: FI13 6601 0003 3348 77 Lataa t\u00e4st\u00e4 uusin J\u00c4SENKIRJE 5_07122017 Vanhat j\u00e4senkirjeet: J\u00c4SENKIRJE 5_07122017 J\u00c4SENKIRJE 4_30092017 J\u00c4SENKIRJE 3_06062017 [&hellip;]\" \/>\n<meta property=\"og:url\" content=\"https:\/\/munskankarna.org\/helsinki\/jasenkirje-2\/\" \/>\n<meta property=\"og:site_name\" content=\"Helsingin Munsk\u00e4nkarna\" \/>\n<meta property=\"article:modified_time\" content=\"2017-12-13T08:36:32+00:00\" \/>\n<meta name=\"twitter:card\" content=\"summary_large_image\" \/>\n<meta name=\"twitter:label1\" content=\"Arvioitu lukuaika\" \/>\n\t<meta name=\"twitter:data1\" content=\"1 minuutti\" \/>\n<script type=\"application\/ld+json\" class=\"yoast-schema-graph\">{\"@context\":\"https:\\\/\\\/schema.org\",\"@graph\":[{\"@type\":\"WebPage\",\"@id\":\"https:\\\/\\\/munskankarna.org\\\/helsinki\\\/jasenkirje-2\\\/\",\"url\":\"https:\\\/\\\/munskankarna.org\\\/helsinki\\\/jasenkirje-2\\\/\",\"name\":\"J\u00e4senkirje - Helsingin Munsk\u00e4nkarna\",\"isPartOf\":{\"@id\":\"https:\\\/\\\/munskankarna.org\\\/helsinki\\\/#website\"},\"datePublished\":\"2017-12-07T17:20:16+00:00\",\"dateModified\":\"2017-12-13T08:36:32+00:00\",\"breadcrumb\":{\"@id\":\"https:\\\/\\\/munskankarna.org\\\/helsinki\\\/jasenkirje-2\\\/#breadcrumb\"},\"inLanguage\":\"fi\",\"potentialAction\":[{\"@type\":\"ReadAction\",\"target\":[\"https:\\\/\\\/munskankarna.org\\\/helsinki\\\/jasenkirje-2\\\/\"]}]},{\"@type\":\"BreadcrumbList\",\"@id\":\"https:\\\/\\\/munskankarna.org\\\/helsinki\\\/jasenkirje-2\\\/#breadcrumb\",\"itemListElement\":[{\"@type\":\"ListItem\",\"position\":1,\"name\":\"Home\",\"item\":\"https:\\\/\\\/munskankarna.org\\\/helsinki\\\/\"},{\"@type\":\"ListItem\",\"position\":2,\"name\":\"J\u00e4senkirje\"}]},{\"@type\":\"WebSite\",\"@id\":\"https:\\\/\\\/munskankarna.org\\\/helsinki\\\/#website\",\"url\":\"https:\\\/\\\/munskankarna.org\\\/helsinki\\\/\",\"name\":\"Helsingin Munsk\u00e4nkarna\",\"description\":\"Suomen Munsk\u00e4nkarna ry:n Helsingin paikallisseura\",\"potentialAction\":[{\"@type\":\"SearchAction\",\"target\":{\"@type\":\"EntryPoint\",\"urlTemplate\":\"https:\\\/\\\/munskankarna.org\\\/helsinki\\\/?s={search_term_string}\"},\"query-input\":{\"@type\":\"PropertyValueSpecification\",\"valueRequired\":true,\"valueName\":\"search_term_string\"}}],\"inLanguage\":\"fi\"}]}<\/script>\n<!-- \/ Yoast SEO plugin. -->","yoast_head_json":{"title":"J\u00e4senkirje - Helsingin Munsk\u00e4nkarna","robots":{"index":"index","follow":"follow","max-snippet":"max-snippet:-1","max-image-preview":"max-image-preview:large","max-video-preview":"max-video-preview:-1"},"canonical":"https:\/\/munskankarna.org\/helsinki\/jasenkirje-2\/","og_locale":"fi_FI","og_type":"article","og_title":"J\u00e4senkirje - Helsingin Munsk\u00e4nkarna","og_description":"J\u00c4SENKIRJE 5_07122017 Voit jatkossa ladata itsellesi j\u00e4senkirjeen pdf-muodossa n\u00e4ilt\u00e4 sivuilta. Saat j\u00e4senkirjeen edelleen my\u00f6s s\u00e4hk\u00f6postiisi ja\/tai postitse. Voit ilmoittautua tastingeihin puhelimitse: 040 868 4039 tai s\u00e4hk\u00f6postilla i&#108;&#109;&#x6f;&#x69;&#x74;t&#97;&#117;&#x74;&#x75;&#x6d;is&#101;&#x74;&#x2e;&#x68;el&#115;&#105;&#x6e;&#x6b;&#x69;&#64;&#109;&#117;&#x6e;&#x73;&#x6b;a&#110;&#107;&#x61;&#x72;&#x6e;a&#46;&#111;&#x72;&#x67;. Ilmoita s\u00e4hk\u00f6postissa, mihin tilaisuuksiin haluat ilmoittautua. Kaikki tilaisuudet maksetaan pankkitilille: FI13 6601 0003 3348 77 Lataa t\u00e4st\u00e4 uusin J\u00c4SENKIRJE 5_07122017 Vanhat j\u00e4senkirjeet: J\u00c4SENKIRJE 5_07122017 J\u00c4SENKIRJE 4_30092017 J\u00c4SENKIRJE 3_06062017 [&hellip;]","og_url":"https:\/\/munskankarna.org\/helsinki\/jasenkirje-2\/","og_site_name":"Helsingin Munsk\u00e4nkarna","article_modified_time":"2017-12-13T08:36:32+00:00","twitter_card":"summary_large_image","twitter_misc":{"Arvioitu lukuaika":"1 minuutti"},"schema":{"@context":"https:\/\/schema.org","@graph":[{"@type":"WebPage","@id":"https:\/\/munskankarna.org\/helsinki\/jasenkirje-2\/","url":"https:\/\/munskankarna.org\/helsinki\/jasenkirje-2\/","name":"J\u00e4senkirje - Helsingin Munsk\u00e4nkarna","isPartOf":{"@id":"https:\/\/munskankarna.org\/helsinki\/#website"},"datePublished":"2017-12-07T17:20:16+00:00","dateModified":"2017-12-13T08:36:32+00:00","breadcrumb":{"@id":"https:\/\/munskankarna.org\/helsinki\/jasenkirje-2\/#breadcrumb"},"inLanguage":"fi","potentialAction":[{"@type":"ReadAction","target":["https:\/\/munskankarna.org\/helsinki\/jasenkirje-2\/"]}]},{"@type":"BreadcrumbList","@id":"https:\/\/munskankarna.org\/helsinki\/jasenkirje-2\/#breadcrumb","itemListElement":[{"@type":"ListItem","position":1,"name":"Home","item":"https:\/\/munskankarna.org\/helsinki\/"},{"@type":"ListItem","position":2,"name":"J\u00e4senkirje"}]},{"@type":"WebSite","@id":"https:\/\/munskankarna.org\/helsinki\/#website","url":"https:\/\/munskankarna.org\/helsinki\/","name":"Helsingin Munsk\u00e4nkarna","description":"Suomen Munsk\u00e4nkarna ry:n Helsingin paikallisseura","potentialAction":[{"@type":"SearchAction","target":{"@type":"EntryPoint","urlTemplate":"https:\/\/munskankarna.org\/helsinki\/?s={search_term_string}"},"query-input":{"@type":"PropertyValueSpecification","valueRequired":true,"valueName":"search_term_string"}}],"inLanguage":"fi"}]}},"_links":{"self":[{"href":"https:\/\/munskankarna.org\/helsinki\/wp-json\/wp\/v2\/pages\/290","targetHints":{"allow":["GET"]}}],"collection":[{"href":"https:\/\/munskankarna.org\/helsinki\/wp-json\/wp\/v2\/pages"}],"about":[{"href":"https:\/\/munskankarna.org\/helsinki\/wp-json\/wp\/v2\/types\/page"}],"author":[{"embeddable":true,"href":"https:\/\/munskankarna.org\/helsinki\/wp-json\/wp\/v2\/users\/17"}],"replies":[{"embeddable":true,"href":"https:\/\/munskankarna.org\/helsinki\/wp-json\/wp\/v2\/comments?post=290"}],"version-history":[{"count":14,"href":"https:\/\/munskankarna.org\/helsinki\/wp-json\/wp\/v2\/pages\/290\/revisions"}],"predecessor-version":[{"id":316,"href":"https:\/\/munskankarna.org\/helsinki\/wp-json\/wp\/v2\/pages\/290\/revisions\/316"}],"wp:attachment":[{"href":"https:\/\/munskankarna.org\/helsinki\/wp-json\/wp\/v2\/media?parent=290"}],"curies":[{"name":"wp","href":"https:\/\/api.w.org\/{rel}","templated":true}]}}