{"id":394,"date":"2020-02-18T15:52:15","date_gmt":"2020-02-18T13:52:15","guid":{"rendered":"https:\/\/www.munskankarna.org\/helsinki\/?page_id=394"},"modified":"2026-02-10T14:16:13","modified_gmt":"2026-02-10T12:16:13","slug":"vanhoja-jasenkirjeita","status":"publish","type":"page","link":"https:\/\/munskankarna.org\/helsinki\/jasenkirje-2\/vanhoja-jasenkirjeita\/","title":{"rendered":"Vanhoja j\u00e4senkirjeit\u00e4"},"content":{"rendered":"\r\n\r\n<h4 class=\"wp-block-heading\">2025<\/h4>\r\n<a href=\"https:\/\/munskankarna.org\/helsinki\/wp-content\/uploads\/sites\/2\/2025\/12\/JASENKIRJE_7_191225.pdf\">J\u00c4SENKIRJE_7_191225<\/a><br \/>\r\n<a href=\"https:\/\/munskankarna.org\/helsinki\/wp-content\/uploads\/sites\/2\/2025\/10\/JASENKIRJE_6_231025.pdf\">J\u00c4SENKIRJE_6_231025<\/a><br \/>\r\n<a href=\"https:\/\/munskankarna.org\/helsinki\/wp-content\/uploads\/sites\/2\/2025\/08\/JASENKIRJE_5_020825.pdf\">J\u00c4SENKIRJE_5_020825<\/a><br \/>\r\n<a href=\"https:\/\/munskankarna.org\/helsinki\/wp-content\/uploads\/sites\/2\/2025\/05\/JASENKIRJE_4_230525.pdf\">J\u00c4SENKIRJE_4_230525<\/a><br \/>\r\n<a href=\"https:\/\/munskankarna.org\/helsinki\/wp-content\/uploads\/sites\/2\/2025\/04\/JASENKIRJE_3_120425.pdf\">J\u00c4SENKIRJE_3_120425<\/a><br \/>\r\n<a href=\"https:\/\/munskankarna.org\/helsinki\/wp-content\/uploads\/sites\/2\/2025\/02\/JASENKIRJE_2_180225.pdf\">J\u00c4SENKIRJE_2_180225<\/a><br \/>\r\n<a href=\"https:\/\/munskankarna.org\/helsinki\/wp-content\/uploads\/sites\/2\/2025\/02\/JASENKIRJE_1_030225.pdf\">J\u00c4SENKIRJE_1_030225<\/a><br \/>\r\n\r\n<h4>2024<\/h4>\r\n<p><a href=\"https:\/\/munskankarna.org\/helsinki\/wp-content\/uploads\/sites\/2\/2024\/12\/JASENKIRJE_7_12122024.pdf\">J\u00c4SENKIRJE_7_12122024<\/a><br \/>\r\n<a href=\"https:\/\/munskankarna.org\/helsinki\/wp-content\/uploads\/sites\/2\/2024\/10\/JASENKIRJE_6_16102024.pdf\">J\u00c4SENKIRJE_6_16102024<\/a><br \/>\r\n<a href=\"https:\/\/munskankarna.org\/helsinki\/wp-content\/uploads\/sites\/2\/2024\/09\/JASENKIRJE_5_09092024.pdf\">J\u00c4SENKIRJE_5_09092024<\/a><br \/>\r\n<a href=\"https:\/\/munskankarna.org\/helsinki\/wp-content\/uploads\/sites\/2\/2024\/08\/JASENKIRJE_4_08082024.pdf\">J\u00c4SENKIRJE_4_08082024<\/a><br \/>\r\n<a href=\"https:\/\/munskankarna.org\/helsinki\/wp-content\/uploads\/sites\/2\/2024\/05\/JASENKIRJE_3_16052024.pdf\">J\u00c4SENKIRJE_3_16052024<\/a><br \/>\r\n<a href=\"https:\/\/munskankarna.org\/helsinki\/wp-content\/uploads\/sites\/2\/2024\/03\/JASENKIRJE-2_19022024.pdf\">J\u00c4SENKIRJE 2_19022024<\/a><br \/>\r\n<a href=\"https:\/\/munskankarna.org\/helsinki\/wp-content\/uploads\/sites\/2\/2024\/03\/JASENKIRJE-1_05012024.pdf\">J\u00c4SENKIRJE 1_05012024<\/a>\r\n\r\n<h4>2023<\/h4>\r\n<p><a href=\"https:\/\/munskankarna.org\/helsinki\/wp-content\/uploads\/sites\/2\/2023\/09\/JASENKIRJE-5_15092023.pdf\">J\u00c4SENKIRJE 5_15092023<\/a><br \/>\r\n<a href=\"https:\/\/munskankarna.org\/helsinki\/wp-content\/uploads\/sites\/2\/2023\/05\/JASENKIRJE-4_29052023.pdf\">J\u00c4SENKIRJE 4_29052023<\/a><br \/>\r\n<a href=\"https:\/\/munskankarna.org\/helsinki\/wp-content\/uploads\/sites\/2\/2023\/03\/JASENKIRJE-3_10032023.pdf\">J\u00c4SENKIRJE 3_10032023<\/a><br \/>\r\n<a href=\"https:\/\/munskankarna.org\/helsinki\/wp-content\/uploads\/sites\/2\/2023\/02\/JASENKIRJE-2_07022023.pdf\">J\u00c4SENKIRJE 2_07022023<\/a><br \/>\r\n<a href=\"https:\/\/munskankarna.org\/helsinki\/wp-content\/uploads\/sites\/2\/2023\/01\/JASENKIRJE-1_09012023.pdf\">J\u00c4SENKIRJE 1_09012023<\/a><\/p>\r\n\r\n<h4>2022<\/h4>\r\n<p><a href=\"https:\/\/munskankarna.org\/helsinki\/wp-content\/uploads\/sites\/2\/2023\/01\/JASENKIRJE-6_13112022.pdf\">J\u00c4SENKIRJE 6_13112022<\/a><br \/>\r\n<a href=\"https:\/\/munskankarna.org\/helsinki\/wp-content\/uploads\/sites\/2\/2023\/01\/JASENKIRJE-5_03102022.pdf\">J\u00c4SENKIRJE 5_03102022<\/a><br \/>\r\n<a href=\"https:\/\/munskankarna.org\/helsinki\/wp-content\/uploads\/sites\/2\/2023\/01\/JASENKIRJE-4_01062022.pdf\">J\u00c4SENKIRJE 4_01062022<\/a><br \/>\r\n<a href=\"https:\/\/munskankarna.org\/helsinki\/wp-content\/uploads\/sites\/2\/2023\/01\/JASENKIRJE-3_27032022.pdf\">J\u00c4SENKIRJE 3_27032022<\/a><br \/>\r\n<a href=\"https:\/\/munskankarna.org\/helsinki\/wp-content\/uploads\/sites\/2\/2023\/01\/JASENKIRJE-2_16022022.pdf\">J\u00c4SENKIRJE 2_16022022<\/a><br \/>\r\n<a href=\"https:\/\/munskankarna.org\/helsinki\/wp-content\/uploads\/sites\/2\/2023\/01\/JASENKIRJE-1_24012022.pdf\">J\u00c4SENKIRJE 1_24012022<\/a><\/p>\r\n\r\n<h4>2021<\/h4>\r\n<p><a href=\"https:\/\/munskankarna.org\/helsinki\/wp-content\/uploads\/sites\/2\/2023\/01\/JASENKIRJE-5_03122021.pdf\">J\u00c4SENKIRJE 5_03122021<\/a><br \/>\r\n<a href=\"https:\/\/munskankarna.org\/helsinki\/wp-content\/uploads\/sites\/2\/2023\/01\/JASENKIRJE-4_01112021.pdf\">J\u00c4SENKIRJE 4_01112021<\/a><br \/>\r\n<a href=\"https:\/\/munskankarna.org\/helsinki\/wp-content\/uploads\/sites\/2\/2023\/01\/JASENKIRJE-3_07062021.pdf\">J\u00c4SENKIRJE 3_07062021<\/a><br \/>\r\n<a href=\"https:\/\/munskankarna.org\/helsinki\/wp-content\/uploads\/sites\/2\/2023\/01\/JASENKIRJE-2_15022021.pdf\">J\u00c4SENKIRJE 2_15022021<\/a><br \/>\r\n<a href=\"https:\/\/munskankarna.org\/helsinki\/wp-content\/uploads\/sites\/2\/2023\/01\/JASENKIRJE-1_18012021.pdf\">J\u00c4SENKIRJE 1_18012021<\/a><\/p>\r\n\r\n<h4>2020<\/h4>\r\n<p><a href=\"https:\/\/munskankarna.org\/helsinki\/wp-content\/uploads\/sites\/2\/2020\/12\/JASENKIRJE-8_04122020.pdf\">J\u00c4SENKIRJE 8_04122020<\/a><br \/>\r\n<a href=\"https:\/\/munskankarna.org\/helsinki\/wp-content\/uploads\/sites\/2\/2020\/11\/JASENKIRJE-7_02112020.pdf\">J\u00c4SENKIRJE 7_02112020<\/a><br \/>\r\n<a href=\"https:\/\/munskankarna.org\/helsinki\/wp-content\/uploads\/sites\/2\/2020\/11\/JASENKIRJE-6_15092020.pdf\">J\u00c4SENKIRJE 6_15092020<\/a><br \/>\r\n<a href=\"https:\/\/munskankarna.org\/helsinki\/wp-content\/uploads\/sites\/2\/2020\/11\/JASENKIRJE-5_16082020.pdf\">J\u00c4SENKIRJE 5_16082020<\/a><br \/>\r\n<a href=\"https:\/\/munskankarna.org\/helsinki\/wp-content\/uploads\/sites\/2\/2020\/11\/JASENKIRJEEN-LIITE_Suomen-Munskankarna-20-v.-juhlakutsu.pdf\">J\u00c4SENKIRJE 4 LIITE<\/a><br \/>\r\n<a href=\"https:\/\/munskankarna.org\/helsinki\/wp-content\/uploads\/sites\/2\/2020\/11\/JASENKIRJE-4_10042020.pdf\">J\u00c4SENKIRJE 4_10042020<\/a><br \/>\r\n<a href=\"https:\/\/munskankarna.org\/helsinki\/wp-content\/uploads\/sites\/2\/2020\/03\/J\u00c4SENKIRJE-3_10032020.pdf\">J\u00c4SENKIRJE 3_10032020<\/a><br \/>\r\n<a href=\"https:\/\/munskankarna.org\/helsinki\/wp-content\/uploads\/sites\/2\/2020\/02\/J\u00c4SENKIRJE-2_15022020.pdf\">J\u00c4SENKIRJE 2_15022020<\/a><br \/>\r\n<a href=\"https:\/\/munskankarna.org\/helsinki\/wp-content\/uploads\/sites\/2\/2020\/01\/J\u00c4SENKIRJE-1_14012020.pdf\">J\u00c4SENKIRJE 1_14012020<\/a><\/p>\r\n\r\n<h4>2019<\/h4>\r\n\r\n<p><a href=\"https:\/\/munskankarna.org\/helsinki\/wp-content\/uploads\/sites\/2\/2020\/01\/J\u00c4SENKIRJE-5_04122019.pdf\">J\u00c4SENKIRJE 5_04122019<\/a><br \/>\r\n<a href=\"https:\/\/munskankarna.org\/helsinki\/wp-content\/uploads\/sites\/2\/2019\/09\/J\u00c4SENKIRJE-4_24092019.pdf\">J\u00c4SENKIRJE 4_24092019<\/a><br \/>\r\n<a href=\"https:\/\/munskankarna.org\/helsinki\/wp-content\/uploads\/sites\/2\/2019\/09\/J\u00c4SENKIRJE-3_01082019.pdf\">J\u00c4SENKIRJE 3_01082019<\/a><br \/>\r\n<a href=\"https:\/\/munskankarna.org\/helsinki\/wp-content\/uploads\/sites\/2\/2019\/04\/J\u00c4SENKIRJE-2_12042019.pdf\">J\u00c4SENKIRJE 2_12042019<\/a><br \/>\r\n<a href=\"https:\/\/munskankarna.org\/helsinki\/wp-content\/uploads\/sites\/2\/2019\/01\/J\u00c4SENKIRJE-1_18012019.pdf\">J\u00c4SENKIRJE 1_18012019<\/a><\/p>\r\n\r\n<h4 class=\"wp-block-heading\">2018<\/h4>\r\n\r\n\r\n\r\n<p><a href=\"https:\/\/munskankarna.org\/helsinki\/wp-content\/uploads\/sites\/2\/2018\/10\/J\u00c4SENKIRJE-3_26092018.pdf\">J\u00c4SENKIRJE 3_26092018<\/a><br \/>\r\n<a href=\"https:\/\/munskankarna.org\/helsinki\/wp-content\/uploads\/sites\/2\/2018\/06\/J\u00c4SENKIRJE-2_01062018.pdf\">J\u00c4SENKIRJE 2_01062018<\/a><br \/>\r\n<a href=\"https:\/\/munskankarna.org\/helsinki\/wp-content\/uploads\/sites\/2\/2018\/02\/J\u00c4SENKIRJE-1_25012018.pdf\">J\u00c4SENKIRJE 1_25012018<\/a><\/p>\r\n\r\n\r\n\r\n<h4 class=\"wp-block-heading\">2017<\/h4>\r\n\r\n\r\n\r\n<p><a href=\"https:\/\/munskankarna.org\/helsinki\/wp-content\/uploads\/sites\/2\/2017\/12\/J%C3%84SENKIRJE-5_07122017.pdf\">J\u00c4SENKIRJE 5_07122017<\/a><br \/>\r\n<a href=\"https:\/\/munskankarna.org\/helsinki\/wp-content\/uploads\/sites\/2\/2017\/09\/J%C3%84SENKIRJE-4_30092017.pdf\">J\u00c4SENKIRJE 4_30092017<\/a><br \/>\r\n<a href=\"https:\/\/munskankarna.org\/helsinki\/wp-content\/uploads\/sites\/2\/2017\/06\/J%C3%84SENKIRJE-3_06062017-2-1.pdf\">J\u00c4SENKIRJE 3_06062017<\/a>\r\n<a href=\"https:\/\/munskankarna.org\/helsinki\/wp-content\/uploads\/sites\/2\/2017\/02\/J%C3%84SENKIRJE-2_22022017.pdf\"><br \/>J\u00c4SENKIRJE 2_22022017<\/a><br \/>\r\n<a href=\"https:\/\/munskankarna.org\/helsinki\/wp-content\/uploads\/sites\/2\/2017\/01\/J%C3%84SENKIRJE-1_22012017.pdf\">J\u00c4SENKIRJE 1_22012017<\/a><\/p>\r\n\r\n\r\n\r\n<h4 class=\"wp-block-heading\">2016<\/h4>\r\n\r\n\r\n\r\n<p><a href=\"https:\/\/munskankarna.org\/helsinki\/wp-content\/uploads\/sites\/2\/2016\/12\/J%C3%84SENKIRJE-5_01122016.pdf\">jasenkirje 2016-5<\/a> <br \/>\r\n<a href=\"https:\/\/munskankarna.org\/helsinki\/wp-content\/uploads\/sites\/2\/2016\/10\/J%C3%84SENKIRJE-4_01102016-1.pdf\">j\u00e4senkirje 2016-4<\/a>\r\n<a href=\"https:\/\/munskankarna.org\/helsinki\/wp-content\/uploads\/sites\/2\/2013\/05\/J%C3%84SENKIRJE-3_03062016.pdf\"><br \/>j\u00e4senkirje 2016-3<\/a><br \/>\r\n<a href=\"https:\/\/munskankarna.org\/helsinki\/wp-content\/uploads\/sites\/2\/2016\/03\/j%C3%A4senkirje_2016-2.pdf\">j\u00e4senkirje 2016-2<\/a><br \/>\r\n<a href=\"https:\/\/munskankarna.org\/helsinki\/wp-content\/uploads\/sites\/2\/2016\/01\/j%C3%A4senkirje_2016-1.pdf\">j\u00e4senkirje_2016-1<\/a><\/p>\r\n\r\n\r\n\r\n<h4 class=\"wp-block-heading\">2015<\/h4>\r\n\r\n\r\n\r\n<p><a href=\"https:\/\/munskankarna.org\/helsinki\/wp-content\/uploads\/sites\/2\/2015\/11\/j%C3%A4senkirje_2015-4.pdf\">j\u00e4senkirje_2015-4<\/a><br \/>\r\n<a href=\"https:\/\/munskankarna.org\/helsinki\/wp-content\/uploads\/sites\/2\/2015\/08\/j%C3%A4senkirje_2015-3.pdf\">j\u00e4senkirje_2015-3<\/a><br \/>\r\n<a href=\"https:\/\/munskankarna.org\/helsinki\/wp-content\/uploads\/sites\/2\/2015\/05\/j%C3%A4senkirje_2015-2.pdf\">j\u00e4senkirje_2015-2<\/a><br \/>\r\n<a href=\"https:\/\/munskankarna.org\/helsinki\/wp-content\/uploads\/sites\/2\/2015\/02\/j%C3%A4senkirje_2015-1.pdf\">j\u00e4senkirje_2015-1<\/a><\/p>\r\n\r\n\r\n\r\n<h4 class=\"wp-block-heading\">2014<\/h4>\r\n\r\n\r\n\r\n<p><a href=\"https:\/\/munskankarna.org\/helsinki\/wp-content\/uploads\/sites\/2\/2014\/12\/j%C3%A4senkirje_2014-6.pdf\">j\u00e4senkirje_2014-6<\/a><br \/>\r\n<a href=\"https:\/\/munskankarna.org\/helsinki\/wp-content\/uploads\/sites\/2\/2014\/10\/j%C3%A4senkirje_2014-5.pdf\">j\u00e4senkirje_2014-5<\/a><br \/>\r\n<a href=\"https:\/\/munskankarna.org\/helsinki\/wp-content\/uploads\/sites\/2\/2014\/08\/j%C3%A4senkirje_2014-4.pdf\">j\u00e4senkirje_2014-4<\/a><br \/>\r\n<a href=\"https:\/\/munskankarna.org\/helsinki\/wp-content\/uploads\/sites\/2\/2014\/04\/j%C3%A4senkirje_2014-3.pdf\">j\u00e4senkirje_2014-3<\/a><br \/>\r\n<a href=\"https:\/\/munskankarna.org\/helsinki\/wp-content\/uploads\/sites\/2\/2014\/03\/j%C3%A4senkirje_2014-2.pdf\">j\u00e4senkirje_2014-2<\/a><br \/>\r\n<a href=\"https:\/\/munskankarna.org\/helsinki\/wp-content\/uploads\/sites\/2\/2014\/01\/j%C3%A4senkirje_2014-1.pdf\">j\u00e4senkirje_2014-1<\/a><\/p>\r\n\r\n\r\n\r\n<h4 class=\"wp-block-heading\">2013<\/h4>\r\n\r\n\r\n\r\n<p><a href=\"https:\/\/munskankarna.org\/helsinki\/wp-content\/uploads\/sites\/2\/2013\/11\/j%C3%A4senkirje_2013-4.pdf\">j\u00e4senkirje_2013-4<\/a><br \/>\r\n<a href=\"https:\/\/munskankarna.org\/helsinki\/wp-content\/uploads\/sites\/2\/2013\/05\/j%C3%A4senkirje_2013-3.pdf\">j\u00e4senkirje_2013-3<\/a><br \/>\r\n<a href=\"https:\/\/munskankarna.org\/helsinki\/wp-content\/uploads\/sites\/2\/2013\/05\/j%C3%A4senkirje_2013-2.pdf\">j\u00e4senkirje_2013-2<\/a><br \/>\r\n<a href=\"https:\/\/munskankarna.org\/helsinki\/wp-content\/uploads\/sites\/2\/2015\/11\/j%C3%A4senkirje_2013-1.pdf\">j\u00e4senkirje_2013-1<\/a><\/p>\r\n\r\n\r\n\r\n<h4 class=\"wp-block-heading\">2012<\/h4>\r\n\r\n\r\n\r\n<p><a href=\"https:\/\/munskankarna.org\/helsinki\/wp-content\/uploads\/sites\/2\/2015\/11\/j%C3%A4senkirje_2012-6.pdf\">j\u00e4senkirje_2012-6<\/a><br \/>\r\n<a href=\"https:\/\/munskankarna.org\/helsinki\/wp-content\/uploads\/sites\/2\/2015\/11\/j%C3%A4senkirje_2012-5.pdf\">j\u00e4senkirje_2012-5<\/a><br \/>\r\n<a href=\"https:\/\/munskankarna.org\/helsinki\/wp-content\/uploads\/sites\/2\/2015\/11\/j%C3%A4senkirje_2012-4.pdf\">j\u00e4senkirje_2012-4<\/a><br \/>\r\n<a href=\"https:\/\/munskankarna.org\/helsinki\/wp-content\/uploads\/sites\/2\/2015\/11\/j%C3%A4senkirje_2012-3.pdf\">j\u00e4senkirje_2012-3<\/a><br \/>\r\n<a href=\"https:\/\/munskankarna.org\/helsinki\/wp-content\/uploads\/sites\/2\/2015\/11\/j%C3%A4senkirje_2012-2.pdf\">j\u00e4senkirje_2012-2<\/a><br \/>\r\n<a href=\"https:\/\/munskankarna.org\/helsinki\/wp-content\/uploads\/sites\/2\/2015\/11\/j%C3%A4senkirje_2012-1.pdf\">j\u00e4senkirje_2012-1<\/a><\/p>\r\n","protected":false},"excerpt":{"rendered":"<p>2025 J\u00c4SENKIRJE_7_191225 J\u00c4SENKIRJE_6_231025 J\u00c4SENKIRJE_5_020825 J\u00c4SENKIRJE_4_230525 J\u00c4SENKIRJE_3_120425 J\u00c4SENKIRJE_2_180225 J\u00c4SENKIRJE_1_030225 2024 J\u00c4SENKIRJE_7_12122024 J\u00c4SENKIRJE_6_16102024 J\u00c4SENKIRJE_5_09092024 J\u00c4SENKIRJE_4_08082024 J\u00c4SENKIRJE_3_16052024 J\u00c4SENKIRJE 2_19022024 J\u00c4SENKIRJE 1_05012024 2023 J\u00c4SENKIRJE 5_15092023 J\u00c4SENKIRJE 4_29052023 J\u00c4SENKIRJE 3_10032023 J\u00c4SENKIRJE 2_07022023 J\u00c4SENKIRJE 1_09012023 2022 J\u00c4SENKIRJE 6_13112022 J\u00c4SENKIRJE 5_03102022 J\u00c4SENKIRJE 4_01062022 J\u00c4SENKIRJE 3_27032022 J\u00c4SENKIRJE 2_16022022 J\u00c4SENKIRJE 1_24012022 2021 J\u00c4SENKIRJE 5_03122021 J\u00c4SENKIRJE 4_01112021 J\u00c4SENKIRJE 3_07062021 J\u00c4SENKIRJE 2_15022021 J\u00c4SENKIRJE 1_18012021 2020 J\u00c4SENKIRJE [&hellip;]<\/p>\n","protected":false},"author":24,"featured_media":0,"parent":290,"menu_order":0,"comment_status":"closed","ping_status":"closed","template":"","meta":{"_monsterinsights_skip_tracking":false,"_monsterinsights_sitenote_active":false,"_monsterinsights_sitenote_note":"","_monsterinsights_sitenote_category":0,"footnotes":""},"class_list":["post-394","page","type-page","status-publish","hentry"],"yoast_head":"<!-- This site is optimized with the Yoast SEO plugin v27.0 - https:\/\/yoast.com\/product\/yoast-seo-wordpress\/ -->\n<title>Vanhoja j\u00e4senkirjeit\u00e4 - Helsingin Munsk\u00e4nkarna<\/title>\n<meta name=\"robots\" content=\"index, follow, max-snippet:-1, max-image-preview:large, max-video-preview:-1\" \/>\n<link rel=\"canonical\" href=\"https:\/\/munskankarna.org\/helsinki\/jasenkirje-2\/vanhoja-jasenkirjeita\/\" \/>\n<meta property=\"og:locale\" content=\"fi_FI\" \/>\n<meta property=\"og:type\" content=\"article\" \/>\n<meta property=\"og:title\" content=\"Vanhoja j\u00e4senkirjeit\u00e4 - Helsingin Munsk\u00e4nkarna\" \/>\n<meta property=\"og:description\" content=\"2025 J\u00c4SENKIRJE_7_191225 J\u00c4SENKIRJE_6_231025 J\u00c4SENKIRJE_5_020825 J\u00c4SENKIRJE_4_230525 J\u00c4SENKIRJE_3_120425 J\u00c4SENKIRJE_2_180225 J\u00c4SENKIRJE_1_030225 2024 J\u00c4SENKIRJE_7_12122024 J\u00c4SENKIRJE_6_16102024 J\u00c4SENKIRJE_5_09092024 J\u00c4SENKIRJE_4_08082024 J\u00c4SENKIRJE_3_16052024 J\u00c4SENKIRJE 2_19022024 J\u00c4SENKIRJE 1_05012024 2023 J\u00c4SENKIRJE 5_15092023 J\u00c4SENKIRJE 4_29052023 J\u00c4SENKIRJE 3_10032023 J\u00c4SENKIRJE 2_07022023 J\u00c4SENKIRJE 1_09012023 2022 J\u00c4SENKIRJE 6_13112022 J\u00c4SENKIRJE 5_03102022 J\u00c4SENKIRJE 4_01062022 J\u00c4SENKIRJE 3_27032022 J\u00c4SENKIRJE 2_16022022 J\u00c4SENKIRJE 1_24012022 2021 J\u00c4SENKIRJE 5_03122021 J\u00c4SENKIRJE 4_01112021 J\u00c4SENKIRJE 3_07062021 J\u00c4SENKIRJE 2_15022021 J\u00c4SENKIRJE 1_18012021 2020 J\u00c4SENKIRJE [&hellip;]\" \/>\n<meta property=\"og:url\" content=\"https:\/\/munskankarna.org\/helsinki\/jasenkirje-2\/vanhoja-jasenkirjeita\/\" \/>\n<meta property=\"og:site_name\" content=\"Helsingin Munsk\u00e4nkarna\" \/>\n<meta property=\"article:modified_time\" content=\"2026-02-10T12:16:13+00:00\" \/>\n<meta name=\"twitter:card\" content=\"summary_large_image\" \/>\n<meta name=\"twitter:label1\" content=\"Arvioitu lukuaika\" \/>\n\t<meta name=\"twitter:data1\" content=\"1 minuutti\" \/>\n<script type=\"application\/ld+json\" class=\"yoast-schema-graph\">{\"@context\":\"https:\/\/schema.org\",\"@graph\":[{\"@type\":\"WebPage\",\"@id\":\"https:\/\/munskankarna.org\/helsinki\/jasenkirje-2\/vanhoja-jasenkirjeita\/\",\"url\":\"https:\/\/munskankarna.org\/helsinki\/jasenkirje-2\/vanhoja-jasenkirjeita\/\",\"name\":\"Vanhoja j\u00e4senkirjeit\u00e4 - Helsingin Munsk\u00e4nkarna\",\"isPartOf\":{\"@id\":\"https:\/\/munskankarna.org\/helsinki\/#website\"},\"datePublished\":\"2020-02-18T13:52:15+00:00\",\"dateModified\":\"2026-02-10T12:16:13+00:00\",\"breadcrumb\":{\"@id\":\"https:\/\/munskankarna.org\/helsinki\/jasenkirje-2\/vanhoja-jasenkirjeita\/#breadcrumb\"},\"inLanguage\":\"fi\",\"potentialAction\":[{\"@type\":\"ReadAction\",\"target\":[\"https:\/\/munskankarna.org\/helsinki\/jasenkirje-2\/vanhoja-jasenkirjeita\/\"]}]},{\"@type\":\"BreadcrumbList\",\"@id\":\"https:\/\/munskankarna.org\/helsinki\/jasenkirje-2\/vanhoja-jasenkirjeita\/#breadcrumb\",\"itemListElement\":[{\"@type\":\"ListItem\",\"position\":1,\"name\":\"Home\",\"item\":\"https:\/\/munskankarna.org\/helsinki\/\"},{\"@type\":\"ListItem\",\"position\":2,\"name\":\"J\u00e4senkirje\",\"item\":\"https:\/\/munskankarna.org\/helsinki\/jasenkirje-2\/\"},{\"@type\":\"ListItem\",\"position\":3,\"name\":\"Vanhoja j\u00e4senkirjeit\u00e4\"}]},{\"@type\":\"WebSite\",\"@id\":\"https:\/\/munskankarna.org\/helsinki\/#website\",\"url\":\"https:\/\/munskankarna.org\/helsinki\/\",\"name\":\"Helsingin Munsk\u00e4nkarna\",\"description\":\"Suomen Munsk\u00e4nkarna ry:n Helsingin paikallisseura\",\"potentialAction\":[{\"@type\":\"SearchAction\",\"target\":{\"@type\":\"EntryPoint\",\"urlTemplate\":\"https:\/\/munskankarna.org\/helsinki\/?s={search_term_string}\"},\"query-input\":{\"@type\":\"PropertyValueSpecification\",\"valueRequired\":true,\"valueName\":\"search_term_string\"}}],\"inLanguage\":\"fi\"}]}<\/script>\n<!-- \/ Yoast SEO plugin. -->","yoast_head_json":{"title":"Vanhoja j\u00e4senkirjeit\u00e4 - Helsingin Munsk\u00e4nkarna","robots":{"index":"index","follow":"follow","max-snippet":"max-snippet:-1","max-image-preview":"max-image-preview:large","max-video-preview":"max-video-preview:-1"},"canonical":"https:\/\/munskankarna.org\/helsinki\/jasenkirje-2\/vanhoja-jasenkirjeita\/","og_locale":"fi_FI","og_type":"article","og_title":"Vanhoja j\u00e4senkirjeit\u00e4 - Helsingin Munsk\u00e4nkarna","og_description":"2025 J\u00c4SENKIRJE_7_191225 J\u00c4SENKIRJE_6_231025 J\u00c4SENKIRJE_5_020825 J\u00c4SENKIRJE_4_230525 J\u00c4SENKIRJE_3_120425 J\u00c4SENKIRJE_2_180225 J\u00c4SENKIRJE_1_030225 2024 J\u00c4SENKIRJE_7_12122024 J\u00c4SENKIRJE_6_16102024 J\u00c4SENKIRJE_5_09092024 J\u00c4SENKIRJE_4_08082024 J\u00c4SENKIRJE_3_16052024 J\u00c4SENKIRJE 2_19022024 J\u00c4SENKIRJE 1_05012024 2023 J\u00c4SENKIRJE 5_15092023 J\u00c4SENKIRJE 4_29052023 J\u00c4SENKIRJE 3_10032023 J\u00c4SENKIRJE 2_07022023 J\u00c4SENKIRJE 1_09012023 2022 J\u00c4SENKIRJE 6_13112022 J\u00c4SENKIRJE 5_03102022 J\u00c4SENKIRJE 4_01062022 J\u00c4SENKIRJE 3_27032022 J\u00c4SENKIRJE 2_16022022 J\u00c4SENKIRJE 1_24012022 2021 J\u00c4SENKIRJE 5_03122021 J\u00c4SENKIRJE 4_01112021 J\u00c4SENKIRJE 3_07062021 J\u00c4SENKIRJE 2_15022021 J\u00c4SENKIRJE 1_18012021 2020 J\u00c4SENKIRJE [&hellip;]","og_url":"https:\/\/munskankarna.org\/helsinki\/jasenkirje-2\/vanhoja-jasenkirjeita\/","og_site_name":"Helsingin Munsk\u00e4nkarna","article_modified_time":"2026-02-10T12:16:13+00:00","twitter_card":"summary_large_image","twitter_misc":{"Arvioitu lukuaika":"1 minuutti"},"schema":{"@context":"https:\/\/schema.org","@graph":[{"@type":"WebPage","@id":"https:\/\/munskankarna.org\/helsinki\/jasenkirje-2\/vanhoja-jasenkirjeita\/","url":"https:\/\/munskankarna.org\/helsinki\/jasenkirje-2\/vanhoja-jasenkirjeita\/","name":"Vanhoja j\u00e4senkirjeit\u00e4 - Helsingin Munsk\u00e4nkarna","isPartOf":{"@id":"https:\/\/munskankarna.org\/helsinki\/#website"},"datePublished":"2020-02-18T13:52:15+00:00","dateModified":"2026-02-10T12:16:13+00:00","breadcrumb":{"@id":"https:\/\/munskankarna.org\/helsinki\/jasenkirje-2\/vanhoja-jasenkirjeita\/#breadcrumb"},"inLanguage":"fi","potentialAction":[{"@type":"ReadAction","target":["https:\/\/munskankarna.org\/helsinki\/jasenkirje-2\/vanhoja-jasenkirjeita\/"]}]},{"@type":"BreadcrumbList","@id":"https:\/\/munskankarna.org\/helsinki\/jasenkirje-2\/vanhoja-jasenkirjeita\/#breadcrumb","itemListElement":[{"@type":"ListItem","position":1,"name":"Home","item":"https:\/\/munskankarna.org\/helsinki\/"},{"@type":"ListItem","position":2,"name":"J\u00e4senkirje","item":"https:\/\/munskankarna.org\/helsinki\/jasenkirje-2\/"},{"@type":"ListItem","position":3,"name":"Vanhoja j\u00e4senkirjeit\u00e4"}]},{"@type":"WebSite","@id":"https:\/\/munskankarna.org\/helsinki\/#website","url":"https:\/\/munskankarna.org\/helsinki\/","name":"Helsingin Munsk\u00e4nkarna","description":"Suomen Munsk\u00e4nkarna ry:n Helsingin paikallisseura","potentialAction":[{"@type":"SearchAction","target":{"@type":"EntryPoint","urlTemplate":"https:\/\/munskankarna.org\/helsinki\/?s={search_term_string}"},"query-input":{"@type":"PropertyValueSpecification","valueRequired":true,"valueName":"search_term_string"}}],"inLanguage":"fi"}]}},"_links":{"self":[{"href":"https:\/\/munskankarna.org\/helsinki\/wp-json\/wp\/v2\/pages\/394","targetHints":{"allow":["GET"]}}],"collection":[{"href":"https:\/\/munskankarna.org\/helsinki\/wp-json\/wp\/v2\/pages"}],"about":[{"href":"https:\/\/munskankarna.org\/helsinki\/wp-json\/wp\/v2\/types\/page"}],"author":[{"embeddable":true,"href":"https:\/\/munskankarna.org\/helsinki\/wp-json\/wp\/v2\/users\/24"}],"replies":[{"embeddable":true,"href":"https:\/\/munskankarna.org\/helsinki\/wp-json\/wp\/v2\/comments?post=394"}],"version-history":[{"count":26,"href":"https:\/\/munskankarna.org\/helsinki\/wp-json\/wp\/v2\/pages\/394\/revisions"}],"predecessor-version":[{"id":676,"href":"https:\/\/munskankarna.org\/helsinki\/wp-json\/wp\/v2\/pages\/394\/revisions\/676"}],"up":[{"embeddable":true,"href":"https:\/\/munskankarna.org\/helsinki\/wp-json\/wp\/v2\/pages\/290"}],"wp:attachment":[{"href":"https:\/\/munskankarna.org\/helsinki\/wp-json\/wp\/v2\/media?parent=394"}],"curies":[{"name":"wp","href":"https:\/\/api.w.org\/{rel}","templated":true}]}}