{"id":461,"date":"2020-02-19T20:14:56","date_gmt":"2020-02-19T18:14:56","guid":{"rendered":"https:\/\/www.munskankarna.org\/helsinki\/?page_id=461"},"modified":"2020-02-19T20:14:56","modified_gmt":"2020-02-19T18:14:56","slug":"aiempia-koulutusasioita","status":"publish","type":"page","link":"https:\/\/munskankarna.org\/helsinki\/koulutus\/aiempia-koulutusasioita\/","title":{"rendered":"Aiempia koulutusasioita"},"content":{"rendered":"<p><b>KOULUTUS<\/b><\/p>\n<p>Ryp\u00e4lekurssi on k\u00e4ynnistynyt tammikuun lopulla ja jatkuu parhaillaan.<\/p>\n<p>2-tason kurssin Helsingin teoria- ja k\u00e4yt\u00e4nn\u00f6nkokeet j\u00e4rjestet\u00e4\u00e4n lauantaina 19.3.2016 klo 11.30 alkaen Vinoteekissa, Kauppiaankatu 6, 00160 Helsinki. Ilmoittaudu molempiin tai vain toiseen kokeeseen mahdollisimman pian, viimeist\u00e4\u00e4n kuitenkin 29.2.2016 s\u00e4hk\u00f6postilla &#105;&#x6c;&#x6d;o&#105;&#x74;t&#97;&#x75;&#x74;u&#109;&#x69;s&#101;&#x74;&#x2e;h&#101;&#x6c;s&#105;&#x6e;&#x6b;&#105;&#64;&#x6d;u&#110;&#x73;&#x6b;&#97;&#x6e;&#x6b;a&#114;&#x6e;a&#46;&#x6f;&#x72;g (tai p. 040 868 4039 \/ Arja Porvali).<\/p>\n<p>3-tason kurssin maistelukoe on Tukholmassa 20.2.2016.<\/p>\n<p>I-tason kurssi pidettiin kev\u00e4\u00e4ll\u00e4 2015. Kurssin p\u00e4\u00e4tteeksi pidettiin tentti, josta kaikki osallistujat p\u00e4\u00e4siv\u00e4t l\u00e4pi. Uusia I-tason suorittajia ovat: Riku Raita, Kari Kainulainen, Riikka Kettunen, Meri Simula, Veli-Antti Koivuranta, Maarit Gockel, Erkka Honkavaara, Marjaana Liukkonen, Aarne Poutiainen. Onnittelut kaikille I-tason l\u00e4p\u00e4isseille!<br \/>\n21.3.2015 pidettiin II-tason koe (teoria ja k\u00e4yt\u00e4nt\u00f6). T\u00e4h\u00e4n tenttiin osallistui nelj\u00e4 henkil\u00f6\u00e4. Viralliset tulokset tulivat taas perinteisesti juhannusviikolla. Jarno Kyh\u00e4l\u00e4 l\u00e4p\u00e4isi maisteluosuuden ja teoria h\u00e4nell\u00e4 oli suoritettuna aikaisemmin. Jarno Kyh\u00e4l\u00e4 on nyt suorittanut II-tason kokonaisuudessaan. Yhdistys onnittelee uutta II-tason suorittajaa.<\/p>\n<p><strong>VIINIKILPAILU 2016<\/strong><\/p>\n<p>Suomen Munsk\u00e4nkarna j\u00e4rjest\u00e4\u00e4 alkuvuodesta 2016 viinin sokkomaistelukilpailun. Kilpailu on kaksivaiheinen: ensin ratkotaan paremmuus paikallisesti j\u00e4senyhdistyksess\u00e4, sitten Suomen Munsk\u00e4nkarnan j\u00e4rjest\u00e4m\u00e4n\u00e4. Kummassakin vaiheessa toisistaan mittaa ottavat 2-hengen joukkueet. Joukkueen j\u00e4senten on oltava samasta paikallisyhdistyksest\u00e4. Paras joukkue edustaa Suomea World Blind Tasting Challenge -kilpailussa.<br \/>\nHelsingin Munskan paikalliskilpailu j\u00e4rjestet\u00e4\u00e4n ke 24.2.2016. Paikka ja kellonaika ovat viel\u00e4 avoinna. Kilpailuun voi ilmoittautua pareittain 15.2.2016 menness\u00e4 osoitteeseen &#x69;&#108;&#109;o&#x69;&#x74;&#116;a&#x75;&#x74;&#117;m&#x69;&#x73;&#101;t&#x2e;&#x68;&#101;l&#x73;&#x69;&#110;k&#x69;&#x40;&#109;&#117;n&#x73;&#x6b;\u00e4&#x6e;&#x6b;&#97;r&#x6e;&#x61;&#46;c&#x6f;&#x6d;. Paikalliskilpailun johtajana toimii Juhani Huotari.<\/p>\n<p><strong>VIINIKILPAILU 2015<\/strong><\/p>\n<p><strong>Helsingin Munskan paikallistason Viinikilpailu 2015:<\/strong><br \/>\nHelsingin Munskan paikalliskilpailu j\u00e4rjestettiin 25.2.2015 Vinoteekissa. Kisaan oli ilmoittautunut yhdeks\u00e4n paria. Paikalliskilpailun johtajana toimii Juhani Huotari. Kilpailun kolme parasta paria olivat:<\/p>\n<p>Samu Viljanen ja Erkki Piitulainen<br \/>\nEero Bomansson ja Jukka Kornilow<br \/>\nKai Kilpinen ja Juha Auvinen<\/p>\n<p>N\u00e4m\u00e4 kolme kisan parasta paria l\u00e4htiv\u00e4t edustamaan Helsingin yhdistyst\u00e4 SM-kisoihin.<\/p>\n<p><strong>Suomen Munsk\u00e4nkarnan Viinikilpailu (SM-kilpailu 2015)<\/strong><br \/>\nViinikilpailu j\u00e4rjestettiin Suomen Munsk\u00e4nkarnan vuosikokouksen yhteydess\u00e4, 28.3.2015 H\u00e4meenlinnassa. Vaikeusaste vastasi kolmostason k\u00e4yt\u00e4nn\u00f6n koetta. Kokeessa on nelj\u00e4 valkoviini\u00e4, nelj\u00e4 punaviini\u00e4 ja nelj\u00e4 j\u00e4lkiruokaviini\u00e4. Viineist\u00e4 tulee tunnistaa ryp\u00e4le, maa, alue, ala-alue ja vuosi sek\u00e4 j\u00e4lkiruokaviineist\u00e4 lis\u00e4ksi valmistustekniikka. Varsinkin j\u00e4lkiruokaviineist\u00e4 Marsala todettiin vaikeaksi tunnista.<\/p>\n<p>Kilpailun voitti Helsingist\u00e4 pari Erkki Piitulainen ja Samu Viljanen. H\u00e4meenlinnan Kortesuon pari tuli toiseksi. Kolmanneksi p\u00e4rj\u00e4si Helsingin toinen pari Eero Bomansson ja Jukka Kornilow.<br \/>\nParas joukkue, vahvistettuna kahdella Suomen Munsk\u00e4nkarnan hallituksen valitsemalla asiantuntijalla, valitaan Suomen Munsk\u00e4nkarnan edustajaksi viinintunnistuksen maalimanmestaruuskisaan syksyll\u00e4 2015.<\/p>\n<p><strong>Maailmanmestaruuskisa 2015:<\/strong><br \/>\nWorld Blind Tasting Competitionissa, jonka La Revue du Vin de France j\u00e4rjest\u00e4\u00e4, kilpailevat nelihenkiset maakohtaiset joukkueet. Suomen Munsk\u00e4nkarnan nelihenkinen joukkue on kutsuttu osallistumaan 2015 syksyll\u00e4 pidett\u00e4v\u00e4\u00e4n loppukilpailuun. Suomen Munsk\u00e4nkarna sponsoroi loppukilpailujoukkuetta maksamalla osallistujien matkakulut sek\u00e4 joukkueen osallistumismaksun.<br \/>\nSuomen Munsk\u00e4nkarnan kilpailuvastaavava toimii Mauri Sourander.<\/p>\n<p>Vuoden 2015 viinikilpailu huipentui sokkomaistamisen maailmanmestaruuskisoihin 17.10.2015 La Maison Ogierilla Chateauneuf-du-Papessa.<\/p>\n<p>Suomen kisajoukkueeseen kuului t\u00e4n\u00e4 vuonna yhdistyksemme j\u00e4senist\u00e4 Erkki Piitulainen sek\u00e4 Samu Viljanen sek\u00e4 H\u00e4meenlinnasta Kortesuon pariskunta.<\/p>\n<p>Suomen joukkue saavutti hienosti 11. sijan 100 pisteell\u00e4.<\/p>\n<p>Tarkempia tietoja kisasta l\u00f6ytyy mm. t\u00e4m\u00e4n linkin takaa:<\/p>\n<p><a href=\"http:\/\/www.larvf.com\/,vins-championnat-du-monde-degustation-rvf-espagne-championne,4477325.asp\">http:\/\/www.larvf.com\/,vins-championnat-du-monde-degustation-rvf-espagne-championne,4477325.asp<\/a><\/p>\n<p><b>Viinikilpailu 2013 \u2013 v\u00e4h\u00e4n historiaa:<\/b><br \/>\nHelsingin Munskan joukkueet p\u00e4rj\u00e4siv\u00e4t vuonna 2013 niin paikallistason kilpaillussa kuin Suomen Munskan kansallisissa karsinnoissa. Erkki Piitulaisen, Samu Viljasen, Jukka Kornilowin ja Eero Bomanssonin muodostama joukkue edusti Suomea sokkomaistamisen MM-kisoissa 12.10.2013 Larrivet Haut-Brionin tilalla Bordeauxissa. Joukkue sijoittui kisassa kymmenneksi ja ihan muutamasta viinist\u00e4 oli kiinni mitalisijoitus.<\/p>\n<p>Lis\u00e4tietoja kisan kulusta voitte lukea esim. Kornilowin Jukan blogista:<\/p>\n<p><a href=\"http:\/\/viininvieresta.blogspot.co.uk\/2013\/10\/mm-kisojen-viinit-ja-meidan.html\">http:\/\/viininvieresta.blogspot.co.uk\/2013\/10\/mm-kisojen-viinit-ja-meidan.html<\/a><\/p>\n<p><a href=\"http:\/\/viininvieresta.blogspot.co.uk\/2013\/10\/mita-mm-kisoissa-oikein-tapahtui.html\">http:\/\/viininvieresta.blogspot.co.uk\/2013\/10\/mita-mm-kisoissa-oikein-tapahtui.html<\/a><\/p>\n<p><b>Viinikilpailu 2014: Helsingin Munskan paikallisosaston kilpailu 27.2.2014<\/b><br \/>\nHelsingin Munskan paikallisosaston viinikilpailu j\u00e4rjestettiin j\u00e4senist\u00f6lle avoimen kutsun mukaisesti torstaina, 27.2.2014. Kilpailuun oli ilmoittautunut kuusi paria, mik\u00e4 on\u00a0 kaksi paria enemm\u00e4n kuin vuosi sitten.<\/p>\n<p>Helsingin munskan viinikilpailuun osallistuivat torstaina 27.2.2014 kaikki kuusi ilmoittautunutta joukkuetta + tarkkailija\/harjoittelijamaistelijana Jan-Erik Berg.<\/p>\n<p>Kilpailun tulokset:<\/p>\n<ol>\n<li>Esa Nyman ja Jari-Pekka Auterinen<\/li>\n<li>Samu Viljanen ja Erkki Piitulainen sek\u00e4 Jukka Kornilow ja Eero Bomanson<\/li>\n<li>Hannu Joutsiniemi ja Jarno Kyh\u00e4l\u00e4 sek\u00e4 Niilo It\u00e4linna ja Ari-Heikki Vikman<\/li>\n<li>Martti Ukkonen ja Jari Bachmann<\/li>\n<\/ol>\n<p><b>Suomen Munskan Viinikilpailu 2014: Suomen Munskan SM-kilpailu 5.4.2014: Lis\u00e4\u00e4 historiaa:<\/b><br \/>\nSuomen Munskan viinikilpailu j\u00e4rjestettiin paikallisyhdisysten l\u00e4hett\u00e4mille kaksihenkil\u00f6isille joukkueille lauantaina 5.4.2014.<\/p>\n<p>Helsingin Munska l\u00e4hetti kisaan omassa paikalliskilpailussamme kolme parhaiten p\u00e4rj\u00e4nnytt\u00e4 paria.<\/p>\n<p>Perinteit\u00e4 noudattaen, kisan voitti Samu Viljasen ja Erkki Piitulaisen joukkue omasta paikallisyhdistyksest\u00e4mme. Toiseksi tuli Kornilowin Jukan ja Bomanssonin Eeron joukkue, my\u00f6s Helsingist\u00e4. H\u00e4meenlinna sijoittui kolmanneksi. Nymanin Esan ja Auterisen Jari-Pekan Helsingin kolmosjoukkue tuli kilpailussa nelj\u00e4nneksi.<\/p>\n<p>Voittanut joukkue t\u00e4ydentyi Suomen Munskan hallituksen esityksen perusteella nelihenkiseksi joukkueeksi, joka l\u00e4hti lokakuussa 18.10.2014 Champagneen, Bollingering tilalle, Ranskaan edustamaan Suomea sokkomaistamisen MM-kisoihin.<\/p>\n<p><strong>Viinin sokkomaistamisen MM-kilpailu 2014, 18.10.2014, Bollinger, Champagne<\/strong><\/p>\n<p>Viini sokkomaistamisen toinen maailmanmestaruuskilpailu pidettiin 18.10.2014 Ranskassa, Champagnessa, Bollingerin viinitilalla. Kilpailuihin osallistui 18 joukkuetta ymp\u00e4ri maailmaa. Kilpailu k\u00e4yd\u00e4\u00e4n 4 henkisill\u00e4 joukkueilla. Joukkueen j\u00e4senist\u00e4 ainakin kahden t\u00e4ytyy olla amat\u00f6\u00f6ri ja kaksi saavat olla alan ammattilaisia.<\/p>\n<p>Suomen MM-kisajoukkue oli sama kuin vuoden 2012 ja 2013 kilpailussa. Kaikki joukkueen j\u00e4set ovat yhdistyksemme kantavia j\u00e4seni\u00e4: Eero Bomansson, Jukka Kornilow, Erkki Piituliainen ja Samu Viljanen. Kisajoukkue hitsaantuu yhteen vuosi vuodelta paremmin ja tiiviin harjoituksen my\u00f6t\u00e4 sijoitukset ovat selkesti nousujohteisia. Vuoden 2012 pienemmiss\u00e4 EM-kilpauissa joukkue tuli 4. sijalle ja vuoden 2013 ensimm\u00e4isiss\u00e4 MM-kilpailuissa joukkue tuli hienosti 10. sijalle. Nyt tuore sijoitus oli jo MM-tasolla kahdeksas!<\/p>\n<p>Kisajoukkuetta johti vuonna 2014 Mauri Sourander. Joukkue on harjoitellut ahkerasti koko vuoden oman sparrausryhm\u00e4ns\u00e4 kanssa.<\/p>\n<p><a href=\"http:\/\/www.larvf.com\/,championnat-du-monde-de-degustation-equipes-et-vins,4426317.asp\">http:\/\/www.larvf.com\/,championnat-du-monde-de-degustation-equipes-et-vins,4426317.asp<\/a><\/p>\n","protected":false},"excerpt":{"rendered":"<p>KOULUTUS Ryp\u00e4lekurssi on k\u00e4ynnistynyt tammikuun lopulla ja jatkuu parhaillaan. 2-tason kurssin Helsingin teoria- ja k\u00e4yt\u00e4nn\u00f6nkokeet j\u00e4rjestet\u00e4\u00e4n lauantaina 19.3.2016 klo 11.30 alkaen Vinoteekissa, Kauppiaankatu 6, 00160 Helsinki. Ilmoittaudu molempiin tai vain toiseen kokeeseen mahdollisimman pian, viimeist\u00e4\u00e4n kuitenkin 29.2.2016 s\u00e4hk\u00f6postilla &#105;l&#x6d;o&#x69;t&#x74;a&#x75;t&#x75;m&#x69;&#115;&#x65;&#116;&#x2e;&#104;&#x65;&#108;&#x73;&#105;&#x6e;&#107;&#x69;&#64;m&#x75;n&#x73;k&#x61;n&#x6b;a&#x72;n&#x61;&#46;&#x6f;&#114;&#x67; (tai p. 040 868 4039 \/ Arja Porvali). 3-tason kurssin maistelukoe on Tukholmassa 20.2.2016. I-tason kurssi [&hellip;]<\/p>\n","protected":false},"author":24,"featured_media":0,"parent":20,"menu_order":0,"comment_status":"closed","ping_status":"closed","template":"","meta":{"_monsterinsights_skip_tracking":false,"_monsterinsights_sitenote_active":false,"_monsterinsights_sitenote_note":"","_monsterinsights_sitenote_category":0,"footnotes":""},"class_list":["post-461","page","type-page","status-publish","hentry"],"yoast_head":"<!-- This site is optimized with the Yoast SEO plugin v27.3 - https:\/\/yoast.com\/product\/yoast-seo-wordpress\/ -->\n<title>Aiempia koulutusasioita - Helsingin Munsk\u00e4nkarna<\/title>\n<meta name=\"robots\" content=\"index, follow, max-snippet:-1, max-image-preview:large, max-video-preview:-1\" \/>\n<link rel=\"canonical\" href=\"https:\/\/munskankarna.org\/helsinki\/koulutus\/aiempia-koulutusasioita\/\" \/>\n<meta property=\"og:locale\" content=\"fi_FI\" \/>\n<meta property=\"og:type\" content=\"article\" \/>\n<meta property=\"og:title\" content=\"Aiempia koulutusasioita - Helsingin Munsk\u00e4nkarna\" \/>\n<meta property=\"og:description\" content=\"KOULUTUS Ryp\u00e4lekurssi on k\u00e4ynnistynyt tammikuun lopulla ja jatkuu parhaillaan. 2-tason kurssin Helsingin teoria- ja k\u00e4yt\u00e4nn\u00f6nkokeet j\u00e4rjestet\u00e4\u00e4n lauantaina 19.3.2016 klo 11.30 alkaen Vinoteekissa, Kauppiaankatu 6, 00160 Helsinki. Ilmoittaudu molempiin tai vain toiseen kokeeseen mahdollisimman pian, viimeist\u00e4\u00e4n kuitenkin 29.2.2016 s\u00e4hk\u00f6postilla &#x69;&#x6c;&#x6d;&#x6f;&#x69;&#x74;&#x74;&#x61;&#x75;&#x74;&#x75;&#x6d;&#x69;&#x73;&#x65;&#x74;&#x2e;&#x68;&#x65;&#x6c;&#x73;&#x69;&#x6e;&#x6b;&#x69;&#x40;&#x6d;&#x75;&#x6e;&#x73;&#x6b;&#x61;&#x6e;&#x6b;&#x61;&#x72;&#x6e;&#x61;&#x2e;&#x6f;&#x72;&#x67; (tai p. 040 868 4039 \/ Arja Porvali). 3-tason kurssin maistelukoe on Tukholmassa 20.2.2016. I-tason kurssi [&hellip;]\" \/>\n<meta property=\"og:url\" content=\"https:\/\/munskankarna.org\/helsinki\/koulutus\/aiempia-koulutusasioita\/\" \/>\n<meta property=\"og:site_name\" content=\"Helsingin Munsk\u00e4nkarna\" \/>\n<meta name=\"twitter:card\" content=\"summary_large_image\" \/>\n<meta name=\"twitter:label1\" content=\"Arvioitu lukuaika\" \/>\n\t<meta name=\"twitter:data1\" content=\"4 minuuttia\" \/>\n<script type=\"application\/ld+json\" class=\"yoast-schema-graph\">{\"@context\":\"https:\\\/\\\/schema.org\",\"@graph\":[{\"@type\":\"WebPage\",\"@id\":\"https:\\\/\\\/munskankarna.org\\\/helsinki\\\/koulutus\\\/aiempia-koulutusasioita\\\/\",\"url\":\"https:\\\/\\\/munskankarna.org\\\/helsinki\\\/koulutus\\\/aiempia-koulutusasioita\\\/\",\"name\":\"Aiempia koulutusasioita - Helsingin Munsk\u00e4nkarna\",\"isPartOf\":{\"@id\":\"https:\\\/\\\/munskankarna.org\\\/helsinki\\\/#website\"},\"datePublished\":\"2020-02-19T18:14:56+00:00\",\"breadcrumb\":{\"@id\":\"https:\\\/\\\/munskankarna.org\\\/helsinki\\\/koulutus\\\/aiempia-koulutusasioita\\\/#breadcrumb\"},\"inLanguage\":\"fi\",\"potentialAction\":[{\"@type\":\"ReadAction\",\"target\":[\"https:\\\/\\\/munskankarna.org\\\/helsinki\\\/koulutus\\\/aiempia-koulutusasioita\\\/\"]}]},{\"@type\":\"BreadcrumbList\",\"@id\":\"https:\\\/\\\/munskankarna.org\\\/helsinki\\\/koulutus\\\/aiempia-koulutusasioita\\\/#breadcrumb\",\"itemListElement\":[{\"@type\":\"ListItem\",\"position\":1,\"name\":\"Home\",\"item\":\"https:\\\/\\\/munskankarna.org\\\/helsinki\\\/\"},{\"@type\":\"ListItem\",\"position\":2,\"name\":\"Koulutus\",\"item\":\"https:\\\/\\\/munskankarna.org\\\/helsinki\\\/koulutus\\\/\"},{\"@type\":\"ListItem\",\"position\":3,\"name\":\"Aiempia koulutusasioita\"}]},{\"@type\":\"WebSite\",\"@id\":\"https:\\\/\\\/munskankarna.org\\\/helsinki\\\/#website\",\"url\":\"https:\\\/\\\/munskankarna.org\\\/helsinki\\\/\",\"name\":\"Helsingin Munsk\u00e4nkarna\",\"description\":\"Suomen Munsk\u00e4nkarna ry:n Helsingin paikallisseura\",\"potentialAction\":[{\"@type\":\"SearchAction\",\"target\":{\"@type\":\"EntryPoint\",\"urlTemplate\":\"https:\\\/\\\/munskankarna.org\\\/helsinki\\\/?s={search_term_string}\"},\"query-input\":{\"@type\":\"PropertyValueSpecification\",\"valueRequired\":true,\"valueName\":\"search_term_string\"}}],\"inLanguage\":\"fi\"}]}<\/script>\n<!-- \/ Yoast SEO plugin. -->","yoast_head_json":{"title":"Aiempia koulutusasioita - Helsingin Munsk\u00e4nkarna","robots":{"index":"index","follow":"follow","max-snippet":"max-snippet:-1","max-image-preview":"max-image-preview:large","max-video-preview":"max-video-preview:-1"},"canonical":"https:\/\/munskankarna.org\/helsinki\/koulutus\/aiempia-koulutusasioita\/","og_locale":"fi_FI","og_type":"article","og_title":"Aiempia koulutusasioita - Helsingin Munsk\u00e4nkarna","og_description":"KOULUTUS Ryp\u00e4lekurssi on k\u00e4ynnistynyt tammikuun lopulla ja jatkuu parhaillaan. 2-tason kurssin Helsingin teoria- ja k\u00e4yt\u00e4nn\u00f6nkokeet j\u00e4rjestet\u00e4\u00e4n lauantaina 19.3.2016 klo 11.30 alkaen Vinoteekissa, Kauppiaankatu 6, 00160 Helsinki. Ilmoittaudu molempiin tai vain toiseen kokeeseen mahdollisimman pian, viimeist\u00e4\u00e4n kuitenkin 29.2.2016 s\u00e4hk\u00f6postilla &#x69;&#x6c;&#x6d;&#x6f;&#x69;&#x74;&#x74;&#x61;&#x75;&#x74;&#x75;&#x6d;&#x69;&#x73;&#x65;&#x74;&#x2e;&#x68;&#x65;&#x6c;&#x73;&#x69;&#x6e;&#x6b;&#x69;&#x40;&#x6d;&#x75;&#x6e;&#x73;&#x6b;&#x61;&#x6e;&#x6b;&#x61;&#x72;&#x6e;&#x61;&#x2e;&#x6f;&#x72;&#x67; (tai p. 040 868 4039 \/ Arja Porvali). 3-tason kurssin maistelukoe on Tukholmassa 20.2.2016. I-tason kurssi [&hellip;]","og_url":"https:\/\/munskankarna.org\/helsinki\/koulutus\/aiempia-koulutusasioita\/","og_site_name":"Helsingin Munsk\u00e4nkarna","twitter_card":"summary_large_image","twitter_misc":{"Arvioitu lukuaika":"4 minuuttia"},"schema":{"@context":"https:\/\/schema.org","@graph":[{"@type":"WebPage","@id":"https:\/\/munskankarna.org\/helsinki\/koulutus\/aiempia-koulutusasioita\/","url":"https:\/\/munskankarna.org\/helsinki\/koulutus\/aiempia-koulutusasioita\/","name":"Aiempia koulutusasioita - Helsingin Munsk\u00e4nkarna","isPartOf":{"@id":"https:\/\/munskankarna.org\/helsinki\/#website"},"datePublished":"2020-02-19T18:14:56+00:00","breadcrumb":{"@id":"https:\/\/munskankarna.org\/helsinki\/koulutus\/aiempia-koulutusasioita\/#breadcrumb"},"inLanguage":"fi","potentialAction":[{"@type":"ReadAction","target":["https:\/\/munskankarna.org\/helsinki\/koulutus\/aiempia-koulutusasioita\/"]}]},{"@type":"BreadcrumbList","@id":"https:\/\/munskankarna.org\/helsinki\/koulutus\/aiempia-koulutusasioita\/#breadcrumb","itemListElement":[{"@type":"ListItem","position":1,"name":"Home","item":"https:\/\/munskankarna.org\/helsinki\/"},{"@type":"ListItem","position":2,"name":"Koulutus","item":"https:\/\/munskankarna.org\/helsinki\/koulutus\/"},{"@type":"ListItem","position":3,"name":"Aiempia koulutusasioita"}]},{"@type":"WebSite","@id":"https:\/\/munskankarna.org\/helsinki\/#website","url":"https:\/\/munskankarna.org\/helsinki\/","name":"Helsingin Munsk\u00e4nkarna","description":"Suomen Munsk\u00e4nkarna ry:n Helsingin paikallisseura","potentialAction":[{"@type":"SearchAction","target":{"@type":"EntryPoint","urlTemplate":"https:\/\/munskankarna.org\/helsinki\/?s={search_term_string}"},"query-input":{"@type":"PropertyValueSpecification","valueRequired":true,"valueName":"search_term_string"}}],"inLanguage":"fi"}]}},"_links":{"self":[{"href":"https:\/\/munskankarna.org\/helsinki\/wp-json\/wp\/v2\/pages\/461","targetHints":{"allow":["GET"]}}],"collection":[{"href":"https:\/\/munskankarna.org\/helsinki\/wp-json\/wp\/v2\/pages"}],"about":[{"href":"https:\/\/munskankarna.org\/helsinki\/wp-json\/wp\/v2\/types\/page"}],"author":[{"embeddable":true,"href":"https:\/\/munskankarna.org\/helsinki\/wp-json\/wp\/v2\/users\/24"}],"replies":[{"embeddable":true,"href":"https:\/\/munskankarna.org\/helsinki\/wp-json\/wp\/v2\/comments?post=461"}],"version-history":[{"count":2,"href":"https:\/\/munskankarna.org\/helsinki\/wp-json\/wp\/v2\/pages\/461\/revisions"}],"predecessor-version":[{"id":463,"href":"https:\/\/munskankarna.org\/helsinki\/wp-json\/wp\/v2\/pages\/461\/revisions\/463"}],"up":[{"embeddable":true,"href":"https:\/\/munskankarna.org\/helsinki\/wp-json\/wp\/v2\/pages\/20"}],"wp:attachment":[{"href":"https:\/\/munskankarna.org\/helsinki\/wp-json\/wp\/v2\/media?parent=461"}],"curies":[{"name":"wp","href":"https:\/\/api.w.org\/{rel}","templated":true}]}}