{"id":5,"date":"2013-05-23T22:18:58","date_gmt":"2013-05-23T19:18:58","guid":{"rendered":"http:\/\/munska.siiksten.webfactional.com\/helsinki\/?page_id=5"},"modified":"2023-01-31T17:37:51","modified_gmt":"2023-01-31T15:37:51","slug":"viiniseura-helsingin-munskankarna-ry","status":"publish","type":"page","link":"https:\/\/munskankarna.org\/helsinki\/","title":{"rendered":"Viiniseura Helsingin Munsk\u00e4nkarna ry"},"content":{"rendered":"<p>Helsingin Munsk\u00e4nkarna on yksi Suomen suurimmista viiniyhdistyksist\u00e4 ja <span style=\"color: #993300\"><a style=\"color: #993300\" href=\"https:\/\/munskankarna.org\/yhteystiedot\/paikallisyhdistykset\/\" target=\"_blank\" rel=\"noopener noreferrer\">Suomen Munsk\u00e4nkarnan suurin paikallisyhdistys<\/a><\/span> 170 j\u00e4senell\u00e4\u00e4n. Helsingin Munska perustettiin vuonna 1987 ja rekister\u00f6itiin Suomen Munsk\u00e4nkarnan paikallisyhdistykseksi vuonna 2000, kun keskushallinto aloitti toimintansa.<\/p>\n<p>Helsingin Munsk\u00e4nkarnan ydintoimintaa ovat j\u00e4senilleen vuosittain j\u00e4rjest\u00e4m\u00e4t 10-15 korkeatasoista viinitastingia eli maistelutilaisuutta alustuksineen sek\u00e4 <a href=\"https:\/\/munskankarna.org\/helsinki\/koulutus\/\"><span style=\"color: #993300\">Suomen Munsk\u00e4nkarnan mukainen tasokoulutus<\/span><\/a>. Viiniseuran j\u00e4senlehten\u00e4 on <span style=\"color: #993300\"><a style=\"color: #993300\" href=\"http:\/\/www.viinilehti.fi\/\" target=\"_blank\" rel=\"noopener noreferrer\">Viinilehti<\/a><\/span>.<\/p>\n<p>Helsingin Munsk\u00e4nkarna tarjoaa vuosittain j\u00e4senilleen osallistumismahdollisuuden Suomen Munk\u00e4nkarnan j\u00e4rjest\u00e4m\u00e4\u00e4n sokkomaistamiskilpailuun. Paikalliskilpailun parhaat etenev\u00e4t suomenmestaruuskilpailuhin, ja sen parhaat puolestaan pohjoismaiden- ja maailmanmestaruuskilpailuihin.<\/p>\n<p>Helsingin Munsk\u00e4nkarna tukee aktiivisesti my\u00f6s <span style=\"color: #993300\"><a style=\"color: #993300\" href=\"https:\/\/www.vuodenviinit.fi\/\" target=\"_blank\" rel=\"noopener noreferrer\">Vuoden Viinit -kilpailun<\/a><\/span> tuomarity\u00f6skentely\u00e4 sek\u00e4 osallistuu alan suurimmille viinimessuille Helsingin Messukeskuksessa. Lis\u00e4ksi viiniseura j\u00e4rjest\u00e4\u00e4 viinimatkoja yhteisty\u00f6ss\u00e4 alan ammattilaisten kanssa ja tarjoaa viinikoulutusta my\u00f6s yhdistyksen ulkopuolisille tahoille.<\/p>\n<p><span style=\"color: #993300\"><a style=\"color: #993300\" href=\"https:\/\/munskankarna.org\/\">Lis\u00e4tietoja Suomen Munsk\u00e4nkarnasta &gt;<\/a><\/span><br \/>\n<span style=\"color: #993300\"><a style=\"color: #993300\" href=\"https:\/\/munskankarna.org\/helsinki\/wp-content\/uploads\/sites\/2\/2018\/06\/Rekisteriseloste_07062018.pdf\">Helsingin Munsk\u00e4nkarnan rekisteriseloste &gt;<\/a><\/span><br \/>\n<a href=\"https:\/\/munskankarna.org\/helsinki\/wp-content\/uploads\/sites\/2\/2018\/06\/Tietosuojalausunto.pdf\"><span style=\"color: #993300\">Suomen Munsk\u00e4nkarnan tietosuojalausunto &gt;<\/span><\/a><\/p>\n","protected":false},"excerpt":{"rendered":"<p>Helsingin Munsk\u00e4nkarna on yksi Suomen suurimmista viiniyhdistyksist\u00e4 ja Suomen Munsk\u00e4nkarnan suurin paikallisyhdistys 170 j\u00e4senell\u00e4\u00e4n. Helsingin Munska perustettiin vuonna 1987 ja rekister\u00f6itiin Suomen Munsk\u00e4nkarnan paikallisyhdistykseksi vuonna 2000, kun keskushallinto aloitti toimintansa. Helsingin Munsk\u00e4nkarnan ydintoimintaa ovat j\u00e4senilleen vuosittain j\u00e4rjest\u00e4m\u00e4t 10-15 korkeatasoista viinitastingia eli maistelutilaisuutta alustuksineen sek\u00e4 Suomen Munsk\u00e4nkarnan mukainen tasokoulutus. Viiniseuran j\u00e4senlehten\u00e4 on Viinilehti. Helsingin Munsk\u00e4nkarna tarjoaa [&hellip;]<\/p>\n","protected":false},"author":24,"featured_media":0,"parent":0,"menu_order":0,"comment_status":"closed","ping_status":"open","template":"","meta":{"_monsterinsights_skip_tracking":false,"_monsterinsights_sitenote_active":false,"_monsterinsights_sitenote_note":"","_monsterinsights_sitenote_category":0,"footnotes":""},"class_list":["post-5","page","type-page","status-publish","hentry"],"yoast_head":"<!-- This site is optimized with the Yoast SEO plugin v27.3 - https:\/\/yoast.com\/product\/yoast-seo-wordpress\/ -->\n<title>Viiniseura Helsingin Munsk\u00e4nkarna ry - Helsingin Munsk\u00e4nkarna<\/title>\n<meta name=\"robots\" content=\"index, follow, max-snippet:-1, max-image-preview:large, max-video-preview:-1\" \/>\n<link rel=\"canonical\" href=\"https:\/\/munskankarna.org\/helsinki\/\" \/>\n<meta property=\"og:locale\" content=\"fi_FI\" \/>\n<meta property=\"og:type\" content=\"article\" \/>\n<meta property=\"og:title\" content=\"Viiniseura Helsingin Munsk\u00e4nkarna ry - Helsingin Munsk\u00e4nkarna\" \/>\n<meta property=\"og:description\" content=\"Helsingin Munsk\u00e4nkarna on yksi Suomen suurimmista viiniyhdistyksist\u00e4 ja Suomen Munsk\u00e4nkarnan suurin paikallisyhdistys 170 j\u00e4senell\u00e4\u00e4n. Helsingin Munska perustettiin vuonna 1987 ja rekister\u00f6itiin Suomen Munsk\u00e4nkarnan paikallisyhdistykseksi vuonna 2000, kun keskushallinto aloitti toimintansa. Helsingin Munsk\u00e4nkarnan ydintoimintaa ovat j\u00e4senilleen vuosittain j\u00e4rjest\u00e4m\u00e4t 10-15 korkeatasoista viinitastingia eli maistelutilaisuutta alustuksineen sek\u00e4 Suomen Munsk\u00e4nkarnan mukainen tasokoulutus. Viiniseuran j\u00e4senlehten\u00e4 on Viinilehti. Helsingin Munsk\u00e4nkarna tarjoaa [&hellip;]\" \/>\n<meta property=\"og:url\" content=\"https:\/\/munskankarna.org\/helsinki\/\" \/>\n<meta property=\"og:site_name\" content=\"Helsingin Munsk\u00e4nkarna\" \/>\n<meta property=\"article:modified_time\" content=\"2023-01-31T15:37:51+00:00\" \/>\n<meta name=\"twitter:card\" content=\"summary_large_image\" \/>\n<meta name=\"twitter:label1\" content=\"Arvioitu lukuaika\" \/>\n\t<meta name=\"twitter:data1\" content=\"1 minuutti\" \/>\n<script type=\"application\/ld+json\" class=\"yoast-schema-graph\">{\"@context\":\"https:\\\/\\\/schema.org\",\"@graph\":[{\"@type\":\"WebPage\",\"@id\":\"https:\\\/\\\/munskankarna.org\\\/helsinki\\\/\",\"url\":\"https:\\\/\\\/munskankarna.org\\\/helsinki\\\/\",\"name\":\"Viiniseura Helsingin Munsk\u00e4nkarna ry - Helsingin Munsk\u00e4nkarna\",\"isPartOf\":{\"@id\":\"https:\\\/\\\/munskankarna.org\\\/helsinki\\\/#website\"},\"datePublished\":\"2013-05-23T19:18:58+00:00\",\"dateModified\":\"2023-01-31T15:37:51+00:00\",\"breadcrumb\":{\"@id\":\"https:\\\/\\\/munskankarna.org\\\/helsinki\\\/#breadcrumb\"},\"inLanguage\":\"fi\",\"potentialAction\":[{\"@type\":\"ReadAction\",\"target\":[\"https:\\\/\\\/munskankarna.org\\\/helsinki\\\/\"]}]},{\"@type\":\"BreadcrumbList\",\"@id\":\"https:\\\/\\\/munskankarna.org\\\/helsinki\\\/#breadcrumb\",\"itemListElement\":[{\"@type\":\"ListItem\",\"position\":1,\"name\":\"Home\",\"item\":\"https:\\\/\\\/munskankarna.org\\\/helsinki\\\/\"},{\"@type\":\"ListItem\",\"position\":2,\"name\":\"Viiniseura Helsingin Munsk\u00e4nkarna ry\"}]},{\"@type\":\"WebSite\",\"@id\":\"https:\\\/\\\/munskankarna.org\\\/helsinki\\\/#website\",\"url\":\"https:\\\/\\\/munskankarna.org\\\/helsinki\\\/\",\"name\":\"Helsingin Munsk\u00e4nkarna\",\"description\":\"Suomen Munsk\u00e4nkarna ry:n Helsingin paikallisseura\",\"potentialAction\":[{\"@type\":\"SearchAction\",\"target\":{\"@type\":\"EntryPoint\",\"urlTemplate\":\"https:\\\/\\\/munskankarna.org\\\/helsinki\\\/?s={search_term_string}\"},\"query-input\":{\"@type\":\"PropertyValueSpecification\",\"valueRequired\":true,\"valueName\":\"search_term_string\"}}],\"inLanguage\":\"fi\"}]}<\/script>\n<!-- \/ Yoast SEO plugin. -->","yoast_head_json":{"title":"Viiniseura Helsingin Munsk\u00e4nkarna ry - Helsingin Munsk\u00e4nkarna","robots":{"index":"index","follow":"follow","max-snippet":"max-snippet:-1","max-image-preview":"max-image-preview:large","max-video-preview":"max-video-preview:-1"},"canonical":"https:\/\/munskankarna.org\/helsinki\/","og_locale":"fi_FI","og_type":"article","og_title":"Viiniseura Helsingin Munsk\u00e4nkarna ry - Helsingin Munsk\u00e4nkarna","og_description":"Helsingin Munsk\u00e4nkarna on yksi Suomen suurimmista viiniyhdistyksist\u00e4 ja Suomen Munsk\u00e4nkarnan suurin paikallisyhdistys 170 j\u00e4senell\u00e4\u00e4n. Helsingin Munska perustettiin vuonna 1987 ja rekister\u00f6itiin Suomen Munsk\u00e4nkarnan paikallisyhdistykseksi vuonna 2000, kun keskushallinto aloitti toimintansa. Helsingin Munsk\u00e4nkarnan ydintoimintaa ovat j\u00e4senilleen vuosittain j\u00e4rjest\u00e4m\u00e4t 10-15 korkeatasoista viinitastingia eli maistelutilaisuutta alustuksineen sek\u00e4 Suomen Munsk\u00e4nkarnan mukainen tasokoulutus. Viiniseuran j\u00e4senlehten\u00e4 on Viinilehti. Helsingin Munsk\u00e4nkarna tarjoaa [&hellip;]","og_url":"https:\/\/munskankarna.org\/helsinki\/","og_site_name":"Helsingin Munsk\u00e4nkarna","article_modified_time":"2023-01-31T15:37:51+00:00","twitter_card":"summary_large_image","twitter_misc":{"Arvioitu lukuaika":"1 minuutti"},"schema":{"@context":"https:\/\/schema.org","@graph":[{"@type":"WebPage","@id":"https:\/\/munskankarna.org\/helsinki\/","url":"https:\/\/munskankarna.org\/helsinki\/","name":"Viiniseura Helsingin Munsk\u00e4nkarna ry - Helsingin Munsk\u00e4nkarna","isPartOf":{"@id":"https:\/\/munskankarna.org\/helsinki\/#website"},"datePublished":"2013-05-23T19:18:58+00:00","dateModified":"2023-01-31T15:37:51+00:00","breadcrumb":{"@id":"https:\/\/munskankarna.org\/helsinki\/#breadcrumb"},"inLanguage":"fi","potentialAction":[{"@type":"ReadAction","target":["https:\/\/munskankarna.org\/helsinki\/"]}]},{"@type":"BreadcrumbList","@id":"https:\/\/munskankarna.org\/helsinki\/#breadcrumb","itemListElement":[{"@type":"ListItem","position":1,"name":"Home","item":"https:\/\/munskankarna.org\/helsinki\/"},{"@type":"ListItem","position":2,"name":"Viiniseura Helsingin Munsk\u00e4nkarna ry"}]},{"@type":"WebSite","@id":"https:\/\/munskankarna.org\/helsinki\/#website","url":"https:\/\/munskankarna.org\/helsinki\/","name":"Helsingin Munsk\u00e4nkarna","description":"Suomen Munsk\u00e4nkarna ry:n Helsingin paikallisseura","potentialAction":[{"@type":"SearchAction","target":{"@type":"EntryPoint","urlTemplate":"https:\/\/munskankarna.org\/helsinki\/?s={search_term_string}"},"query-input":{"@type":"PropertyValueSpecification","valueRequired":true,"valueName":"search_term_string"}}],"inLanguage":"fi"}]}},"_links":{"self":[{"href":"https:\/\/munskankarna.org\/helsinki\/wp-json\/wp\/v2\/pages\/5","targetHints":{"allow":["GET"]}}],"collection":[{"href":"https:\/\/munskankarna.org\/helsinki\/wp-json\/wp\/v2\/pages"}],"about":[{"href":"https:\/\/munskankarna.org\/helsinki\/wp-json\/wp\/v2\/types\/page"}],"author":[{"embeddable":true,"href":"https:\/\/munskankarna.org\/helsinki\/wp-json\/wp\/v2\/users\/24"}],"replies":[{"embeddable":true,"href":"https:\/\/munskankarna.org\/helsinki\/wp-json\/wp\/v2\/comments?post=5"}],"version-history":[{"count":17,"href":"https:\/\/munskankarna.org\/helsinki\/wp-json\/wp\/v2\/pages\/5\/revisions"}],"predecessor-version":[{"id":559,"href":"https:\/\/munskankarna.org\/helsinki\/wp-json\/wp\/v2\/pages\/5\/revisions\/559"}],"wp:attachment":[{"href":"https:\/\/munskankarna.org\/helsinki\/wp-json\/wp\/v2\/media?parent=5"}],"curies":[{"name":"wp","href":"https:\/\/api.w.org\/{rel}","templated":true}]}}