{"id":50,"date":"2013-05-24T19:33:31","date_gmt":"2013-05-24T16:33:31","guid":{"rendered":"http:\/\/munska.siiksten.webfactional.com\/helsinki\/?page_id=50"},"modified":"2013-05-24T19:35:02","modified_gmt":"2013-05-24T16:35:02","slug":"kirjaudu-sisaan","status":"publish","type":"page","link":"https:\/\/munskankarna.org\/helsinki\/kirjaudu-sisaan\/","title":{"rendered":"Kirjaudu sis\u00e4\u00e4n"},"content":{"rendered":"","protected":false},"excerpt":{"rendered":"","protected":false},"author":1,"featured_media":0,"parent":0,"menu_order":90,"comment_status":"closed","ping_status":"closed","template":"template-login.php","meta":{"_monsterinsights_skip_tracking":false,"_monsterinsights_sitenote_active":false,"_monsterinsights_sitenote_note":"","_monsterinsights_sitenote_category":0,"footnotes":""},"class_list":["post-50","page","type-page","status-publish","hentry"],"yoast_head":"<!-- This site is optimized with the Yoast SEO plugin v27.3 - https:\/\/yoast.com\/product\/yoast-seo-wordpress\/ -->\n<title>Kirjaudu sis\u00e4\u00e4n - Helsingin Munsk\u00e4nkarna<\/title>\n<meta name=\"robots\" content=\"index, follow, max-snippet:-1, max-image-preview:large, max-video-preview:-1\" \/>\n<link rel=\"canonical\" href=\"https:\/\/munskankarna.org\/helsinki\/kirjaudu-sisaan\/\" \/>\n<meta property=\"og:locale\" content=\"fi_FI\" \/>\n<meta property=\"og:type\" content=\"article\" \/>\n<meta property=\"og:title\" content=\"Kirjaudu sis\u00e4\u00e4n - Helsingin Munsk\u00e4nkarna\" \/>\n<meta property=\"og:url\" content=\"https:\/\/munskankarna.org\/helsinki\/kirjaudu-sisaan\/\" \/>\n<meta property=\"og:site_name\" content=\"Helsingin Munsk\u00e4nkarna\" \/>\n<meta property=\"article:modified_time\" content=\"2013-05-24T16:35:02+00:00\" \/>\n<meta name=\"twitter:card\" content=\"summary_large_image\" \/>\n<script type=\"application\/ld+json\" class=\"yoast-schema-graph\">{\"@context\":\"https:\\\/\\\/schema.org\",\"@graph\":[{\"@type\":\"WebPage\",\"@id\":\"https:\\\/\\\/munskankarna.org\\\/helsinki\\\/kirjaudu-sisaan\\\/\",\"url\":\"https:\\\/\\\/munskankarna.org\\\/helsinki\\\/kirjaudu-sisaan\\\/\",\"name\":\"Kirjaudu sis\u00e4\u00e4n - Helsingin Munsk\u00e4nkarna\",\"isPartOf\":{\"@id\":\"https:\\\/\\\/munskankarna.org\\\/helsinki\\\/#website\"},\"datePublished\":\"2013-05-24T16:33:31+00:00\",\"dateModified\":\"2013-05-24T16:35:02+00:00\",\"breadcrumb\":{\"@id\":\"https:\\\/\\\/munskankarna.org\\\/helsinki\\\/kirjaudu-sisaan\\\/#breadcrumb\"},\"inLanguage\":\"fi\",\"potentialAction\":[{\"@type\":\"ReadAction\",\"target\":[\"https:\\\/\\\/munskankarna.org\\\/helsinki\\\/kirjaudu-sisaan\\\/\"]}]},{\"@type\":\"BreadcrumbList\",\"@id\":\"https:\\\/\\\/munskankarna.org\\\/helsinki\\\/kirjaudu-sisaan\\\/#breadcrumb\",\"itemListElement\":[{\"@type\":\"ListItem\",\"position\":1,\"name\":\"Home\",\"item\":\"https:\\\/\\\/munskankarna.org\\\/helsinki\\\/\"},{\"@type\":\"ListItem\",\"position\":2,\"name\":\"Kirjaudu sis\u00e4\u00e4n\"}]},{\"@type\":\"WebSite\",\"@id\":\"https:\\\/\\\/munskankarna.org\\\/helsinki\\\/#website\",\"url\":\"https:\\\/\\\/munskankarna.org\\\/helsinki\\\/\",\"name\":\"Helsingin Munsk\u00e4nkarna\",\"description\":\"Suomen Munsk\u00e4nkarna ry:n Helsingin paikallisseura\",\"potentialAction\":[{\"@type\":\"SearchAction\",\"target\":{\"@type\":\"EntryPoint\",\"urlTemplate\":\"https:\\\/\\\/munskankarna.org\\\/helsinki\\\/?s={search_term_string}\"},\"query-input\":{\"@type\":\"PropertyValueSpecification\",\"valueRequired\":true,\"valueName\":\"search_term_string\"}}],\"inLanguage\":\"fi\"}]}<\/script>\n<!-- \/ Yoast SEO plugin. -->","yoast_head_json":{"title":"Kirjaudu sis\u00e4\u00e4n - Helsingin Munsk\u00e4nkarna","robots":{"index":"index","follow":"follow","max-snippet":"max-snippet:-1","max-image-preview":"max-image-preview:large","max-video-preview":"max-video-preview:-1"},"canonical":"https:\/\/munskankarna.org\/helsinki\/kirjaudu-sisaan\/","og_locale":"fi_FI","og_type":"article","og_title":"Kirjaudu sis\u00e4\u00e4n - Helsingin Munsk\u00e4nkarna","og_url":"https:\/\/munskankarna.org\/helsinki\/kirjaudu-sisaan\/","og_site_name":"Helsingin Munsk\u00e4nkarna","article_modified_time":"2013-05-24T16:35:02+00:00","twitter_card":"summary_large_image","schema":{"@context":"https:\/\/schema.org","@graph":[{"@type":"WebPage","@id":"https:\/\/munskankarna.org\/helsinki\/kirjaudu-sisaan\/","url":"https:\/\/munskankarna.org\/helsinki\/kirjaudu-sisaan\/","name":"Kirjaudu sis\u00e4\u00e4n - Helsingin Munsk\u00e4nkarna","isPartOf":{"@id":"https:\/\/munskankarna.org\/helsinki\/#website"},"datePublished":"2013-05-24T16:33:31+00:00","dateModified":"2013-05-24T16:35:02+00:00","breadcrumb":{"@id":"https:\/\/munskankarna.org\/helsinki\/kirjaudu-sisaan\/#breadcrumb"},"inLanguage":"fi","potentialAction":[{"@type":"ReadAction","target":["https:\/\/munskankarna.org\/helsinki\/kirjaudu-sisaan\/"]}]},{"@type":"BreadcrumbList","@id":"https:\/\/munskankarna.org\/helsinki\/kirjaudu-sisaan\/#breadcrumb","itemListElement":[{"@type":"ListItem","position":1,"name":"Home","item":"https:\/\/munskankarna.org\/helsinki\/"},{"@type":"ListItem","position":2,"name":"Kirjaudu sis\u00e4\u00e4n"}]},{"@type":"WebSite","@id":"https:\/\/munskankarna.org\/helsinki\/#website","url":"https:\/\/munskankarna.org\/helsinki\/","name":"Helsingin Munsk\u00e4nkarna","description":"Suomen Munsk\u00e4nkarna ry:n Helsingin paikallisseura","potentialAction":[{"@type":"SearchAction","target":{"@type":"EntryPoint","urlTemplate":"https:\/\/munskankarna.org\/helsinki\/?s={search_term_string}"},"query-input":{"@type":"PropertyValueSpecification","valueRequired":true,"valueName":"search_term_string"}}],"inLanguage":"fi"}]}},"_links":{"self":[{"href":"https:\/\/munskankarna.org\/helsinki\/wp-json\/wp\/v2\/pages\/50","targetHints":{"allow":["GET"]}}],"collection":[{"href":"https:\/\/munskankarna.org\/helsinki\/wp-json\/wp\/v2\/pages"}],"about":[{"href":"https:\/\/munskankarna.org\/helsinki\/wp-json\/wp\/v2\/types\/page"}],"author":[{"embeddable":true,"href":"https:\/\/munskankarna.org\/helsinki\/wp-json\/wp\/v2\/users\/1"}],"replies":[{"embeddable":true,"href":"https:\/\/munskankarna.org\/helsinki\/wp-json\/wp\/v2\/comments?post=50"}],"version-history":[{"count":1,"href":"https:\/\/munskankarna.org\/helsinki\/wp-json\/wp\/v2\/pages\/50\/revisions"}],"predecessor-version":[{"id":53,"href":"https:\/\/munskankarna.org\/helsinki\/wp-json\/wp\/v2\/pages\/50\/revisions\/53"}],"wp:attachment":[{"href":"https:\/\/munskankarna.org\/helsinki\/wp-json\/wp\/v2\/media?parent=50"}],"curies":[{"name":"wp","href":"https:\/\/api.w.org\/{rel}","templated":true}]}}