{"id":17,"date":"2015-05-26T12:02:09","date_gmt":"2015-05-26T09:02:09","guid":{"rendered":"http:\/\/www.munskankarna.org\/joensuu\/?page_id=17"},"modified":"2024-05-07T14:40:52","modified_gmt":"2024-05-07T11:40:52","slug":"jasenyys","status":"publish","type":"page","link":"https:\/\/munskankarna.org\/joensuu\/jasenyys\/","title":{"rendered":"J\u00e4senyys"},"content":{"rendered":"<p>Joensuun Munsk\u00e4nkarna ry:n j\u00e4seneksi on tervetullut kuka tahansa t\u00e4ysi-ik\u00e4inen viineist\u00e4 kiinnostunut henkil\u00f6. J\u00e4seneksi hakeudutaan t\u00e4ytt\u00e4m\u00e4ll\u00e4 alla oleva lomake. Hallitus p\u00e4\u00e4tt\u00e4\u00e4 j\u00e4senyydest\u00e4. Saat tiedon seuraan liittymisen hyv\u00e4ksymisest\u00e4 sihteerilt\u00e4. T\u00e4m\u00e4n j\u00e4lkeen Sinua pyydet\u00e4\u00e4n maksamaan liittymis- ja j\u00e4senmaksut seuran pankkitilille.<\/p>\n<p><strong>J\u00e4senen\u00e4 saat: <\/strong><\/p>\n<ul>\n<li>osallistua <strong>tastingeihin, workshopeihin, matkoille jne.<\/strong><\/li>\n<li><strong>tastevin-maistelukupin<\/strong>, jonka nauhan v\u00e4ri vaihtuu j\u00e4senvuosien mukaan (5,10 ja 25 vuoden j\u00e4lkeen)<\/li>\n<li><strong><a href=\"https:\/\/viinilehti.fi\/\" target=\"_blank\" rel=\"noopener noreferrer\">Viinilehden<\/a><\/strong> vuosikerran edullisesti<\/li>\n<li>mahdollisuuden suorittaa <strong><a href=\"https:\/\/munskankarna.org\/koulutus\/\" target=\"_blank\" rel=\"noopener noreferrer\">tasokokeita<\/a><\/strong><\/li>\n<\/ul>\n<p>J\u00e4senmaksu on 40 \u20ac\/henkil\u00f6\/vuosi. Liittymismaksu 30 \u20ac.<\/p>\n<p>Tasting-tilaisuuden maksu on 20-30 \u20ac\/j\u00e4sen riippuen tastingin sis\u00e4ll\u00f6st\u00e4 (mahdollinen ruoka ym.) Tasting -maksu suoritetaan viiniseuran tilille erikseen ilmoitettavana ajankohtana. Tilinumero ilmoitetaan kutsun yhteydess\u00e4.<\/p>\n<p><strong>Vierailijat<\/strong><\/p>\n<p>Joensuun Munsk\u00e4nkarnan tasting-tilaisuuteen ovat vierailijat tervetulleita! Jos olet kiinnostunut tutustumaan seuran toimintaan tastingin merkeiss\u00e4, <strong>ota yhteytt\u00e4 s\u00e4hk\u00f6postilla: &#x6a;&#111;e&#x6e;&#x73;&#117;u&#x6e;&#109;u&#x6e;&#x73;&#107;a&#x40;&#103;m&#x61;&#x69;&#108;&#46;&#x63;&#x6f;&#109;. <\/strong>Vierailijamaksu on 25 \u20ac\/tasting.<\/p>\n<p><a href=\"https:\/\/munskankarna.org\/joensuu\/wp-content\/uploads\/sites\/5\/2022\/02\/Joensuun-viiniseura_lahjakortti_250.jpg\"><img loading=\"lazy\" decoding=\"async\" class=\"alignnone size-full wp-image-704\" src=\"https:\/\/munskankarna.org\/joensuu\/wp-content\/uploads\/sites\/5\/2022\/02\/Joensuun-viiniseura_lahjakortti_250.jpg\" alt=\"\" width=\"250\" height=\"177\" \/><\/a><\/p>\n<p>Jos haluat tarjota tutustumisk\u00e4ynnin yst\u00e4v\u00e4llesi, viiniseurasta on saatavana my\u00f6s <strong>tasting<\/strong>&#8211;<strong>lahjakortteja.<\/strong><\/p>\n<hr \/>\n\n<div class=\"wpcf7 no-js\" id=\"wpcf7-f16-o1\" lang=\"fi\" dir=\"ltr\" data-wpcf7-id=\"16\">\n<div class=\"screen-reader-response\"><p role=\"status\" aria-live=\"polite\" aria-atomic=\"true\"><\/p> <ul><\/ul><\/div>\n<form action=\"\/joensuu\/wp-json\/wp\/v2\/pages\/17#wpcf7-f16-o1\" method=\"post\" class=\"wpcf7-form init\" aria-label=\"Yhteydenottolomake\" novalidate=\"novalidate\" data-status=\"init\">\n<fieldset class=\"hidden-fields-container\"><input type=\"hidden\" name=\"_wpcf7\" value=\"16\" \/><input type=\"hidden\" name=\"_wpcf7_version\" value=\"6.1.5\" \/><input type=\"hidden\" name=\"_wpcf7_locale\" value=\"fi\" \/><input type=\"hidden\" name=\"_wpcf7_unit_tag\" value=\"wpcf7-f16-o1\" \/><input type=\"hidden\" name=\"_wpcf7_container_post\" value=\"0\" \/><input type=\"hidden\" name=\"_wpcf7_posted_data_hash\" value=\"\" \/>\n<\/fieldset>\n<h2>J\u00e4senhakemus\n<\/h2>\n<p><span class=\"wpcf7-form-control-wrap\" data-name=\"jasenyys\"><span class=\"wpcf7-form-control wpcf7-radio\"><span class=\"wpcf7-list-item first\"><input type=\"radio\" name=\"jasenyys\" value=\"Liityn yksitt\u00e4isen\u00e4 j\u00e4senen\u00e4\" \/><span class=\"wpcf7-list-item-label\">Liityn yksitt\u00e4isen\u00e4 j\u00e4senen\u00e4<\/span><\/span><span class=\"wpcf7-list-item last\"><input type=\"radio\" name=\"jasenyys\" value=\"Liitymme pariskuntana\" \/><span class=\"wpcf7-list-item-label\">Liitymme pariskuntana<\/span><\/span><\/span><\/span>\n<\/p>\n<table id=\"jasenhakemus\">\n\t<tr>\n\t\t<td>\n\t\t\t<p><span class=\"wpcf7-form-control-wrap\" data-name=\"etunimi\"><input size=\"40\" maxlength=\"400\" class=\"wpcf7-form-control wpcf7-text wpcf7-validates-as-required\" aria-required=\"true\" aria-invalid=\"false\" placeholder=\"Etunimi*\" value=\"\" type=\"text\" name=\"etunimi\" \/><\/span>\n\t\t\t<\/p>\n\t\t\t<p><span class=\"wpcf7-form-control-wrap\" data-name=\"sukunimi\"><input size=\"40\" maxlength=\"400\" class=\"wpcf7-form-control wpcf7-text wpcf7-validates-as-required\" aria-required=\"true\" aria-invalid=\"false\" placeholder=\"Sukunimi*\" value=\"\" type=\"text\" name=\"sukunimi\" \/><\/span>\n\t\t\t<\/p>\n\t\t\t<p><span class=\"wpcf7-form-control-wrap\" data-name=\"puhnro\"><input size=\"40\" maxlength=\"400\" class=\"wpcf7-form-control wpcf7-tel wpcf7-validates-as-required wpcf7-text wpcf7-validates-as-tel\" aria-required=\"true\" aria-invalid=\"false\" placeholder=\"Puhelinnumero*\" value=\"\" type=\"tel\" name=\"puhnro\" \/><\/span>\n\t\t\t<\/p>\n\t\t\t<p><span class=\"wpcf7-form-control-wrap\" data-name=\"sahkoposti\"><input size=\"40\" maxlength=\"400\" class=\"wpcf7-form-control wpcf7-email wpcf7-validates-as-required wpcf7-text wpcf7-validates-as-email\" aria-required=\"true\" aria-invalid=\"false\" placeholder=\"S\u00e4hk\u00f6postiosoite*\" value=\"\" type=\"email\" name=\"sahkoposti\" \/><\/span>\n\t\t\t<\/p>\n\t\t<\/td>\n\t\t<td>\n\t\t\t<p><span class=\"wpcf7-form-control-wrap\" data-name=\"etunimi-2\"><input size=\"40\" maxlength=\"400\" class=\"wpcf7-form-control wpcf7-text\" aria-invalid=\"false\" placeholder=\"Pariskunnan 2. osapuolen etunimi\" value=\"\" type=\"text\" name=\"etunimi-2\" \/><\/span>\n\t\t\t<\/p>\n\t\t\t<p><span class=\"wpcf7-form-control-wrap\" data-name=\"sukunimi-2\"><input size=\"40\" maxlength=\"400\" class=\"wpcf7-form-control wpcf7-text\" aria-invalid=\"false\" placeholder=\"Pariskunnan 2. osapuolen sukunimi\" value=\"\" type=\"text\" name=\"sukunimi-2\" \/><\/span>\n\t\t\t<\/p>\n\t\t\t<p><span class=\"wpcf7-form-control-wrap\" data-name=\"puhnro-2\"><input size=\"40\" maxlength=\"400\" class=\"wpcf7-form-control wpcf7-tel wpcf7-text wpcf7-validates-as-tel\" aria-invalid=\"false\" placeholder=\"Pariskunnan 2. osapuolen puhelinnumero\" value=\"\" type=\"tel\" name=\"puhnro-2\" \/><\/span>\n\t\t\t<\/p>\n\t\t\t<p><span class=\"wpcf7-form-control-wrap\" data-name=\"sahkoposti-2\"><input size=\"40\" maxlength=\"400\" class=\"wpcf7-form-control wpcf7-email wpcf7-text wpcf7-validates-as-email\" aria-invalid=\"false\" placeholder=\"Pariskunnan 2. osapuolen s\u00e4hk\u00f6postiosoite\" value=\"\" type=\"email\" name=\"sahkoposti-2\" \/><\/span>\n\t\t\t<\/p>\n\t\t<\/td>\n\t<\/tr>\n<\/table>\n<p><span class=\"wpcf7-form-control-wrap\" data-name=\"postiosoite\"><input size=\"40\" maxlength=\"400\" class=\"wpcf7-form-control wpcf7-text wpcf7-validates-as-required\" aria-required=\"true\" aria-invalid=\"false\" placeholder=\"Postiosoite*\" value=\"\" type=\"text\" name=\"postiosoite\" \/><\/span>\n<\/p>\n<p><span class=\"wpcf7-form-control-wrap\" data-name=\"postinumero\"><input size=\"40\" maxlength=\"400\" class=\"wpcf7-form-control wpcf7-text wpcf7-validates-as-required\" aria-required=\"true\" aria-invalid=\"false\" placeholder=\"Postinumero*\" value=\"\" type=\"text\" name=\"postinumero\" \/><\/span>\n<\/p>\n<p><span class=\"wpcf7-form-control-wrap\" data-name=\"postitoimipaikka\"><input size=\"40\" maxlength=\"400\" class=\"wpcf7-form-control wpcf7-text wpcf7-validates-as-required\" aria-required=\"true\" aria-invalid=\"false\" placeholder=\"Postitoimipaikka*\" value=\"\" type=\"text\" name=\"postitoimipaikka\" \/><\/span>\n<\/p>\n<p><span class=\"wpcf7-form-control-wrap\" data-name=\"perustelut\"><textarea cols=\"40\" rows=\"3\" maxlength=\"2000\" class=\"wpcf7-form-control wpcf7-textarea\" aria-invalid=\"false\" placeholder=\"Perustele lyhyesti, miksi olet\/olette kiinnostuneet liittym\u00e4\u00e4n viiniseuraamme*\" name=\"perustelut\"><\/textarea><\/span>\n<\/p>\n<p><input class=\"wpcf7-form-control wpcf7-submit has-spinner\" type=\"submit\" value=\"L\u00e4het\u00e4\" \/>\n<\/p><div class=\"wpcf7-response-output\" aria-hidden=\"true\"><\/div>\n<\/form>\n<\/div>\n\n<p><a style=\"font-weight: revert\" href=\"https:\/\/munskankarna.org\/joensuu\/etusivu\/\">ETUSIVU<\/a><\/p>\n","protected":false},"excerpt":{"rendered":"<p>Joensuun Munsk\u00e4nkarna ry:n j\u00e4seneksi on tervetullut kuka tahansa t\u00e4ysi-ik\u00e4inen viineist\u00e4 kiinnostunut henkil\u00f6. J\u00e4seneksi hakeudutaan t\u00e4ytt\u00e4m\u00e4ll\u00e4 alla oleva lomake. Hallitus p\u00e4\u00e4tt\u00e4\u00e4 j\u00e4senyydest\u00e4. Saat tiedon seuraan liittymisen hyv\u00e4ksymisest\u00e4 sihteerilt\u00e4. T\u00e4m\u00e4n j\u00e4lkeen Sinua pyydet\u00e4\u00e4n maksamaan liittymis- ja j\u00e4senmaksut seuran pankkitilille. J\u00e4senen\u00e4 saat: osallistua tastingeihin, workshopeihin, matkoille jne. tastevin-maistelukupin, jonka nauhan v\u00e4ri vaihtuu j\u00e4senvuosien mukaan (5,10 ja 25 vuoden [&hellip;]<\/p>\n","protected":false},"author":1,"featured_media":0,"parent":0,"menu_order":3,"comment_status":"closed","ping_status":"closed","template":"","meta":{"_monsterinsights_skip_tracking":false,"_monsterinsights_sitenote_active":false,"_monsterinsights_sitenote_note":"","_monsterinsights_sitenote_category":0,"footnotes":""},"class_list":["post-17","page","type-page","status-publish","hentry"],"yoast_head":"<!-- This site is optimized with the Yoast SEO plugin v27.0 - https:\/\/yoast.com\/product\/yoast-seo-wordpress\/ -->\n<title>J\u00e4senyys - Joensuun Munsk\u00e4nkarna<\/title>\n<meta name=\"robots\" content=\"index, follow, max-snippet:-1, max-image-preview:large, max-video-preview:-1\" \/>\n<link rel=\"canonical\" href=\"https:\/\/munskankarna.org\/joensuu\/jasenyys\/\" \/>\n<meta property=\"og:locale\" content=\"fi_FI\" \/>\n<meta property=\"og:type\" content=\"article\" \/>\n<meta property=\"og:title\" content=\"J\u00e4senyys - Joensuun Munsk\u00e4nkarna\" \/>\n<meta property=\"og:description\" content=\"Joensuun Munsk\u00e4nkarna ry:n j\u00e4seneksi on tervetullut kuka tahansa t\u00e4ysi-ik\u00e4inen viineist\u00e4 kiinnostunut henkil\u00f6. J\u00e4seneksi hakeudutaan t\u00e4ytt\u00e4m\u00e4ll\u00e4 alla oleva lomake. Hallitus p\u00e4\u00e4tt\u00e4\u00e4 j\u00e4senyydest\u00e4. Saat tiedon seuraan liittymisen hyv\u00e4ksymisest\u00e4 sihteerilt\u00e4. T\u00e4m\u00e4n j\u00e4lkeen Sinua pyydet\u00e4\u00e4n maksamaan liittymis- ja j\u00e4senmaksut seuran pankkitilille. J\u00e4senen\u00e4 saat: osallistua tastingeihin, workshopeihin, matkoille jne. tastevin-maistelukupin, jonka nauhan v\u00e4ri vaihtuu j\u00e4senvuosien mukaan (5,10 ja 25 vuoden [&hellip;]\" \/>\n<meta property=\"og:url\" content=\"https:\/\/munskankarna.org\/joensuu\/jasenyys\/\" \/>\n<meta property=\"og:site_name\" content=\"Joensuun Munsk\u00e4nkarna\" \/>\n<meta property=\"article:modified_time\" content=\"2024-05-07T11:40:52+00:00\" \/>\n<meta property=\"og:image\" content=\"https:\/\/munskankarna.org\/joensuu\/wp-content\/uploads\/sites\/5\/2022\/02\/Joensuun-viiniseura_lahjakortti_250.jpg\" \/>\n\t<meta property=\"og:image:width\" content=\"250\" \/>\n\t<meta property=\"og:image:height\" content=\"177\" \/>\n\t<meta property=\"og:image:type\" content=\"image\/jpeg\" \/>\n<meta name=\"twitter:card\" content=\"summary_large_image\" \/>\n<meta name=\"twitter:label1\" content=\"Arvioitu lukuaika\" \/>\n\t<meta name=\"twitter:data1\" content=\"1 minuutti\" \/>\n<script type=\"application\/ld+json\" class=\"yoast-schema-graph\">{\"@context\":\"https:\/\/schema.org\",\"@graph\":[{\"@type\":\"WebPage\",\"@id\":\"https:\/\/munskankarna.org\/joensuu\/jasenyys\/\",\"url\":\"https:\/\/munskankarna.org\/joensuu\/jasenyys\/\",\"name\":\"J\u00e4senyys - Joensuun Munsk\u00e4nkarna\",\"isPartOf\":{\"@id\":\"https:\/\/munskankarna.org\/joensuu\/#website\"},\"primaryImageOfPage\":{\"@id\":\"https:\/\/munskankarna.org\/joensuu\/jasenyys\/#primaryimage\"},\"image\":{\"@id\":\"https:\/\/munskankarna.org\/joensuu\/jasenyys\/#primaryimage\"},\"thumbnailUrl\":\"https:\/\/munskankarna.org\/joensuu\/wp-content\/uploads\/sites\/5\/2022\/02\/Joensuun-viiniseura_lahjakortti_250.jpg\",\"datePublished\":\"2015-05-26T09:02:09+00:00\",\"dateModified\":\"2024-05-07T11:40:52+00:00\",\"breadcrumb\":{\"@id\":\"https:\/\/munskankarna.org\/joensuu\/jasenyys\/#breadcrumb\"},\"inLanguage\":\"fi\",\"potentialAction\":[{\"@type\":\"ReadAction\",\"target\":[\"https:\/\/munskankarna.org\/joensuu\/jasenyys\/\"]}]},{\"@type\":\"ImageObject\",\"inLanguage\":\"fi\",\"@id\":\"https:\/\/munskankarna.org\/joensuu\/jasenyys\/#primaryimage\",\"url\":\"https:\/\/munskankarna.org\/joensuu\/wp-content\/uploads\/sites\/5\/2022\/02\/Joensuun-viiniseura_lahjakortti_250.jpg\",\"contentUrl\":\"https:\/\/munskankarna.org\/joensuu\/wp-content\/uploads\/sites\/5\/2022\/02\/Joensuun-viiniseura_lahjakortti_250.jpg\"},{\"@type\":\"BreadcrumbList\",\"@id\":\"https:\/\/munskankarna.org\/joensuu\/jasenyys\/#breadcrumb\",\"itemListElement\":[{\"@type\":\"ListItem\",\"position\":1,\"name\":\"Home\",\"item\":\"https:\/\/munskankarna.org\/joensuu\/\"},{\"@type\":\"ListItem\",\"position\":2,\"name\":\"J\u00e4senyys\"}]},{\"@type\":\"WebSite\",\"@id\":\"https:\/\/munskankarna.org\/joensuu\/#website\",\"url\":\"https:\/\/munskankarna.org\/joensuu\/\",\"name\":\"Joensuun Munsk\u00e4nkarna\",\"description\":\"Tutustu viinien maailmaan ja viinien yhdist\u00e4miseen ruoan kanssa\",\"potentialAction\":[{\"@type\":\"SearchAction\",\"target\":{\"@type\":\"EntryPoint\",\"urlTemplate\":\"https:\/\/munskankarna.org\/joensuu\/?s={search_term_string}\"},\"query-input\":{\"@type\":\"PropertyValueSpecification\",\"valueRequired\":true,\"valueName\":\"search_term_string\"}}],\"inLanguage\":\"fi\"}]}<\/script>\n<!-- \/ Yoast SEO plugin. -->","yoast_head_json":{"title":"J\u00e4senyys - Joensuun Munsk\u00e4nkarna","robots":{"index":"index","follow":"follow","max-snippet":"max-snippet:-1","max-image-preview":"max-image-preview:large","max-video-preview":"max-video-preview:-1"},"canonical":"https:\/\/munskankarna.org\/joensuu\/jasenyys\/","og_locale":"fi_FI","og_type":"article","og_title":"J\u00e4senyys - Joensuun Munsk\u00e4nkarna","og_description":"Joensuun Munsk\u00e4nkarna ry:n j\u00e4seneksi on tervetullut kuka tahansa t\u00e4ysi-ik\u00e4inen viineist\u00e4 kiinnostunut henkil\u00f6. J\u00e4seneksi hakeudutaan t\u00e4ytt\u00e4m\u00e4ll\u00e4 alla oleva lomake. Hallitus p\u00e4\u00e4tt\u00e4\u00e4 j\u00e4senyydest\u00e4. Saat tiedon seuraan liittymisen hyv\u00e4ksymisest\u00e4 sihteerilt\u00e4. T\u00e4m\u00e4n j\u00e4lkeen Sinua pyydet\u00e4\u00e4n maksamaan liittymis- ja j\u00e4senmaksut seuran pankkitilille. J\u00e4senen\u00e4 saat: osallistua tastingeihin, workshopeihin, matkoille jne. tastevin-maistelukupin, jonka nauhan v\u00e4ri vaihtuu j\u00e4senvuosien mukaan (5,10 ja 25 vuoden [&hellip;]","og_url":"https:\/\/munskankarna.org\/joensuu\/jasenyys\/","og_site_name":"Joensuun Munsk\u00e4nkarna","article_modified_time":"2024-05-07T11:40:52+00:00","og_image":[{"width":250,"height":177,"url":"https:\/\/munskankarna.org\/joensuu\/wp-content\/uploads\/sites\/5\/2022\/02\/Joensuun-viiniseura_lahjakortti_250.jpg","type":"image\/jpeg"}],"twitter_card":"summary_large_image","twitter_misc":{"Arvioitu lukuaika":"1 minuutti"},"schema":{"@context":"https:\/\/schema.org","@graph":[{"@type":"WebPage","@id":"https:\/\/munskankarna.org\/joensuu\/jasenyys\/","url":"https:\/\/munskankarna.org\/joensuu\/jasenyys\/","name":"J\u00e4senyys - Joensuun Munsk\u00e4nkarna","isPartOf":{"@id":"https:\/\/munskankarna.org\/joensuu\/#website"},"primaryImageOfPage":{"@id":"https:\/\/munskankarna.org\/joensuu\/jasenyys\/#primaryimage"},"image":{"@id":"https:\/\/munskankarna.org\/joensuu\/jasenyys\/#primaryimage"},"thumbnailUrl":"https:\/\/munskankarna.org\/joensuu\/wp-content\/uploads\/sites\/5\/2022\/02\/Joensuun-viiniseura_lahjakortti_250.jpg","datePublished":"2015-05-26T09:02:09+00:00","dateModified":"2024-05-07T11:40:52+00:00","breadcrumb":{"@id":"https:\/\/munskankarna.org\/joensuu\/jasenyys\/#breadcrumb"},"inLanguage":"fi","potentialAction":[{"@type":"ReadAction","target":["https:\/\/munskankarna.org\/joensuu\/jasenyys\/"]}]},{"@type":"ImageObject","inLanguage":"fi","@id":"https:\/\/munskankarna.org\/joensuu\/jasenyys\/#primaryimage","url":"https:\/\/munskankarna.org\/joensuu\/wp-content\/uploads\/sites\/5\/2022\/02\/Joensuun-viiniseura_lahjakortti_250.jpg","contentUrl":"https:\/\/munskankarna.org\/joensuu\/wp-content\/uploads\/sites\/5\/2022\/02\/Joensuun-viiniseura_lahjakortti_250.jpg"},{"@type":"BreadcrumbList","@id":"https:\/\/munskankarna.org\/joensuu\/jasenyys\/#breadcrumb","itemListElement":[{"@type":"ListItem","position":1,"name":"Home","item":"https:\/\/munskankarna.org\/joensuu\/"},{"@type":"ListItem","position":2,"name":"J\u00e4senyys"}]},{"@type":"WebSite","@id":"https:\/\/munskankarna.org\/joensuu\/#website","url":"https:\/\/munskankarna.org\/joensuu\/","name":"Joensuun Munsk\u00e4nkarna","description":"Tutustu viinien maailmaan ja viinien yhdist\u00e4miseen ruoan kanssa","potentialAction":[{"@type":"SearchAction","target":{"@type":"EntryPoint","urlTemplate":"https:\/\/munskankarna.org\/joensuu\/?s={search_term_string}"},"query-input":{"@type":"PropertyValueSpecification","valueRequired":true,"valueName":"search_term_string"}}],"inLanguage":"fi"}]}},"_links":{"self":[{"href":"https:\/\/munskankarna.org\/joensuu\/wp-json\/wp\/v2\/pages\/17","targetHints":{"allow":["GET"]}}],"collection":[{"href":"https:\/\/munskankarna.org\/joensuu\/wp-json\/wp\/v2\/pages"}],"about":[{"href":"https:\/\/munskankarna.org\/joensuu\/wp-json\/wp\/v2\/types\/page"}],"author":[{"embeddable":true,"href":"https:\/\/munskankarna.org\/joensuu\/wp-json\/wp\/v2\/users\/1"}],"replies":[{"embeddable":true,"href":"https:\/\/munskankarna.org\/joensuu\/wp-json\/wp\/v2\/comments?post=17"}],"version-history":[{"count":18,"href":"https:\/\/munskankarna.org\/joensuu\/wp-json\/wp\/v2\/pages\/17\/revisions"}],"predecessor-version":[{"id":982,"href":"https:\/\/munskankarna.org\/joensuu\/wp-json\/wp\/v2\/pages\/17\/revisions\/982"}],"wp:attachment":[{"href":"https:\/\/munskankarna.org\/joensuu\/wp-json\/wp\/v2\/media?parent=17"}],"curies":[{"name":"wp","href":"https:\/\/api.w.org\/{rel}","templated":true}]}}