{"id":2,"date":"2015-05-26T10:51:34","date_gmt":"2015-05-26T07:51:34","guid":{"rendered":"http:\/\/www.munskankarna.org\/joensuu\/?page_id=2"},"modified":"2025-04-26T14:19:05","modified_gmt":"2025-04-26T11:19:05","slug":"etusivu","status":"publish","type":"page","link":"https:\/\/munskankarna.org\/joensuu\/etusivu\/","title":{"rendered":"Viiniseura Joensuun Munsk\u00e4nkarna ry"},"content":{"rendered":"<p>Munsk\u00e4nkarna (suom. Juomanlaskijat) j\u00e4rjest\u00f6 perustettiin Ruotsissa vuonna 1958 ja se on j\u00e4senm\u00e4\u00e4r\u00e4lt\u00e4\u00e4n maailman suurin viiniseura.\u00a0Munsk\u00e4nkarnan (tuttavallisemmin Munskan) j\u00e4seni\u00e4 on kaikkiaan yli 27 000 ja Suomessa munskalaisia on yli 1500.<\/p>\n<p><strong>Joensuun Munska<\/strong> on vuonna 1999 perustettu viiniseura, joka toimii <strong><a href=\"https:\/\/munskankarna.org\/\">Suomen Munsk\u00e4nkarnan<\/a><\/strong> paikallisyhdistyksen\u00e4.\u00a0Munskan toiminnan tavoitteena on levitt\u00e4\u00e4 ja syvent\u00e4\u00e4 viinien ja muiden jalojen juomien tuntemusta sek\u00e4 edist\u00e4\u00e4 hyvi\u00e4 ja kohtuullisia juomatapoja.<\/p>\n<p><iframe loading=\"lazy\" title=\"Joensuun viiniseura Munsk\u00e4nkarna, esittely\" width=\"625\" height=\"469\" src=\"https:\/\/www.youtube.com\/embed\/rU9YeYHluMI?feature=oembed\" frameborder=\"0\" allow=\"accelerometer; autoplay; clipboard-write; encrypted-media; gyroscope; picture-in-picture; web-share\" referrerpolicy=\"strict-origin-when-cross-origin\" allowfullscreen><\/iframe><\/p>\n<h3>Katso viinitastingien aikataulu <strong><a href=\"https:\/\/munskankarna.org\/joensuu\/ajankohtaista\/\" target=\"_blank\" rel=\"noopener noreferrer\">Ajankohtaista<\/a> &#8211;<\/strong>sivulta!<\/h3>\n<h2><a href=\"https:\/\/munskankarna.org\/joensuu\/jasenyys\/\" target=\"_blank\" rel=\"noopener noreferrer\"><span style=\"color: #800000\"><em>Tule mukaan joukkoomme tutustumaan viinien maailmaan!<\/em><\/span><\/a><\/h2>\n<p><strong>Ota yhteytt\u00e4:<\/strong><\/p>\n<p>Puheenjohtaja\u00a0 Anne Hynynen\u00a0<br \/>050 305 3745<br \/>&#x61;n&#x6e;&#101;&#x5f;&#104;y&#x6e;&#121;&#x6e;&#101;n&#x40;&#104;&#x6f;&#116;m&#x61;i&#x6c;&#46;&#x63;&#x6f;m<br \/>j&#111;&#x65;&#x6e;&#x73;u&#117;&#x6e;&#x6d;&#x75;n&#115;&#x6b;&#x61;&#x40;g&#109;&#x61;&#x69;&#x6c;&#46;&#99;&#x6f;&#x6d;<\/p>\n\n\n<hr class=\"wp-block-separator has-css-opacity is-style-wide\" \/>\n","protected":false},"excerpt":{"rendered":"<p>Munsk\u00e4nkarna (suom. Juomanlaskijat) j\u00e4rjest\u00f6 perustettiin Ruotsissa vuonna 1958 ja se on j\u00e4senm\u00e4\u00e4r\u00e4lt\u00e4\u00e4n maailman suurin viiniseura.\u00a0Munsk\u00e4nkarnan (tuttavallisemmin Munskan) j\u00e4seni\u00e4 on kaikkiaan yli 27 000 ja Suomessa munskalaisia on yli 1500. Joensuun Munska on vuonna 1999 perustettu viiniseura, joka toimii Suomen Munsk\u00e4nkarnan paikallisyhdistyksen\u00e4.\u00a0Munskan toiminnan tavoitteena on levitt\u00e4\u00e4 ja syvent\u00e4\u00e4 viinien ja muiden jalojen juomien tuntemusta sek\u00e4 edist\u00e4\u00e4 [&hellip;]<\/p>\n","protected":false},"author":11,"featured_media":23,"parent":0,"menu_order":0,"comment_status":"closed","ping_status":"closed","template":"","meta":{"_monsterinsights_skip_tracking":false,"_monsterinsights_sitenote_active":false,"_monsterinsights_sitenote_note":"","_monsterinsights_sitenote_category":0,"footnotes":""},"class_list":["post-2","page","type-page","status-publish","has-post-thumbnail","hentry"],"yoast_head":"<!-- This site is optimized with the Yoast SEO plugin v27.3 - https:\/\/yoast.com\/product\/yoast-seo-wordpress\/ -->\n<title>Viiniseura Joensuun Munsk\u00e4nkarna ry - Joensuun Munsk\u00e4nkarna<\/title>\n<meta name=\"robots\" content=\"index, follow, max-snippet:-1, max-image-preview:large, max-video-preview:-1\" \/>\n<link rel=\"canonical\" href=\"https:\/\/munskankarna.org\/joensuu\/etusivu\/\" \/>\n<meta property=\"og:locale\" content=\"fi_FI\" \/>\n<meta property=\"og:type\" content=\"article\" \/>\n<meta property=\"og:title\" content=\"Viiniseura Joensuun Munsk\u00e4nkarna ry - Joensuun Munsk\u00e4nkarna\" \/>\n<meta property=\"og:description\" content=\"Munsk\u00e4nkarna (suom. Juomanlaskijat) j\u00e4rjest\u00f6 perustettiin Ruotsissa vuonna 1958 ja se on j\u00e4senm\u00e4\u00e4r\u00e4lt\u00e4\u00e4n maailman suurin viiniseura.\u00a0Munsk\u00e4nkarnan (tuttavallisemmin Munskan) j\u00e4seni\u00e4 on kaikkiaan yli 27 000 ja Suomessa munskalaisia on yli 1500. Joensuun Munska on vuonna 1999 perustettu viiniseura, joka toimii Suomen Munsk\u00e4nkarnan paikallisyhdistyksen\u00e4.\u00a0Munskan toiminnan tavoitteena on levitt\u00e4\u00e4 ja syvent\u00e4\u00e4 viinien ja muiden jalojen juomien tuntemusta sek\u00e4 edist\u00e4\u00e4 [&hellip;]\" \/>\n<meta property=\"og:url\" content=\"https:\/\/munskankarna.org\/joensuu\/etusivu\/\" \/>\n<meta property=\"og:site_name\" content=\"Joensuun Munsk\u00e4nkarna\" \/>\n<meta property=\"article:modified_time\" content=\"2025-04-26T11:19:05+00:00\" \/>\n<meta property=\"og:image\" content=\"https:\/\/munskankarna.org\/joensuu\/wp-content\/uploads\/sites\/5\/2015\/05\/viini-600x405.jpg\" \/>\n\t<meta property=\"og:image:width\" content=\"600\" \/>\n\t<meta property=\"og:image:height\" content=\"405\" \/>\n\t<meta property=\"og:image:type\" content=\"image\/jpeg\" \/>\n<meta name=\"twitter:card\" content=\"summary_large_image\" \/>\n<script type=\"application\/ld+json\" class=\"yoast-schema-graph\">{\"@context\":\"https:\\\/\\\/schema.org\",\"@graph\":[{\"@type\":\"WebPage\",\"@id\":\"https:\\\/\\\/munskankarna.org\\\/joensuu\\\/etusivu\\\/\",\"url\":\"https:\\\/\\\/munskankarna.org\\\/joensuu\\\/etusivu\\\/\",\"name\":\"Viiniseura Joensuun Munsk\u00e4nkarna ry - Joensuun Munsk\u00e4nkarna\",\"isPartOf\":{\"@id\":\"https:\\\/\\\/munskankarna.org\\\/joensuu\\\/#website\"},\"primaryImageOfPage\":{\"@id\":\"https:\\\/\\\/munskankarna.org\\\/joensuu\\\/etusivu\\\/#primaryimage\"},\"image\":{\"@id\":\"https:\\\/\\\/munskankarna.org\\\/joensuu\\\/etusivu\\\/#primaryimage\"},\"thumbnailUrl\":\"https:\\\/\\\/munskankarna.org\\\/joensuu\\\/wp-content\\\/uploads\\\/sites\\\/5\\\/2015\\\/05\\\/viini-600x405.jpg\",\"datePublished\":\"2015-05-26T07:51:34+00:00\",\"dateModified\":\"2025-04-26T11:19:05+00:00\",\"breadcrumb\":{\"@id\":\"https:\\\/\\\/munskankarna.org\\\/joensuu\\\/etusivu\\\/#breadcrumb\"},\"inLanguage\":\"fi\",\"potentialAction\":[{\"@type\":\"ReadAction\",\"target\":[\"https:\\\/\\\/munskankarna.org\\\/joensuu\\\/etusivu\\\/\"]}]},{\"@type\":\"ImageObject\",\"inLanguage\":\"fi\",\"@id\":\"https:\\\/\\\/munskankarna.org\\\/joensuu\\\/etusivu\\\/#primaryimage\",\"url\":\"https:\\\/\\\/munskankarna.org\\\/joensuu\\\/wp-content\\\/uploads\\\/sites\\\/5\\\/2015\\\/05\\\/viini-600x405.jpg\",\"contentUrl\":\"https:\\\/\\\/munskankarna.org\\\/joensuu\\\/wp-content\\\/uploads\\\/sites\\\/5\\\/2015\\\/05\\\/viini-600x405.jpg\",\"width\":600,\"height\":405},{\"@type\":\"BreadcrumbList\",\"@id\":\"https:\\\/\\\/munskankarna.org\\\/joensuu\\\/etusivu\\\/#breadcrumb\",\"itemListElement\":[{\"@type\":\"ListItem\",\"position\":1,\"name\":\"Home\",\"item\":\"https:\\\/\\\/munskankarna.org\\\/joensuu\\\/\"},{\"@type\":\"ListItem\",\"position\":2,\"name\":\"Viiniseura Joensuun Munsk\u00e4nkarna ry\"}]},{\"@type\":\"WebSite\",\"@id\":\"https:\\\/\\\/munskankarna.org\\\/joensuu\\\/#website\",\"url\":\"https:\\\/\\\/munskankarna.org\\\/joensuu\\\/\",\"name\":\"Joensuun Munsk\u00e4nkarna\",\"description\":\"Tutustu viinien maailmaan ja viinien yhdist\u00e4miseen ruoan kanssa\",\"potentialAction\":[{\"@type\":\"SearchAction\",\"target\":{\"@type\":\"EntryPoint\",\"urlTemplate\":\"https:\\\/\\\/munskankarna.org\\\/joensuu\\\/?s={search_term_string}\"},\"query-input\":{\"@type\":\"PropertyValueSpecification\",\"valueRequired\":true,\"valueName\":\"search_term_string\"}}],\"inLanguage\":\"fi\"}]}<\/script>\n<!-- \/ Yoast SEO plugin. -->","yoast_head_json":{"title":"Viiniseura Joensuun Munsk\u00e4nkarna ry - Joensuun Munsk\u00e4nkarna","robots":{"index":"index","follow":"follow","max-snippet":"max-snippet:-1","max-image-preview":"max-image-preview:large","max-video-preview":"max-video-preview:-1"},"canonical":"https:\/\/munskankarna.org\/joensuu\/etusivu\/","og_locale":"fi_FI","og_type":"article","og_title":"Viiniseura Joensuun Munsk\u00e4nkarna ry - Joensuun Munsk\u00e4nkarna","og_description":"Munsk\u00e4nkarna (suom. Juomanlaskijat) j\u00e4rjest\u00f6 perustettiin Ruotsissa vuonna 1958 ja se on j\u00e4senm\u00e4\u00e4r\u00e4lt\u00e4\u00e4n maailman suurin viiniseura.\u00a0Munsk\u00e4nkarnan (tuttavallisemmin Munskan) j\u00e4seni\u00e4 on kaikkiaan yli 27 000 ja Suomessa munskalaisia on yli 1500. Joensuun Munska on vuonna 1999 perustettu viiniseura, joka toimii Suomen Munsk\u00e4nkarnan paikallisyhdistyksen\u00e4.\u00a0Munskan toiminnan tavoitteena on levitt\u00e4\u00e4 ja syvent\u00e4\u00e4 viinien ja muiden jalojen juomien tuntemusta sek\u00e4 edist\u00e4\u00e4 [&hellip;]","og_url":"https:\/\/munskankarna.org\/joensuu\/etusivu\/","og_site_name":"Joensuun Munsk\u00e4nkarna","article_modified_time":"2025-04-26T11:19:05+00:00","og_image":[{"width":600,"height":405,"url":"https:\/\/munskankarna.org\/joensuu\/wp-content\/uploads\/sites\/5\/2015\/05\/viini-600x405.jpg","type":"image\/jpeg"}],"twitter_card":"summary_large_image","schema":{"@context":"https:\/\/schema.org","@graph":[{"@type":"WebPage","@id":"https:\/\/munskankarna.org\/joensuu\/etusivu\/","url":"https:\/\/munskankarna.org\/joensuu\/etusivu\/","name":"Viiniseura Joensuun Munsk\u00e4nkarna ry - Joensuun Munsk\u00e4nkarna","isPartOf":{"@id":"https:\/\/munskankarna.org\/joensuu\/#website"},"primaryImageOfPage":{"@id":"https:\/\/munskankarna.org\/joensuu\/etusivu\/#primaryimage"},"image":{"@id":"https:\/\/munskankarna.org\/joensuu\/etusivu\/#primaryimage"},"thumbnailUrl":"https:\/\/munskankarna.org\/joensuu\/wp-content\/uploads\/sites\/5\/2015\/05\/viini-600x405.jpg","datePublished":"2015-05-26T07:51:34+00:00","dateModified":"2025-04-26T11:19:05+00:00","breadcrumb":{"@id":"https:\/\/munskankarna.org\/joensuu\/etusivu\/#breadcrumb"},"inLanguage":"fi","potentialAction":[{"@type":"ReadAction","target":["https:\/\/munskankarna.org\/joensuu\/etusivu\/"]}]},{"@type":"ImageObject","inLanguage":"fi","@id":"https:\/\/munskankarna.org\/joensuu\/etusivu\/#primaryimage","url":"https:\/\/munskankarna.org\/joensuu\/wp-content\/uploads\/sites\/5\/2015\/05\/viini-600x405.jpg","contentUrl":"https:\/\/munskankarna.org\/joensuu\/wp-content\/uploads\/sites\/5\/2015\/05\/viini-600x405.jpg","width":600,"height":405},{"@type":"BreadcrumbList","@id":"https:\/\/munskankarna.org\/joensuu\/etusivu\/#breadcrumb","itemListElement":[{"@type":"ListItem","position":1,"name":"Home","item":"https:\/\/munskankarna.org\/joensuu\/"},{"@type":"ListItem","position":2,"name":"Viiniseura Joensuun Munsk\u00e4nkarna ry"}]},{"@type":"WebSite","@id":"https:\/\/munskankarna.org\/joensuu\/#website","url":"https:\/\/munskankarna.org\/joensuu\/","name":"Joensuun Munsk\u00e4nkarna","description":"Tutustu viinien maailmaan ja viinien yhdist\u00e4miseen ruoan kanssa","potentialAction":[{"@type":"SearchAction","target":{"@type":"EntryPoint","urlTemplate":"https:\/\/munskankarna.org\/joensuu\/?s={search_term_string}"},"query-input":{"@type":"PropertyValueSpecification","valueRequired":true,"valueName":"search_term_string"}}],"inLanguage":"fi"}]}},"_links":{"self":[{"href":"https:\/\/munskankarna.org\/joensuu\/wp-json\/wp\/v2\/pages\/2","targetHints":{"allow":["GET"]}}],"collection":[{"href":"https:\/\/munskankarna.org\/joensuu\/wp-json\/wp\/v2\/pages"}],"about":[{"href":"https:\/\/munskankarna.org\/joensuu\/wp-json\/wp\/v2\/types\/page"}],"author":[{"embeddable":true,"href":"https:\/\/munskankarna.org\/joensuu\/wp-json\/wp\/v2\/users\/11"}],"replies":[{"embeddable":true,"href":"https:\/\/munskankarna.org\/joensuu\/wp-json\/wp\/v2\/comments?post=2"}],"version-history":[{"count":30,"href":"https:\/\/munskankarna.org\/joensuu\/wp-json\/wp\/v2\/pages\/2\/revisions"}],"predecessor-version":[{"id":1149,"href":"https:\/\/munskankarna.org\/joensuu\/wp-json\/wp\/v2\/pages\/2\/revisions\/1149"}],"wp:featuredmedia":[{"embeddable":true,"href":"https:\/\/munskankarna.org\/joensuu\/wp-json\/wp\/v2\/media\/23"}],"wp:attachment":[{"href":"https:\/\/munskankarna.org\/joensuu\/wp-json\/wp\/v2\/media?parent=2"}],"curies":[{"name":"wp","href":"https:\/\/api.w.org\/{rel}","templated":true}]}}