{"id":126,"date":"2014-01-31T10:44:52","date_gmt":"2014-01-31T08:44:52","guid":{"rendered":"http:\/\/www.munskankarna.org\/jkl\/?page_id=126"},"modified":"2014-02-05T14:49:44","modified_gmt":"2014-02-05T12:49:44","slug":"palaute","status":"publish","type":"page","link":"https:\/\/munskankarna.org\/jyvaskyla\/yhteystiedot\/palaute\/","title":{"rendered":"Palaute"},"content":{"rendered":"<p>Anna palautetta toiminnastamme, ehdota tasting-aihetta tai muuta vastaavaa. Otamme mielell\u00e4mme vastaan kaiken palautteen!<\/p>\n\n<div class=\"wpcf7 no-js\" id=\"wpcf7-f125-o1\" lang=\"fi\" dir=\"ltr\" data-wpcf7-id=\"125\">\n<div class=\"screen-reader-response\"><p role=\"status\" aria-live=\"polite\" aria-atomic=\"true\"><\/p> <ul><\/ul><\/div>\n<form action=\"\/jyvaskyla\/wp-json\/wp\/v2\/pages\/126#wpcf7-f125-o1\" method=\"post\" class=\"wpcf7-form init\" aria-label=\"Yhteydenottolomake\" novalidate=\"novalidate\" data-status=\"init\">\n<fieldset class=\"hidden-fields-container\"><input type=\"hidden\" name=\"_wpcf7\" value=\"125\" \/><input type=\"hidden\" name=\"_wpcf7_version\" value=\"6.1.5\" \/><input type=\"hidden\" name=\"_wpcf7_locale\" value=\"fi\" \/><input type=\"hidden\" name=\"_wpcf7_unit_tag\" value=\"wpcf7-f125-o1\" \/><input type=\"hidden\" name=\"_wpcf7_container_post\" value=\"0\" \/><input type=\"hidden\" name=\"_wpcf7_posted_data_hash\" value=\"\" \/>\n<\/fieldset>\n<p><span class=\"wpcf7-form-control-wrap\" data-name=\"nimi\"><input size=\"40\" maxlength=\"400\" class=\"wpcf7-form-control wpcf7-text\" aria-invalid=\"false\" placeholder=\"Nimi\" value=\"\" type=\"text\" name=\"nimi\" \/><\/span>\n<\/p>\n<p><span class=\"wpcf7-form-control-wrap\" data-name=\"sahkoposti\"><input size=\"40\" maxlength=\"400\" class=\"wpcf7-form-control wpcf7-email wpcf7-text wpcf7-validates-as-email\" aria-invalid=\"false\" placeholder=\"S\u00e4hk\u00f6posti\" value=\"\" type=\"email\" name=\"sahkoposti\" \/><\/span>\n<\/p>\n<p><span class=\"wpcf7-form-control-wrap\" data-name=\"aihe\"><input size=\"40\" maxlength=\"400\" class=\"wpcf7-form-control wpcf7-text\" aria-invalid=\"false\" placeholder=\"Aihe\" value=\"\" type=\"text\" name=\"aihe\" \/><\/span>\n<\/p>\n<p><span class=\"wpcf7-form-control-wrap\" data-name=\"viesti\"><textarea cols=\"40\" rows=\"10\" maxlength=\"2000\" class=\"wpcf7-form-control wpcf7-textarea wpcf7-validates-as-required\" aria-required=\"true\" aria-invalid=\"false\" placeholder=\"Viestisi*\" name=\"viesti\"><\/textarea><\/span>\n<\/p>\n<p><input class=\"wpcf7-form-control wpcf7-submit has-spinner\" type=\"submit\" value=\"L\u00e4het\u00e4\" \/>\n<\/p><div class=\"wpcf7-response-output\" aria-hidden=\"true\"><\/div>\n<\/form>\n<\/div>\n\n","protected":false},"excerpt":{"rendered":"<p>Anna palautetta toiminnastamme, ehdota tasting-aihetta tai muuta vastaavaa. Otamme mielell\u00e4mme vastaan kaiken palautteen!<\/p>\n","protected":false},"author":6,"featured_media":0,"parent":19,"menu_order":0,"comment_status":"closed","ping_status":"closed","template":"","meta":{"_monsterinsights_skip_tracking":false,"_monsterinsights_sitenote_active":false,"_monsterinsights_sitenote_note":"","_monsterinsights_sitenote_category":0,"_uf_show_specific_survey":0,"_uf_disable_surveys":false,"footnotes":""},"class_list":["post-126","page","type-page","status-publish","hentry"],"yoast_head":"<!-- This site is optimized with the Yoast SEO plugin v27.0 - https:\/\/yoast.com\/product\/yoast-seo-wordpress\/ -->\n<title>Palaute - Jyv\u00e4skyl\u00e4n Munsk\u00e4nkarna<\/title>\n<meta name=\"robots\" content=\"index, follow, max-snippet:-1, max-image-preview:large, max-video-preview:-1\" \/>\n<link rel=\"canonical\" href=\"https:\/\/munskankarna.org\/jyvaskyla\/yhteystiedot\/palaute\/\" \/>\n<meta property=\"og:locale\" content=\"fi_FI\" \/>\n<meta property=\"og:type\" content=\"article\" \/>\n<meta property=\"og:title\" content=\"Palaute - Jyv\u00e4skyl\u00e4n Munsk\u00e4nkarna\" \/>\n<meta property=\"og:description\" content=\"Anna palautetta toiminnastamme, ehdota tasting-aihetta tai muuta vastaavaa. Otamme mielell\u00e4mme vastaan kaiken palautteen!\" \/>\n<meta property=\"og:url\" content=\"https:\/\/munskankarna.org\/jyvaskyla\/yhteystiedot\/palaute\/\" \/>\n<meta property=\"og:site_name\" content=\"Jyv\u00e4skyl\u00e4n Munsk\u00e4nkarna\" \/>\n<meta property=\"article:modified_time\" content=\"2014-02-05T12:49:44+00:00\" \/>\n<meta name=\"twitter:card\" content=\"summary_large_image\" \/>\n<script type=\"application\/ld+json\" class=\"yoast-schema-graph\">{\"@context\":\"https:\/\/schema.org\",\"@graph\":[{\"@type\":\"WebPage\",\"@id\":\"https:\/\/munskankarna.org\/jyvaskyla\/yhteystiedot\/palaute\/\",\"url\":\"https:\/\/munskankarna.org\/jyvaskyla\/yhteystiedot\/palaute\/\",\"name\":\"Palaute - Jyv\u00e4skyl\u00e4n Munsk\u00e4nkarna\",\"isPartOf\":{\"@id\":\"https:\/\/munskankarna.org\/jyvaskyla\/#website\"},\"datePublished\":\"2014-01-31T08:44:52+00:00\",\"dateModified\":\"2014-02-05T12:49:44+00:00\",\"breadcrumb\":{\"@id\":\"https:\/\/munskankarna.org\/jyvaskyla\/yhteystiedot\/palaute\/#breadcrumb\"},\"inLanguage\":\"fi\",\"potentialAction\":[{\"@type\":\"ReadAction\",\"target\":[\"https:\/\/munskankarna.org\/jyvaskyla\/yhteystiedot\/palaute\/\"]}]},{\"@type\":\"BreadcrumbList\",\"@id\":\"https:\/\/munskankarna.org\/jyvaskyla\/yhteystiedot\/palaute\/#breadcrumb\",\"itemListElement\":[{\"@type\":\"ListItem\",\"position\":1,\"name\":\"Home\",\"item\":\"https:\/\/munskankarna.org\/jyvaskyla\/\"},{\"@type\":\"ListItem\",\"position\":2,\"name\":\"Yhteystiedot\",\"item\":\"https:\/\/munskankarna.org\/jyvaskyla\/yhteystiedot\/\"},{\"@type\":\"ListItem\",\"position\":3,\"name\":\"Palaute\"}]},{\"@type\":\"WebSite\",\"@id\":\"https:\/\/munskankarna.org\/jyvaskyla\/#website\",\"url\":\"https:\/\/munskankarna.org\/jyvaskyla\/\",\"name\":\"Jyv\u00e4skyl\u00e4n Munsk\u00e4nkarna\",\"description\":\"Tastingeja ja koulutusta jo vuodesta 1998\",\"potentialAction\":[{\"@type\":\"SearchAction\",\"target\":{\"@type\":\"EntryPoint\",\"urlTemplate\":\"https:\/\/munskankarna.org\/jyvaskyla\/?s={search_term_string}\"},\"query-input\":{\"@type\":\"PropertyValueSpecification\",\"valueRequired\":true,\"valueName\":\"search_term_string\"}}],\"inLanguage\":\"fi\"}]}<\/script>\n<!-- \/ Yoast SEO plugin. -->","yoast_head_json":{"title":"Palaute - Jyv\u00e4skyl\u00e4n Munsk\u00e4nkarna","robots":{"index":"index","follow":"follow","max-snippet":"max-snippet:-1","max-image-preview":"max-image-preview:large","max-video-preview":"max-video-preview:-1"},"canonical":"https:\/\/munskankarna.org\/jyvaskyla\/yhteystiedot\/palaute\/","og_locale":"fi_FI","og_type":"article","og_title":"Palaute - Jyv\u00e4skyl\u00e4n Munsk\u00e4nkarna","og_description":"Anna palautetta toiminnastamme, ehdota tasting-aihetta tai muuta vastaavaa. Otamme mielell\u00e4mme vastaan kaiken palautteen!","og_url":"https:\/\/munskankarna.org\/jyvaskyla\/yhteystiedot\/palaute\/","og_site_name":"Jyv\u00e4skyl\u00e4n Munsk\u00e4nkarna","article_modified_time":"2014-02-05T12:49:44+00:00","twitter_card":"summary_large_image","schema":{"@context":"https:\/\/schema.org","@graph":[{"@type":"WebPage","@id":"https:\/\/munskankarna.org\/jyvaskyla\/yhteystiedot\/palaute\/","url":"https:\/\/munskankarna.org\/jyvaskyla\/yhteystiedot\/palaute\/","name":"Palaute - Jyv\u00e4skyl\u00e4n Munsk\u00e4nkarna","isPartOf":{"@id":"https:\/\/munskankarna.org\/jyvaskyla\/#website"},"datePublished":"2014-01-31T08:44:52+00:00","dateModified":"2014-02-05T12:49:44+00:00","breadcrumb":{"@id":"https:\/\/munskankarna.org\/jyvaskyla\/yhteystiedot\/palaute\/#breadcrumb"},"inLanguage":"fi","potentialAction":[{"@type":"ReadAction","target":["https:\/\/munskankarna.org\/jyvaskyla\/yhteystiedot\/palaute\/"]}]},{"@type":"BreadcrumbList","@id":"https:\/\/munskankarna.org\/jyvaskyla\/yhteystiedot\/palaute\/#breadcrumb","itemListElement":[{"@type":"ListItem","position":1,"name":"Home","item":"https:\/\/munskankarna.org\/jyvaskyla\/"},{"@type":"ListItem","position":2,"name":"Yhteystiedot","item":"https:\/\/munskankarna.org\/jyvaskyla\/yhteystiedot\/"},{"@type":"ListItem","position":3,"name":"Palaute"}]},{"@type":"WebSite","@id":"https:\/\/munskankarna.org\/jyvaskyla\/#website","url":"https:\/\/munskankarna.org\/jyvaskyla\/","name":"Jyv\u00e4skyl\u00e4n Munsk\u00e4nkarna","description":"Tastingeja ja koulutusta jo vuodesta 1998","potentialAction":[{"@type":"SearchAction","target":{"@type":"EntryPoint","urlTemplate":"https:\/\/munskankarna.org\/jyvaskyla\/?s={search_term_string}"},"query-input":{"@type":"PropertyValueSpecification","valueRequired":true,"valueName":"search_term_string"}}],"inLanguage":"fi"}]}},"aioseo_notices":[],"_links":{"self":[{"href":"https:\/\/munskankarna.org\/jyvaskyla\/wp-json\/wp\/v2\/pages\/126","targetHints":{"allow":["GET"]}}],"collection":[{"href":"https:\/\/munskankarna.org\/jyvaskyla\/wp-json\/wp\/v2\/pages"}],"about":[{"href":"https:\/\/munskankarna.org\/jyvaskyla\/wp-json\/wp\/v2\/types\/page"}],"author":[{"embeddable":true,"href":"https:\/\/munskankarna.org\/jyvaskyla\/wp-json\/wp\/v2\/users\/6"}],"replies":[{"embeddable":true,"href":"https:\/\/munskankarna.org\/jyvaskyla\/wp-json\/wp\/v2\/comments?post=126"}],"version-history":[{"count":1,"href":"https:\/\/munskankarna.org\/jyvaskyla\/wp-json\/wp\/v2\/pages\/126\/revisions"}],"predecessor-version":[{"id":127,"href":"https:\/\/munskankarna.org\/jyvaskyla\/wp-json\/wp\/v2\/pages\/126\/revisions\/127"}],"up":[{"embeddable":true,"href":"https:\/\/munskankarna.org\/jyvaskyla\/wp-json\/wp\/v2\/pages\/19"}],"wp:attachment":[{"href":"https:\/\/munskankarna.org\/jyvaskyla\/wp-json\/wp\/v2\/media?parent=126"}],"curies":[{"name":"wp","href":"https:\/\/api.w.org\/{rel}","templated":true}]}}