{"id":13,"date":"2014-01-29T08:15:49","date_gmt":"2014-01-29T06:15:49","guid":{"rendered":"http:\/\/www.munskankarna.org\/jkl\/?page_id=13"},"modified":"2026-01-02T09:29:34","modified_gmt":"2026-01-02T07:29:34","slug":"historia","status":"publish","type":"page","link":"https:\/\/munskankarna.org\/jyvaskyla\/yhdistys\/historia\/","title":{"rendered":"Historia"},"content":{"rendered":"<p>Jyv\u00e4skyl\u00e4n Munsk\u00e4nkarna -viiniseuran alkutaival vie vuoteen 1998. Silloin Suomen Munsk\u00e4nkarnan aluep\u00e4\u00e4llikk\u00f6 Tor \u201dTuttu\u201d Falenius otti yhteytt\u00e4 Helena Rantasuohon ja kysyi t\u00e4m\u00e4n halukkuutta ryhty\u00e4 perustamaan viiniseuraa Jyv\u00e4skyl\u00e4\u00e4n.<\/p>\n<p>Helena tarttui tuumasta toimeen ja 10.9.1998 sanomalehti Keskisuomalaisessa oli toimittaja Eija Kiiskisen kirjoittama artikkeli, jossa kerrottiin: <em>\u201dJyv\u00e4skyl\u00e4\u00e4n puuhataan uutta viiniseuraa\u201d<\/em>. Munsk\u00e4nkarnan toimintaa esiteltiin artikkelissa laajasti ja todettiin mm. seuran teht\u00e4v\u00e4ksi \u201dlevitt\u00e4\u00e4 viinin ja muiden jalojen juomien tuntemusta ja edist\u00e4\u00e4 hyvi\u00e4 ja kohtuullisia juomatapoja\u201d.<\/p>\n<p>22.9.1998 sanomalehti Keskisuomalaisen Menoksi-palstalla oli seuraava ilmoitus:<br \/>\n<em>\u201dMunsk\u00e4nkarna, kansainv\u00e4linen viiniseura pit\u00e4\u00e4 tiedotustilaisuuden tiistaina 22.9. Meritapankin Kauppakadun konttorin Pankkiiri-kabinetissa klo 19.00. Kaikki viineist\u00e4 kiinnostuneet tervetuloa kuulemaan seuran toiminnasta.\u201d<\/em><\/p>\n<p>Paikalle saapui l\u00e4hes 50 kiinnostunutta ja seura perustettiin Tor Faleniuksen opastuksella. Puheenjohtajaksi valittiin Helena Rantasuo, sihteeriksi Pekka T\u00e4htinen, rahastonhoitajaksi Paula Kuula sek\u00e4 viinimestariksi Ari Nyyss\u00f6nen.<\/p>\n<p>Seuraava tapahtuma oli perustamisillallinen 6.11.1998 Scandicin ravintolassa. Tilaisuuteen osallistui 28 henkil\u00f6\u00e4, mukaan lukien Tor Falenius ja Ramon Sanchez Beyrad, joka sponsoroi illallisen viinit. Illallinen maksoi 210 markkaa\/henkil\u00f6.<\/p>\n<p>Tilaisuuden menu oli seuraavanlainen:<\/p>\n<ul>\n<li>Meri\u00e4yri\u00e4isterriini, avokadokastiketta<br \/>\nBach Extrimo Seco 1997<\/li>\n<li>Perunar\u00f6stiss\u00e4 paistettu tournedos, madeira-mustatorvisienikastiketta<br \/>\nRaimat Tempranillo 1995<\/li>\n<li>Amarettotuulihattu, vadelmakotij\u00e4\u00e4tel\u00f6\u00e4<br \/>\nChateau Carsin Liquoreux<\/li>\n<\/ul>\n<p>Perustamisillallisen j\u00e4lkeen toiminta jatkui 10.12.1998 Osuuspankin kerhohuoneella, jossa Ari Nyyss\u00f6sen johdolla toteutettiin punaviini-tasting.<\/p>\n<h2>Puheenjohtajat<\/h2>\n<p>Helena Rantasuo 1998 &#8211; 2005<br \/>\nAri Nyyss\u00f6nen 2005 &#8211; 2006<br \/>\nHarri Juutilainen 2006 &#8211; 2009<br \/>\nOlavi Kokkonen 2009 &#8211; 2018<br \/>\nAuli Poutanen 2018 &#8211; 2022<br \/>\nVeli-Matti Helenius 2023 &#8211; 2025<br \/>\nKari Liuska 2026 &#8211;<\/p>\n","protected":false},"excerpt":{"rendered":"<p>Jyv\u00e4skyl\u00e4n Munsk\u00e4nkarna -viiniseuran alkutaival vie vuoteen 1998. Silloin Suomen Munsk\u00e4nkarnan aluep\u00e4\u00e4llikk\u00f6 Tor \u201dTuttu\u201d Falenius otti yhteytt\u00e4 Helena Rantasuohon ja kysyi t\u00e4m\u00e4n halukkuutta ryhty\u00e4 perustamaan viiniseuraa Jyv\u00e4skyl\u00e4\u00e4n. Helena tarttui tuumasta toimeen ja 10.9.1998 sanomalehti Keskisuomalaisessa oli toimittaja Eija Kiiskisen kirjoittama artikkeli, jossa kerrottiin: \u201dJyv\u00e4skyl\u00e4\u00e4n puuhataan uutta viiniseuraa\u201d. Munsk\u00e4nkarnan toimintaa esiteltiin artikkelissa laajasti ja todettiin mm. seuran [&hellip;]<\/p>\n","protected":false},"author":6,"featured_media":0,"parent":11,"menu_order":0,"comment_status":"closed","ping_status":"open","template":"","meta":{"_monsterinsights_skip_tracking":false,"_monsterinsights_sitenote_active":false,"_monsterinsights_sitenote_note":"","_monsterinsights_sitenote_category":0,"_uf_show_specific_survey":0,"_uf_disable_surveys":false,"footnotes":""},"class_list":["post-13","page","type-page","status-publish","hentry"],"yoast_head":"<!-- This site is optimized with the Yoast SEO plugin v27.3 - https:\/\/yoast.com\/product\/yoast-seo-wordpress\/ -->\n<title>Historia - Jyv\u00e4skyl\u00e4n Munsk\u00e4nkarna<\/title>\n<meta name=\"robots\" content=\"index, follow, max-snippet:-1, max-image-preview:large, max-video-preview:-1\" \/>\n<link rel=\"canonical\" href=\"https:\/\/munskankarna.org\/jyvaskyla\/yhdistys\/historia\/\" \/>\n<meta property=\"og:locale\" content=\"fi_FI\" \/>\n<meta property=\"og:type\" content=\"article\" \/>\n<meta property=\"og:title\" content=\"Historia - Jyv\u00e4skyl\u00e4n Munsk\u00e4nkarna\" \/>\n<meta property=\"og:description\" content=\"Jyv\u00e4skyl\u00e4n Munsk\u00e4nkarna -viiniseuran alkutaival vie vuoteen 1998. Silloin Suomen Munsk\u00e4nkarnan aluep\u00e4\u00e4llikk\u00f6 Tor \u201dTuttu\u201d Falenius otti yhteytt\u00e4 Helena Rantasuohon ja kysyi t\u00e4m\u00e4n halukkuutta ryhty\u00e4 perustamaan viiniseuraa Jyv\u00e4skyl\u00e4\u00e4n. Helena tarttui tuumasta toimeen ja 10.9.1998 sanomalehti Keskisuomalaisessa oli toimittaja Eija Kiiskisen kirjoittama artikkeli, jossa kerrottiin: \u201dJyv\u00e4skyl\u00e4\u00e4n puuhataan uutta viiniseuraa\u201d. Munsk\u00e4nkarnan toimintaa esiteltiin artikkelissa laajasti ja todettiin mm. seuran [&hellip;]\" \/>\n<meta property=\"og:url\" content=\"https:\/\/munskankarna.org\/jyvaskyla\/yhdistys\/historia\/\" \/>\n<meta property=\"og:site_name\" content=\"Jyv\u00e4skyl\u00e4n Munsk\u00e4nkarna\" \/>\n<meta property=\"article:modified_time\" content=\"2026-01-02T07:29:34+00:00\" \/>\n<meta name=\"twitter:card\" content=\"summary_large_image\" \/>\n<meta name=\"twitter:label1\" content=\"Arvioitu lukuaika\" \/>\n\t<meta name=\"twitter:data1\" content=\"2 minuuttia\" \/>\n<script type=\"application\/ld+json\" class=\"yoast-schema-graph\">{\"@context\":\"https:\\\/\\\/schema.org\",\"@graph\":[{\"@type\":\"WebPage\",\"@id\":\"https:\\\/\\\/munskankarna.org\\\/jyvaskyla\\\/yhdistys\\\/historia\\\/\",\"url\":\"https:\\\/\\\/munskankarna.org\\\/jyvaskyla\\\/yhdistys\\\/historia\\\/\",\"name\":\"Historia - Jyv\u00e4skyl\u00e4n Munsk\u00e4nkarna\",\"isPartOf\":{\"@id\":\"https:\\\/\\\/munskankarna.org\\\/jyvaskyla\\\/#website\"},\"datePublished\":\"2014-01-29T06:15:49+00:00\",\"dateModified\":\"2026-01-02T07:29:34+00:00\",\"breadcrumb\":{\"@id\":\"https:\\\/\\\/munskankarna.org\\\/jyvaskyla\\\/yhdistys\\\/historia\\\/#breadcrumb\"},\"inLanguage\":\"fi\",\"potentialAction\":[{\"@type\":\"ReadAction\",\"target\":[\"https:\\\/\\\/munskankarna.org\\\/jyvaskyla\\\/yhdistys\\\/historia\\\/\"]}]},{\"@type\":\"BreadcrumbList\",\"@id\":\"https:\\\/\\\/munskankarna.org\\\/jyvaskyla\\\/yhdistys\\\/historia\\\/#breadcrumb\",\"itemListElement\":[{\"@type\":\"ListItem\",\"position\":1,\"name\":\"Home\",\"item\":\"https:\\\/\\\/munskankarna.org\\\/jyvaskyla\\\/\"},{\"@type\":\"ListItem\",\"position\":2,\"name\":\"Yhdistys\",\"item\":\"https:\\\/\\\/munskankarna.org\\\/jyvaskyla\\\/yhdistys\\\/\"},{\"@type\":\"ListItem\",\"position\":3,\"name\":\"Historia\"}]},{\"@type\":\"WebSite\",\"@id\":\"https:\\\/\\\/munskankarna.org\\\/jyvaskyla\\\/#website\",\"url\":\"https:\\\/\\\/munskankarna.org\\\/jyvaskyla\\\/\",\"name\":\"Jyv\u00e4skyl\u00e4n Munsk\u00e4nkarna\",\"description\":\"Tastingeja ja koulutusta jo vuodesta 1998\",\"potentialAction\":[{\"@type\":\"SearchAction\",\"target\":{\"@type\":\"EntryPoint\",\"urlTemplate\":\"https:\\\/\\\/munskankarna.org\\\/jyvaskyla\\\/?s={search_term_string}\"},\"query-input\":{\"@type\":\"PropertyValueSpecification\",\"valueRequired\":true,\"valueName\":\"search_term_string\"}}],\"inLanguage\":\"fi\"}]}<\/script>\n<!-- \/ Yoast SEO plugin. -->","yoast_head_json":{"title":"Historia - Jyv\u00e4skyl\u00e4n Munsk\u00e4nkarna","robots":{"index":"index","follow":"follow","max-snippet":"max-snippet:-1","max-image-preview":"max-image-preview:large","max-video-preview":"max-video-preview:-1"},"canonical":"https:\/\/munskankarna.org\/jyvaskyla\/yhdistys\/historia\/","og_locale":"fi_FI","og_type":"article","og_title":"Historia - Jyv\u00e4skyl\u00e4n Munsk\u00e4nkarna","og_description":"Jyv\u00e4skyl\u00e4n Munsk\u00e4nkarna -viiniseuran alkutaival vie vuoteen 1998. Silloin Suomen Munsk\u00e4nkarnan aluep\u00e4\u00e4llikk\u00f6 Tor \u201dTuttu\u201d Falenius otti yhteytt\u00e4 Helena Rantasuohon ja kysyi t\u00e4m\u00e4n halukkuutta ryhty\u00e4 perustamaan viiniseuraa Jyv\u00e4skyl\u00e4\u00e4n. Helena tarttui tuumasta toimeen ja 10.9.1998 sanomalehti Keskisuomalaisessa oli toimittaja Eija Kiiskisen kirjoittama artikkeli, jossa kerrottiin: \u201dJyv\u00e4skyl\u00e4\u00e4n puuhataan uutta viiniseuraa\u201d. Munsk\u00e4nkarnan toimintaa esiteltiin artikkelissa laajasti ja todettiin mm. seuran [&hellip;]","og_url":"https:\/\/munskankarna.org\/jyvaskyla\/yhdistys\/historia\/","og_site_name":"Jyv\u00e4skyl\u00e4n Munsk\u00e4nkarna","article_modified_time":"2026-01-02T07:29:34+00:00","twitter_card":"summary_large_image","twitter_misc":{"Arvioitu lukuaika":"2 minuuttia"},"schema":{"@context":"https:\/\/schema.org","@graph":[{"@type":"WebPage","@id":"https:\/\/munskankarna.org\/jyvaskyla\/yhdistys\/historia\/","url":"https:\/\/munskankarna.org\/jyvaskyla\/yhdistys\/historia\/","name":"Historia - Jyv\u00e4skyl\u00e4n Munsk\u00e4nkarna","isPartOf":{"@id":"https:\/\/munskankarna.org\/jyvaskyla\/#website"},"datePublished":"2014-01-29T06:15:49+00:00","dateModified":"2026-01-02T07:29:34+00:00","breadcrumb":{"@id":"https:\/\/munskankarna.org\/jyvaskyla\/yhdistys\/historia\/#breadcrumb"},"inLanguage":"fi","potentialAction":[{"@type":"ReadAction","target":["https:\/\/munskankarna.org\/jyvaskyla\/yhdistys\/historia\/"]}]},{"@type":"BreadcrumbList","@id":"https:\/\/munskankarna.org\/jyvaskyla\/yhdistys\/historia\/#breadcrumb","itemListElement":[{"@type":"ListItem","position":1,"name":"Home","item":"https:\/\/munskankarna.org\/jyvaskyla\/"},{"@type":"ListItem","position":2,"name":"Yhdistys","item":"https:\/\/munskankarna.org\/jyvaskyla\/yhdistys\/"},{"@type":"ListItem","position":3,"name":"Historia"}]},{"@type":"WebSite","@id":"https:\/\/munskankarna.org\/jyvaskyla\/#website","url":"https:\/\/munskankarna.org\/jyvaskyla\/","name":"Jyv\u00e4skyl\u00e4n Munsk\u00e4nkarna","description":"Tastingeja ja koulutusta jo vuodesta 1998","potentialAction":[{"@type":"SearchAction","target":{"@type":"EntryPoint","urlTemplate":"https:\/\/munskankarna.org\/jyvaskyla\/?s={search_term_string}"},"query-input":{"@type":"PropertyValueSpecification","valueRequired":true,"valueName":"search_term_string"}}],"inLanguage":"fi"}]}},"aioseo_notices":[],"_links":{"self":[{"href":"https:\/\/munskankarna.org\/jyvaskyla\/wp-json\/wp\/v2\/pages\/13","targetHints":{"allow":["GET"]}}],"collection":[{"href":"https:\/\/munskankarna.org\/jyvaskyla\/wp-json\/wp\/v2\/pages"}],"about":[{"href":"https:\/\/munskankarna.org\/jyvaskyla\/wp-json\/wp\/v2\/types\/page"}],"author":[{"embeddable":true,"href":"https:\/\/munskankarna.org\/jyvaskyla\/wp-json\/wp\/v2\/users\/6"}],"replies":[{"embeddable":true,"href":"https:\/\/munskankarna.org\/jyvaskyla\/wp-json\/wp\/v2\/comments?post=13"}],"version-history":[{"count":4,"href":"https:\/\/munskankarna.org\/jyvaskyla\/wp-json\/wp\/v2\/pages\/13\/revisions"}],"predecessor-version":[{"id":2003,"href":"https:\/\/munskankarna.org\/jyvaskyla\/wp-json\/wp\/v2\/pages\/13\/revisions\/2003"}],"up":[{"embeddable":true,"href":"https:\/\/munskankarna.org\/jyvaskyla\/wp-json\/wp\/v2\/pages\/11"}],"wp:attachment":[{"href":"https:\/\/munskankarna.org\/jyvaskyla\/wp-json\/wp\/v2\/media?parent=13"}],"curies":[{"name":"wp","href":"https:\/\/api.w.org\/{rel}","templated":true}]}}