{"id":1484,"date":"2020-01-11T06:36:44","date_gmt":"2020-01-11T04:36:44","guid":{"rendered":"https:\/\/www.munskankarna.org\/jyvaskyla\/?page_id=1484"},"modified":"2020-01-11T06:48:31","modified_gmt":"2020-01-11T04:48:31","slug":"jasenrekisteri-ja-tietosuojaseloste","status":"publish","type":"page","link":"https:\/\/munskankarna.org\/jyvaskyla\/jasenyys\/jasenrekisteri-ja-tietosuojaseloste\/","title":{"rendered":"J\u00e4senrekisteri ja tietosuojaseloste"},"content":{"rendered":"<p><a href=\"https:\/\/eur-lex.europa.eu\/legal-content\/FI\/TXT\/?uri=uriserv:OJ.L_.2016.119.01.0001.01.FIN&amp;toc=OJ:L:2016:119:FULL\">EU yleinen tietosuoja-asetus (2016\/679)<\/a><\/p>\n<h3>Rekisterinpit\u00e4j\u00e4<\/h3>\n<p>Jyv\u00e4skyl\u00e4n Munsk\u00e4nkarna ry, nimetyt henkil\u00f6t.<\/p>\n<h3>Rekisteriasioita hoitavat henkil\u00f6t<\/h3>\n<p>J\u00e4sentietojen yll\u00e4pito: sihteeri Alisa Viinikainen, munska.jkl[a]gmail.com ja puheenjohtaja<br \/>\nAuli Poutanen, auli.poutanen[a]jyu.fi. Tarkemmat tiedot <a href=\"https:\/\/munskankarna.org\/jyvaskyla\/yhteystiedot\/\">yhteystiedot-sivulta.<\/a><\/p>\n<h3>J\u00e4senrekisterin k\u00e4ytt\u00f6tarkoitus<\/h3>\n<p>J\u00e4senten osoitetiedot, j\u00e4senlehte\u00e4 eli Viini-lehte\u00e4 varten.<br \/>\nJ\u00e4senviestint\u00e4: j\u00e4sentiedot s\u00e4hk\u00f6postiosoitteineen.<br \/>\nJ\u00e4senten koulutuksien seuranta: erillinen taulukko.<br \/>\nJ\u00e4senten tasting-maksujen sek\u00e4 j\u00e4senmaksujen laskutus ja seuranta.<\/p>\n<h3>Kuvaus rekister\u00f6idyist\u00e4<\/h3>\n<p>Ainoastaan parhaillaan j\u00e4senin\u00e4 olevat, vanhat j\u00e4senet ja j\u00e4senin\u00e4 olleiden tiedot poistetaan.<\/p>\n<h3>J\u00e4senrekisteriin tallennettavat tiedot<\/h3>\n<p>Nimi, postiosoite, s\u00e4hk\u00f6postiosoite, puhelinnumero, suoritetut yhdistyksen koulutustiedot.<\/p>\n<h3>J\u00e4sentietojen luovuttaminen<\/h3>\n<p>S\u00e4\u00e4nn\u00f6nmukainen j\u00e4sentietojen luovuttaminen Viini-lehdelle, yhteystiedot vuosittain.<br \/>\nSuomen Munsk\u00e4nkarna (kattoj\u00e4rjest\u00f6): j\u00e4senien m\u00e4\u00e4r\u00e4 vuosittain.<br \/>\nSuomen Munsk\u00e4nkarnan kouluttajalle: suoritetut koulutukset yksil\u00f6idysti vuosittain.<\/p>\n<h3>Tietojen siirto Euroopan Unionin ulkopuolelle<\/h3>\n<p>Tietoja ei siirret\u00e4 Euroopan Unionin ulkopuolelle.<\/p>\n<h3>Rekisteritietojen suojauksen periaatteet<\/h3>\n<p>J\u00e4senrekisterin tiedot on rajattu yhdistyksen tietyille henkil\u00f6ille: puheenjohtaja ja sihteeri sek\u00e4 rahastonhoitaja (maksujen seuranta). J\u00e4senrekisteri on suojattu ulkopuoliselta k\u00e4yt\u00f6lt\u00e4 ja j\u00e4sentietojen k\u00e4ytt\u00f6\u00e4 valvotaan.<\/p>\n<h3>Rekister\u00f6idyn tarkastusoikeus<\/h3>\n<p>J\u00e4senell\u00e4 on oikeus tarkistaa, mit\u00e4 tietoja h\u00e4nest\u00e4 on j\u00e4senrekisteriss\u00e4. J\u00e4senell\u00e4 on oikeus my\u00f6s mm. pyyt\u00e4\u00e4 tietojensa oikaisemista tai vaatia henkil\u00f6tietojensa k\u00e4sittelyn rajoittamista. Mik\u00e4li henkil\u00f6tietojesi k\u00e4sittelyss\u00e4 on rikottu tietosuojalains\u00e4\u00e4d\u00e4nt\u00f6\u00e4, j\u00e4senell\u00e4 on oikeus tehd\u00e4 valitus Tietosuojavaltuutetun toimistoon. Lis\u00e4\u00e4 rekister\u00f6idyn oikeuksista voi lukea tietosuojavaltuutetun toimiston <a href=\"https:\/\/tietosuoja.fi\/yksityishenkilot\">sivuilta.<\/a><\/p>\n","protected":false},"excerpt":{"rendered":"<p>EU yleinen tietosuoja-asetus (2016\/679) Rekisterinpit\u00e4j\u00e4 Jyv\u00e4skyl\u00e4n Munsk\u00e4nkarna ry, nimetyt henkil\u00f6t. Rekisteriasioita hoitavat henkil\u00f6t J\u00e4sentietojen yll\u00e4pito: sihteeri Alisa Viinikainen, munska.jkl[a]gmail.com ja puheenjohtaja Auli Poutanen, auli.poutanen[a]jyu.fi. Tarkemmat tiedot yhteystiedot-sivulta. J\u00e4senrekisterin k\u00e4ytt\u00f6tarkoitus J\u00e4senten osoitetiedot, j\u00e4senlehte\u00e4 eli Viini-lehte\u00e4 varten. J\u00e4senviestint\u00e4: j\u00e4sentiedot s\u00e4hk\u00f6postiosoitteineen. J\u00e4senten koulutuksien seuranta: erillinen taulukko. J\u00e4senten tasting-maksujen sek\u00e4 j\u00e4senmaksujen laskutus ja seuranta. Kuvaus rekister\u00f6idyist\u00e4 Ainoastaan parhaillaan j\u00e4senin\u00e4 [&hellip;]<\/p>\n","protected":false},"author":6,"featured_media":0,"parent":15,"menu_order":0,"comment_status":"closed","ping_status":"closed","template":"","meta":{"_monsterinsights_skip_tracking":false,"_monsterinsights_sitenote_active":false,"_monsterinsights_sitenote_note":"","_monsterinsights_sitenote_category":0,"_uf_show_specific_survey":0,"_uf_disable_surveys":false,"footnotes":""},"class_list":["post-1484","page","type-page","status-publish","hentry"],"yoast_head":"<!-- This site is optimized with the Yoast SEO plugin v27.0 - https:\/\/yoast.com\/product\/yoast-seo-wordpress\/ -->\n<title>J\u00e4senrekisteri ja tietosuojaseloste - Jyv\u00e4skyl\u00e4n Munsk\u00e4nkarna<\/title>\n<meta name=\"robots\" content=\"index, follow, max-snippet:-1, max-image-preview:large, max-video-preview:-1\" \/>\n<link rel=\"canonical\" href=\"https:\/\/munskankarna.org\/jyvaskyla\/jasenyys\/jasenrekisteri-ja-tietosuojaseloste\/\" \/>\n<meta property=\"og:locale\" content=\"fi_FI\" \/>\n<meta property=\"og:type\" content=\"article\" \/>\n<meta property=\"og:title\" content=\"J\u00e4senrekisteri ja tietosuojaseloste - Jyv\u00e4skyl\u00e4n Munsk\u00e4nkarna\" \/>\n<meta property=\"og:description\" content=\"EU yleinen tietosuoja-asetus (2016\/679) Rekisterinpit\u00e4j\u00e4 Jyv\u00e4skyl\u00e4n Munsk\u00e4nkarna ry, nimetyt henkil\u00f6t. Rekisteriasioita hoitavat henkil\u00f6t J\u00e4sentietojen yll\u00e4pito: sihteeri Alisa Viinikainen, munska.jkl[a]gmail.com ja puheenjohtaja Auli Poutanen, auli.poutanen[a]jyu.fi. Tarkemmat tiedot yhteystiedot-sivulta. J\u00e4senrekisterin k\u00e4ytt\u00f6tarkoitus J\u00e4senten osoitetiedot, j\u00e4senlehte\u00e4 eli Viini-lehte\u00e4 varten. J\u00e4senviestint\u00e4: j\u00e4sentiedot s\u00e4hk\u00f6postiosoitteineen. J\u00e4senten koulutuksien seuranta: erillinen taulukko. J\u00e4senten tasting-maksujen sek\u00e4 j\u00e4senmaksujen laskutus ja seuranta. Kuvaus rekister\u00f6idyist\u00e4 Ainoastaan parhaillaan j\u00e4senin\u00e4 [&hellip;]\" \/>\n<meta property=\"og:url\" content=\"https:\/\/munskankarna.org\/jyvaskyla\/jasenyys\/jasenrekisteri-ja-tietosuojaseloste\/\" \/>\n<meta property=\"og:site_name\" content=\"Jyv\u00e4skyl\u00e4n Munsk\u00e4nkarna\" \/>\n<meta property=\"article:modified_time\" content=\"2020-01-11T04:48:31+00:00\" \/>\n<meta name=\"twitter:card\" content=\"summary_large_image\" \/>\n<meta name=\"twitter:label1\" content=\"Arvioitu lukuaika\" \/>\n\t<meta name=\"twitter:data1\" content=\"1 minuutti\" \/>\n<script type=\"application\/ld+json\" class=\"yoast-schema-graph\">{\"@context\":\"https:\/\/schema.org\",\"@graph\":[{\"@type\":\"WebPage\",\"@id\":\"https:\/\/munskankarna.org\/jyvaskyla\/jasenyys\/jasenrekisteri-ja-tietosuojaseloste\/\",\"url\":\"https:\/\/munskankarna.org\/jyvaskyla\/jasenyys\/jasenrekisteri-ja-tietosuojaseloste\/\",\"name\":\"J\u00e4senrekisteri ja tietosuojaseloste - Jyv\u00e4skyl\u00e4n Munsk\u00e4nkarna\",\"isPartOf\":{\"@id\":\"https:\/\/munskankarna.org\/jyvaskyla\/#website\"},\"datePublished\":\"2020-01-11T04:36:44+00:00\",\"dateModified\":\"2020-01-11T04:48:31+00:00\",\"breadcrumb\":{\"@id\":\"https:\/\/munskankarna.org\/jyvaskyla\/jasenyys\/jasenrekisteri-ja-tietosuojaseloste\/#breadcrumb\"},\"inLanguage\":\"fi\",\"potentialAction\":[{\"@type\":\"ReadAction\",\"target\":[\"https:\/\/munskankarna.org\/jyvaskyla\/jasenyys\/jasenrekisteri-ja-tietosuojaseloste\/\"]}]},{\"@type\":\"BreadcrumbList\",\"@id\":\"https:\/\/munskankarna.org\/jyvaskyla\/jasenyys\/jasenrekisteri-ja-tietosuojaseloste\/#breadcrumb\",\"itemListElement\":[{\"@type\":\"ListItem\",\"position\":1,\"name\":\"Home\",\"item\":\"https:\/\/munskankarna.org\/jyvaskyla\/\"},{\"@type\":\"ListItem\",\"position\":2,\"name\":\"J\u00e4senyys\",\"item\":\"https:\/\/munskankarna.org\/jyvaskyla\/jasenyys\/\"},{\"@type\":\"ListItem\",\"position\":3,\"name\":\"J\u00e4senrekisteri ja tietosuojaseloste\"}]},{\"@type\":\"WebSite\",\"@id\":\"https:\/\/munskankarna.org\/jyvaskyla\/#website\",\"url\":\"https:\/\/munskankarna.org\/jyvaskyla\/\",\"name\":\"Jyv\u00e4skyl\u00e4n Munsk\u00e4nkarna\",\"description\":\"Tastingeja ja koulutusta jo vuodesta 1998\",\"potentialAction\":[{\"@type\":\"SearchAction\",\"target\":{\"@type\":\"EntryPoint\",\"urlTemplate\":\"https:\/\/munskankarna.org\/jyvaskyla\/?s={search_term_string}\"},\"query-input\":{\"@type\":\"PropertyValueSpecification\",\"valueRequired\":true,\"valueName\":\"search_term_string\"}}],\"inLanguage\":\"fi\"}]}<\/script>\n<!-- \/ Yoast SEO plugin. -->","yoast_head_json":{"title":"J\u00e4senrekisteri ja tietosuojaseloste - Jyv\u00e4skyl\u00e4n Munsk\u00e4nkarna","robots":{"index":"index","follow":"follow","max-snippet":"max-snippet:-1","max-image-preview":"max-image-preview:large","max-video-preview":"max-video-preview:-1"},"canonical":"https:\/\/munskankarna.org\/jyvaskyla\/jasenyys\/jasenrekisteri-ja-tietosuojaseloste\/","og_locale":"fi_FI","og_type":"article","og_title":"J\u00e4senrekisteri ja tietosuojaseloste - Jyv\u00e4skyl\u00e4n Munsk\u00e4nkarna","og_description":"EU yleinen tietosuoja-asetus (2016\/679) Rekisterinpit\u00e4j\u00e4 Jyv\u00e4skyl\u00e4n Munsk\u00e4nkarna ry, nimetyt henkil\u00f6t. Rekisteriasioita hoitavat henkil\u00f6t J\u00e4sentietojen yll\u00e4pito: sihteeri Alisa Viinikainen, munska.jkl[a]gmail.com ja puheenjohtaja Auli Poutanen, auli.poutanen[a]jyu.fi. Tarkemmat tiedot yhteystiedot-sivulta. J\u00e4senrekisterin k\u00e4ytt\u00f6tarkoitus J\u00e4senten osoitetiedot, j\u00e4senlehte\u00e4 eli Viini-lehte\u00e4 varten. J\u00e4senviestint\u00e4: j\u00e4sentiedot s\u00e4hk\u00f6postiosoitteineen. J\u00e4senten koulutuksien seuranta: erillinen taulukko. J\u00e4senten tasting-maksujen sek\u00e4 j\u00e4senmaksujen laskutus ja seuranta. Kuvaus rekister\u00f6idyist\u00e4 Ainoastaan parhaillaan j\u00e4senin\u00e4 [&hellip;]","og_url":"https:\/\/munskankarna.org\/jyvaskyla\/jasenyys\/jasenrekisteri-ja-tietosuojaseloste\/","og_site_name":"Jyv\u00e4skyl\u00e4n Munsk\u00e4nkarna","article_modified_time":"2020-01-11T04:48:31+00:00","twitter_card":"summary_large_image","twitter_misc":{"Arvioitu lukuaika":"1 minuutti"},"schema":{"@context":"https:\/\/schema.org","@graph":[{"@type":"WebPage","@id":"https:\/\/munskankarna.org\/jyvaskyla\/jasenyys\/jasenrekisteri-ja-tietosuojaseloste\/","url":"https:\/\/munskankarna.org\/jyvaskyla\/jasenyys\/jasenrekisteri-ja-tietosuojaseloste\/","name":"J\u00e4senrekisteri ja tietosuojaseloste - Jyv\u00e4skyl\u00e4n Munsk\u00e4nkarna","isPartOf":{"@id":"https:\/\/munskankarna.org\/jyvaskyla\/#website"},"datePublished":"2020-01-11T04:36:44+00:00","dateModified":"2020-01-11T04:48:31+00:00","breadcrumb":{"@id":"https:\/\/munskankarna.org\/jyvaskyla\/jasenyys\/jasenrekisteri-ja-tietosuojaseloste\/#breadcrumb"},"inLanguage":"fi","potentialAction":[{"@type":"ReadAction","target":["https:\/\/munskankarna.org\/jyvaskyla\/jasenyys\/jasenrekisteri-ja-tietosuojaseloste\/"]}]},{"@type":"BreadcrumbList","@id":"https:\/\/munskankarna.org\/jyvaskyla\/jasenyys\/jasenrekisteri-ja-tietosuojaseloste\/#breadcrumb","itemListElement":[{"@type":"ListItem","position":1,"name":"Home","item":"https:\/\/munskankarna.org\/jyvaskyla\/"},{"@type":"ListItem","position":2,"name":"J\u00e4senyys","item":"https:\/\/munskankarna.org\/jyvaskyla\/jasenyys\/"},{"@type":"ListItem","position":3,"name":"J\u00e4senrekisteri ja tietosuojaseloste"}]},{"@type":"WebSite","@id":"https:\/\/munskankarna.org\/jyvaskyla\/#website","url":"https:\/\/munskankarna.org\/jyvaskyla\/","name":"Jyv\u00e4skyl\u00e4n Munsk\u00e4nkarna","description":"Tastingeja ja koulutusta jo vuodesta 1998","potentialAction":[{"@type":"SearchAction","target":{"@type":"EntryPoint","urlTemplate":"https:\/\/munskankarna.org\/jyvaskyla\/?s={search_term_string}"},"query-input":{"@type":"PropertyValueSpecification","valueRequired":true,"valueName":"search_term_string"}}],"inLanguage":"fi"}]}},"aioseo_notices":[],"_links":{"self":[{"href":"https:\/\/munskankarna.org\/jyvaskyla\/wp-json\/wp\/v2\/pages\/1484","targetHints":{"allow":["GET"]}}],"collection":[{"href":"https:\/\/munskankarna.org\/jyvaskyla\/wp-json\/wp\/v2\/pages"}],"about":[{"href":"https:\/\/munskankarna.org\/jyvaskyla\/wp-json\/wp\/v2\/types\/page"}],"author":[{"embeddable":true,"href":"https:\/\/munskankarna.org\/jyvaskyla\/wp-json\/wp\/v2\/users\/6"}],"replies":[{"embeddable":true,"href":"https:\/\/munskankarna.org\/jyvaskyla\/wp-json\/wp\/v2\/comments?post=1484"}],"version-history":[{"count":9,"href":"https:\/\/munskankarna.org\/jyvaskyla\/wp-json\/wp\/v2\/pages\/1484\/revisions"}],"predecessor-version":[{"id":1497,"href":"https:\/\/munskankarna.org\/jyvaskyla\/wp-json\/wp\/v2\/pages\/1484\/revisions\/1497"}],"up":[{"embeddable":true,"href":"https:\/\/munskankarna.org\/jyvaskyla\/wp-json\/wp\/v2\/pages\/15"}],"wp:attachment":[{"href":"https:\/\/munskankarna.org\/jyvaskyla\/wp-json\/wp\/v2\/media?parent=1484"}],"curies":[{"name":"wp","href":"https:\/\/api.w.org\/{rel}","templated":true}]}}