{"id":15,"date":"2014-01-29T08:22:28","date_gmt":"2014-01-29T06:22:28","guid":{"rendered":"http:\/\/www.munskankarna.org\/jkl\/?page_id=15"},"modified":"2026-01-10T05:29:52","modified_gmt":"2026-01-10T03:29:52","slug":"jasenyys","status":"publish","type":"page","link":"https:\/\/munskankarna.org\/jyvaskyla\/jasenyys\/","title":{"rendered":"J\u00e4senyys"},"content":{"rendered":"<p>Jyv\u00e4skyl\u00e4n Munsk\u00e4nkarna ry:n j\u00e4seneksi on tervetullut kuka tahansa t\u00e4ysi-ik\u00e4inen viineist\u00e4 kiinnostunut henkil\u00f6.<\/p>\n<h2><strong>J\u00e4senedut<\/strong><\/h2>\n<p>J\u00e4senen\u00e4 saat:<\/p>\n<ul>\n<li>tastevin-maistelukupin, jonka nauhan v\u00e4ri vaihtuu j\u00e4senvuosien mukaan (5, 10 ja 25 vuoden j\u00e4lkeen)<\/li>\n<li>mahdollisuuden suorittaa tasokokeita<\/li>\n<li>mahdollisuuden osallistua yhdistyksen viinimatkoihin<\/li>\n<li>mahdollisuuden tilata Viinilehti alennettuun hintaan.<\/li>\n<\/ul>\n<h2>Maksut<\/h2>\n<ul>\n<li>Liittymismaksu: 30 \u20ac\/henkil\u00f6<\/li>\n<li>Vuosittainen j\u00e4senmaksu: 50 \u20ac\/henkil\u00f6<\/li>\n<li><span style=\"font-size: 1rem\">Tastingmaksu: 35 \u20ac.\u00a0 J\u00e4senet voivat tuoda tilaisuuksiin vierailijan. Heille maksu on sama.<\/span><\/li>\n<\/ul>\n<h2>J\u00e4seneksi hakeutuminen<\/h2>\n<p>J\u00e4seneksi hakeudutaan ottamalla yhteytt\u00e4 johonkin hallituksen j\u00e4seneen tai t\u00e4ytt\u00e4m\u00e4ll\u00e4 alla oleva lomake. Saat tiedon seuraan liittymisen hyv\u00e4ksymisest\u00e4 sihteerilt\u00e4. T\u00e4m\u00e4n j\u00e4lkeen Sinua pyydet\u00e4\u00e4n maksamaan liittymis- ja j\u00e4senmaksut seuran pankkitilille.<\/p>\n<p>T\u00e4ytt\u00e4m\u00e4ll\u00e4 alla olevan lomakkeen annat luvan siirt\u00e4\u00e4 pyydetyt tietosi yhdistyksen j\u00e4senrekisteriin. Tutustu j\u00e4senrekisterin <a href=\"https:\/\/munskankarna.org\/jyvaskyla\/jasenyys\/jasenrekisteri-ja-tietosuojaseloste\/\">tietosuojaselosteeseen.<\/a><\/p>\n<hr \/>\n\n<div class=\"wpcf7 no-js\" id=\"wpcf7-f10-o1\" lang=\"fi\" dir=\"ltr\" data-wpcf7-id=\"10\">\n<div class=\"screen-reader-response\"><p role=\"status\" aria-live=\"polite\" aria-atomic=\"true\"><\/p> <ul><\/ul><\/div>\n<form action=\"\/jyvaskyla\/wp-json\/wp\/v2\/pages\/15#wpcf7-f10-o1\" method=\"post\" class=\"wpcf7-form init\" aria-label=\"Yhteydenottolomake\" novalidate=\"novalidate\" data-status=\"init\">\n<fieldset class=\"hidden-fields-container\"><input type=\"hidden\" name=\"_wpcf7\" value=\"10\" \/><input type=\"hidden\" name=\"_wpcf7_version\" value=\"6.1.5\" \/><input type=\"hidden\" name=\"_wpcf7_locale\" value=\"fi\" \/><input type=\"hidden\" name=\"_wpcf7_unit_tag\" value=\"wpcf7-f10-o1\" \/><input type=\"hidden\" name=\"_wpcf7_container_post\" value=\"0\" \/><input type=\"hidden\" name=\"_wpcf7_posted_data_hash\" value=\"\" \/>\n<\/fieldset>\n<h2>J\u00e4senhakemus\n<\/h2>\n<p><span class=\"wpcf7-form-control-wrap\" data-name=\"jasenyys\"><span class=\"wpcf7-form-control wpcf7-radio\"><span class=\"wpcf7-list-item first\"><input type=\"radio\" name=\"jasenyys\" value=\"Liityn yksitt\u00e4isen\u00e4 j\u00e4senen\u00e4\" \/><span class=\"wpcf7-list-item-label\">Liityn yksitt\u00e4isen\u00e4 j\u00e4senen\u00e4<\/span><\/span><span class=\"wpcf7-list-item last\"><input type=\"radio\" name=\"jasenyys\" value=\"Liitymme pariskuntana\" \/><span class=\"wpcf7-list-item-label\">Liitymme pariskuntana<\/span><\/span><\/span><\/span>\n<\/p>\n<table id=\"jasenhakemus\">\n\t<tr>\n\t\t<td>\n\t\t\t<p><span class=\"wpcf7-form-control-wrap\" data-name=\"etunimi\"><input size=\"40\" maxlength=\"400\" class=\"wpcf7-form-control wpcf7-text wpcf7-validates-as-required\" aria-required=\"true\" aria-invalid=\"false\" placeholder=\"Etunimi*\" value=\"\" type=\"text\" name=\"etunimi\" \/><\/span>\n\t\t\t<\/p>\n\t\t\t<p><span class=\"wpcf7-form-control-wrap\" data-name=\"sukunimi\"><input size=\"40\" maxlength=\"400\" class=\"wpcf7-form-control wpcf7-text wpcf7-validates-as-required\" aria-required=\"true\" aria-invalid=\"false\" placeholder=\"Sukunimi*\" value=\"\" type=\"text\" name=\"sukunimi\" \/><\/span>\n\t\t\t<\/p>\n\t\t\t<p><span class=\"wpcf7-form-control-wrap\" data-name=\"puhnro\"><input size=\"40\" maxlength=\"400\" class=\"wpcf7-form-control wpcf7-tel wpcf7-validates-as-required wpcf7-text wpcf7-validates-as-tel\" aria-required=\"true\" aria-invalid=\"false\" placeholder=\"Puhelinnumero*\" value=\"\" type=\"tel\" name=\"puhnro\" \/><\/span>\n\t\t\t<\/p>\n\t\t\t<p><span class=\"wpcf7-form-control-wrap\" data-name=\"sahkoposti\"><input size=\"40\" maxlength=\"400\" class=\"wpcf7-form-control wpcf7-email wpcf7-validates-as-required wpcf7-text wpcf7-validates-as-email\" aria-required=\"true\" aria-invalid=\"false\" placeholder=\"S\u00e4hk\u00f6postiosoite*\" value=\"\" type=\"email\" name=\"sahkoposti\" \/><\/span>\n\t\t\t<\/p>\n\t\t<\/td>\n\t\t<td>\n\t\t\t<p><span class=\"wpcf7-form-control-wrap\" data-name=\"etunimi-2\"><input size=\"40\" maxlength=\"400\" class=\"wpcf7-form-control wpcf7-text\" aria-invalid=\"false\" placeholder=\"Pariskunnan 2. osapuolen etunimi\" value=\"\" type=\"text\" name=\"etunimi-2\" \/><\/span>\n\t\t\t<\/p>\n\t\t\t<p><span class=\"wpcf7-form-control-wrap\" data-name=\"sukunimi-2\"><input size=\"40\" maxlength=\"400\" class=\"wpcf7-form-control wpcf7-text\" aria-invalid=\"false\" placeholder=\"Pariskunnan 2. osapuolen sukunimi\" value=\"\" type=\"text\" name=\"sukunimi-2\" \/><\/span>\n\t\t\t<\/p>\n\t\t\t<p><span class=\"wpcf7-form-control-wrap\" data-name=\"puhnro-2\"><input size=\"40\" maxlength=\"400\" class=\"wpcf7-form-control wpcf7-tel wpcf7-text wpcf7-validates-as-tel\" aria-invalid=\"false\" placeholder=\"Pariskunnan 2. osapuolen puhelinnumero\" value=\"\" type=\"tel\" name=\"puhnro-2\" \/><\/span>\n\t\t\t<\/p>\n\t\t\t<p><span class=\"wpcf7-form-control-wrap\" data-name=\"sahkoposti-2\"><input size=\"40\" maxlength=\"400\" class=\"wpcf7-form-control wpcf7-email wpcf7-text wpcf7-validates-as-email\" aria-invalid=\"false\" placeholder=\"Pariskunnan 2. osapuolen s\u00e4hk\u00f6postiosoite\" value=\"\" type=\"email\" name=\"sahkoposti-2\" \/><\/span>\n\t\t\t<\/p>\n\t\t<\/td>\n\t<\/tr>\n<\/table>\n<p><span class=\"wpcf7-form-control-wrap\" data-name=\"postiosoite\"><input size=\"40\" maxlength=\"400\" class=\"wpcf7-form-control wpcf7-text wpcf7-validates-as-required\" aria-required=\"true\" aria-invalid=\"false\" placeholder=\"Postiosoite*\" value=\"\" type=\"text\" name=\"postiosoite\" \/><\/span>\n<\/p>\n<p><span class=\"wpcf7-form-control-wrap\" data-name=\"postinumero\"><input size=\"40\" maxlength=\"400\" class=\"wpcf7-form-control wpcf7-text wpcf7-validates-as-required\" aria-required=\"true\" aria-invalid=\"false\" placeholder=\"Postinumero*\" value=\"\" type=\"text\" name=\"postinumero\" \/><\/span>\n<\/p>\n<p><span class=\"wpcf7-form-control-wrap\" data-name=\"postitoimipaikka\"><input size=\"40\" maxlength=\"400\" class=\"wpcf7-form-control wpcf7-text wpcf7-validates-as-required\" aria-required=\"true\" aria-invalid=\"false\" placeholder=\"Postitoimipaikka*\" value=\"\" type=\"text\" name=\"postitoimipaikka\" \/><\/span>\n<\/p>\n<p><span class=\"wpcf7-form-control-wrap\" data-name=\"perustelut\"><textarea cols=\"40\" rows=\"3\" maxlength=\"2000\" class=\"wpcf7-form-control wpcf7-textarea\" aria-invalid=\"false\" placeholder=\"Perustele lyhyesti, miksi olet\/olette kiinnostuneet liittym\u00e4\u00e4n viiniseuraamme*\" name=\"perustelut\"><\/textarea><\/span>\n<\/p>\n<p><input class=\"wpcf7-form-control wpcf7-submit has-spinner\" type=\"submit\" value=\"L\u00e4het\u00e4\" \/>\n<\/p><div class=\"wpcf7-response-output\" aria-hidden=\"true\"><\/div>\n<\/form>\n<\/div>\n\n<p>J\u00e4seneksi ottamisesta p\u00e4\u00e4tt\u00e4\u00e4 Jyv\u00e4skyl\u00e4n Munsk\u00e4nkarna ry:n hallitus.<\/p>\n","protected":false},"excerpt":{"rendered":"<p>Jyv\u00e4skyl\u00e4n Munsk\u00e4nkarna ry:n j\u00e4seneksi on tervetullut kuka tahansa t\u00e4ysi-ik\u00e4inen viineist\u00e4 kiinnostunut henkil\u00f6. J\u00e4senedut J\u00e4senen\u00e4 saat: tastevin-maistelukupin, jonka nauhan v\u00e4ri vaihtuu j\u00e4senvuosien mukaan (5, 10 ja 25 vuoden j\u00e4lkeen) mahdollisuuden suorittaa tasokokeita mahdollisuuden osallistua yhdistyksen viinimatkoihin mahdollisuuden tilata Viinilehti alennettuun hintaan. Maksut Liittymismaksu: 30 \u20ac\/henkil\u00f6 Vuosittainen j\u00e4senmaksu: 50 \u20ac\/henkil\u00f6 Tastingmaksu: 35 \u20ac.\u00a0 J\u00e4senet voivat tuoda tilaisuuksiin [&hellip;]<\/p>\n","protected":false},"author":6,"featured_media":0,"parent":0,"menu_order":2,"comment_status":"closed","ping_status":"open","template":"","meta":{"_monsterinsights_skip_tracking":false,"_monsterinsights_sitenote_active":false,"_monsterinsights_sitenote_note":"","_monsterinsights_sitenote_category":0,"_uf_show_specific_survey":0,"_uf_disable_surveys":false,"footnotes":""},"class_list":["post-15","page","type-page","status-publish","hentry"],"yoast_head":"<!-- This site is optimized with the Yoast SEO plugin v27.0 - https:\/\/yoast.com\/product\/yoast-seo-wordpress\/ -->\n<title>J\u00e4senyys - Jyv\u00e4skyl\u00e4n Munsk\u00e4nkarna<\/title>\n<meta name=\"robots\" content=\"index, follow, max-snippet:-1, max-image-preview:large, max-video-preview:-1\" \/>\n<link rel=\"canonical\" href=\"https:\/\/munskankarna.org\/jyvaskyla\/jasenyys\/\" \/>\n<meta property=\"og:locale\" content=\"fi_FI\" \/>\n<meta property=\"og:type\" content=\"article\" \/>\n<meta property=\"og:title\" content=\"J\u00e4senyys - Jyv\u00e4skyl\u00e4n Munsk\u00e4nkarna\" \/>\n<meta property=\"og:description\" content=\"Jyv\u00e4skyl\u00e4n Munsk\u00e4nkarna ry:n j\u00e4seneksi on tervetullut kuka tahansa t\u00e4ysi-ik\u00e4inen viineist\u00e4 kiinnostunut henkil\u00f6. J\u00e4senedut J\u00e4senen\u00e4 saat: tastevin-maistelukupin, jonka nauhan v\u00e4ri vaihtuu j\u00e4senvuosien mukaan (5, 10 ja 25 vuoden j\u00e4lkeen) mahdollisuuden suorittaa tasokokeita mahdollisuuden osallistua yhdistyksen viinimatkoihin mahdollisuuden tilata Viinilehti alennettuun hintaan. Maksut Liittymismaksu: 30 \u20ac\/henkil\u00f6 Vuosittainen j\u00e4senmaksu: 50 \u20ac\/henkil\u00f6 Tastingmaksu: 35 \u20ac.\u00a0 J\u00e4senet voivat tuoda tilaisuuksiin [&hellip;]\" \/>\n<meta property=\"og:url\" content=\"https:\/\/munskankarna.org\/jyvaskyla\/jasenyys\/\" \/>\n<meta property=\"og:site_name\" content=\"Jyv\u00e4skyl\u00e4n Munsk\u00e4nkarna\" \/>\n<meta property=\"article:modified_time\" content=\"2026-01-10T03:29:52+00:00\" \/>\n<meta name=\"twitter:card\" content=\"summary_large_image\" \/>\n<meta name=\"twitter:label1\" content=\"Arvioitu lukuaika\" \/>\n\t<meta name=\"twitter:data1\" content=\"1 minuutti\" \/>\n<script type=\"application\/ld+json\" class=\"yoast-schema-graph\">{\"@context\":\"https:\/\/schema.org\",\"@graph\":[{\"@type\":\"WebPage\",\"@id\":\"https:\/\/munskankarna.org\/jyvaskyla\/jasenyys\/\",\"url\":\"https:\/\/munskankarna.org\/jyvaskyla\/jasenyys\/\",\"name\":\"J\u00e4senyys - Jyv\u00e4skyl\u00e4n Munsk\u00e4nkarna\",\"isPartOf\":{\"@id\":\"https:\/\/munskankarna.org\/jyvaskyla\/#website\"},\"datePublished\":\"2014-01-29T06:22:28+00:00\",\"dateModified\":\"2026-01-10T03:29:52+00:00\",\"breadcrumb\":{\"@id\":\"https:\/\/munskankarna.org\/jyvaskyla\/jasenyys\/#breadcrumb\"},\"inLanguage\":\"fi\",\"potentialAction\":[{\"@type\":\"ReadAction\",\"target\":[\"https:\/\/munskankarna.org\/jyvaskyla\/jasenyys\/\"]}]},{\"@type\":\"BreadcrumbList\",\"@id\":\"https:\/\/munskankarna.org\/jyvaskyla\/jasenyys\/#breadcrumb\",\"itemListElement\":[{\"@type\":\"ListItem\",\"position\":1,\"name\":\"Home\",\"item\":\"https:\/\/munskankarna.org\/jyvaskyla\/\"},{\"@type\":\"ListItem\",\"position\":2,\"name\":\"J\u00e4senyys\"}]},{\"@type\":\"WebSite\",\"@id\":\"https:\/\/munskankarna.org\/jyvaskyla\/#website\",\"url\":\"https:\/\/munskankarna.org\/jyvaskyla\/\",\"name\":\"Jyv\u00e4skyl\u00e4n Munsk\u00e4nkarna\",\"description\":\"Tastingeja ja koulutusta jo vuodesta 1998\",\"potentialAction\":[{\"@type\":\"SearchAction\",\"target\":{\"@type\":\"EntryPoint\",\"urlTemplate\":\"https:\/\/munskankarna.org\/jyvaskyla\/?s={search_term_string}\"},\"query-input\":{\"@type\":\"PropertyValueSpecification\",\"valueRequired\":true,\"valueName\":\"search_term_string\"}}],\"inLanguage\":\"fi\"}]}<\/script>\n<!-- \/ Yoast SEO plugin. -->","yoast_head_json":{"title":"J\u00e4senyys - Jyv\u00e4skyl\u00e4n Munsk\u00e4nkarna","robots":{"index":"index","follow":"follow","max-snippet":"max-snippet:-1","max-image-preview":"max-image-preview:large","max-video-preview":"max-video-preview:-1"},"canonical":"https:\/\/munskankarna.org\/jyvaskyla\/jasenyys\/","og_locale":"fi_FI","og_type":"article","og_title":"J\u00e4senyys - Jyv\u00e4skyl\u00e4n Munsk\u00e4nkarna","og_description":"Jyv\u00e4skyl\u00e4n Munsk\u00e4nkarna ry:n j\u00e4seneksi on tervetullut kuka tahansa t\u00e4ysi-ik\u00e4inen viineist\u00e4 kiinnostunut henkil\u00f6. J\u00e4senedut J\u00e4senen\u00e4 saat: tastevin-maistelukupin, jonka nauhan v\u00e4ri vaihtuu j\u00e4senvuosien mukaan (5, 10 ja 25 vuoden j\u00e4lkeen) mahdollisuuden suorittaa tasokokeita mahdollisuuden osallistua yhdistyksen viinimatkoihin mahdollisuuden tilata Viinilehti alennettuun hintaan. Maksut Liittymismaksu: 30 \u20ac\/henkil\u00f6 Vuosittainen j\u00e4senmaksu: 50 \u20ac\/henkil\u00f6 Tastingmaksu: 35 \u20ac.\u00a0 J\u00e4senet voivat tuoda tilaisuuksiin [&hellip;]","og_url":"https:\/\/munskankarna.org\/jyvaskyla\/jasenyys\/","og_site_name":"Jyv\u00e4skyl\u00e4n Munsk\u00e4nkarna","article_modified_time":"2026-01-10T03:29:52+00:00","twitter_card":"summary_large_image","twitter_misc":{"Arvioitu lukuaika":"1 minuutti"},"schema":{"@context":"https:\/\/schema.org","@graph":[{"@type":"WebPage","@id":"https:\/\/munskankarna.org\/jyvaskyla\/jasenyys\/","url":"https:\/\/munskankarna.org\/jyvaskyla\/jasenyys\/","name":"J\u00e4senyys - Jyv\u00e4skyl\u00e4n Munsk\u00e4nkarna","isPartOf":{"@id":"https:\/\/munskankarna.org\/jyvaskyla\/#website"},"datePublished":"2014-01-29T06:22:28+00:00","dateModified":"2026-01-10T03:29:52+00:00","breadcrumb":{"@id":"https:\/\/munskankarna.org\/jyvaskyla\/jasenyys\/#breadcrumb"},"inLanguage":"fi","potentialAction":[{"@type":"ReadAction","target":["https:\/\/munskankarna.org\/jyvaskyla\/jasenyys\/"]}]},{"@type":"BreadcrumbList","@id":"https:\/\/munskankarna.org\/jyvaskyla\/jasenyys\/#breadcrumb","itemListElement":[{"@type":"ListItem","position":1,"name":"Home","item":"https:\/\/munskankarna.org\/jyvaskyla\/"},{"@type":"ListItem","position":2,"name":"J\u00e4senyys"}]},{"@type":"WebSite","@id":"https:\/\/munskankarna.org\/jyvaskyla\/#website","url":"https:\/\/munskankarna.org\/jyvaskyla\/","name":"Jyv\u00e4skyl\u00e4n Munsk\u00e4nkarna","description":"Tastingeja ja koulutusta jo vuodesta 1998","potentialAction":[{"@type":"SearchAction","target":{"@type":"EntryPoint","urlTemplate":"https:\/\/munskankarna.org\/jyvaskyla\/?s={search_term_string}"},"query-input":{"@type":"PropertyValueSpecification","valueRequired":true,"valueName":"search_term_string"}}],"inLanguage":"fi"}]}},"aioseo_notices":[],"_links":{"self":[{"href":"https:\/\/munskankarna.org\/jyvaskyla\/wp-json\/wp\/v2\/pages\/15","targetHints":{"allow":["GET"]}}],"collection":[{"href":"https:\/\/munskankarna.org\/jyvaskyla\/wp-json\/wp\/v2\/pages"}],"about":[{"href":"https:\/\/munskankarna.org\/jyvaskyla\/wp-json\/wp\/v2\/types\/page"}],"author":[{"embeddable":true,"href":"https:\/\/munskankarna.org\/jyvaskyla\/wp-json\/wp\/v2\/users\/6"}],"replies":[{"embeddable":true,"href":"https:\/\/munskankarna.org\/jyvaskyla\/wp-json\/wp\/v2\/comments?post=15"}],"version-history":[{"count":23,"href":"https:\/\/munskankarna.org\/jyvaskyla\/wp-json\/wp\/v2\/pages\/15\/revisions"}],"predecessor-version":[{"id":2008,"href":"https:\/\/munskankarna.org\/jyvaskyla\/wp-json\/wp\/v2\/pages\/15\/revisions\/2008"}],"wp:attachment":[{"href":"https:\/\/munskankarna.org\/jyvaskyla\/wp-json\/wp\/v2\/media?parent=15"}],"curies":[{"name":"wp","href":"https:\/\/api.w.org\/{rel}","templated":true}]}}