{"id":19,"date":"2014-01-29T09:26:17","date_gmt":"2014-01-29T07:26:17","guid":{"rendered":"http:\/\/www.munskankarna.org\/jkl\/?page_id=19"},"modified":"2026-02-14T16:55:59","modified_gmt":"2026-02-14T14:55:59","slug":"yhteystiedot","status":"publish","type":"page","link":"https:\/\/munskankarna.org\/jyvaskyla\/yhteystiedot\/","title":{"rendered":"Yhteystiedot"},"content":{"rendered":"<h1>Hallitus<\/h1>\n<p>1.1.2026 alkaen:<\/p>\n<p><strong>Puheenjohtaja <\/strong>Kari Liuska, kari.liuska[a]live.com<br \/>\n<strong>Varapuheenjohtaja <\/strong>Veli-Matti Helenius, vm.helenius[a]gmail.com<br \/>\n<strong>Sihteeri <\/strong>Kirsti Koski, munska.jkl[a]gmail.com<br \/>\n<strong>Talousvastaava<\/strong> Katri Piilola, katri.piilola[a]op.fi<br \/>\n<strong>Koulutusvastaava\u00a0<\/strong> Aimo Rissanen, aimo2rissanen[a]gmail.com<br \/>\n<strong>J\u00e4sen\u00a0<\/strong>Terhi V\u00e4is\u00e4nen, terhi.j.vaisanen[a]gmail.com<br \/>\n<strong>J\u00e4sen<\/strong> Maija-Liisa Siitari, maikkisiitari[a]gmail.com<\/p>\n<p>Internet-sivujen p\u00e4ivityksest\u00e4 vastaavat Maija-Liisa Siitari ja Kirsti Koski.<\/p>\n<p>Yhdistyksen s\u00e4hk\u00f6posti on munska.jkl[a]gmail.com<\/p>\n<p>&nbsp;<\/p>\n","protected":false},"excerpt":{"rendered":"<p>Hallitus 1.1.2026 alkaen: Puheenjohtaja Kari Liuska, kari.liuska[a]live.com Varapuheenjohtaja Veli-Matti Helenius, vm.helenius[a]gmail.com Sihteeri Kirsti Koski, munska.jkl[a]gmail.com Talousvastaava Katri Piilola, katri.piilola[a]op.fi Koulutusvastaava\u00a0 Aimo Rissanen, aimo2rissanen[a]gmail.com J\u00e4sen\u00a0Terhi V\u00e4is\u00e4nen, terhi.j.vaisanen[a]gmail.com J\u00e4sen Maija-Liisa Siitari, maikkisiitari[a]gmail.com Internet-sivujen p\u00e4ivityksest\u00e4 vastaavat Maija-Liisa Siitari ja Kirsti Koski. Yhdistyksen s\u00e4hk\u00f6posti on munska.jkl[a]gmail.com &nbsp;<\/p>\n","protected":false},"author":6,"featured_media":0,"parent":0,"menu_order":5,"comment_status":"closed","ping_status":"closed","template":"","meta":{"_monsterinsights_skip_tracking":false,"_monsterinsights_sitenote_active":false,"_monsterinsights_sitenote_note":"","_monsterinsights_sitenote_category":0,"_uf_show_specific_survey":0,"_uf_disable_surveys":false,"footnotes":""},"class_list":["post-19","page","type-page","status-publish","hentry"],"yoast_head":"<!-- This site is optimized with the Yoast SEO plugin v27.3 - https:\/\/yoast.com\/product\/yoast-seo-wordpress\/ -->\n<title>Yhteystiedot - Jyv\u00e4skyl\u00e4n Munsk\u00e4nkarna<\/title>\n<meta name=\"robots\" content=\"index, follow, max-snippet:-1, max-image-preview:large, max-video-preview:-1\" \/>\n<link rel=\"canonical\" href=\"https:\/\/munskankarna.org\/jyvaskyla\/yhteystiedot\/\" \/>\n<meta property=\"og:locale\" content=\"fi_FI\" \/>\n<meta property=\"og:type\" content=\"article\" \/>\n<meta property=\"og:title\" content=\"Yhteystiedot - Jyv\u00e4skyl\u00e4n Munsk\u00e4nkarna\" \/>\n<meta property=\"og:description\" content=\"Hallitus 1.1.2026 alkaen: Puheenjohtaja Kari Liuska, kari.liuska[a]live.com Varapuheenjohtaja Veli-Matti Helenius, vm.helenius[a]gmail.com Sihteeri Kirsti Koski, munska.jkl[a]gmail.com Talousvastaava Katri Piilola, katri.piilola[a]op.fi Koulutusvastaava\u00a0 Aimo Rissanen, aimo2rissanen[a]gmail.com J\u00e4sen\u00a0Terhi V\u00e4is\u00e4nen, terhi.j.vaisanen[a]gmail.com J\u00e4sen Maija-Liisa Siitari, maikkisiitari[a]gmail.com Internet-sivujen p\u00e4ivityksest\u00e4 vastaavat Maija-Liisa Siitari ja Kirsti Koski. Yhdistyksen s\u00e4hk\u00f6posti on munska.jkl[a]gmail.com &nbsp;\" \/>\n<meta property=\"og:url\" content=\"https:\/\/munskankarna.org\/jyvaskyla\/yhteystiedot\/\" \/>\n<meta property=\"og:site_name\" content=\"Jyv\u00e4skyl\u00e4n Munsk\u00e4nkarna\" \/>\n<meta property=\"article:modified_time\" content=\"2026-02-14T14:55:59+00:00\" \/>\n<meta name=\"twitter:card\" content=\"summary_large_image\" \/>\n<meta name=\"twitter:label1\" content=\"Arvioitu lukuaika\" \/>\n\t<meta name=\"twitter:data1\" content=\"1 minuutti\" \/>\n<script type=\"application\/ld+json\" class=\"yoast-schema-graph\">{\"@context\":\"https:\\\/\\\/schema.org\",\"@graph\":[{\"@type\":\"WebPage\",\"@id\":\"https:\\\/\\\/munskankarna.org\\\/jyvaskyla\\\/yhteystiedot\\\/\",\"url\":\"https:\\\/\\\/munskankarna.org\\\/jyvaskyla\\\/yhteystiedot\\\/\",\"name\":\"Yhteystiedot - Jyv\u00e4skyl\u00e4n Munsk\u00e4nkarna\",\"isPartOf\":{\"@id\":\"https:\\\/\\\/munskankarna.org\\\/jyvaskyla\\\/#website\"},\"datePublished\":\"2014-01-29T07:26:17+00:00\",\"dateModified\":\"2026-02-14T14:55:59+00:00\",\"breadcrumb\":{\"@id\":\"https:\\\/\\\/munskankarna.org\\\/jyvaskyla\\\/yhteystiedot\\\/#breadcrumb\"},\"inLanguage\":\"fi\",\"potentialAction\":[{\"@type\":\"ReadAction\",\"target\":[\"https:\\\/\\\/munskankarna.org\\\/jyvaskyla\\\/yhteystiedot\\\/\"]}]},{\"@type\":\"BreadcrumbList\",\"@id\":\"https:\\\/\\\/munskankarna.org\\\/jyvaskyla\\\/yhteystiedot\\\/#breadcrumb\",\"itemListElement\":[{\"@type\":\"ListItem\",\"position\":1,\"name\":\"Home\",\"item\":\"https:\\\/\\\/munskankarna.org\\\/jyvaskyla\\\/\"},{\"@type\":\"ListItem\",\"position\":2,\"name\":\"Yhteystiedot\"}]},{\"@type\":\"WebSite\",\"@id\":\"https:\\\/\\\/munskankarna.org\\\/jyvaskyla\\\/#website\",\"url\":\"https:\\\/\\\/munskankarna.org\\\/jyvaskyla\\\/\",\"name\":\"Jyv\u00e4skyl\u00e4n Munsk\u00e4nkarna\",\"description\":\"Tastingeja ja koulutusta jo vuodesta 1998\",\"potentialAction\":[{\"@type\":\"SearchAction\",\"target\":{\"@type\":\"EntryPoint\",\"urlTemplate\":\"https:\\\/\\\/munskankarna.org\\\/jyvaskyla\\\/?s={search_term_string}\"},\"query-input\":{\"@type\":\"PropertyValueSpecification\",\"valueRequired\":true,\"valueName\":\"search_term_string\"}}],\"inLanguage\":\"fi\"}]}<\/script>\n<!-- \/ Yoast SEO plugin. -->","yoast_head_json":{"title":"Yhteystiedot - Jyv\u00e4skyl\u00e4n Munsk\u00e4nkarna","robots":{"index":"index","follow":"follow","max-snippet":"max-snippet:-1","max-image-preview":"max-image-preview:large","max-video-preview":"max-video-preview:-1"},"canonical":"https:\/\/munskankarna.org\/jyvaskyla\/yhteystiedot\/","og_locale":"fi_FI","og_type":"article","og_title":"Yhteystiedot - Jyv\u00e4skyl\u00e4n Munsk\u00e4nkarna","og_description":"Hallitus 1.1.2026 alkaen: Puheenjohtaja Kari Liuska, kari.liuska[a]live.com Varapuheenjohtaja Veli-Matti Helenius, vm.helenius[a]gmail.com Sihteeri Kirsti Koski, munska.jkl[a]gmail.com Talousvastaava Katri Piilola, katri.piilola[a]op.fi Koulutusvastaava\u00a0 Aimo Rissanen, aimo2rissanen[a]gmail.com J\u00e4sen\u00a0Terhi V\u00e4is\u00e4nen, terhi.j.vaisanen[a]gmail.com J\u00e4sen Maija-Liisa Siitari, maikkisiitari[a]gmail.com Internet-sivujen p\u00e4ivityksest\u00e4 vastaavat Maija-Liisa Siitari ja Kirsti Koski. Yhdistyksen s\u00e4hk\u00f6posti on munska.jkl[a]gmail.com &nbsp;","og_url":"https:\/\/munskankarna.org\/jyvaskyla\/yhteystiedot\/","og_site_name":"Jyv\u00e4skyl\u00e4n Munsk\u00e4nkarna","article_modified_time":"2026-02-14T14:55:59+00:00","twitter_card":"summary_large_image","twitter_misc":{"Arvioitu lukuaika":"1 minuutti"},"schema":{"@context":"https:\/\/schema.org","@graph":[{"@type":"WebPage","@id":"https:\/\/munskankarna.org\/jyvaskyla\/yhteystiedot\/","url":"https:\/\/munskankarna.org\/jyvaskyla\/yhteystiedot\/","name":"Yhteystiedot - Jyv\u00e4skyl\u00e4n Munsk\u00e4nkarna","isPartOf":{"@id":"https:\/\/munskankarna.org\/jyvaskyla\/#website"},"datePublished":"2014-01-29T07:26:17+00:00","dateModified":"2026-02-14T14:55:59+00:00","breadcrumb":{"@id":"https:\/\/munskankarna.org\/jyvaskyla\/yhteystiedot\/#breadcrumb"},"inLanguage":"fi","potentialAction":[{"@type":"ReadAction","target":["https:\/\/munskankarna.org\/jyvaskyla\/yhteystiedot\/"]}]},{"@type":"BreadcrumbList","@id":"https:\/\/munskankarna.org\/jyvaskyla\/yhteystiedot\/#breadcrumb","itemListElement":[{"@type":"ListItem","position":1,"name":"Home","item":"https:\/\/munskankarna.org\/jyvaskyla\/"},{"@type":"ListItem","position":2,"name":"Yhteystiedot"}]},{"@type":"WebSite","@id":"https:\/\/munskankarna.org\/jyvaskyla\/#website","url":"https:\/\/munskankarna.org\/jyvaskyla\/","name":"Jyv\u00e4skyl\u00e4n Munsk\u00e4nkarna","description":"Tastingeja ja koulutusta jo vuodesta 1998","potentialAction":[{"@type":"SearchAction","target":{"@type":"EntryPoint","urlTemplate":"https:\/\/munskankarna.org\/jyvaskyla\/?s={search_term_string}"},"query-input":{"@type":"PropertyValueSpecification","valueRequired":true,"valueName":"search_term_string"}}],"inLanguage":"fi"}]}},"aioseo_notices":[],"_links":{"self":[{"href":"https:\/\/munskankarna.org\/jyvaskyla\/wp-json\/wp\/v2\/pages\/19","targetHints":{"allow":["GET"]}}],"collection":[{"href":"https:\/\/munskankarna.org\/jyvaskyla\/wp-json\/wp\/v2\/pages"}],"about":[{"href":"https:\/\/munskankarna.org\/jyvaskyla\/wp-json\/wp\/v2\/types\/page"}],"author":[{"embeddable":true,"href":"https:\/\/munskankarna.org\/jyvaskyla\/wp-json\/wp\/v2\/users\/6"}],"replies":[{"embeddable":true,"href":"https:\/\/munskankarna.org\/jyvaskyla\/wp-json\/wp\/v2\/comments?post=19"}],"version-history":[{"count":32,"href":"https:\/\/munskankarna.org\/jyvaskyla\/wp-json\/wp\/v2\/pages\/19\/revisions"}],"predecessor-version":[{"id":2032,"href":"https:\/\/munskankarna.org\/jyvaskyla\/wp-json\/wp\/v2\/pages\/19\/revisions\/2032"}],"wp:attachment":[{"href":"https:\/\/munskankarna.org\/jyvaskyla\/wp-json\/wp\/v2\/media?parent=19"}],"curies":[{"name":"wp","href":"https:\/\/api.w.org\/{rel}","templated":true}]}}