{"id":31,"date":"2014-01-29T11:10:49","date_gmt":"2014-01-29T09:10:49","guid":{"rendered":"http:\/\/www.munskankarna.org\/jkl\/?page_id=31"},"modified":"2025-08-27T14:24:08","modified_gmt":"2025-08-27T11:24:08","slug":"matkat","status":"publish","type":"page","link":"https:\/\/munskankarna.org\/jyvaskyla\/matkat\/","title":{"rendered":"Viinimatkat"},"content":{"rendered":"<div id=\"metaslider-id-331\" style=\"max-width: 960px;\" class=\"ml-slider-3-107-0 metaslider metaslider-responsive metaslider-331 ml-slider ms-theme-default\" role=\"region\" aria-label=\"Bordeaux\" data-height=\"350\" data-width=\"960\">\n    <div id=\"metaslider_container_331\">\n        <ul id='metaslider_331' class='rslides'>\n            <li aria-roledescription='slide' aria-labelledby='slide-0'><img loading=\"lazy\" decoding=\"async\" src=\"https:\/\/munskankarna.org\/jyvaskyla\/wp-content\/uploads\/sites\/3\/2014\/10\/IMG_1704-1024x765-960x350.jpg\" height=\"350\" width=\"960\" alt=\"\" class=\"slider-331 slide-334 msDefaultImage\" \/><div class=\"caption-wrap\"><div class=\"caption\">Kuva \u00a9 Seija Ryyn\u00e4nen<\/div><\/div><\/li>\n            <li style='display: none;' aria-roledescription='slide' aria-labelledby='slide-1'><img loading=\"lazy\" decoding=\"async\" src=\"https:\/\/munskankarna.org\/jyvaskyla\/wp-content\/uploads\/sites\/3\/2014\/10\/WP_20141002_006-1024x575-960x350.jpg\" height=\"350\" width=\"960\" alt=\"\" class=\"slider-331 slide-335 msDefaultImage\" \/><div class=\"caption-wrap\"><div class=\"caption\">Kuva \u00a9 Maija-Liisa Siitari<\/div><\/div><\/li>\n            <li style='display: none;' aria-roledescription='slide' aria-labelledby='slide-2'><img loading=\"lazy\" decoding=\"async\" src=\"https:\/\/munskankarna.org\/jyvaskyla\/wp-content\/uploads\/sites\/3\/2014\/10\/IMG_1464-1024x765-960x350.jpg\" height=\"350\" width=\"960\" alt=\"\" class=\"slider-331 slide-332 msDefaultImage\" \/><div class=\"caption-wrap\"><div class=\"caption\">Kuva \u00a9 Seija Ryyn\u00e4nen<\/div><\/div><\/li>\n        <\/ul>\n        \n    <\/div>\n<\/div>\n<p>&nbsp;<\/p>\n<p>Viinitiet\u00e4myst\u00e4\u00e4n voi syvent\u00e4\u00e4 ja laajentaa viinimatkoilla, joita teemme noin joka toinen vuosi. Parasta oppia on, kun p\u00e4\u00e4see itse n\u00e4kem\u00e4\u00e4n ja kokemaan viinin valmistuksen saloja mielenkiintoisissa kohteissa. Paikalliset gastronomiset nautinnot ovat luonnollisesti my\u00f6s t\u00e4rke\u00e4 osa matkojen antia.<\/p>\n<p>Vuoteen 2025 menness\u00e4 olemme tehneet yhteens\u00e4 10 viinimatkaa. Matkamme ovat suuntautuneet Saksan Moseliin, Italian Piemonteen, Espanjan Kataloniaan, Ranskan Burgundiin, Portugalin Douroon, Ranskan Bordeaux&#8217;hon, Italian Toscanaan, Ranskan Alsacen ja Champagnen alueille, It\u00e4valtaan sek\u00e4 viimeisimp\u00e4n\u00e4 Loiren laaksoon vuonna 2024.<\/p>\n<h2>Matkakertomukset ovat saatavilla vain j\u00e4senist\u00f6llemme.<\/h2>\n<p><strong>Matka Loiren laaksoon 2.-6.10.2024<\/strong><\/p>\n<ul>\n<li><a href=\"https:\/\/munskankarna.org\/jyvaskyla\/wp-content\/uploads\/sites\/3\/2024\/11\/Matkaohjelma-Loiren-laaksoon-2.-6.10.2024-4.pdf\">Matkaohjelma Loiren laaksoon 2.-6.10.2024<\/a><\/li>\n<li><a href=\"https:\/\/munskankarna.org\/jyvaskyla\/materiaaleja\/\">Matkakertomus<\/a><\/li>\n<\/ul>\n<p><strong>Matka It\u00e4valtaan 28.9.-2.10.2022<\/strong><br \/>\nWachau \u2013 Kamptal \u2013 Burgenland &#8211; Wien<\/p>\n<ul>\n<li><a href=\"https:\/\/munskankarna.org\/jyvaskyla\/wp-content\/uploads\/sites\/3\/2023\/10\/Viinimatka-Itavaltaan2022.pdf\">Matkaohjelma It\u00e4valta 2022<\/a><\/li>\n<\/ul>\n<p><strong><span style=\"font-size: 1rem\">Alsace ja Champagne 6.-10.10.2018<\/span><\/strong><\/p>\n<ul>\n<li><a href=\"https:\/\/munskankarna.org\/jyvaskyla\/matkat\/viinimatka-alsace-ja-champagne-2018\/\">Tutustu matkakertomukseen<\/a><\/li>\n<\/ul>\n<p><strong>Matka Toscanaan 5.-9.10.2016<\/strong><\/p>\n<ul>\n<li><a href=\"https:\/\/munskankarna.org\/jyvaskyla\/matkat\/viinimatka-toscanaan-2016\/\">Tutustu matkakertomukseen<\/a><\/li>\n<\/ul>\n<p><strong>Matka Bordeaux&#8217;hon 1.-5.10.2014<\/strong><\/p>\n<ul>\n<li><a title=\"Viinimatka 2014\" href=\"https:\/\/munskankarna.org\/jyvaskyla\/?p=345\"> Tutustu matkakertomukseen\u00a0<\/a><\/li>\n<li><a href=\"https:\/\/munskankarna.org\/jyvaskyla\/wp-content\/uploads\/sites\/3\/2014\/01\/Viinimatka-Bordeaux-2014.pdf\">Matkaohjelma Bordeaux 2014<\/a><\/li>\n<\/ul>\n<p><a href=\"https:\/\/munskankarna.org\/jyvaskyla\/matkat\/viinimatkojen-matkakertomukset-vuosilta-2006-2012\/\"><strong>Viinimatkojen 2006-2012 matkakertomukset <\/strong><\/a><\/p>\n","protected":false},"excerpt":{"rendered":"<p>&nbsp; Viinitiet\u00e4myst\u00e4\u00e4n voi syvent\u00e4\u00e4 ja laajentaa viinimatkoilla, joita teemme noin joka toinen vuosi. Parasta oppia on, kun p\u00e4\u00e4see itse n\u00e4kem\u00e4\u00e4n ja kokemaan viinin valmistuksen saloja mielenkiintoisissa kohteissa. Paikalliset gastronomiset nautinnot ovat luonnollisesti my\u00f6s t\u00e4rke\u00e4 osa matkojen antia. Vuoteen 2025 menness\u00e4 olemme tehneet yhteens\u00e4 10 viinimatkaa. Matkamme ovat suuntautuneet Saksan Moseliin, Italian Piemonteen, Espanjan Kataloniaan, Ranskan [&hellip;]<\/p>\n","protected":false},"author":6,"featured_media":0,"parent":0,"menu_order":6,"comment_status":"open","ping_status":"closed","template":"","meta":{"_monsterinsights_skip_tracking":false,"_monsterinsights_sitenote_active":false,"_monsterinsights_sitenote_note":"","_monsterinsights_sitenote_category":0,"_uf_show_specific_survey":0,"_uf_disable_surveys":false,"footnotes":""},"class_list":["post-31","page","type-page","status-publish","hentry"],"yoast_head":"<!-- This site is optimized with the Yoast SEO plugin v27.0 - https:\/\/yoast.com\/product\/yoast-seo-wordpress\/ -->\n<title>Viinimatkat - Jyv\u00e4skyl\u00e4n Munsk\u00e4nkarna<\/title>\n<meta name=\"robots\" content=\"index, follow, max-snippet:-1, max-image-preview:large, max-video-preview:-1\" \/>\n<link rel=\"canonical\" href=\"https:\/\/munskankarna.org\/jyvaskyla\/matkat\/\" \/>\n<meta property=\"og:locale\" content=\"fi_FI\" \/>\n<meta property=\"og:type\" content=\"article\" \/>\n<meta property=\"og:title\" content=\"Viinimatkat - Jyv\u00e4skyl\u00e4n Munsk\u00e4nkarna\" \/>\n<meta property=\"og:description\" content=\"&nbsp; Viinitiet\u00e4myst\u00e4\u00e4n voi syvent\u00e4\u00e4 ja laajentaa viinimatkoilla, joita teemme noin joka toinen vuosi. Parasta oppia on, kun p\u00e4\u00e4see itse n\u00e4kem\u00e4\u00e4n ja kokemaan viinin valmistuksen saloja mielenkiintoisissa kohteissa. Paikalliset gastronomiset nautinnot ovat luonnollisesti my\u00f6s t\u00e4rke\u00e4 osa matkojen antia. Vuoteen 2025 menness\u00e4 olemme tehneet yhteens\u00e4 10 viinimatkaa. Matkamme ovat suuntautuneet Saksan Moseliin, Italian Piemonteen, Espanjan Kataloniaan, Ranskan [&hellip;]\" \/>\n<meta property=\"og:url\" content=\"https:\/\/munskankarna.org\/jyvaskyla\/matkat\/\" \/>\n<meta property=\"og:site_name\" content=\"Jyv\u00e4skyl\u00e4n Munsk\u00e4nkarna\" \/>\n<meta property=\"article:modified_time\" content=\"2025-08-27T11:24:08+00:00\" \/>\n<meta name=\"twitter:card\" content=\"summary_large_image\" \/>\n<meta name=\"twitter:label1\" content=\"Arvioitu lukuaika\" \/>\n\t<meta name=\"twitter:data1\" content=\"1 minuutti\" \/>\n<script type=\"application\/ld+json\" class=\"yoast-schema-graph\">{\"@context\":\"https:\/\/schema.org\",\"@graph\":[{\"@type\":\"WebPage\",\"@id\":\"https:\/\/munskankarna.org\/jyvaskyla\/matkat\/\",\"url\":\"https:\/\/munskankarna.org\/jyvaskyla\/matkat\/\",\"name\":\"Viinimatkat - Jyv\u00e4skyl\u00e4n Munsk\u00e4nkarna\",\"isPartOf\":{\"@id\":\"https:\/\/munskankarna.org\/jyvaskyla\/#website\"},\"datePublished\":\"2014-01-29T09:10:49+00:00\",\"dateModified\":\"2025-08-27T11:24:08+00:00\",\"breadcrumb\":{\"@id\":\"https:\/\/munskankarna.org\/jyvaskyla\/matkat\/#breadcrumb\"},\"inLanguage\":\"fi\",\"potentialAction\":[{\"@type\":\"ReadAction\",\"target\":[\"https:\/\/munskankarna.org\/jyvaskyla\/matkat\/\"]}]},{\"@type\":\"BreadcrumbList\",\"@id\":\"https:\/\/munskankarna.org\/jyvaskyla\/matkat\/#breadcrumb\",\"itemListElement\":[{\"@type\":\"ListItem\",\"position\":1,\"name\":\"Home\",\"item\":\"https:\/\/munskankarna.org\/jyvaskyla\/\"},{\"@type\":\"ListItem\",\"position\":2,\"name\":\"Viinimatkat\"}]},{\"@type\":\"WebSite\",\"@id\":\"https:\/\/munskankarna.org\/jyvaskyla\/#website\",\"url\":\"https:\/\/munskankarna.org\/jyvaskyla\/\",\"name\":\"Jyv\u00e4skyl\u00e4n Munsk\u00e4nkarna\",\"description\":\"Tastingeja ja koulutusta jo vuodesta 1998\",\"potentialAction\":[{\"@type\":\"SearchAction\",\"target\":{\"@type\":\"EntryPoint\",\"urlTemplate\":\"https:\/\/munskankarna.org\/jyvaskyla\/?s={search_term_string}\"},\"query-input\":{\"@type\":\"PropertyValueSpecification\",\"valueRequired\":true,\"valueName\":\"search_term_string\"}}],\"inLanguage\":\"fi\"}]}<\/script>\n<!-- \/ Yoast SEO plugin. -->","yoast_head_json":{"title":"Viinimatkat - Jyv\u00e4skyl\u00e4n Munsk\u00e4nkarna","robots":{"index":"index","follow":"follow","max-snippet":"max-snippet:-1","max-image-preview":"max-image-preview:large","max-video-preview":"max-video-preview:-1"},"canonical":"https:\/\/munskankarna.org\/jyvaskyla\/matkat\/","og_locale":"fi_FI","og_type":"article","og_title":"Viinimatkat - Jyv\u00e4skyl\u00e4n Munsk\u00e4nkarna","og_description":"&nbsp; Viinitiet\u00e4myst\u00e4\u00e4n voi syvent\u00e4\u00e4 ja laajentaa viinimatkoilla, joita teemme noin joka toinen vuosi. Parasta oppia on, kun p\u00e4\u00e4see itse n\u00e4kem\u00e4\u00e4n ja kokemaan viinin valmistuksen saloja mielenkiintoisissa kohteissa. Paikalliset gastronomiset nautinnot ovat luonnollisesti my\u00f6s t\u00e4rke\u00e4 osa matkojen antia. Vuoteen 2025 menness\u00e4 olemme tehneet yhteens\u00e4 10 viinimatkaa. Matkamme ovat suuntautuneet Saksan Moseliin, Italian Piemonteen, Espanjan Kataloniaan, Ranskan [&hellip;]","og_url":"https:\/\/munskankarna.org\/jyvaskyla\/matkat\/","og_site_name":"Jyv\u00e4skyl\u00e4n Munsk\u00e4nkarna","article_modified_time":"2025-08-27T11:24:08+00:00","twitter_card":"summary_large_image","twitter_misc":{"Arvioitu lukuaika":"1 minuutti"},"schema":{"@context":"https:\/\/schema.org","@graph":[{"@type":"WebPage","@id":"https:\/\/munskankarna.org\/jyvaskyla\/matkat\/","url":"https:\/\/munskankarna.org\/jyvaskyla\/matkat\/","name":"Viinimatkat - Jyv\u00e4skyl\u00e4n Munsk\u00e4nkarna","isPartOf":{"@id":"https:\/\/munskankarna.org\/jyvaskyla\/#website"},"datePublished":"2014-01-29T09:10:49+00:00","dateModified":"2025-08-27T11:24:08+00:00","breadcrumb":{"@id":"https:\/\/munskankarna.org\/jyvaskyla\/matkat\/#breadcrumb"},"inLanguage":"fi","potentialAction":[{"@type":"ReadAction","target":["https:\/\/munskankarna.org\/jyvaskyla\/matkat\/"]}]},{"@type":"BreadcrumbList","@id":"https:\/\/munskankarna.org\/jyvaskyla\/matkat\/#breadcrumb","itemListElement":[{"@type":"ListItem","position":1,"name":"Home","item":"https:\/\/munskankarna.org\/jyvaskyla\/"},{"@type":"ListItem","position":2,"name":"Viinimatkat"}]},{"@type":"WebSite","@id":"https:\/\/munskankarna.org\/jyvaskyla\/#website","url":"https:\/\/munskankarna.org\/jyvaskyla\/","name":"Jyv\u00e4skyl\u00e4n Munsk\u00e4nkarna","description":"Tastingeja ja koulutusta jo vuodesta 1998","potentialAction":[{"@type":"SearchAction","target":{"@type":"EntryPoint","urlTemplate":"https:\/\/munskankarna.org\/jyvaskyla\/?s={search_term_string}"},"query-input":{"@type":"PropertyValueSpecification","valueRequired":true,"valueName":"search_term_string"}}],"inLanguage":"fi"}]}},"aioseo_notices":[],"_links":{"self":[{"href":"https:\/\/munskankarna.org\/jyvaskyla\/wp-json\/wp\/v2\/pages\/31","targetHints":{"allow":["GET"]}}],"collection":[{"href":"https:\/\/munskankarna.org\/jyvaskyla\/wp-json\/wp\/v2\/pages"}],"about":[{"href":"https:\/\/munskankarna.org\/jyvaskyla\/wp-json\/wp\/v2\/types\/page"}],"author":[{"embeddable":true,"href":"https:\/\/munskankarna.org\/jyvaskyla\/wp-json\/wp\/v2\/users\/6"}],"replies":[{"embeddable":true,"href":"https:\/\/munskankarna.org\/jyvaskyla\/wp-json\/wp\/v2\/comments?post=31"}],"version-history":[{"count":45,"href":"https:\/\/munskankarna.org\/jyvaskyla\/wp-json\/wp\/v2\/pages\/31\/revisions"}],"predecessor-version":[{"id":1967,"href":"https:\/\/munskankarna.org\/jyvaskyla\/wp-json\/wp\/v2\/pages\/31\/revisions\/1967"}],"wp:attachment":[{"href":"https:\/\/munskankarna.org\/jyvaskyla\/wp-json\/wp\/v2\/media?parent=31"}],"curies":[{"name":"wp","href":"https:\/\/api.w.org\/{rel}","templated":true}]}}