{"id":345,"date":"2014-11-16T21:25:53","date_gmt":"2014-11-16T19:25:53","guid":{"rendered":"http:\/\/www.munskankarna.org\/jyvaskyla\/?page_id=345"},"modified":"2026-01-21T14:51:23","modified_gmt":"2026-01-21T12:51:23","slug":"viinimatka-bordeauxhon-1-5-10-2014","status":"publish","type":"page","link":"https:\/\/munskankarna.org\/jyvaskyla\/matkat\/viinimatka-bordeauxhon-1-5-10-2014\/","title":{"rendered":"Viinimatka Bordeaux&#8217;hon 2014"},"content":{"rendered":"","protected":true},"excerpt":{"rendered":"","protected":true},"author":6,"featured_media":0,"parent":31,"menu_order":10,"comment_status":"open","ping_status":"open","template":"","meta":{"_monsterinsights_skip_tracking":false,"_monsterinsights_sitenote_active":false,"_monsterinsights_sitenote_note":"","_monsterinsights_sitenote_category":0,"_uf_show_specific_survey":0,"_uf_disable_surveys":false,"footnotes":""},"class_list":["post-345","page","type-page","status-publish","post-password-required","hentry"],"yoast_head":"<!-- This site is optimized with the Yoast SEO plugin v27.0 - https:\/\/yoast.com\/product\/yoast-seo-wordpress\/ -->\n<title>Viinimatka Bordeaux&#039;hon 2014 - Jyv\u00e4skyl\u00e4n Munsk\u00e4nkarna<\/title>\n<meta name=\"robots\" content=\"index, follow, max-snippet:-1, max-image-preview:large, max-video-preview:-1\" \/>\n<link rel=\"canonical\" href=\"https:\/\/munskankarna.org\/jyvaskyla\/matkat\/viinimatka-bordeauxhon-1-5-10-2014\/\" \/>\n<meta property=\"og:locale\" content=\"fi_FI\" \/>\n<meta property=\"og:type\" content=\"article\" \/>\n<meta property=\"og:title\" content=\"Viinimatka Bordeaux&#039;hon 2014 - Jyv\u00e4skyl\u00e4n Munsk\u00e4nkarna\" \/>\n<meta property=\"og:description\" content=\"Otetta ei n\u00e4ytet\u00e4, koska artikkeli on suojattu.\" \/>\n<meta property=\"og:url\" content=\"https:\/\/munskankarna.org\/jyvaskyla\/matkat\/viinimatka-bordeauxhon-1-5-10-2014\/\" \/>\n<meta property=\"og:site_name\" content=\"Jyv\u00e4skyl\u00e4n Munsk\u00e4nkarna\" \/>\n<meta property=\"article:modified_time\" content=\"2026-01-21T12:51:23+00:00\" \/>\n<meta name=\"twitter:card\" content=\"summary_large_image\" \/>\n<meta name=\"twitter:label1\" content=\"Arvioitu lukuaika\" \/>\n\t<meta name=\"twitter:data1\" content=\"34 minuuttia\" \/>\n<script type=\"application\/ld+json\" class=\"yoast-schema-graph\">{\"@context\":\"https:\/\/schema.org\",\"@graph\":[{\"@type\":\"WebPage\",\"@id\":\"https:\/\/munskankarna.org\/jyvaskyla\/matkat\/viinimatka-bordeauxhon-1-5-10-2014\/\",\"url\":\"https:\/\/munskankarna.org\/jyvaskyla\/matkat\/viinimatka-bordeauxhon-1-5-10-2014\/\",\"name\":\"Viinimatka Bordeaux'hon 2014 - Jyv\u00e4skyl\u00e4n Munsk\u00e4nkarna\",\"isPartOf\":{\"@id\":\"https:\/\/munskankarna.org\/jyvaskyla\/#website\"},\"datePublished\":\"2014-11-16T19:25:53+00:00\",\"dateModified\":\"2026-01-21T12:51:23+00:00\",\"breadcrumb\":{\"@id\":\"https:\/\/munskankarna.org\/jyvaskyla\/matkat\/viinimatka-bordeauxhon-1-5-10-2014\/#breadcrumb\"},\"inLanguage\":\"fi\"},{\"@type\":\"WebSite\",\"@id\":\"https:\/\/munskankarna.org\/jyvaskyla\/#website\",\"url\":\"https:\/\/munskankarna.org\/jyvaskyla\/\",\"name\":\"Jyv\u00e4skyl\u00e4n Munsk\u00e4nkarna\",\"description\":\"Tastingeja ja koulutusta jo vuodesta 1998\",\"potentialAction\":[{\"@type\":\"SearchAction\",\"target\":{\"@type\":\"EntryPoint\",\"urlTemplate\":\"https:\/\/munskankarna.org\/jyvaskyla\/?s={search_term_string}\"},\"query-input\":{\"@type\":\"PropertyValueSpecification\",\"valueRequired\":true,\"valueName\":\"search_term_string\"}}],\"inLanguage\":\"fi\"}]}<\/script>\n<!-- \/ Yoast SEO plugin. -->","yoast_head_json":{"title":"Viinimatka Bordeaux'hon 2014 - Jyv\u00e4skyl\u00e4n Munsk\u00e4nkarna","robots":{"index":"index","follow":"follow","max-snippet":"max-snippet:-1","max-image-preview":"max-image-preview:large","max-video-preview":"max-video-preview:-1"},"canonical":"https:\/\/munskankarna.org\/jyvaskyla\/matkat\/viinimatka-bordeauxhon-1-5-10-2014\/","og_locale":"fi_FI","og_type":"article","og_title":"Viinimatka Bordeaux'hon 2014 - Jyv\u00e4skyl\u00e4n Munsk\u00e4nkarna","og_description":"Otetta ei n\u00e4ytet\u00e4, koska artikkeli on suojattu.","og_url":"https:\/\/munskankarna.org\/jyvaskyla\/matkat\/viinimatka-bordeauxhon-1-5-10-2014\/","og_site_name":"Jyv\u00e4skyl\u00e4n Munsk\u00e4nkarna","article_modified_time":"2026-01-21T12:51:23+00:00","twitter_card":"summary_large_image","twitter_misc":{"Arvioitu lukuaika":"34 minuuttia"},"schema":{"@context":"https:\/\/schema.org","@graph":[{"@type":"WebPage","@id":"https:\/\/munskankarna.org\/jyvaskyla\/matkat\/viinimatka-bordeauxhon-1-5-10-2014\/","url":"https:\/\/munskankarna.org\/jyvaskyla\/matkat\/viinimatka-bordeauxhon-1-5-10-2014\/","name":"Viinimatka Bordeaux'hon 2014 - Jyv\u00e4skyl\u00e4n Munsk\u00e4nkarna","isPartOf":{"@id":"https:\/\/munskankarna.org\/jyvaskyla\/#website"},"datePublished":"2014-11-16T19:25:53+00:00","dateModified":"2026-01-21T12:51:23+00:00","breadcrumb":{"@id":"https:\/\/munskankarna.org\/jyvaskyla\/matkat\/viinimatka-bordeauxhon-1-5-10-2014\/#breadcrumb"},"inLanguage":"fi"},{"@type":"WebSite","@id":"https:\/\/munskankarna.org\/jyvaskyla\/#website","url":"https:\/\/munskankarna.org\/jyvaskyla\/","name":"Jyv\u00e4skyl\u00e4n Munsk\u00e4nkarna","description":"Tastingeja ja koulutusta jo vuodesta 1998","potentialAction":[{"@type":"SearchAction","target":{"@type":"EntryPoint","urlTemplate":"https:\/\/munskankarna.org\/jyvaskyla\/?s={search_term_string}"},"query-input":{"@type":"PropertyValueSpecification","valueRequired":true,"valueName":"search_term_string"}}],"inLanguage":"fi"}]}},"aioseo_notices":[],"_links":{"self":[{"href":"https:\/\/munskankarna.org\/jyvaskyla\/wp-json\/wp\/v2\/pages\/345","targetHints":{"allow":["GET"]}}],"collection":[{"href":"https:\/\/munskankarna.org\/jyvaskyla\/wp-json\/wp\/v2\/pages"}],"about":[{"href":"https:\/\/munskankarna.org\/jyvaskyla\/wp-json\/wp\/v2\/types\/page"}],"author":[{"embeddable":true,"href":"https:\/\/munskankarna.org\/jyvaskyla\/wp-json\/wp\/v2\/users\/6"}],"replies":[{"embeddable":true,"href":"https:\/\/munskankarna.org\/jyvaskyla\/wp-json\/wp\/v2\/comments?post=345"}],"version-history":[{"count":96,"href":"https:\/\/munskankarna.org\/jyvaskyla\/wp-json\/wp\/v2\/pages\/345\/revisions"}],"predecessor-version":[{"id":964,"href":"https:\/\/munskankarna.org\/jyvaskyla\/wp-json\/wp\/v2\/pages\/345\/revisions\/964"}],"up":[{"embeddable":true,"href":"https:\/\/munskankarna.org\/jyvaskyla\/wp-json\/wp\/v2\/pages\/31"}],"wp:attachment":[{"href":"https:\/\/munskankarna.org\/jyvaskyla\/wp-json\/wp\/v2\/media?parent=345"}],"curies":[{"name":"wp","href":"https:\/\/api.w.org\/{rel}","templated":true}]}}