{"id":6,"date":"2014-01-29T08:09:29","date_gmt":"2014-01-29T06:09:29","guid":{"rendered":"http:\/\/www.munskankarna.org\/jkl\/?page_id=6"},"modified":"2026-01-27T16:23:48","modified_gmt":"2026-01-27T14:23:48","slug":"jyvaskylan-munskankarna","status":"publish","type":"page","link":"https:\/\/munskankarna.org\/jyvaskyla\/","title":{"rendered":"Jyv\u00e4skyl\u00e4n Munsk\u00e4nkarna"},"content":{"rendered":"<p><strong>Viiniseura Jyv\u00e4skyl\u00e4n Munsk\u00e4nkarna ry<\/strong> on perustettu vuonna 1998. J\u00e4senm\u00e4\u00e4r\u00e4mme vuoden 2026 alussa oli 50.<\/p>\n<p>J\u00e4rjest\u00e4mme vuosittain 9-10 tastingia eli maistelutilaisuutta vaihtuvista teemoista.\u00a0 Viinitiloille suuntautuvan ulkomaanmatkan teemme noin joka toinen vuosi. Toteutamme j\u00e4senillemme my\u00f6s koulutusta. Omaa viiniasiantuntemustaan voi testata kolmella eri taso- ja yhdell\u00e4 ryp\u00e4lekokeella, joiden materiaalista vastaa Suomen Munsk\u00e4nkarna ry.<\/p>\n<p>Viiniseura Jyv\u00e4skyl\u00e4n Munsk\u00e4nkarna ry:n Y-tunnus on 2224111-2.<\/p>\n<p><strong>\u00a0<\/strong><\/p>\n<p>&nbsp;<\/p>\n<p>&nbsp;<\/p>\n<p><strong>\u00a0<\/strong><\/p>\n<p>&nbsp;<\/p>\n","protected":false},"excerpt":{"rendered":"<p>Viiniseura Jyv\u00e4skyl\u00e4n Munsk\u00e4nkarna ry on perustettu vuonna 1998. J\u00e4senm\u00e4\u00e4r\u00e4mme vuoden 2026 alussa oli 50. J\u00e4rjest\u00e4mme vuosittain 9-10 tastingia eli maistelutilaisuutta vaihtuvista teemoista.\u00a0 Viinitiloille suuntautuvan ulkomaanmatkan teemme noin joka toinen vuosi. Toteutamme j\u00e4senillemme my\u00f6s koulutusta. Omaa viiniasiantuntemustaan voi testata kolmella eri taso- ja yhdell\u00e4 ryp\u00e4lekokeella, joiden materiaalista vastaa Suomen Munsk\u00e4nkarna ry. Viiniseura Jyv\u00e4skyl\u00e4n Munsk\u00e4nkarna ry:n Y-tunnus [&hellip;]<\/p>\n","protected":false},"author":6,"featured_media":0,"parent":0,"menu_order":0,"comment_status":"closed","ping_status":"open","template":"","meta":{"_monsterinsights_skip_tracking":false,"_monsterinsights_sitenote_active":false,"_monsterinsights_sitenote_note":"","_monsterinsights_sitenote_category":0,"_uf_show_specific_survey":0,"_uf_disable_surveys":false,"footnotes":""},"class_list":["post-6","page","type-page","status-publish","hentry"],"yoast_head":"<!-- This site is optimized with the Yoast SEO plugin v27.0 - https:\/\/yoast.com\/product\/yoast-seo-wordpress\/ -->\n<title>Jyv\u00e4skyl\u00e4n Munsk\u00e4nkarna - Jyv\u00e4skyl\u00e4n Munsk\u00e4nkarna<\/title>\n<meta name=\"robots\" content=\"index, follow, max-snippet:-1, max-image-preview:large, max-video-preview:-1\" \/>\n<link rel=\"canonical\" href=\"https:\/\/munskankarna.org\/jyvaskyla\/\" \/>\n<meta property=\"og:locale\" content=\"fi_FI\" \/>\n<meta property=\"og:type\" content=\"article\" \/>\n<meta property=\"og:title\" content=\"Jyv\u00e4skyl\u00e4n Munsk\u00e4nkarna - Jyv\u00e4skyl\u00e4n Munsk\u00e4nkarna\" \/>\n<meta property=\"og:description\" content=\"Viiniseura Jyv\u00e4skyl\u00e4n Munsk\u00e4nkarna ry on perustettu vuonna 1998. J\u00e4senm\u00e4\u00e4r\u00e4mme vuoden 2026 alussa oli 50. J\u00e4rjest\u00e4mme vuosittain 9-10 tastingia eli maistelutilaisuutta vaihtuvista teemoista.\u00a0 Viinitiloille suuntautuvan ulkomaanmatkan teemme noin joka toinen vuosi. Toteutamme j\u00e4senillemme my\u00f6s koulutusta. Omaa viiniasiantuntemustaan voi testata kolmella eri taso- ja yhdell\u00e4 ryp\u00e4lekokeella, joiden materiaalista vastaa Suomen Munsk\u00e4nkarna ry. Viiniseura Jyv\u00e4skyl\u00e4n Munsk\u00e4nkarna ry:n Y-tunnus [&hellip;]\" \/>\n<meta property=\"og:url\" content=\"https:\/\/munskankarna.org\/jyvaskyla\/\" \/>\n<meta property=\"og:site_name\" content=\"Jyv\u00e4skyl\u00e4n Munsk\u00e4nkarna\" \/>\n<meta property=\"article:modified_time\" content=\"2026-01-27T14:23:48+00:00\" \/>\n<meta name=\"twitter:card\" content=\"summary_large_image\" \/>\n<meta name=\"twitter:label1\" content=\"Arvioitu lukuaika\" \/>\n\t<meta name=\"twitter:data1\" content=\"1 minuutti\" \/>\n<script type=\"application\/ld+json\" class=\"yoast-schema-graph\">{\"@context\":\"https:\/\/schema.org\",\"@graph\":[{\"@type\":\"WebPage\",\"@id\":\"https:\/\/munskankarna.org\/jyvaskyla\/\",\"url\":\"https:\/\/munskankarna.org\/jyvaskyla\/\",\"name\":\"Jyv\u00e4skyl\u00e4n Munsk\u00e4nkarna - Jyv\u00e4skyl\u00e4n Munsk\u00e4nkarna\",\"isPartOf\":{\"@id\":\"https:\/\/munskankarna.org\/jyvaskyla\/#website\"},\"datePublished\":\"2014-01-29T06:09:29+00:00\",\"dateModified\":\"2026-01-27T14:23:48+00:00\",\"breadcrumb\":{\"@id\":\"https:\/\/munskankarna.org\/jyvaskyla\/#breadcrumb\"},\"inLanguage\":\"fi\",\"potentialAction\":[{\"@type\":\"ReadAction\",\"target\":[\"https:\/\/munskankarna.org\/jyvaskyla\/\"]}]},{\"@type\":\"BreadcrumbList\",\"@id\":\"https:\/\/munskankarna.org\/jyvaskyla\/#breadcrumb\",\"itemListElement\":[{\"@type\":\"ListItem\",\"position\":1,\"name\":\"Home\",\"item\":\"https:\/\/munskankarna.org\/jyvaskyla\/\"},{\"@type\":\"ListItem\",\"position\":2,\"name\":\"Jyv\u00e4skyl\u00e4n Munsk\u00e4nkarna\"}]},{\"@type\":\"WebSite\",\"@id\":\"https:\/\/munskankarna.org\/jyvaskyla\/#website\",\"url\":\"https:\/\/munskankarna.org\/jyvaskyla\/\",\"name\":\"Jyv\u00e4skyl\u00e4n Munsk\u00e4nkarna\",\"description\":\"Tastingeja ja koulutusta jo vuodesta 1998\",\"potentialAction\":[{\"@type\":\"SearchAction\",\"target\":{\"@type\":\"EntryPoint\",\"urlTemplate\":\"https:\/\/munskankarna.org\/jyvaskyla\/?s={search_term_string}\"},\"query-input\":{\"@type\":\"PropertyValueSpecification\",\"valueRequired\":true,\"valueName\":\"search_term_string\"}}],\"inLanguage\":\"fi\"}]}<\/script>\n<!-- \/ Yoast SEO plugin. -->","yoast_head_json":{"title":"Jyv\u00e4skyl\u00e4n Munsk\u00e4nkarna - Jyv\u00e4skyl\u00e4n Munsk\u00e4nkarna","robots":{"index":"index","follow":"follow","max-snippet":"max-snippet:-1","max-image-preview":"max-image-preview:large","max-video-preview":"max-video-preview:-1"},"canonical":"https:\/\/munskankarna.org\/jyvaskyla\/","og_locale":"fi_FI","og_type":"article","og_title":"Jyv\u00e4skyl\u00e4n Munsk\u00e4nkarna - Jyv\u00e4skyl\u00e4n Munsk\u00e4nkarna","og_description":"Viiniseura Jyv\u00e4skyl\u00e4n Munsk\u00e4nkarna ry on perustettu vuonna 1998. J\u00e4senm\u00e4\u00e4r\u00e4mme vuoden 2026 alussa oli 50. J\u00e4rjest\u00e4mme vuosittain 9-10 tastingia eli maistelutilaisuutta vaihtuvista teemoista.\u00a0 Viinitiloille suuntautuvan ulkomaanmatkan teemme noin joka toinen vuosi. Toteutamme j\u00e4senillemme my\u00f6s koulutusta. Omaa viiniasiantuntemustaan voi testata kolmella eri taso- ja yhdell\u00e4 ryp\u00e4lekokeella, joiden materiaalista vastaa Suomen Munsk\u00e4nkarna ry. Viiniseura Jyv\u00e4skyl\u00e4n Munsk\u00e4nkarna ry:n Y-tunnus [&hellip;]","og_url":"https:\/\/munskankarna.org\/jyvaskyla\/","og_site_name":"Jyv\u00e4skyl\u00e4n Munsk\u00e4nkarna","article_modified_time":"2026-01-27T14:23:48+00:00","twitter_card":"summary_large_image","twitter_misc":{"Arvioitu lukuaika":"1 minuutti"},"schema":{"@context":"https:\/\/schema.org","@graph":[{"@type":"WebPage","@id":"https:\/\/munskankarna.org\/jyvaskyla\/","url":"https:\/\/munskankarna.org\/jyvaskyla\/","name":"Jyv\u00e4skyl\u00e4n Munsk\u00e4nkarna - Jyv\u00e4skyl\u00e4n Munsk\u00e4nkarna","isPartOf":{"@id":"https:\/\/munskankarna.org\/jyvaskyla\/#website"},"datePublished":"2014-01-29T06:09:29+00:00","dateModified":"2026-01-27T14:23:48+00:00","breadcrumb":{"@id":"https:\/\/munskankarna.org\/jyvaskyla\/#breadcrumb"},"inLanguage":"fi","potentialAction":[{"@type":"ReadAction","target":["https:\/\/munskankarna.org\/jyvaskyla\/"]}]},{"@type":"BreadcrumbList","@id":"https:\/\/munskankarna.org\/jyvaskyla\/#breadcrumb","itemListElement":[{"@type":"ListItem","position":1,"name":"Home","item":"https:\/\/munskankarna.org\/jyvaskyla\/"},{"@type":"ListItem","position":2,"name":"Jyv\u00e4skyl\u00e4n Munsk\u00e4nkarna"}]},{"@type":"WebSite","@id":"https:\/\/munskankarna.org\/jyvaskyla\/#website","url":"https:\/\/munskankarna.org\/jyvaskyla\/","name":"Jyv\u00e4skyl\u00e4n Munsk\u00e4nkarna","description":"Tastingeja ja koulutusta jo vuodesta 1998","potentialAction":[{"@type":"SearchAction","target":{"@type":"EntryPoint","urlTemplate":"https:\/\/munskankarna.org\/jyvaskyla\/?s={search_term_string}"},"query-input":{"@type":"PropertyValueSpecification","valueRequired":true,"valueName":"search_term_string"}}],"inLanguage":"fi"}]}},"aioseo_notices":[],"_links":{"self":[{"href":"https:\/\/munskankarna.org\/jyvaskyla\/wp-json\/wp\/v2\/pages\/6","targetHints":{"allow":["GET"]}}],"collection":[{"href":"https:\/\/munskankarna.org\/jyvaskyla\/wp-json\/wp\/v2\/pages"}],"about":[{"href":"https:\/\/munskankarna.org\/jyvaskyla\/wp-json\/wp\/v2\/types\/page"}],"author":[{"embeddable":true,"href":"https:\/\/munskankarna.org\/jyvaskyla\/wp-json\/wp\/v2\/users\/6"}],"replies":[{"embeddable":true,"href":"https:\/\/munskankarna.org\/jyvaskyla\/wp-json\/wp\/v2\/comments?post=6"}],"version-history":[{"count":42,"href":"https:\/\/munskankarna.org\/jyvaskyla\/wp-json\/wp\/v2\/pages\/6\/revisions"}],"predecessor-version":[{"id":2016,"href":"https:\/\/munskankarna.org\/jyvaskyla\/wp-json\/wp\/v2\/pages\/6\/revisions\/2016"}],"wp:attachment":[{"href":"https:\/\/munskankarna.org\/jyvaskyla\/wp-json\/wp\/v2\/media?parent=6"}],"curies":[{"name":"wp","href":"https:\/\/api.w.org\/{rel}","templated":true}]}}