{"id":15,"date":"2017-05-18T12:43:47","date_gmt":"2017-05-18T09:43:47","guid":{"rendered":"http:\/\/www.munskankarna.org\/kuopio\/?page_id=15"},"modified":"2017-05-18T12:52:34","modified_gmt":"2017-05-18T09:52:34","slug":"jasenyys","status":"publish","type":"page","link":"https:\/\/munskankarna.org\/kuopio\/jasenyys\/","title":{"rendered":"J\u00e4senyys"},"content":{"rendered":"<p>Liity j\u00e4seneksi.<\/p>\n\n<div class=\"wpcf7 no-js\" id=\"wpcf7-f31-o1\" lang=\"fi\" dir=\"ltr\" data-wpcf7-id=\"31\">\n<div class=\"screen-reader-response\"><p role=\"status\" aria-live=\"polite\" aria-atomic=\"true\"><\/p> <ul><\/ul><\/div>\n<form action=\"\/kuopio\/wp-json\/wp\/v2\/pages\/15#wpcf7-f31-o1\" method=\"post\" class=\"wpcf7-form init\" aria-label=\"Yhteydenottolomake\" novalidate=\"novalidate\" data-status=\"init\">\n<fieldset class=\"hidden-fields-container\"><input type=\"hidden\" name=\"_wpcf7\" value=\"31\" \/><input type=\"hidden\" name=\"_wpcf7_version\" value=\"6.1.5\" \/><input type=\"hidden\" name=\"_wpcf7_locale\" value=\"fi\" \/><input type=\"hidden\" name=\"_wpcf7_unit_tag\" value=\"wpcf7-f31-o1\" \/><input type=\"hidden\" name=\"_wpcf7_container_post\" value=\"0\" \/><input type=\"hidden\" name=\"_wpcf7_posted_data_hash\" value=\"\" \/>\n<\/fieldset>\n<h2>J\u00e4senhakemus\n<\/h2>\n<p><span class=\"wpcf7-form-control-wrap\" data-name=\"jasenyys\"><span class=\"wpcf7-form-control wpcf7-radio\"><span class=\"wpcf7-list-item first\"><input type=\"radio\" name=\"jasenyys\" value=\"Liityn yksitt\u00e4isen\u00e4 j\u00e4senen\u00e4\" \/><span class=\"wpcf7-list-item-label\">Liityn yksitt\u00e4isen\u00e4 j\u00e4senen\u00e4<\/span><\/span><span class=\"wpcf7-list-item last\"><input type=\"radio\" name=\"jasenyys\" value=\"Liitymme pariskuntana\" \/><span class=\"wpcf7-list-item-label\">Liitymme pariskuntana<\/span><\/span><\/span><\/span>\n<\/p>\n<table id=\"jasenhakemus\">\n\t<tr>\n\t\t<td>\n\t\t\t<p><span class=\"wpcf7-form-control-wrap\" data-name=\"etunimi\"><input size=\"40\" maxlength=\"400\" class=\"wpcf7-form-control wpcf7-text wpcf7-validates-as-required\" aria-required=\"true\" aria-invalid=\"false\" placeholder=\"Etunimi*\" value=\"\" type=\"text\" name=\"etunimi\" \/><\/span>\n\t\t\t<\/p>\n\t\t\t<p><span class=\"wpcf7-form-control-wrap\" data-name=\"sukunimi\"><input size=\"40\" maxlength=\"400\" class=\"wpcf7-form-control wpcf7-text wpcf7-validates-as-required\" aria-required=\"true\" aria-invalid=\"false\" placeholder=\"Sukunimi*\" value=\"\" type=\"text\" name=\"sukunimi\" \/><\/span>\n\t\t\t<\/p>\n\t\t\t<p><span class=\"wpcf7-form-control-wrap\" data-name=\"puhnro\"><input size=\"40\" maxlength=\"400\" class=\"wpcf7-form-control wpcf7-tel wpcf7-validates-as-required wpcf7-text wpcf7-validates-as-tel\" aria-required=\"true\" aria-invalid=\"false\" placeholder=\"Puhelinnumero*\" value=\"\" type=\"tel\" name=\"puhnro\" \/><\/span>\n\t\t\t<\/p>\n\t\t\t<p><span class=\"wpcf7-form-control-wrap\" data-name=\"sahkoposti\"><input size=\"40\" maxlength=\"400\" class=\"wpcf7-form-control wpcf7-email wpcf7-validates-as-required wpcf7-text wpcf7-validates-as-email\" aria-required=\"true\" aria-invalid=\"false\" placeholder=\"S\u00e4hk\u00f6postiosoite*\" value=\"\" type=\"email\" name=\"sahkoposti\" \/><\/span>\n\t\t\t<\/p>\n\t\t<\/td>\n\t\t<td>\n\t\t\t<p><span class=\"wpcf7-form-control-wrap\" data-name=\"etunimi-2\"><input size=\"40\" maxlength=\"400\" class=\"wpcf7-form-control wpcf7-text\" aria-invalid=\"false\" placeholder=\"Pariskunnan 2. osapuolen etunimi\" value=\"\" type=\"text\" name=\"etunimi-2\" \/><\/span>\n\t\t\t<\/p>\n\t\t\t<p><span class=\"wpcf7-form-control-wrap\" data-name=\"sukunimi-2\"><input size=\"40\" maxlength=\"400\" class=\"wpcf7-form-control wpcf7-text\" aria-invalid=\"false\" placeholder=\"Pariskunnan 2. osapuolen sukunimi\" value=\"\" type=\"text\" name=\"sukunimi-2\" \/><\/span>\n\t\t\t<\/p>\n\t\t\t<p><span class=\"wpcf7-form-control-wrap\" data-name=\"puhnro-2\"><input size=\"40\" maxlength=\"400\" class=\"wpcf7-form-control wpcf7-tel wpcf7-text wpcf7-validates-as-tel\" aria-invalid=\"false\" placeholder=\"Pariskunnan 2. osapuolen puhelinnumero\" value=\"\" type=\"tel\" name=\"puhnro-2\" \/><\/span>\n\t\t\t<\/p>\n\t\t\t<p><span class=\"wpcf7-form-control-wrap\" data-name=\"sahkoposti-2\"><input size=\"40\" maxlength=\"400\" class=\"wpcf7-form-control wpcf7-email wpcf7-text wpcf7-validates-as-email\" aria-invalid=\"false\" placeholder=\"Pariskunnan 2. osapuolen s\u00e4hk\u00f6postiosoite\" value=\"\" type=\"email\" name=\"sahkoposti-2\" \/><\/span>\n\t\t\t<\/p>\n\t\t<\/td>\n\t<\/tr>\n<\/table>\n<p><span class=\"wpcf7-form-control-wrap\" data-name=\"postiosoite\"><input size=\"40\" maxlength=\"400\" class=\"wpcf7-form-control wpcf7-text wpcf7-validates-as-required\" aria-required=\"true\" aria-invalid=\"false\" placeholder=\"Postiosoite*\" value=\"\" type=\"text\" name=\"postiosoite\" \/><\/span>\n<\/p>\n<p><span class=\"wpcf7-form-control-wrap\" data-name=\"postinumero\"><input size=\"40\" maxlength=\"400\" class=\"wpcf7-form-control wpcf7-text wpcf7-validates-as-required\" aria-required=\"true\" aria-invalid=\"false\" placeholder=\"Postinumero*\" value=\"\" type=\"text\" name=\"postinumero\" \/><\/span>\n<\/p>\n<p><span class=\"wpcf7-form-control-wrap\" data-name=\"postitoimipaikka\"><input size=\"40\" maxlength=\"400\" class=\"wpcf7-form-control wpcf7-text wpcf7-validates-as-required\" aria-required=\"true\" aria-invalid=\"false\" placeholder=\"Postitoimipaikka*\" value=\"\" type=\"text\" name=\"postitoimipaikka\" \/><\/span>\n<\/p>\n<p><span class=\"wpcf7-form-control-wrap\" data-name=\"perustelut\"><textarea cols=\"40\" rows=\"3\" maxlength=\"2000\" class=\"wpcf7-form-control wpcf7-textarea\" aria-invalid=\"false\" placeholder=\"Perustele lyhyesti, miksi olet\/olette kiinnostuneet liittym\u00e4\u00e4n viiniseuraamme*\" name=\"perustelut\"><\/textarea><\/span>\n<\/p>\n<p><input class=\"wpcf7-form-control wpcf7-submit has-spinner\" type=\"submit\" value=\"L\u00e4het\u00e4\" \/>\n<\/p><div class=\"wpcf7-response-output\" aria-hidden=\"true\"><\/div>\n<\/form>\n<\/div>\n\n","protected":false},"excerpt":{"rendered":"<p>Liity j\u00e4seneksi.<\/p>\n","protected":false},"author":1,"featured_media":0,"parent":0,"menu_order":3,"comment_status":"closed","ping_status":"closed","template":"","meta":{"footnotes":""},"class_list":["post-15","page","type-page","status-publish","hentry"],"yoast_head":"<!-- This site is optimized with the Yoast SEO plugin v27.0 - https:\/\/yoast.com\/product\/yoast-seo-wordpress\/ -->\n<title>J\u00e4senyys - Kuopion Munsk\u00e4nkarna<\/title>\n<meta name=\"robots\" content=\"noindex, follow, max-snippet:-1, max-image-preview:large, max-video-preview:-1\" \/>\n<meta property=\"og:locale\" content=\"fi_FI\" \/>\n<meta property=\"og:type\" content=\"article\" \/>\n<meta property=\"og:title\" content=\"J\u00e4senyys - Kuopion Munsk\u00e4nkarna\" \/>\n<meta property=\"og:description\" content=\"Liity j\u00e4seneksi.\" \/>\n<meta property=\"og:url\" content=\"https:\/\/munskankarna.org\/kuopio\/jasenyys\/\" \/>\n<meta property=\"og:site_name\" content=\"Kuopion Munsk\u00e4nkarna\" \/>\n<meta property=\"article:modified_time\" content=\"2017-05-18T09:52:34+00:00\" \/>\n<meta name=\"twitter:card\" content=\"summary_large_image\" \/>\n<script type=\"application\/ld+json\" class=\"yoast-schema-graph\">{\"@context\":\"https:\/\/schema.org\",\"@graph\":[{\"@type\":\"WebPage\",\"@id\":\"https:\/\/munskankarna.org\/kuopio\/jasenyys\/\",\"url\":\"https:\/\/munskankarna.org\/kuopio\/jasenyys\/\",\"name\":\"J\u00e4senyys - Kuopion Munsk\u00e4nkarna\",\"isPartOf\":{\"@id\":\"https:\/\/munskankarna.org\/kuopio\/#website\"},\"datePublished\":\"2017-05-18T09:43:47+00:00\",\"dateModified\":\"2017-05-18T09:52:34+00:00\",\"breadcrumb\":{\"@id\":\"https:\/\/munskankarna.org\/kuopio\/jasenyys\/#breadcrumb\"},\"inLanguage\":\"fi\",\"potentialAction\":[{\"@type\":\"ReadAction\",\"target\":[\"https:\/\/munskankarna.org\/kuopio\/jasenyys\/\"]}]},{\"@type\":\"BreadcrumbList\",\"@id\":\"https:\/\/munskankarna.org\/kuopio\/jasenyys\/#breadcrumb\",\"itemListElement\":[{\"@type\":\"ListItem\",\"position\":1,\"name\":\"Home\",\"item\":\"https:\/\/munskankarna.org\/kuopio\/\"},{\"@type\":\"ListItem\",\"position\":2,\"name\":\"J\u00e4senyys\"}]},{\"@type\":\"WebSite\",\"@id\":\"https:\/\/munskankarna.org\/kuopio\/#website\",\"url\":\"https:\/\/munskankarna.org\/kuopio\/\",\"name\":\"Kuopion Munsk\u00e4nkarna\",\"description\":\"Viininmaistajaisia ja koulutuksia vuodesta 2016\",\"potentialAction\":[{\"@type\":\"SearchAction\",\"target\":{\"@type\":\"EntryPoint\",\"urlTemplate\":\"https:\/\/munskankarna.org\/kuopio\/?s={search_term_string}\"},\"query-input\":{\"@type\":\"PropertyValueSpecification\",\"valueRequired\":true,\"valueName\":\"search_term_string\"}}],\"inLanguage\":\"fi\"}]}<\/script>\n<!-- \/ Yoast SEO plugin. -->","yoast_head_json":{"title":"J\u00e4senyys - Kuopion Munsk\u00e4nkarna","robots":{"index":"noindex","follow":"follow","max-snippet":"max-snippet:-1","max-image-preview":"max-image-preview:large","max-video-preview":"max-video-preview:-1"},"og_locale":"fi_FI","og_type":"article","og_title":"J\u00e4senyys - Kuopion Munsk\u00e4nkarna","og_description":"Liity j\u00e4seneksi.","og_url":"https:\/\/munskankarna.org\/kuopio\/jasenyys\/","og_site_name":"Kuopion Munsk\u00e4nkarna","article_modified_time":"2017-05-18T09:52:34+00:00","twitter_card":"summary_large_image","schema":{"@context":"https:\/\/schema.org","@graph":[{"@type":"WebPage","@id":"https:\/\/munskankarna.org\/kuopio\/jasenyys\/","url":"https:\/\/munskankarna.org\/kuopio\/jasenyys\/","name":"J\u00e4senyys - Kuopion Munsk\u00e4nkarna","isPartOf":{"@id":"https:\/\/munskankarna.org\/kuopio\/#website"},"datePublished":"2017-05-18T09:43:47+00:00","dateModified":"2017-05-18T09:52:34+00:00","breadcrumb":{"@id":"https:\/\/munskankarna.org\/kuopio\/jasenyys\/#breadcrumb"},"inLanguage":"fi","potentialAction":[{"@type":"ReadAction","target":["https:\/\/munskankarna.org\/kuopio\/jasenyys\/"]}]},{"@type":"BreadcrumbList","@id":"https:\/\/munskankarna.org\/kuopio\/jasenyys\/#breadcrumb","itemListElement":[{"@type":"ListItem","position":1,"name":"Home","item":"https:\/\/munskankarna.org\/kuopio\/"},{"@type":"ListItem","position":2,"name":"J\u00e4senyys"}]},{"@type":"WebSite","@id":"https:\/\/munskankarna.org\/kuopio\/#website","url":"https:\/\/munskankarna.org\/kuopio\/","name":"Kuopion Munsk\u00e4nkarna","description":"Viininmaistajaisia ja koulutuksia vuodesta 2016","potentialAction":[{"@type":"SearchAction","target":{"@type":"EntryPoint","urlTemplate":"https:\/\/munskankarna.org\/kuopio\/?s={search_term_string}"},"query-input":{"@type":"PropertyValueSpecification","valueRequired":true,"valueName":"search_term_string"}}],"inLanguage":"fi"}]}},"_links":{"self":[{"href":"https:\/\/munskankarna.org\/kuopio\/wp-json\/wp\/v2\/pages\/15","targetHints":{"allow":["GET"]}}],"collection":[{"href":"https:\/\/munskankarna.org\/kuopio\/wp-json\/wp\/v2\/pages"}],"about":[{"href":"https:\/\/munskankarna.org\/kuopio\/wp-json\/wp\/v2\/types\/page"}],"author":[{"embeddable":true,"href":"https:\/\/munskankarna.org\/kuopio\/wp-json\/wp\/v2\/users\/1"}],"replies":[{"embeddable":true,"href":"https:\/\/munskankarna.org\/kuopio\/wp-json\/wp\/v2\/comments?post=15"}],"version-history":[{"count":2,"href":"https:\/\/munskankarna.org\/kuopio\/wp-json\/wp\/v2\/pages\/15\/revisions"}],"predecessor-version":[{"id":32,"href":"https:\/\/munskankarna.org\/kuopio\/wp-json\/wp\/v2\/pages\/15\/revisions\/32"}],"wp:attachment":[{"href":"https:\/\/munskankarna.org\/kuopio\/wp-json\/wp\/v2\/media?parent=15"}],"curies":[{"name":"wp","href":"https:\/\/api.w.org\/{rel}","templated":true}]}}