{"id":2,"date":"2017-05-18T12:32:06","date_gmt":"2017-05-18T09:32:06","guid":{"rendered":"http:\/\/www.munskankarna.org\/kuopio\/?page_id=2"},"modified":"2021-10-01T07:45:59","modified_gmt":"2021-10-01T04:45:59","slug":"etusivu","status":"publish","type":"page","link":"https:\/\/munskankarna.org\/kuopio\/","title":{"rendered":"Etusivu"},"content":{"rendered":"<p>Viiniharrastelijoiden ja nautiskelijoiden yhdistys Kuopion Munskank\u00e4rn\u00e4 Ry on perustettu vuonna 2016. J\u00e4senm\u00e4\u00e4r\u00e4mme on t\u00e4ll\u00e4 hetkell\u00e4 29.<\/p>\n<p>J\u00e4rjest\u00e4mme vuosittain\u00a07 \u2013 9 tastingia vaihtuvista teemoista p\u00e4\u00e4asiassa j\u00e4senien toimesta. Toteutamme j\u00e4senillemme my\u00f6s koulutusta. Omaa viiniasiantuntemustaan voi testata kolmella eri taso- ja yhdell\u00e4 ryp\u00e4lekokeella, joiden materiaalista vastaa Suomen Munsk\u00e4nkarna ry.<\/p>\n<p>&nbsp;<\/p>\n","protected":false},"excerpt":{"rendered":"<p>Viiniharrastelijoiden ja nautiskelijoiden yhdistys Kuopion Munskank\u00e4rn\u00e4 Ry on perustettu vuonna 2016. J\u00e4senm\u00e4\u00e4r\u00e4mme on t\u00e4ll\u00e4 hetkell\u00e4 29. J\u00e4rjest\u00e4mme vuosittain\u00a07 \u2013 9 tastingia vaihtuvista teemoista p\u00e4\u00e4asiassa j\u00e4senien toimesta. Toteutamme j\u00e4senillemme my\u00f6s koulutusta. Omaa viiniasiantuntemustaan voi testata kolmella eri taso- ja yhdell\u00e4 ryp\u00e4lekokeella, joiden materiaalista vastaa Suomen Munsk\u00e4nkarna ry. &nbsp;<\/p>\n","protected":false},"author":1,"featured_media":0,"parent":0,"menu_order":0,"comment_status":"closed","ping_status":"closed","template":"","meta":{"footnotes":""},"class_list":["post-2","page","type-page","status-publish","hentry"],"yoast_head":"<!-- This site is optimized with the Yoast SEO plugin v27.0 - https:\/\/yoast.com\/product\/yoast-seo-wordpress\/ -->\n<title>Etusivu - Kuopion Munsk\u00e4nkarna<\/title>\n<meta name=\"robots\" content=\"noindex, follow, max-snippet:-1, max-image-preview:large, max-video-preview:-1\" \/>\n<meta property=\"og:locale\" content=\"fi_FI\" \/>\n<meta property=\"og:type\" content=\"article\" \/>\n<meta property=\"og:title\" content=\"Etusivu - Kuopion Munsk\u00e4nkarna\" \/>\n<meta property=\"og:description\" content=\"Viiniharrastelijoiden ja nautiskelijoiden yhdistys Kuopion Munskank\u00e4rn\u00e4 Ry on perustettu vuonna 2016. J\u00e4senm\u00e4\u00e4r\u00e4mme on t\u00e4ll\u00e4 hetkell\u00e4 29. J\u00e4rjest\u00e4mme vuosittain\u00a07 \u2013 9 tastingia vaihtuvista teemoista p\u00e4\u00e4asiassa j\u00e4senien toimesta. Toteutamme j\u00e4senillemme my\u00f6s koulutusta. Omaa viiniasiantuntemustaan voi testata kolmella eri taso- ja yhdell\u00e4 ryp\u00e4lekokeella, joiden materiaalista vastaa Suomen Munsk\u00e4nkarna ry. &nbsp;\" \/>\n<meta property=\"og:url\" content=\"https:\/\/munskankarna.org\/kuopio\/\" \/>\n<meta property=\"og:site_name\" content=\"Kuopion Munsk\u00e4nkarna\" \/>\n<meta property=\"article:modified_time\" content=\"2021-10-01T04:45:59+00:00\" \/>\n<meta name=\"twitter:card\" content=\"summary_large_image\" \/>\n<script type=\"application\/ld+json\" class=\"yoast-schema-graph\">{\"@context\":\"https:\/\/schema.org\",\"@graph\":[{\"@type\":\"WebPage\",\"@id\":\"https:\/\/munskankarna.org\/kuopio\/\",\"url\":\"https:\/\/munskankarna.org\/kuopio\/\",\"name\":\"Etusivu - Kuopion Munsk\u00e4nkarna\",\"isPartOf\":{\"@id\":\"https:\/\/munskankarna.org\/kuopio\/#website\"},\"datePublished\":\"2017-05-18T09:32:06+00:00\",\"dateModified\":\"2021-10-01T04:45:59+00:00\",\"breadcrumb\":{\"@id\":\"https:\/\/munskankarna.org\/kuopio\/#breadcrumb\"},\"inLanguage\":\"fi\",\"potentialAction\":[{\"@type\":\"ReadAction\",\"target\":[\"https:\/\/munskankarna.org\/kuopio\/\"]}]},{\"@type\":\"BreadcrumbList\",\"@id\":\"https:\/\/munskankarna.org\/kuopio\/#breadcrumb\",\"itemListElement\":[{\"@type\":\"ListItem\",\"position\":1,\"name\":\"Home\",\"item\":\"https:\/\/munskankarna.org\/kuopio\/\"},{\"@type\":\"ListItem\",\"position\":2,\"name\":\"Etusivu\"}]},{\"@type\":\"WebSite\",\"@id\":\"https:\/\/munskankarna.org\/kuopio\/#website\",\"url\":\"https:\/\/munskankarna.org\/kuopio\/\",\"name\":\"Kuopion Munsk\u00e4nkarna\",\"description\":\"Viininmaistajaisia ja koulutuksia vuodesta 2016\",\"potentialAction\":[{\"@type\":\"SearchAction\",\"target\":{\"@type\":\"EntryPoint\",\"urlTemplate\":\"https:\/\/munskankarna.org\/kuopio\/?s={search_term_string}\"},\"query-input\":{\"@type\":\"PropertyValueSpecification\",\"valueRequired\":true,\"valueName\":\"search_term_string\"}}],\"inLanguage\":\"fi\"}]}<\/script>\n<!-- \/ Yoast SEO plugin. -->","yoast_head_json":{"title":"Etusivu - Kuopion Munsk\u00e4nkarna","robots":{"index":"noindex","follow":"follow","max-snippet":"max-snippet:-1","max-image-preview":"max-image-preview:large","max-video-preview":"max-video-preview:-1"},"og_locale":"fi_FI","og_type":"article","og_title":"Etusivu - Kuopion Munsk\u00e4nkarna","og_description":"Viiniharrastelijoiden ja nautiskelijoiden yhdistys Kuopion Munskank\u00e4rn\u00e4 Ry on perustettu vuonna 2016. J\u00e4senm\u00e4\u00e4r\u00e4mme on t\u00e4ll\u00e4 hetkell\u00e4 29. J\u00e4rjest\u00e4mme vuosittain\u00a07 \u2013 9 tastingia vaihtuvista teemoista p\u00e4\u00e4asiassa j\u00e4senien toimesta. Toteutamme j\u00e4senillemme my\u00f6s koulutusta. Omaa viiniasiantuntemustaan voi testata kolmella eri taso- ja yhdell\u00e4 ryp\u00e4lekokeella, joiden materiaalista vastaa Suomen Munsk\u00e4nkarna ry. &nbsp;","og_url":"https:\/\/munskankarna.org\/kuopio\/","og_site_name":"Kuopion Munsk\u00e4nkarna","article_modified_time":"2021-10-01T04:45:59+00:00","twitter_card":"summary_large_image","schema":{"@context":"https:\/\/schema.org","@graph":[{"@type":"WebPage","@id":"https:\/\/munskankarna.org\/kuopio\/","url":"https:\/\/munskankarna.org\/kuopio\/","name":"Etusivu - Kuopion Munsk\u00e4nkarna","isPartOf":{"@id":"https:\/\/munskankarna.org\/kuopio\/#website"},"datePublished":"2017-05-18T09:32:06+00:00","dateModified":"2021-10-01T04:45:59+00:00","breadcrumb":{"@id":"https:\/\/munskankarna.org\/kuopio\/#breadcrumb"},"inLanguage":"fi","potentialAction":[{"@type":"ReadAction","target":["https:\/\/munskankarna.org\/kuopio\/"]}]},{"@type":"BreadcrumbList","@id":"https:\/\/munskankarna.org\/kuopio\/#breadcrumb","itemListElement":[{"@type":"ListItem","position":1,"name":"Home","item":"https:\/\/munskankarna.org\/kuopio\/"},{"@type":"ListItem","position":2,"name":"Etusivu"}]},{"@type":"WebSite","@id":"https:\/\/munskankarna.org\/kuopio\/#website","url":"https:\/\/munskankarna.org\/kuopio\/","name":"Kuopion Munsk\u00e4nkarna","description":"Viininmaistajaisia ja koulutuksia vuodesta 2016","potentialAction":[{"@type":"SearchAction","target":{"@type":"EntryPoint","urlTemplate":"https:\/\/munskankarna.org\/kuopio\/?s={search_term_string}"},"query-input":{"@type":"PropertyValueSpecification","valueRequired":true,"valueName":"search_term_string"}}],"inLanguage":"fi"}]}},"_links":{"self":[{"href":"https:\/\/munskankarna.org\/kuopio\/wp-json\/wp\/v2\/pages\/2","targetHints":{"allow":["GET"]}}],"collection":[{"href":"https:\/\/munskankarna.org\/kuopio\/wp-json\/wp\/v2\/pages"}],"about":[{"href":"https:\/\/munskankarna.org\/kuopio\/wp-json\/wp\/v2\/types\/page"}],"author":[{"embeddable":true,"href":"https:\/\/munskankarna.org\/kuopio\/wp-json\/wp\/v2\/users\/1"}],"replies":[{"embeddable":true,"href":"https:\/\/munskankarna.org\/kuopio\/wp-json\/wp\/v2\/comments?post=2"}],"version-history":[{"count":7,"href":"https:\/\/munskankarna.org\/kuopio\/wp-json\/wp\/v2\/pages\/2\/revisions"}],"predecessor-version":[{"id":103,"href":"https:\/\/munskankarna.org\/kuopio\/wp-json\/wp\/v2\/pages\/2\/revisions\/103"}],"wp:attachment":[{"href":"https:\/\/munskankarna.org\/kuopio\/wp-json\/wp\/v2\/media?parent=2"}],"curies":[{"name":"wp","href":"https:\/\/api.w.org\/{rel}","templated":true}]}}