{"id":40,"date":"2017-09-14T14:08:51","date_gmt":"2017-09-14T11:08:51","guid":{"rendered":"http:\/\/www.munskankarna.org\/kuopio\/?page_id=40"},"modified":"2017-09-14T14:08:51","modified_gmt":"2017-09-14T11:08:51","slug":"koulutus","status":"publish","type":"page","link":"https:\/\/munskankarna.org\/kuopio\/koulutus\/","title":{"rendered":"Koulutus"},"content":{"rendered":"<p>Lis\u00e4t\u00e4\u00e4n tietoa koulutuksista.<\/p>\n","protected":false},"excerpt":{"rendered":"<p>Lis\u00e4t\u00e4\u00e4n tietoa koulutuksista.<\/p>\n","protected":false},"author":1,"featured_media":0,"parent":0,"menu_order":0,"comment_status":"closed","ping_status":"closed","template":"","meta":{"footnotes":""},"class_list":["post-40","page","type-page","status-publish","hentry"],"yoast_head":"<!-- This site is optimized with the Yoast SEO plugin v27.0 - https:\/\/yoast.com\/product\/yoast-seo-wordpress\/ -->\n<title>Koulutus - Kuopion Munsk\u00e4nkarna<\/title>\n<meta name=\"robots\" content=\"noindex, follow, max-snippet:-1, max-image-preview:large, max-video-preview:-1\" \/>\n<meta property=\"og:locale\" content=\"fi_FI\" \/>\n<meta property=\"og:type\" content=\"article\" \/>\n<meta property=\"og:title\" content=\"Koulutus - Kuopion Munsk\u00e4nkarna\" \/>\n<meta property=\"og:description\" content=\"Lis\u00e4t\u00e4\u00e4n tietoa koulutuksista.\" \/>\n<meta property=\"og:url\" content=\"https:\/\/munskankarna.org\/kuopio\/koulutus\/\" \/>\n<meta property=\"og:site_name\" content=\"Kuopion Munsk\u00e4nkarna\" \/>\n<meta name=\"twitter:card\" content=\"summary_large_image\" \/>\n<script type=\"application\/ld+json\" class=\"yoast-schema-graph\">{\"@context\":\"https:\/\/schema.org\",\"@graph\":[{\"@type\":\"WebPage\",\"@id\":\"https:\/\/munskankarna.org\/kuopio\/koulutus\/\",\"url\":\"https:\/\/munskankarna.org\/kuopio\/koulutus\/\",\"name\":\"Koulutus - Kuopion Munsk\u00e4nkarna\",\"isPartOf\":{\"@id\":\"https:\/\/munskankarna.org\/kuopio\/#website\"},\"datePublished\":\"2017-09-14T11:08:51+00:00\",\"breadcrumb\":{\"@id\":\"https:\/\/munskankarna.org\/kuopio\/koulutus\/#breadcrumb\"},\"inLanguage\":\"fi\",\"potentialAction\":[{\"@type\":\"ReadAction\",\"target\":[\"https:\/\/munskankarna.org\/kuopio\/koulutus\/\"]}]},{\"@type\":\"BreadcrumbList\",\"@id\":\"https:\/\/munskankarna.org\/kuopio\/koulutus\/#breadcrumb\",\"itemListElement\":[{\"@type\":\"ListItem\",\"position\":1,\"name\":\"Home\",\"item\":\"https:\/\/munskankarna.org\/kuopio\/\"},{\"@type\":\"ListItem\",\"position\":2,\"name\":\"Koulutus\"}]},{\"@type\":\"WebSite\",\"@id\":\"https:\/\/munskankarna.org\/kuopio\/#website\",\"url\":\"https:\/\/munskankarna.org\/kuopio\/\",\"name\":\"Kuopion Munsk\u00e4nkarna\",\"description\":\"Viininmaistajaisia ja koulutuksia vuodesta 2016\",\"potentialAction\":[{\"@type\":\"SearchAction\",\"target\":{\"@type\":\"EntryPoint\",\"urlTemplate\":\"https:\/\/munskankarna.org\/kuopio\/?s={search_term_string}\"},\"query-input\":{\"@type\":\"PropertyValueSpecification\",\"valueRequired\":true,\"valueName\":\"search_term_string\"}}],\"inLanguage\":\"fi\"}]}<\/script>\n<!-- \/ Yoast SEO plugin. -->","yoast_head_json":{"title":"Koulutus - Kuopion Munsk\u00e4nkarna","robots":{"index":"noindex","follow":"follow","max-snippet":"max-snippet:-1","max-image-preview":"max-image-preview:large","max-video-preview":"max-video-preview:-1"},"og_locale":"fi_FI","og_type":"article","og_title":"Koulutus - Kuopion Munsk\u00e4nkarna","og_description":"Lis\u00e4t\u00e4\u00e4n tietoa koulutuksista.","og_url":"https:\/\/munskankarna.org\/kuopio\/koulutus\/","og_site_name":"Kuopion Munsk\u00e4nkarna","twitter_card":"summary_large_image","schema":{"@context":"https:\/\/schema.org","@graph":[{"@type":"WebPage","@id":"https:\/\/munskankarna.org\/kuopio\/koulutus\/","url":"https:\/\/munskankarna.org\/kuopio\/koulutus\/","name":"Koulutus - Kuopion Munsk\u00e4nkarna","isPartOf":{"@id":"https:\/\/munskankarna.org\/kuopio\/#website"},"datePublished":"2017-09-14T11:08:51+00:00","breadcrumb":{"@id":"https:\/\/munskankarna.org\/kuopio\/koulutus\/#breadcrumb"},"inLanguage":"fi","potentialAction":[{"@type":"ReadAction","target":["https:\/\/munskankarna.org\/kuopio\/koulutus\/"]}]},{"@type":"BreadcrumbList","@id":"https:\/\/munskankarna.org\/kuopio\/koulutus\/#breadcrumb","itemListElement":[{"@type":"ListItem","position":1,"name":"Home","item":"https:\/\/munskankarna.org\/kuopio\/"},{"@type":"ListItem","position":2,"name":"Koulutus"}]},{"@type":"WebSite","@id":"https:\/\/munskankarna.org\/kuopio\/#website","url":"https:\/\/munskankarna.org\/kuopio\/","name":"Kuopion Munsk\u00e4nkarna","description":"Viininmaistajaisia ja koulutuksia vuodesta 2016","potentialAction":[{"@type":"SearchAction","target":{"@type":"EntryPoint","urlTemplate":"https:\/\/munskankarna.org\/kuopio\/?s={search_term_string}"},"query-input":{"@type":"PropertyValueSpecification","valueRequired":true,"valueName":"search_term_string"}}],"inLanguage":"fi"}]}},"_links":{"self":[{"href":"https:\/\/munskankarna.org\/kuopio\/wp-json\/wp\/v2\/pages\/40","targetHints":{"allow":["GET"]}}],"collection":[{"href":"https:\/\/munskankarna.org\/kuopio\/wp-json\/wp\/v2\/pages"}],"about":[{"href":"https:\/\/munskankarna.org\/kuopio\/wp-json\/wp\/v2\/types\/page"}],"author":[{"embeddable":true,"href":"https:\/\/munskankarna.org\/kuopio\/wp-json\/wp\/v2\/users\/1"}],"replies":[{"embeddable":true,"href":"https:\/\/munskankarna.org\/kuopio\/wp-json\/wp\/v2\/comments?post=40"}],"version-history":[{"count":2,"href":"https:\/\/munskankarna.org\/kuopio\/wp-json\/wp\/v2\/pages\/40\/revisions"}],"predecessor-version":[{"id":44,"href":"https:\/\/munskankarna.org\/kuopio\/wp-json\/wp\/v2\/pages\/40\/revisions\/44"}],"wp:attachment":[{"href":"https:\/\/munskankarna.org\/kuopio\/wp-json\/wp\/v2\/media?parent=40"}],"curies":[{"name":"wp","href":"https:\/\/api.w.org\/{rel}","templated":true}]}}