{"id":176,"date":"2018-12-03T08:22:58","date_gmt":"2018-12-03T06:22:58","guid":{"rendered":"https:\/\/www.munskankarna.org\/oulu\/?page_id=176"},"modified":"2018-12-03T08:46:34","modified_gmt":"2018-12-03T06:46:34","slug":"kokousmuistiot","status":"publish","type":"page","link":"https:\/\/munskankarna.org\/oulu\/toiminta\/kokousmuistiot\/","title":{"rendered":"Kokousmuistiot"},"content":{"rendered":"<p>T\u00e4nne lis\u00e4t\u00e4\u00e4n Viiniseura Oulun Munsk\u00e4nkarnan julkiset kokousmuistiot<\/p>\n<p><a href=\"https:\/\/munskankarna.org\/oulu\/wp-content\/uploads\/sites\/4\/2018\/12\/Vaali-ja-vuosikokous-2018.pdf\">Vaali-ja-vuosikokous-2018<\/a><\/p>\n","protected":false},"excerpt":{"rendered":"<p>T\u00e4nne lis\u00e4t\u00e4\u00e4n Viiniseura Oulun Munsk\u00e4nkarnan julkiset kokousmuistiot Vaali-ja-vuosikokous-2018<\/p>\n","protected":false},"author":10,"featured_media":0,"parent":35,"menu_order":0,"comment_status":"closed","ping_status":"closed","template":"","meta":{"_monsterinsights_skip_tracking":false,"_monsterinsights_sitenote_active":false,"_monsterinsights_sitenote_note":"","_monsterinsights_sitenote_category":0,"footnotes":""},"class_list":["post-176","page","type-page","status-publish","hentry"],"yoast_head":"<!-- This site is optimized with the Yoast SEO plugin v27.3 - https:\/\/yoast.com\/product\/yoast-seo-wordpress\/ -->\n<title>Kokousmuistiot - Oulun Munsk\u00e4nkarna<\/title>\n<meta name=\"robots\" content=\"index, follow, max-snippet:-1, max-image-preview:large, max-video-preview:-1\" \/>\n<link rel=\"canonical\" href=\"https:\/\/munskankarna.org\/oulu\/toiminta\/kokousmuistiot\/\" \/>\n<meta property=\"og:locale\" content=\"fi_FI\" \/>\n<meta property=\"og:type\" content=\"article\" \/>\n<meta property=\"og:title\" content=\"Kokousmuistiot - Oulun Munsk\u00e4nkarna\" \/>\n<meta property=\"og:description\" content=\"T\u00e4nne lis\u00e4t\u00e4\u00e4n Viiniseura Oulun Munsk\u00e4nkarnan julkiset kokousmuistiot Vaali-ja-vuosikokous-2018\" \/>\n<meta property=\"og:url\" content=\"https:\/\/munskankarna.org\/oulu\/toiminta\/kokousmuistiot\/\" \/>\n<meta property=\"og:site_name\" content=\"Oulun Munsk\u00e4nkarna\" \/>\n<meta property=\"article:modified_time\" content=\"2018-12-03T06:46:34+00:00\" \/>\n<meta name=\"twitter:card\" content=\"summary_large_image\" \/>\n<script type=\"application\/ld+json\" class=\"yoast-schema-graph\">{\"@context\":\"https:\\\/\\\/schema.org\",\"@graph\":[{\"@type\":\"WebPage\",\"@id\":\"https:\\\/\\\/munskankarna.org\\\/oulu\\\/toiminta\\\/kokousmuistiot\\\/\",\"url\":\"https:\\\/\\\/munskankarna.org\\\/oulu\\\/toiminta\\\/kokousmuistiot\\\/\",\"name\":\"Kokousmuistiot - Oulun Munsk\u00e4nkarna\",\"isPartOf\":{\"@id\":\"https:\\\/\\\/munskankarna.org\\\/oulu\\\/#website\"},\"datePublished\":\"2018-12-03T06:22:58+00:00\",\"dateModified\":\"2018-12-03T06:46:34+00:00\",\"breadcrumb\":{\"@id\":\"https:\\\/\\\/munskankarna.org\\\/oulu\\\/toiminta\\\/kokousmuistiot\\\/#breadcrumb\"},\"inLanguage\":\"fi\",\"potentialAction\":[{\"@type\":\"ReadAction\",\"target\":[\"https:\\\/\\\/munskankarna.org\\\/oulu\\\/toiminta\\\/kokousmuistiot\\\/\"]}]},{\"@type\":\"BreadcrumbList\",\"@id\":\"https:\\\/\\\/munskankarna.org\\\/oulu\\\/toiminta\\\/kokousmuistiot\\\/#breadcrumb\",\"itemListElement\":[{\"@type\":\"ListItem\",\"position\":1,\"name\":\"Home\",\"item\":\"https:\\\/\\\/munskankarna.org\\\/oulu\\\/\"},{\"@type\":\"ListItem\",\"position\":2,\"name\":\"Toiminta\",\"item\":\"https:\\\/\\\/munskankarna.org\\\/oulu\\\/toiminta\\\/\"},{\"@type\":\"ListItem\",\"position\":3,\"name\":\"Kokousmuistiot\"}]},{\"@type\":\"WebSite\",\"@id\":\"https:\\\/\\\/munskankarna.org\\\/oulu\\\/#website\",\"url\":\"https:\\\/\\\/munskankarna.org\\\/oulu\\\/\",\"name\":\"Oulun Munsk\u00e4nkarna\",\"description\":\"Viinitastingeja ja -koulutusta jo vuodesta 2001\",\"potentialAction\":[{\"@type\":\"SearchAction\",\"target\":{\"@type\":\"EntryPoint\",\"urlTemplate\":\"https:\\\/\\\/munskankarna.org\\\/oulu\\\/?s={search_term_string}\"},\"query-input\":{\"@type\":\"PropertyValueSpecification\",\"valueRequired\":true,\"valueName\":\"search_term_string\"}}],\"inLanguage\":\"fi\"}]}<\/script>\n<!-- \/ Yoast SEO plugin. -->","yoast_head_json":{"title":"Kokousmuistiot - Oulun Munsk\u00e4nkarna","robots":{"index":"index","follow":"follow","max-snippet":"max-snippet:-1","max-image-preview":"max-image-preview:large","max-video-preview":"max-video-preview:-1"},"canonical":"https:\/\/munskankarna.org\/oulu\/toiminta\/kokousmuistiot\/","og_locale":"fi_FI","og_type":"article","og_title":"Kokousmuistiot - Oulun Munsk\u00e4nkarna","og_description":"T\u00e4nne lis\u00e4t\u00e4\u00e4n Viiniseura Oulun Munsk\u00e4nkarnan julkiset kokousmuistiot Vaali-ja-vuosikokous-2018","og_url":"https:\/\/munskankarna.org\/oulu\/toiminta\/kokousmuistiot\/","og_site_name":"Oulun Munsk\u00e4nkarna","article_modified_time":"2018-12-03T06:46:34+00:00","twitter_card":"summary_large_image","schema":{"@context":"https:\/\/schema.org","@graph":[{"@type":"WebPage","@id":"https:\/\/munskankarna.org\/oulu\/toiminta\/kokousmuistiot\/","url":"https:\/\/munskankarna.org\/oulu\/toiminta\/kokousmuistiot\/","name":"Kokousmuistiot - Oulun Munsk\u00e4nkarna","isPartOf":{"@id":"https:\/\/munskankarna.org\/oulu\/#website"},"datePublished":"2018-12-03T06:22:58+00:00","dateModified":"2018-12-03T06:46:34+00:00","breadcrumb":{"@id":"https:\/\/munskankarna.org\/oulu\/toiminta\/kokousmuistiot\/#breadcrumb"},"inLanguage":"fi","potentialAction":[{"@type":"ReadAction","target":["https:\/\/munskankarna.org\/oulu\/toiminta\/kokousmuistiot\/"]}]},{"@type":"BreadcrumbList","@id":"https:\/\/munskankarna.org\/oulu\/toiminta\/kokousmuistiot\/#breadcrumb","itemListElement":[{"@type":"ListItem","position":1,"name":"Home","item":"https:\/\/munskankarna.org\/oulu\/"},{"@type":"ListItem","position":2,"name":"Toiminta","item":"https:\/\/munskankarna.org\/oulu\/toiminta\/"},{"@type":"ListItem","position":3,"name":"Kokousmuistiot"}]},{"@type":"WebSite","@id":"https:\/\/munskankarna.org\/oulu\/#website","url":"https:\/\/munskankarna.org\/oulu\/","name":"Oulun Munsk\u00e4nkarna","description":"Viinitastingeja ja -koulutusta jo vuodesta 2001","potentialAction":[{"@type":"SearchAction","target":{"@type":"EntryPoint","urlTemplate":"https:\/\/munskankarna.org\/oulu\/?s={search_term_string}"},"query-input":{"@type":"PropertyValueSpecification","valueRequired":true,"valueName":"search_term_string"}}],"inLanguage":"fi"}]}},"_links":{"self":[{"href":"https:\/\/munskankarna.org\/oulu\/wp-json\/wp\/v2\/pages\/176","targetHints":{"allow":["GET"]}}],"collection":[{"href":"https:\/\/munskankarna.org\/oulu\/wp-json\/wp\/v2\/pages"}],"about":[{"href":"https:\/\/munskankarna.org\/oulu\/wp-json\/wp\/v2\/types\/page"}],"author":[{"embeddable":true,"href":"https:\/\/munskankarna.org\/oulu\/wp-json\/wp\/v2\/users\/10"}],"replies":[{"embeddable":true,"href":"https:\/\/munskankarna.org\/oulu\/wp-json\/wp\/v2\/comments?post=176"}],"version-history":[{"count":4,"href":"https:\/\/munskankarna.org\/oulu\/wp-json\/wp\/v2\/pages\/176\/revisions"}],"predecessor-version":[{"id":183,"href":"https:\/\/munskankarna.org\/oulu\/wp-json\/wp\/v2\/pages\/176\/revisions\/183"}],"up":[{"embeddable":true,"href":"https:\/\/munskankarna.org\/oulu\/wp-json\/wp\/v2\/pages\/35"}],"wp:attachment":[{"href":"https:\/\/munskankarna.org\/oulu\/wp-json\/wp\/v2\/media?parent=176"}],"curies":[{"name":"wp","href":"https:\/\/api.w.org\/{rel}","templated":true}]}}