{"id":2,"date":"2014-10-15T04:45:05","date_gmt":"2014-10-15T01:45:05","guid":{"rendered":"http:\/\/www.munskankarna.org\/oulunmunska\/?page_id=2"},"modified":"2023-05-10T15:08:29","modified_gmt":"2023-05-10T12:08:29","slug":"esimerkkisivu","status":"publish","type":"page","link":"https:\/\/munskankarna.org\/oulu\/","title":{"rendered":"Viiniseura Oulun Munsk\u00e4nkarna ry"},"content":{"rendered":"<p>Munsk\u00e4nkarna (suom. Juomanlaskijat) j\u00e4rjest\u00f6 perustettiin Ruotsissa vuonna 1958, ja Suomen toiminta alkoi Turussa 1982. J\u00e4rjest\u00f6n toiminnan tavoitteena on &#8221;levitt\u00e4\u00e4 viinin ja muiden jalojen juomien tuntemusta ja edist\u00e4\u00e4 hyvi\u00e4 ja kohtuullisia juomatapoja&#8221;.<\/p>\n<p>Ouluun Munsk\u00e4karna perustettiin 14.11.2001. Nyky\u00e4\u00e4n Oulun Munsk\u00e4nkarna j\u00e4rjest\u00e4\u00e4 j\u00e4senilleen vuosittain kymmenkunta korkeatasoista viinitastingia eli maistelutilaisuutta alustuksineen. Lis\u00e4ksi Munsk\u00e4nkarn tarjoaa mahdollisuuden viinien opiskeluun rennossa ja iloisessa seurassa sek\u00e4 innostuneimmille tasokoej\u00e4rjestelm\u00e4n, jossa viiniosaamistaan voi tentata kolmella eri tasolla. Aika ajoin j\u00e4rjestet\u00e4\u00e4n my\u00f6s ryp\u00e4lekurssi ja siihen liittyv\u00e4 koe.<\/p>\n<p>Tastingien ajankohdista ja teemoista ilmoitetaan erikseen hyviss\u00e4 ajoin.<\/p>\n","protected":false},"excerpt":{"rendered":"<p>Munsk\u00e4nkarna (suom. Juomanlaskijat) j\u00e4rjest\u00f6 perustettiin Ruotsissa vuonna 1958, ja Suomen toiminta alkoi Turussa 1982. J\u00e4rjest\u00f6n toiminnan tavoitteena on &#8221;levitt\u00e4\u00e4 viinin ja muiden jalojen juomien tuntemusta ja edist\u00e4\u00e4 hyvi\u00e4 ja kohtuullisia juomatapoja&#8221;. Ouluun Munsk\u00e4karna perustettiin 14.11.2001. Nyky\u00e4\u00e4n Oulun Munsk\u00e4nkarna j\u00e4rjest\u00e4\u00e4 j\u00e4senilleen vuosittain kymmenkunta korkeatasoista viinitastingia eli maistelutilaisuutta alustuksineen. Lis\u00e4ksi Munsk\u00e4nkarn tarjoaa mahdollisuuden viinien opiskeluun rennossa ja [&hellip;]<\/p>\n","protected":false},"author":1,"featured_media":0,"parent":0,"menu_order":0,"comment_status":"closed","ping_status":"closed","template":"","meta":{"_monsterinsights_skip_tracking":false,"_monsterinsights_sitenote_active":false,"_monsterinsights_sitenote_note":"","_monsterinsights_sitenote_category":0,"footnotes":""},"class_list":["post-2","page","type-page","status-publish","hentry"],"yoast_head":"<!-- This site is optimized with the Yoast SEO plugin v27.3 - https:\/\/yoast.com\/product\/yoast-seo-wordpress\/ -->\n<title>Viiniseura Oulun Munsk\u00e4nkarna ry - Oulun Munsk\u00e4nkarna<\/title>\n<meta name=\"robots\" content=\"index, follow, max-snippet:-1, max-image-preview:large, max-video-preview:-1\" \/>\n<link rel=\"canonical\" href=\"https:\/\/munskankarna.org\/oulu\/\" \/>\n<meta property=\"og:locale\" content=\"fi_FI\" \/>\n<meta property=\"og:type\" content=\"article\" \/>\n<meta property=\"og:title\" content=\"Viiniseura Oulun Munsk\u00e4nkarna ry - Oulun Munsk\u00e4nkarna\" \/>\n<meta property=\"og:description\" content=\"Munsk\u00e4nkarna (suom. Juomanlaskijat) j\u00e4rjest\u00f6 perustettiin Ruotsissa vuonna 1958, ja Suomen toiminta alkoi Turussa 1982. J\u00e4rjest\u00f6n toiminnan tavoitteena on &#8221;levitt\u00e4\u00e4 viinin ja muiden jalojen juomien tuntemusta ja edist\u00e4\u00e4 hyvi\u00e4 ja kohtuullisia juomatapoja&#8221;. Ouluun Munsk\u00e4karna perustettiin 14.11.2001. Nyky\u00e4\u00e4n Oulun Munsk\u00e4nkarna j\u00e4rjest\u00e4\u00e4 j\u00e4senilleen vuosittain kymmenkunta korkeatasoista viinitastingia eli maistelutilaisuutta alustuksineen. Lis\u00e4ksi Munsk\u00e4nkarn tarjoaa mahdollisuuden viinien opiskeluun rennossa ja [&hellip;]\" \/>\n<meta property=\"og:url\" content=\"https:\/\/munskankarna.org\/oulu\/\" \/>\n<meta property=\"og:site_name\" content=\"Oulun Munsk\u00e4nkarna\" \/>\n<meta property=\"article:modified_time\" content=\"2023-05-10T12:08:29+00:00\" \/>\n<meta name=\"twitter:card\" content=\"summary_large_image\" \/>\n<script type=\"application\/ld+json\" class=\"yoast-schema-graph\">{\"@context\":\"https:\\\/\\\/schema.org\",\"@graph\":[{\"@type\":\"WebPage\",\"@id\":\"https:\\\/\\\/munskankarna.org\\\/oulu\\\/\",\"url\":\"https:\\\/\\\/munskankarna.org\\\/oulu\\\/\",\"name\":\"Viiniseura Oulun Munsk\u00e4nkarna ry - Oulun Munsk\u00e4nkarna\",\"isPartOf\":{\"@id\":\"https:\\\/\\\/munskankarna.org\\\/oulu\\\/#website\"},\"datePublished\":\"2014-10-15T01:45:05+00:00\",\"dateModified\":\"2023-05-10T12:08:29+00:00\",\"breadcrumb\":{\"@id\":\"https:\\\/\\\/munskankarna.org\\\/oulu\\\/#breadcrumb\"},\"inLanguage\":\"fi\",\"potentialAction\":[{\"@type\":\"ReadAction\",\"target\":[\"https:\\\/\\\/munskankarna.org\\\/oulu\\\/\"]}]},{\"@type\":\"BreadcrumbList\",\"@id\":\"https:\\\/\\\/munskankarna.org\\\/oulu\\\/#breadcrumb\",\"itemListElement\":[{\"@type\":\"ListItem\",\"position\":1,\"name\":\"Home\",\"item\":\"https:\\\/\\\/munskankarna.org\\\/oulu\\\/\"},{\"@type\":\"ListItem\",\"position\":2,\"name\":\"Viiniseura Oulun Munsk\u00e4nkarna ry\"}]},{\"@type\":\"WebSite\",\"@id\":\"https:\\\/\\\/munskankarna.org\\\/oulu\\\/#website\",\"url\":\"https:\\\/\\\/munskankarna.org\\\/oulu\\\/\",\"name\":\"Oulun Munsk\u00e4nkarna\",\"description\":\"Viinitastingeja ja -koulutusta jo vuodesta 2001\",\"potentialAction\":[{\"@type\":\"SearchAction\",\"target\":{\"@type\":\"EntryPoint\",\"urlTemplate\":\"https:\\\/\\\/munskankarna.org\\\/oulu\\\/?s={search_term_string}\"},\"query-input\":{\"@type\":\"PropertyValueSpecification\",\"valueRequired\":true,\"valueName\":\"search_term_string\"}}],\"inLanguage\":\"fi\"}]}<\/script>\n<!-- \/ Yoast SEO plugin. -->","yoast_head_json":{"title":"Viiniseura Oulun Munsk\u00e4nkarna ry - Oulun Munsk\u00e4nkarna","robots":{"index":"index","follow":"follow","max-snippet":"max-snippet:-1","max-image-preview":"max-image-preview:large","max-video-preview":"max-video-preview:-1"},"canonical":"https:\/\/munskankarna.org\/oulu\/","og_locale":"fi_FI","og_type":"article","og_title":"Viiniseura Oulun Munsk\u00e4nkarna ry - Oulun Munsk\u00e4nkarna","og_description":"Munsk\u00e4nkarna (suom. Juomanlaskijat) j\u00e4rjest\u00f6 perustettiin Ruotsissa vuonna 1958, ja Suomen toiminta alkoi Turussa 1982. J\u00e4rjest\u00f6n toiminnan tavoitteena on &#8221;levitt\u00e4\u00e4 viinin ja muiden jalojen juomien tuntemusta ja edist\u00e4\u00e4 hyvi\u00e4 ja kohtuullisia juomatapoja&#8221;. Ouluun Munsk\u00e4karna perustettiin 14.11.2001. Nyky\u00e4\u00e4n Oulun Munsk\u00e4nkarna j\u00e4rjest\u00e4\u00e4 j\u00e4senilleen vuosittain kymmenkunta korkeatasoista viinitastingia eli maistelutilaisuutta alustuksineen. Lis\u00e4ksi Munsk\u00e4nkarn tarjoaa mahdollisuuden viinien opiskeluun rennossa ja [&hellip;]","og_url":"https:\/\/munskankarna.org\/oulu\/","og_site_name":"Oulun Munsk\u00e4nkarna","article_modified_time":"2023-05-10T12:08:29+00:00","twitter_card":"summary_large_image","schema":{"@context":"https:\/\/schema.org","@graph":[{"@type":"WebPage","@id":"https:\/\/munskankarna.org\/oulu\/","url":"https:\/\/munskankarna.org\/oulu\/","name":"Viiniseura Oulun Munsk\u00e4nkarna ry - Oulun Munsk\u00e4nkarna","isPartOf":{"@id":"https:\/\/munskankarna.org\/oulu\/#website"},"datePublished":"2014-10-15T01:45:05+00:00","dateModified":"2023-05-10T12:08:29+00:00","breadcrumb":{"@id":"https:\/\/munskankarna.org\/oulu\/#breadcrumb"},"inLanguage":"fi","potentialAction":[{"@type":"ReadAction","target":["https:\/\/munskankarna.org\/oulu\/"]}]},{"@type":"BreadcrumbList","@id":"https:\/\/munskankarna.org\/oulu\/#breadcrumb","itemListElement":[{"@type":"ListItem","position":1,"name":"Home","item":"https:\/\/munskankarna.org\/oulu\/"},{"@type":"ListItem","position":2,"name":"Viiniseura Oulun Munsk\u00e4nkarna ry"}]},{"@type":"WebSite","@id":"https:\/\/munskankarna.org\/oulu\/#website","url":"https:\/\/munskankarna.org\/oulu\/","name":"Oulun Munsk\u00e4nkarna","description":"Viinitastingeja ja -koulutusta jo vuodesta 2001","potentialAction":[{"@type":"SearchAction","target":{"@type":"EntryPoint","urlTemplate":"https:\/\/munskankarna.org\/oulu\/?s={search_term_string}"},"query-input":{"@type":"PropertyValueSpecification","valueRequired":true,"valueName":"search_term_string"}}],"inLanguage":"fi"}]}},"_links":{"self":[{"href":"https:\/\/munskankarna.org\/oulu\/wp-json\/wp\/v2\/pages\/2","targetHints":{"allow":["GET"]}}],"collection":[{"href":"https:\/\/munskankarna.org\/oulu\/wp-json\/wp\/v2\/pages"}],"about":[{"href":"https:\/\/munskankarna.org\/oulu\/wp-json\/wp\/v2\/types\/page"}],"author":[{"embeddable":true,"href":"https:\/\/munskankarna.org\/oulu\/wp-json\/wp\/v2\/users\/1"}],"replies":[{"embeddable":true,"href":"https:\/\/munskankarna.org\/oulu\/wp-json\/wp\/v2\/comments?post=2"}],"version-history":[{"count":22,"href":"https:\/\/munskankarna.org\/oulu\/wp-json\/wp\/v2\/pages\/2\/revisions"}],"predecessor-version":[{"id":209,"href":"https:\/\/munskankarna.org\/oulu\/wp-json\/wp\/v2\/pages\/2\/revisions\/209"}],"wp:attachment":[{"href":"https:\/\/munskankarna.org\/oulu\/wp-json\/wp\/v2\/media?parent=2"}],"curies":[{"name":"wp","href":"https:\/\/api.w.org\/{rel}","templated":true}]}}