{"id":27,"date":"2014-10-15T19:18:10","date_gmt":"2014-10-15T16:18:10","guid":{"rendered":"http:\/\/www.munskankarna.org\/oulunmunska\/?page_id=27"},"modified":"2014-10-17T11:25:04","modified_gmt":"2014-10-17T08:25:04","slug":"esittely","status":"publish","type":"page","link":"https:\/\/munskankarna.org\/oulu\/toiminta\/esittely\/","title":{"rendered":"Esittely"},"content":{"rendered":"<p>Munsk\u00e4nkarna (viinurit, juomanlaskijat, viininmaistelijat) -viiniseura perustettiin Ruotsissa v. 1958. Viiniharrastus levisi my\u00f6s Suomeen ja toiminta aloitettiin Turussa 1970-luvun lopulla. Sen j\u00e4lkeen viiniseuroja on syntynyt eri puolille maatamme. Nykyisin Munsk\u00e4nkarnan j\u00e4senill\u00e4 on viiniseuroja my\u00f6s Belgiassa, Hollannissa, Ranskassa, Brittein Saarilla, Sveitsiss\u00e4, Singaporessa ja Japanissa. Munsk\u00e4nkarnan (tuttavallisemmin Munskan) j\u00e4seni\u00e4 on t\u00e4ll\u00e4 hetkell\u00e4 kaikkiaan yli 12.000, joten se on maailman suurin viiniseura. Suomessa munskalaisia on yli 1000.<\/p>\n<p>Oulun osasto perustettiin v. 2001 ja Oulun Munk\u00e4karna rekister\u00f6itiin Suomen Munsk\u00e4nkarna ry:n alle muiden Suomen Munsk\u00e4nkarna- yhdistysten tavoin. Nyky\u00e4\u00e4n Oulun Munsk\u00e4nkarna j\u00e4rjest\u00e4\u00e4 j\u00e4senilleen vuosittain kymmenkunta korkeatasoista viinitastingia eli maistelutilaisuutta alustuksineen. Lis\u00e4ksi Munsk\u00e4nkarna tarjoaa mahdollisuuden viinien opiskeluun rennossa ja iloisessa seurassa sek\u00e4 innostuneimmille tasokoej\u00e4rjestelm\u00e4n, jossa viiniosaamistaan voi tentata kolmella eri tasolla.<\/p>\n<p>Munskan toiminnan tavoitteena on levitt\u00e4\u00e4 ja syvent\u00e4\u00e4 viinien ja muiden jalojen juomien tuntemusta sek\u00e4 edist\u00e4\u00e4 hyvi\u00e4 ja kohtuullisia juomatapoja. N\u00e4iden p\u00e4\u00e4m\u00e4\u00e4rien saavuttamiseksi Munsk\u00e4nkarnan yhdistykset:<\/p>\n<ul>\n<li>J\u00e4rjest\u00e4v\u00e4t maistelutilaisuuksia ja luentoja eri viineist\u00e4 ja viinialueista<\/li>\n<li>J\u00e4rjest\u00e4v\u00e4t seminaareja ja koulutustilaisuuksia sek\u00e4 kursseja, joissa jaetaan aiheeseen liittyv\u00e4\u00e4 tietomateriaalia<\/li>\n<li>Antavat j\u00e4senilleen mahdollisuuden testata viinitietouttaan erilaisten tasokokeiden avulla<\/li>\n<li>J\u00e4rjest\u00e4v\u00e4t matkoja toiminnan kannalta kiinnostaviin kohteisiin.<\/li>\n<\/ul>\n","protected":false},"excerpt":{"rendered":"<p>Munsk\u00e4nkarna (viinurit, juomanlaskijat, viininmaistelijat) -viiniseura perustettiin Ruotsissa v. 1958. Viiniharrastus levisi my\u00f6s Suomeen ja toiminta aloitettiin Turussa 1970-luvun lopulla. Sen j\u00e4lkeen viiniseuroja on syntynyt eri puolille maatamme. Nykyisin Munsk\u00e4nkarnan j\u00e4senill\u00e4 on viiniseuroja my\u00f6s Belgiassa, Hollannissa, Ranskassa, Brittein Saarilla, Sveitsiss\u00e4, Singaporessa ja Japanissa. Munsk\u00e4nkarnan (tuttavallisemmin Munskan) j\u00e4seni\u00e4 on t\u00e4ll\u00e4 hetkell\u00e4 kaikkiaan yli 12.000, joten se on [&hellip;]<\/p>\n","protected":false},"author":10,"featured_media":0,"parent":35,"menu_order":0,"comment_status":"closed","ping_status":"closed","template":"","meta":{"_monsterinsights_skip_tracking":false,"_monsterinsights_sitenote_active":false,"_monsterinsights_sitenote_note":"","_monsterinsights_sitenote_category":0,"footnotes":""},"class_list":["post-27","page","type-page","status-publish","hentry"],"yoast_head":"<!-- This site is optimized with the Yoast SEO plugin v27.3 - https:\/\/yoast.com\/product\/yoast-seo-wordpress\/ -->\n<title>Esittely - Oulun Munsk\u00e4nkarna<\/title>\n<meta name=\"robots\" content=\"index, follow, max-snippet:-1, max-image-preview:large, max-video-preview:-1\" \/>\n<link rel=\"canonical\" href=\"https:\/\/munskankarna.org\/oulu\/toiminta\/esittely\/\" \/>\n<meta property=\"og:locale\" content=\"fi_FI\" \/>\n<meta property=\"og:type\" content=\"article\" \/>\n<meta property=\"og:title\" content=\"Esittely - Oulun Munsk\u00e4nkarna\" \/>\n<meta property=\"og:description\" content=\"Munsk\u00e4nkarna (viinurit, juomanlaskijat, viininmaistelijat) -viiniseura perustettiin Ruotsissa v. 1958. Viiniharrastus levisi my\u00f6s Suomeen ja toiminta aloitettiin Turussa 1970-luvun lopulla. Sen j\u00e4lkeen viiniseuroja on syntynyt eri puolille maatamme. Nykyisin Munsk\u00e4nkarnan j\u00e4senill\u00e4 on viiniseuroja my\u00f6s Belgiassa, Hollannissa, Ranskassa, Brittein Saarilla, Sveitsiss\u00e4, Singaporessa ja Japanissa. Munsk\u00e4nkarnan (tuttavallisemmin Munskan) j\u00e4seni\u00e4 on t\u00e4ll\u00e4 hetkell\u00e4 kaikkiaan yli 12.000, joten se on [&hellip;]\" \/>\n<meta property=\"og:url\" content=\"https:\/\/munskankarna.org\/oulu\/toiminta\/esittely\/\" \/>\n<meta property=\"og:site_name\" content=\"Oulun Munsk\u00e4nkarna\" \/>\n<meta property=\"article:modified_time\" content=\"2014-10-17T08:25:04+00:00\" \/>\n<meta name=\"twitter:card\" content=\"summary_large_image\" \/>\n<meta name=\"twitter:label1\" content=\"Arvioitu lukuaika\" \/>\n\t<meta name=\"twitter:data1\" content=\"1 minuutti\" \/>\n<script type=\"application\/ld+json\" class=\"yoast-schema-graph\">{\"@context\":\"https:\\\/\\\/schema.org\",\"@graph\":[{\"@type\":\"WebPage\",\"@id\":\"https:\\\/\\\/munskankarna.org\\\/oulu\\\/toiminta\\\/esittely\\\/\",\"url\":\"https:\\\/\\\/munskankarna.org\\\/oulu\\\/toiminta\\\/esittely\\\/\",\"name\":\"Esittely - Oulun Munsk\u00e4nkarna\",\"isPartOf\":{\"@id\":\"https:\\\/\\\/munskankarna.org\\\/oulu\\\/#website\"},\"datePublished\":\"2014-10-15T16:18:10+00:00\",\"dateModified\":\"2014-10-17T08:25:04+00:00\",\"breadcrumb\":{\"@id\":\"https:\\\/\\\/munskankarna.org\\\/oulu\\\/toiminta\\\/esittely\\\/#breadcrumb\"},\"inLanguage\":\"fi\",\"potentialAction\":[{\"@type\":\"ReadAction\",\"target\":[\"https:\\\/\\\/munskankarna.org\\\/oulu\\\/toiminta\\\/esittely\\\/\"]}]},{\"@type\":\"BreadcrumbList\",\"@id\":\"https:\\\/\\\/munskankarna.org\\\/oulu\\\/toiminta\\\/esittely\\\/#breadcrumb\",\"itemListElement\":[{\"@type\":\"ListItem\",\"position\":1,\"name\":\"Home\",\"item\":\"https:\\\/\\\/munskankarna.org\\\/oulu\\\/\"},{\"@type\":\"ListItem\",\"position\":2,\"name\":\"Toiminta\",\"item\":\"https:\\\/\\\/munskankarna.org\\\/oulu\\\/toiminta\\\/\"},{\"@type\":\"ListItem\",\"position\":3,\"name\":\"Esittely\"}]},{\"@type\":\"WebSite\",\"@id\":\"https:\\\/\\\/munskankarna.org\\\/oulu\\\/#website\",\"url\":\"https:\\\/\\\/munskankarna.org\\\/oulu\\\/\",\"name\":\"Oulun Munsk\u00e4nkarna\",\"description\":\"Viinitastingeja ja -koulutusta jo vuodesta 2001\",\"potentialAction\":[{\"@type\":\"SearchAction\",\"target\":{\"@type\":\"EntryPoint\",\"urlTemplate\":\"https:\\\/\\\/munskankarna.org\\\/oulu\\\/?s={search_term_string}\"},\"query-input\":{\"@type\":\"PropertyValueSpecification\",\"valueRequired\":true,\"valueName\":\"search_term_string\"}}],\"inLanguage\":\"fi\"}]}<\/script>\n<!-- \/ Yoast SEO plugin. -->","yoast_head_json":{"title":"Esittely - Oulun Munsk\u00e4nkarna","robots":{"index":"index","follow":"follow","max-snippet":"max-snippet:-1","max-image-preview":"max-image-preview:large","max-video-preview":"max-video-preview:-1"},"canonical":"https:\/\/munskankarna.org\/oulu\/toiminta\/esittely\/","og_locale":"fi_FI","og_type":"article","og_title":"Esittely - Oulun Munsk\u00e4nkarna","og_description":"Munsk\u00e4nkarna (viinurit, juomanlaskijat, viininmaistelijat) -viiniseura perustettiin Ruotsissa v. 1958. Viiniharrastus levisi my\u00f6s Suomeen ja toiminta aloitettiin Turussa 1970-luvun lopulla. Sen j\u00e4lkeen viiniseuroja on syntynyt eri puolille maatamme. Nykyisin Munsk\u00e4nkarnan j\u00e4senill\u00e4 on viiniseuroja my\u00f6s Belgiassa, Hollannissa, Ranskassa, Brittein Saarilla, Sveitsiss\u00e4, Singaporessa ja Japanissa. Munsk\u00e4nkarnan (tuttavallisemmin Munskan) j\u00e4seni\u00e4 on t\u00e4ll\u00e4 hetkell\u00e4 kaikkiaan yli 12.000, joten se on [&hellip;]","og_url":"https:\/\/munskankarna.org\/oulu\/toiminta\/esittely\/","og_site_name":"Oulun Munsk\u00e4nkarna","article_modified_time":"2014-10-17T08:25:04+00:00","twitter_card":"summary_large_image","twitter_misc":{"Arvioitu lukuaika":"1 minuutti"},"schema":{"@context":"https:\/\/schema.org","@graph":[{"@type":"WebPage","@id":"https:\/\/munskankarna.org\/oulu\/toiminta\/esittely\/","url":"https:\/\/munskankarna.org\/oulu\/toiminta\/esittely\/","name":"Esittely - Oulun Munsk\u00e4nkarna","isPartOf":{"@id":"https:\/\/munskankarna.org\/oulu\/#website"},"datePublished":"2014-10-15T16:18:10+00:00","dateModified":"2014-10-17T08:25:04+00:00","breadcrumb":{"@id":"https:\/\/munskankarna.org\/oulu\/toiminta\/esittely\/#breadcrumb"},"inLanguage":"fi","potentialAction":[{"@type":"ReadAction","target":["https:\/\/munskankarna.org\/oulu\/toiminta\/esittely\/"]}]},{"@type":"BreadcrumbList","@id":"https:\/\/munskankarna.org\/oulu\/toiminta\/esittely\/#breadcrumb","itemListElement":[{"@type":"ListItem","position":1,"name":"Home","item":"https:\/\/munskankarna.org\/oulu\/"},{"@type":"ListItem","position":2,"name":"Toiminta","item":"https:\/\/munskankarna.org\/oulu\/toiminta\/"},{"@type":"ListItem","position":3,"name":"Esittely"}]},{"@type":"WebSite","@id":"https:\/\/munskankarna.org\/oulu\/#website","url":"https:\/\/munskankarna.org\/oulu\/","name":"Oulun Munsk\u00e4nkarna","description":"Viinitastingeja ja -koulutusta jo vuodesta 2001","potentialAction":[{"@type":"SearchAction","target":{"@type":"EntryPoint","urlTemplate":"https:\/\/munskankarna.org\/oulu\/?s={search_term_string}"},"query-input":{"@type":"PropertyValueSpecification","valueRequired":true,"valueName":"search_term_string"}}],"inLanguage":"fi"}]}},"_links":{"self":[{"href":"https:\/\/munskankarna.org\/oulu\/wp-json\/wp\/v2\/pages\/27","targetHints":{"allow":["GET"]}}],"collection":[{"href":"https:\/\/munskankarna.org\/oulu\/wp-json\/wp\/v2\/pages"}],"about":[{"href":"https:\/\/munskankarna.org\/oulu\/wp-json\/wp\/v2\/types\/page"}],"author":[{"embeddable":true,"href":"https:\/\/munskankarna.org\/oulu\/wp-json\/wp\/v2\/users\/10"}],"replies":[{"embeddable":true,"href":"https:\/\/munskankarna.org\/oulu\/wp-json\/wp\/v2\/comments?post=27"}],"version-history":[{"count":5,"href":"https:\/\/munskankarna.org\/oulu\/wp-json\/wp\/v2\/pages\/27\/revisions"}],"predecessor-version":[{"id":65,"href":"https:\/\/munskankarna.org\/oulu\/wp-json\/wp\/v2\/pages\/27\/revisions\/65"}],"up":[{"embeddable":true,"href":"https:\/\/munskankarna.org\/oulu\/wp-json\/wp\/v2\/pages\/35"}],"wp:attachment":[{"href":"https:\/\/munskankarna.org\/oulu\/wp-json\/wp\/v2\/media?parent=27"}],"curies":[{"name":"wp","href":"https:\/\/api.w.org\/{rel}","templated":true}]}}