{"id":38,"date":"2014-10-15T20:03:47","date_gmt":"2014-10-15T17:03:47","guid":{"rendered":"http:\/\/www.munskankarna.org\/oulunmunska\/?page_id=38"},"modified":"2023-03-30T18:37:27","modified_gmt":"2023-03-30T15:37:27","slug":"liittyminen","status":"publish","type":"page","link":"https:\/\/munskankarna.org\/oulu\/toiminta\/liittyminen\/","title":{"rendered":"Liittyminen"},"content":{"rendered":"<p>Oulun Munsk\u00e4nkarna ry:n j\u00e4seneksi on tervetullut kuka tahansa t\u00e4ysi-ik\u00e4inen viineist\u00e4 kiinostunut henkil\u00f6. Jos haluat tiet\u00e4\u00e4 lis\u00e4\u00e4 j\u00e4senyydest\u00e4, laita s\u00e4hk\u00f6postia suoraan sihteerille osoitteeseen oulun_munska(at)hotmail.com.<\/p>\n<h2>J\u00e4seneksi hakeminen tapahtuu seuraavasti:<\/h2>\n<ul>\n<li>Osallistutaan aluksi 1-2 kertaa tastingiin vierailijana jolloin saa n\u00e4kemyksen mit\u00e4 toimintamme on<\/li>\n<li>Valmistella vapaamuotoinen hakemus ja osoittaa se Oulun Munsk\u00e4nkarnan hallituksen puheenjohtajalle ja sihteerille osoitteeseen oulun_munska(at)hotmail.com<\/li>\n<li>Hakemus tulisi sis\u00e4lt\u00e4\u00e4\n<ul>\n<li>Tietoja hakijasta\/hakijoista<\/li>\n<li>Tietoja hakijan\/hakijoiden viinitaustasta ja harrastastuksesta<\/li>\n<li>Tietoja mahdollisista suosittelijoista, jos sellaisia on (ei v\u00e4ltt\u00e4m\u00e4tt\u00f6mi\u00e4)<\/li>\n<li>Yhteystiedot (puh. nrot, osoiteet, emailit)<\/li>\n<li>Ja sen semmoista<\/li>\n<\/ul>\n<\/li>\n<li>Hallitus k\u00e4sittelee hakemukset ja ilmoittaa p\u00e4\u00e4t\u00f6ksest\u00e4\u00e4n s\u00e4hk\u00f6postitse<\/li>\n<\/ul>\n<h2 class=\"ecxMsoNormal\">J\u00e4senen\u00e4 saat:<\/h2>\n<ul>\n<li>Edullisemman osallistumisen tastingeihin<\/li>\n<li>Mahdollisuuden suorittaa tasokoeita<\/li>\n<li>Kaulaasi hienon tastevin kupin, jonka nauhan v\u00e4ri vaihtuu j\u00e4senvuosien mukaan (5, 10 ja 25 vuoden j\u00e4lkeen), sek\u00e4<\/li>\n<li>kotiisi <a href=\"http:\/\/www.viinilehti.fi\" target=\"_blank\" rel=\"noopener\">Viinilehden<\/a> vuosikerran<\/li>\n<\/ul>\n<p>Liittymismaksu per henkil\u00f6 on 35 euroa. Vuosittainen j\u00e4senmaksu on 85 euroa yksitt\u00e4isj\u00e4senilt\u00e4 ja 115 euroa pariskunnalta.<\/p>\n<h2>Pankkiyhteys<\/h2>\n<p>FI27 4600 2020 1454 15 \/ Viiniseura Oulun Munsk\u00e4nkarna<\/p>\n","protected":false},"excerpt":{"rendered":"<p>Oulun Munsk\u00e4nkarna ry:n j\u00e4seneksi on tervetullut kuka tahansa t\u00e4ysi-ik\u00e4inen viineist\u00e4 kiinostunut henkil\u00f6. Jos haluat tiet\u00e4\u00e4 lis\u00e4\u00e4 j\u00e4senyydest\u00e4, laita s\u00e4hk\u00f6postia suoraan sihteerille osoitteeseen oulun_munska(at)hotmail.com. J\u00e4seneksi hakeminen tapahtuu seuraavasti: Osallistutaan aluksi 1-2 kertaa tastingiin vierailijana jolloin saa n\u00e4kemyksen mit\u00e4 toimintamme on Valmistella vapaamuotoinen hakemus ja osoittaa se Oulun Munsk\u00e4nkarnan hallituksen puheenjohtajalle ja sihteerille osoitteeseen oulun_munska(at)hotmail.com Hakemus tulisi [&hellip;]<\/p>\n","protected":false},"author":10,"featured_media":0,"parent":35,"menu_order":0,"comment_status":"closed","ping_status":"closed","template":"","meta":{"_monsterinsights_skip_tracking":false,"_monsterinsights_sitenote_active":false,"_monsterinsights_sitenote_note":"","_monsterinsights_sitenote_category":0,"footnotes":""},"class_list":["post-38","page","type-page","status-publish","hentry"],"yoast_head":"<!-- This site is optimized with the Yoast SEO plugin v27.3 - https:\/\/yoast.com\/product\/yoast-seo-wordpress\/ -->\n<title>Liittyminen - Oulun Munsk\u00e4nkarna<\/title>\n<meta name=\"robots\" content=\"index, follow, max-snippet:-1, max-image-preview:large, max-video-preview:-1\" \/>\n<link rel=\"canonical\" href=\"https:\/\/munskankarna.org\/oulu\/toiminta\/liittyminen\/\" \/>\n<meta property=\"og:locale\" content=\"fi_FI\" \/>\n<meta property=\"og:type\" content=\"article\" \/>\n<meta property=\"og:title\" content=\"Liittyminen - Oulun Munsk\u00e4nkarna\" \/>\n<meta property=\"og:description\" content=\"Oulun Munsk\u00e4nkarna ry:n j\u00e4seneksi on tervetullut kuka tahansa t\u00e4ysi-ik\u00e4inen viineist\u00e4 kiinostunut henkil\u00f6. Jos haluat tiet\u00e4\u00e4 lis\u00e4\u00e4 j\u00e4senyydest\u00e4, laita s\u00e4hk\u00f6postia suoraan sihteerille osoitteeseen oulun_munska(at)hotmail.com. J\u00e4seneksi hakeminen tapahtuu seuraavasti: Osallistutaan aluksi 1-2 kertaa tastingiin vierailijana jolloin saa n\u00e4kemyksen mit\u00e4 toimintamme on Valmistella vapaamuotoinen hakemus ja osoittaa se Oulun Munsk\u00e4nkarnan hallituksen puheenjohtajalle ja sihteerille osoitteeseen oulun_munska(at)hotmail.com Hakemus tulisi [&hellip;]\" \/>\n<meta property=\"og:url\" content=\"https:\/\/munskankarna.org\/oulu\/toiminta\/liittyminen\/\" \/>\n<meta property=\"og:site_name\" content=\"Oulun Munsk\u00e4nkarna\" \/>\n<meta property=\"article:modified_time\" content=\"2023-03-30T15:37:27+00:00\" \/>\n<meta name=\"twitter:card\" content=\"summary_large_image\" \/>\n<meta name=\"twitter:label1\" content=\"Arvioitu lukuaika\" \/>\n\t<meta name=\"twitter:data1\" content=\"1 minuutti\" \/>\n<script type=\"application\/ld+json\" class=\"yoast-schema-graph\">{\"@context\":\"https:\\\/\\\/schema.org\",\"@graph\":[{\"@type\":\"WebPage\",\"@id\":\"https:\\\/\\\/munskankarna.org\\\/oulu\\\/toiminta\\\/liittyminen\\\/\",\"url\":\"https:\\\/\\\/munskankarna.org\\\/oulu\\\/toiminta\\\/liittyminen\\\/\",\"name\":\"Liittyminen - Oulun Munsk\u00e4nkarna\",\"isPartOf\":{\"@id\":\"https:\\\/\\\/munskankarna.org\\\/oulu\\\/#website\"},\"datePublished\":\"2014-10-15T17:03:47+00:00\",\"dateModified\":\"2023-03-30T15:37:27+00:00\",\"breadcrumb\":{\"@id\":\"https:\\\/\\\/munskankarna.org\\\/oulu\\\/toiminta\\\/liittyminen\\\/#breadcrumb\"},\"inLanguage\":\"fi\",\"potentialAction\":[{\"@type\":\"ReadAction\",\"target\":[\"https:\\\/\\\/munskankarna.org\\\/oulu\\\/toiminta\\\/liittyminen\\\/\"]}]},{\"@type\":\"BreadcrumbList\",\"@id\":\"https:\\\/\\\/munskankarna.org\\\/oulu\\\/toiminta\\\/liittyminen\\\/#breadcrumb\",\"itemListElement\":[{\"@type\":\"ListItem\",\"position\":1,\"name\":\"Home\",\"item\":\"https:\\\/\\\/munskankarna.org\\\/oulu\\\/\"},{\"@type\":\"ListItem\",\"position\":2,\"name\":\"Toiminta\",\"item\":\"https:\\\/\\\/munskankarna.org\\\/oulu\\\/toiminta\\\/\"},{\"@type\":\"ListItem\",\"position\":3,\"name\":\"Liittyminen\"}]},{\"@type\":\"WebSite\",\"@id\":\"https:\\\/\\\/munskankarna.org\\\/oulu\\\/#website\",\"url\":\"https:\\\/\\\/munskankarna.org\\\/oulu\\\/\",\"name\":\"Oulun Munsk\u00e4nkarna\",\"description\":\"Viinitastingeja ja -koulutusta jo vuodesta 2001\",\"potentialAction\":[{\"@type\":\"SearchAction\",\"target\":{\"@type\":\"EntryPoint\",\"urlTemplate\":\"https:\\\/\\\/munskankarna.org\\\/oulu\\\/?s={search_term_string}\"},\"query-input\":{\"@type\":\"PropertyValueSpecification\",\"valueRequired\":true,\"valueName\":\"search_term_string\"}}],\"inLanguage\":\"fi\"}]}<\/script>\n<!-- \/ Yoast SEO plugin. -->","yoast_head_json":{"title":"Liittyminen - Oulun Munsk\u00e4nkarna","robots":{"index":"index","follow":"follow","max-snippet":"max-snippet:-1","max-image-preview":"max-image-preview:large","max-video-preview":"max-video-preview:-1"},"canonical":"https:\/\/munskankarna.org\/oulu\/toiminta\/liittyminen\/","og_locale":"fi_FI","og_type":"article","og_title":"Liittyminen - Oulun Munsk\u00e4nkarna","og_description":"Oulun Munsk\u00e4nkarna ry:n j\u00e4seneksi on tervetullut kuka tahansa t\u00e4ysi-ik\u00e4inen viineist\u00e4 kiinostunut henkil\u00f6. Jos haluat tiet\u00e4\u00e4 lis\u00e4\u00e4 j\u00e4senyydest\u00e4, laita s\u00e4hk\u00f6postia suoraan sihteerille osoitteeseen oulun_munska(at)hotmail.com. J\u00e4seneksi hakeminen tapahtuu seuraavasti: Osallistutaan aluksi 1-2 kertaa tastingiin vierailijana jolloin saa n\u00e4kemyksen mit\u00e4 toimintamme on Valmistella vapaamuotoinen hakemus ja osoittaa se Oulun Munsk\u00e4nkarnan hallituksen puheenjohtajalle ja sihteerille osoitteeseen oulun_munska(at)hotmail.com Hakemus tulisi [&hellip;]","og_url":"https:\/\/munskankarna.org\/oulu\/toiminta\/liittyminen\/","og_site_name":"Oulun Munsk\u00e4nkarna","article_modified_time":"2023-03-30T15:37:27+00:00","twitter_card":"summary_large_image","twitter_misc":{"Arvioitu lukuaika":"1 minuutti"},"schema":{"@context":"https:\/\/schema.org","@graph":[{"@type":"WebPage","@id":"https:\/\/munskankarna.org\/oulu\/toiminta\/liittyminen\/","url":"https:\/\/munskankarna.org\/oulu\/toiminta\/liittyminen\/","name":"Liittyminen - Oulun Munsk\u00e4nkarna","isPartOf":{"@id":"https:\/\/munskankarna.org\/oulu\/#website"},"datePublished":"2014-10-15T17:03:47+00:00","dateModified":"2023-03-30T15:37:27+00:00","breadcrumb":{"@id":"https:\/\/munskankarna.org\/oulu\/toiminta\/liittyminen\/#breadcrumb"},"inLanguage":"fi","potentialAction":[{"@type":"ReadAction","target":["https:\/\/munskankarna.org\/oulu\/toiminta\/liittyminen\/"]}]},{"@type":"BreadcrumbList","@id":"https:\/\/munskankarna.org\/oulu\/toiminta\/liittyminen\/#breadcrumb","itemListElement":[{"@type":"ListItem","position":1,"name":"Home","item":"https:\/\/munskankarna.org\/oulu\/"},{"@type":"ListItem","position":2,"name":"Toiminta","item":"https:\/\/munskankarna.org\/oulu\/toiminta\/"},{"@type":"ListItem","position":3,"name":"Liittyminen"}]},{"@type":"WebSite","@id":"https:\/\/munskankarna.org\/oulu\/#website","url":"https:\/\/munskankarna.org\/oulu\/","name":"Oulun Munsk\u00e4nkarna","description":"Viinitastingeja ja -koulutusta jo vuodesta 2001","potentialAction":[{"@type":"SearchAction","target":{"@type":"EntryPoint","urlTemplate":"https:\/\/munskankarna.org\/oulu\/?s={search_term_string}"},"query-input":{"@type":"PropertyValueSpecification","valueRequired":true,"valueName":"search_term_string"}}],"inLanguage":"fi"}]}},"_links":{"self":[{"href":"https:\/\/munskankarna.org\/oulu\/wp-json\/wp\/v2\/pages\/38","targetHints":{"allow":["GET"]}}],"collection":[{"href":"https:\/\/munskankarna.org\/oulu\/wp-json\/wp\/v2\/pages"}],"about":[{"href":"https:\/\/munskankarna.org\/oulu\/wp-json\/wp\/v2\/types\/page"}],"author":[{"embeddable":true,"href":"https:\/\/munskankarna.org\/oulu\/wp-json\/wp\/v2\/users\/10"}],"replies":[{"embeddable":true,"href":"https:\/\/munskankarna.org\/oulu\/wp-json\/wp\/v2\/comments?post=38"}],"version-history":[{"count":12,"href":"https:\/\/munskankarna.org\/oulu\/wp-json\/wp\/v2\/pages\/38\/revisions"}],"predecessor-version":[{"id":76,"href":"https:\/\/munskankarna.org\/oulu\/wp-json\/wp\/v2\/pages\/38\/revisions\/76"}],"up":[{"embeddable":true,"href":"https:\/\/munskankarna.org\/oulu\/wp-json\/wp\/v2\/pages\/35"}],"wp:attachment":[{"href":"https:\/\/munskankarna.org\/oulu\/wp-json\/wp\/v2\/media?parent=38"}],"curies":[{"name":"wp","href":"https:\/\/api.w.org\/{rel}","templated":true}]}}