{"id":41,"date":"2014-10-15T20:12:51","date_gmt":"2014-10-15T17:12:51","guid":{"rendered":"http:\/\/www.munskankarna.org\/oulunmunska\/?page_id=41"},"modified":"2023-03-30T17:38:27","modified_gmt":"2023-03-30T14:38:27","slug":"yhteystiedot","status":"publish","type":"page","link":"https:\/\/munskankarna.org\/oulu\/yhteystiedot\/","title":{"rendered":"Yhteystiedot"},"content":{"rendered":"<h2>Hallituksen yhteystiedot<\/h2>\n<p style=\"padding-left: 30px\">Marjatta Saha, hallituksen puheenjohtaja<br \/>\nAnne Siira, hallitusj\u00e4sen<br \/>\nHeli Kajava, hallitusj\u00e4sen<br \/>\nKaj Sundstr\u00f6m, hallitusj\u00e4sen<br \/>\nSamuli Jalkanen, hallitusj\u00e4sen<br \/>\nErkki Tiittanen, hallitusj\u00e4sen<\/p>\n<p>&nbsp;<\/p>\n<h2>Pankkiyhteys<\/h2>\n<p style=\"padding-left: 30px\">FI27 4600 2020 1454 15 \/ Viiniseura Oulun Munsk\u00e4nkarna<\/p>\n","protected":false},"excerpt":{"rendered":"<p>Hallituksen yhteystiedot Marjatta Saha, hallituksen puheenjohtaja Anne Siira, hallitusj\u00e4sen Heli Kajava, hallitusj\u00e4sen Kaj Sundstr\u00f6m, hallitusj\u00e4sen Samuli Jalkanen, hallitusj\u00e4sen Erkki Tiittanen, hallitusj\u00e4sen &nbsp; Pankkiyhteys FI27 4600 2020 1454 15 \/ Viiniseura Oulun Munsk\u00e4nkarna<\/p>\n","protected":false},"author":10,"featured_media":0,"parent":0,"menu_order":0,"comment_status":"closed","ping_status":"closed","template":"","meta":{"_monsterinsights_skip_tracking":false,"_monsterinsights_sitenote_active":false,"_monsterinsights_sitenote_note":"","_monsterinsights_sitenote_category":0,"footnotes":""},"class_list":["post-41","page","type-page","status-publish","hentry"],"yoast_head":"<!-- This site is optimized with the Yoast SEO plugin v27.3 - https:\/\/yoast.com\/product\/yoast-seo-wordpress\/ -->\n<title>Yhteystiedot - Oulun Munsk\u00e4nkarna<\/title>\n<meta name=\"robots\" content=\"index, follow, max-snippet:-1, max-image-preview:large, max-video-preview:-1\" \/>\n<link rel=\"canonical\" href=\"https:\/\/munskankarna.org\/oulu\/yhteystiedot\/\" \/>\n<meta property=\"og:locale\" content=\"fi_FI\" \/>\n<meta property=\"og:type\" content=\"article\" \/>\n<meta property=\"og:title\" content=\"Yhteystiedot - Oulun Munsk\u00e4nkarna\" \/>\n<meta property=\"og:description\" content=\"Hallituksen yhteystiedot Marjatta Saha, hallituksen puheenjohtaja Anne Siira, hallitusj\u00e4sen Heli Kajava, hallitusj\u00e4sen Kaj Sundstr\u00f6m, hallitusj\u00e4sen Samuli Jalkanen, hallitusj\u00e4sen Erkki Tiittanen, hallitusj\u00e4sen &nbsp; Pankkiyhteys FI27 4600 2020 1454 15 \/ Viiniseura Oulun Munsk\u00e4nkarna\" \/>\n<meta property=\"og:url\" content=\"https:\/\/munskankarna.org\/oulu\/yhteystiedot\/\" \/>\n<meta property=\"og:site_name\" content=\"Oulun Munsk\u00e4nkarna\" \/>\n<meta property=\"article:modified_time\" content=\"2023-03-30T14:38:27+00:00\" \/>\n<meta name=\"twitter:card\" content=\"summary_large_image\" \/>\n<script type=\"application\/ld+json\" class=\"yoast-schema-graph\">{\"@context\":\"https:\\\/\\\/schema.org\",\"@graph\":[{\"@type\":\"WebPage\",\"@id\":\"https:\\\/\\\/munskankarna.org\\\/oulu\\\/yhteystiedot\\\/\",\"url\":\"https:\\\/\\\/munskankarna.org\\\/oulu\\\/yhteystiedot\\\/\",\"name\":\"Yhteystiedot - Oulun Munsk\u00e4nkarna\",\"isPartOf\":{\"@id\":\"https:\\\/\\\/munskankarna.org\\\/oulu\\\/#website\"},\"datePublished\":\"2014-10-15T17:12:51+00:00\",\"dateModified\":\"2023-03-30T14:38:27+00:00\",\"breadcrumb\":{\"@id\":\"https:\\\/\\\/munskankarna.org\\\/oulu\\\/yhteystiedot\\\/#breadcrumb\"},\"inLanguage\":\"fi\",\"potentialAction\":[{\"@type\":\"ReadAction\",\"target\":[\"https:\\\/\\\/munskankarna.org\\\/oulu\\\/yhteystiedot\\\/\"]}]},{\"@type\":\"BreadcrumbList\",\"@id\":\"https:\\\/\\\/munskankarna.org\\\/oulu\\\/yhteystiedot\\\/#breadcrumb\",\"itemListElement\":[{\"@type\":\"ListItem\",\"position\":1,\"name\":\"Home\",\"item\":\"https:\\\/\\\/munskankarna.org\\\/oulu\\\/\"},{\"@type\":\"ListItem\",\"position\":2,\"name\":\"Yhteystiedot\"}]},{\"@type\":\"WebSite\",\"@id\":\"https:\\\/\\\/munskankarna.org\\\/oulu\\\/#website\",\"url\":\"https:\\\/\\\/munskankarna.org\\\/oulu\\\/\",\"name\":\"Oulun Munsk\u00e4nkarna\",\"description\":\"Viinitastingeja ja -koulutusta jo vuodesta 2001\",\"potentialAction\":[{\"@type\":\"SearchAction\",\"target\":{\"@type\":\"EntryPoint\",\"urlTemplate\":\"https:\\\/\\\/munskankarna.org\\\/oulu\\\/?s={search_term_string}\"},\"query-input\":{\"@type\":\"PropertyValueSpecification\",\"valueRequired\":true,\"valueName\":\"search_term_string\"}}],\"inLanguage\":\"fi\"}]}<\/script>\n<!-- \/ Yoast SEO plugin. -->","yoast_head_json":{"title":"Yhteystiedot - Oulun Munsk\u00e4nkarna","robots":{"index":"index","follow":"follow","max-snippet":"max-snippet:-1","max-image-preview":"max-image-preview:large","max-video-preview":"max-video-preview:-1"},"canonical":"https:\/\/munskankarna.org\/oulu\/yhteystiedot\/","og_locale":"fi_FI","og_type":"article","og_title":"Yhteystiedot - Oulun Munsk\u00e4nkarna","og_description":"Hallituksen yhteystiedot Marjatta Saha, hallituksen puheenjohtaja Anne Siira, hallitusj\u00e4sen Heli Kajava, hallitusj\u00e4sen Kaj Sundstr\u00f6m, hallitusj\u00e4sen Samuli Jalkanen, hallitusj\u00e4sen Erkki Tiittanen, hallitusj\u00e4sen &nbsp; Pankkiyhteys FI27 4600 2020 1454 15 \/ Viiniseura Oulun Munsk\u00e4nkarna","og_url":"https:\/\/munskankarna.org\/oulu\/yhteystiedot\/","og_site_name":"Oulun Munsk\u00e4nkarna","article_modified_time":"2023-03-30T14:38:27+00:00","twitter_card":"summary_large_image","schema":{"@context":"https:\/\/schema.org","@graph":[{"@type":"WebPage","@id":"https:\/\/munskankarna.org\/oulu\/yhteystiedot\/","url":"https:\/\/munskankarna.org\/oulu\/yhteystiedot\/","name":"Yhteystiedot - Oulun Munsk\u00e4nkarna","isPartOf":{"@id":"https:\/\/munskankarna.org\/oulu\/#website"},"datePublished":"2014-10-15T17:12:51+00:00","dateModified":"2023-03-30T14:38:27+00:00","breadcrumb":{"@id":"https:\/\/munskankarna.org\/oulu\/yhteystiedot\/#breadcrumb"},"inLanguage":"fi","potentialAction":[{"@type":"ReadAction","target":["https:\/\/munskankarna.org\/oulu\/yhteystiedot\/"]}]},{"@type":"BreadcrumbList","@id":"https:\/\/munskankarna.org\/oulu\/yhteystiedot\/#breadcrumb","itemListElement":[{"@type":"ListItem","position":1,"name":"Home","item":"https:\/\/munskankarna.org\/oulu\/"},{"@type":"ListItem","position":2,"name":"Yhteystiedot"}]},{"@type":"WebSite","@id":"https:\/\/munskankarna.org\/oulu\/#website","url":"https:\/\/munskankarna.org\/oulu\/","name":"Oulun Munsk\u00e4nkarna","description":"Viinitastingeja ja -koulutusta jo vuodesta 2001","potentialAction":[{"@type":"SearchAction","target":{"@type":"EntryPoint","urlTemplate":"https:\/\/munskankarna.org\/oulu\/?s={search_term_string}"},"query-input":{"@type":"PropertyValueSpecification","valueRequired":true,"valueName":"search_term_string"}}],"inLanguage":"fi"}]}},"_links":{"self":[{"href":"https:\/\/munskankarna.org\/oulu\/wp-json\/wp\/v2\/pages\/41","targetHints":{"allow":["GET"]}}],"collection":[{"href":"https:\/\/munskankarna.org\/oulu\/wp-json\/wp\/v2\/pages"}],"about":[{"href":"https:\/\/munskankarna.org\/oulu\/wp-json\/wp\/v2\/types\/page"}],"author":[{"embeddable":true,"href":"https:\/\/munskankarna.org\/oulu\/wp-json\/wp\/v2\/users\/10"}],"replies":[{"embeddable":true,"href":"https:\/\/munskankarna.org\/oulu\/wp-json\/wp\/v2\/comments?post=41"}],"version-history":[{"count":11,"href":"https:\/\/munskankarna.org\/oulu\/wp-json\/wp\/v2\/pages\/41\/revisions"}],"predecessor-version":[{"id":48,"href":"https:\/\/munskankarna.org\/oulu\/wp-json\/wp\/v2\/pages\/41\/revisions\/48"}],"wp:attachment":[{"href":"https:\/\/munskankarna.org\/oulu\/wp-json\/wp\/v2\/media?parent=41"}],"curies":[{"name":"wp","href":"https:\/\/api.w.org\/{rel}","templated":true}]}}