{"id":57,"date":"2014-10-16T22:34:38","date_gmt":"2014-10-16T19:34:38","guid":{"rendered":"http:\/\/www.munskankarna.org\/oulunmunska\/?page_id=57"},"modified":"2023-03-30T17:28:02","modified_gmt":"2023-03-30T14:28:02","slug":"tastingit","status":"publish","type":"page","link":"https:\/\/munskankarna.org\/oulu\/toiminta\/tastingit\/","title":{"rendered":"Tastingit"},"content":{"rendered":"<p>Oulun Munsk\u00e4nkarna j\u00e4rjest\u00e4\u00e4 tastingej\u00e4 eli maistelutilaisuuksia luentoineen noin kymmenen kertaa vuoden aikana. N\u00e4ihin tilaisuuksiin voivat osallistua j\u00e4senet ja j\u00e4seneksi liittymist\u00e4 harkitsevat.<\/p>\n<p>Tastingien aiheet vaihtelevat laidasta laitaan, esimerkkej\u00e4 viimevuosien maisteluteemoista ovat mm. eri ryp\u00e4leelle tai maalle omistutetut tilaisuudet, portviinit, shampanjat, kalliit viinit, yll\u00e4tysmaistelu&#8230; Uusia ideoita toetutetaan aina j\u00e4senist\u00e4n kiinnostuksen mukaan.<\/p>\n<p>Maistelut toteutetaan yleens\u00e4 puolisokko-periaatteella eli maisteltavat tuotteen\u00a0voivat olla tiedossa, mutta niiden j\u00e4rjestys laseissa on tuntematon.<\/p>\n","protected":false},"excerpt":{"rendered":"<p>Oulun Munsk\u00e4nkarna j\u00e4rjest\u00e4\u00e4 tastingej\u00e4 eli maistelutilaisuuksia luentoineen noin kymmenen kertaa vuoden aikana. N\u00e4ihin tilaisuuksiin voivat osallistua j\u00e4senet ja j\u00e4seneksi liittymist\u00e4 harkitsevat. Tastingien aiheet vaihtelevat laidasta laitaan, esimerkkej\u00e4 viimevuosien maisteluteemoista ovat mm. eri ryp\u00e4leelle tai maalle omistutetut tilaisuudet, portviinit, shampanjat, kalliit viinit, yll\u00e4tysmaistelu&#8230; Uusia ideoita toetutetaan aina j\u00e4senist\u00e4n kiinnostuksen mukaan. Maistelut toteutetaan yleens\u00e4 puolisokko-periaatteella eli maisteltavat [&hellip;]<\/p>\n","protected":false},"author":10,"featured_media":0,"parent":35,"menu_order":0,"comment_status":"closed","ping_status":"closed","template":"","meta":{"_monsterinsights_skip_tracking":false,"_monsterinsights_sitenote_active":false,"_monsterinsights_sitenote_note":"","_monsterinsights_sitenote_category":0,"footnotes":""},"class_list":["post-57","page","type-page","status-publish","hentry"],"yoast_head":"<!-- This site is optimized with the Yoast SEO plugin v27.3 - https:\/\/yoast.com\/product\/yoast-seo-wordpress\/ -->\n<title>Tastingit - Oulun Munsk\u00e4nkarna<\/title>\n<meta name=\"robots\" content=\"index, follow, max-snippet:-1, max-image-preview:large, max-video-preview:-1\" \/>\n<link rel=\"canonical\" href=\"https:\/\/munskankarna.org\/oulu\/toiminta\/tastingit\/\" \/>\n<meta property=\"og:locale\" content=\"fi_FI\" \/>\n<meta property=\"og:type\" content=\"article\" \/>\n<meta property=\"og:title\" content=\"Tastingit - Oulun Munsk\u00e4nkarna\" \/>\n<meta property=\"og:description\" content=\"Oulun Munsk\u00e4nkarna j\u00e4rjest\u00e4\u00e4 tastingej\u00e4 eli maistelutilaisuuksia luentoineen noin kymmenen kertaa vuoden aikana. N\u00e4ihin tilaisuuksiin voivat osallistua j\u00e4senet ja j\u00e4seneksi liittymist\u00e4 harkitsevat. Tastingien aiheet vaihtelevat laidasta laitaan, esimerkkej\u00e4 viimevuosien maisteluteemoista ovat mm. eri ryp\u00e4leelle tai maalle omistutetut tilaisuudet, portviinit, shampanjat, kalliit viinit, yll\u00e4tysmaistelu&#8230; Uusia ideoita toetutetaan aina j\u00e4senist\u00e4n kiinnostuksen mukaan. Maistelut toteutetaan yleens\u00e4 puolisokko-periaatteella eli maisteltavat [&hellip;]\" \/>\n<meta property=\"og:url\" content=\"https:\/\/munskankarna.org\/oulu\/toiminta\/tastingit\/\" \/>\n<meta property=\"og:site_name\" content=\"Oulun Munsk\u00e4nkarna\" \/>\n<meta property=\"article:modified_time\" content=\"2023-03-30T14:28:02+00:00\" \/>\n<meta name=\"twitter:card\" content=\"summary_large_image\" \/>\n<script type=\"application\/ld+json\" class=\"yoast-schema-graph\">{\"@context\":\"https:\\\/\\\/schema.org\",\"@graph\":[{\"@type\":\"WebPage\",\"@id\":\"https:\\\/\\\/munskankarna.org\\\/oulu\\\/toiminta\\\/tastingit\\\/\",\"url\":\"https:\\\/\\\/munskankarna.org\\\/oulu\\\/toiminta\\\/tastingit\\\/\",\"name\":\"Tastingit - Oulun Munsk\u00e4nkarna\",\"isPartOf\":{\"@id\":\"https:\\\/\\\/munskankarna.org\\\/oulu\\\/#website\"},\"datePublished\":\"2014-10-16T19:34:38+00:00\",\"dateModified\":\"2023-03-30T14:28:02+00:00\",\"breadcrumb\":{\"@id\":\"https:\\\/\\\/munskankarna.org\\\/oulu\\\/toiminta\\\/tastingit\\\/#breadcrumb\"},\"inLanguage\":\"fi\",\"potentialAction\":[{\"@type\":\"ReadAction\",\"target\":[\"https:\\\/\\\/munskankarna.org\\\/oulu\\\/toiminta\\\/tastingit\\\/\"]}]},{\"@type\":\"BreadcrumbList\",\"@id\":\"https:\\\/\\\/munskankarna.org\\\/oulu\\\/toiminta\\\/tastingit\\\/#breadcrumb\",\"itemListElement\":[{\"@type\":\"ListItem\",\"position\":1,\"name\":\"Home\",\"item\":\"https:\\\/\\\/munskankarna.org\\\/oulu\\\/\"},{\"@type\":\"ListItem\",\"position\":2,\"name\":\"Toiminta\",\"item\":\"https:\\\/\\\/munskankarna.org\\\/oulu\\\/toiminta\\\/\"},{\"@type\":\"ListItem\",\"position\":3,\"name\":\"Tastingit\"}]},{\"@type\":\"WebSite\",\"@id\":\"https:\\\/\\\/munskankarna.org\\\/oulu\\\/#website\",\"url\":\"https:\\\/\\\/munskankarna.org\\\/oulu\\\/\",\"name\":\"Oulun Munsk\u00e4nkarna\",\"description\":\"Viinitastingeja ja -koulutusta jo vuodesta 2001\",\"potentialAction\":[{\"@type\":\"SearchAction\",\"target\":{\"@type\":\"EntryPoint\",\"urlTemplate\":\"https:\\\/\\\/munskankarna.org\\\/oulu\\\/?s={search_term_string}\"},\"query-input\":{\"@type\":\"PropertyValueSpecification\",\"valueRequired\":true,\"valueName\":\"search_term_string\"}}],\"inLanguage\":\"fi\"}]}<\/script>\n<!-- \/ Yoast SEO plugin. -->","yoast_head_json":{"title":"Tastingit - Oulun Munsk\u00e4nkarna","robots":{"index":"index","follow":"follow","max-snippet":"max-snippet:-1","max-image-preview":"max-image-preview:large","max-video-preview":"max-video-preview:-1"},"canonical":"https:\/\/munskankarna.org\/oulu\/toiminta\/tastingit\/","og_locale":"fi_FI","og_type":"article","og_title":"Tastingit - Oulun Munsk\u00e4nkarna","og_description":"Oulun Munsk\u00e4nkarna j\u00e4rjest\u00e4\u00e4 tastingej\u00e4 eli maistelutilaisuuksia luentoineen noin kymmenen kertaa vuoden aikana. N\u00e4ihin tilaisuuksiin voivat osallistua j\u00e4senet ja j\u00e4seneksi liittymist\u00e4 harkitsevat. Tastingien aiheet vaihtelevat laidasta laitaan, esimerkkej\u00e4 viimevuosien maisteluteemoista ovat mm. eri ryp\u00e4leelle tai maalle omistutetut tilaisuudet, portviinit, shampanjat, kalliit viinit, yll\u00e4tysmaistelu&#8230; Uusia ideoita toetutetaan aina j\u00e4senist\u00e4n kiinnostuksen mukaan. Maistelut toteutetaan yleens\u00e4 puolisokko-periaatteella eli maisteltavat [&hellip;]","og_url":"https:\/\/munskankarna.org\/oulu\/toiminta\/tastingit\/","og_site_name":"Oulun Munsk\u00e4nkarna","article_modified_time":"2023-03-30T14:28:02+00:00","twitter_card":"summary_large_image","schema":{"@context":"https:\/\/schema.org","@graph":[{"@type":"WebPage","@id":"https:\/\/munskankarna.org\/oulu\/toiminta\/tastingit\/","url":"https:\/\/munskankarna.org\/oulu\/toiminta\/tastingit\/","name":"Tastingit - Oulun Munsk\u00e4nkarna","isPartOf":{"@id":"https:\/\/munskankarna.org\/oulu\/#website"},"datePublished":"2014-10-16T19:34:38+00:00","dateModified":"2023-03-30T14:28:02+00:00","breadcrumb":{"@id":"https:\/\/munskankarna.org\/oulu\/toiminta\/tastingit\/#breadcrumb"},"inLanguage":"fi","potentialAction":[{"@type":"ReadAction","target":["https:\/\/munskankarna.org\/oulu\/toiminta\/tastingit\/"]}]},{"@type":"BreadcrumbList","@id":"https:\/\/munskankarna.org\/oulu\/toiminta\/tastingit\/#breadcrumb","itemListElement":[{"@type":"ListItem","position":1,"name":"Home","item":"https:\/\/munskankarna.org\/oulu\/"},{"@type":"ListItem","position":2,"name":"Toiminta","item":"https:\/\/munskankarna.org\/oulu\/toiminta\/"},{"@type":"ListItem","position":3,"name":"Tastingit"}]},{"@type":"WebSite","@id":"https:\/\/munskankarna.org\/oulu\/#website","url":"https:\/\/munskankarna.org\/oulu\/","name":"Oulun Munsk\u00e4nkarna","description":"Viinitastingeja ja -koulutusta jo vuodesta 2001","potentialAction":[{"@type":"SearchAction","target":{"@type":"EntryPoint","urlTemplate":"https:\/\/munskankarna.org\/oulu\/?s={search_term_string}"},"query-input":{"@type":"PropertyValueSpecification","valueRequired":true,"valueName":"search_term_string"}}],"inLanguage":"fi"}]}},"_links":{"self":[{"href":"https:\/\/munskankarna.org\/oulu\/wp-json\/wp\/v2\/pages\/57","targetHints":{"allow":["GET"]}}],"collection":[{"href":"https:\/\/munskankarna.org\/oulu\/wp-json\/wp\/v2\/pages"}],"about":[{"href":"https:\/\/munskankarna.org\/oulu\/wp-json\/wp\/v2\/types\/page"}],"author":[{"embeddable":true,"href":"https:\/\/munskankarna.org\/oulu\/wp-json\/wp\/v2\/users\/10"}],"replies":[{"embeddable":true,"href":"https:\/\/munskankarna.org\/oulu\/wp-json\/wp\/v2\/comments?post=57"}],"version-history":[{"count":8,"href":"https:\/\/munskankarna.org\/oulu\/wp-json\/wp\/v2\/pages\/57\/revisions"}],"predecessor-version":[{"id":197,"href":"https:\/\/munskankarna.org\/oulu\/wp-json\/wp\/v2\/pages\/57\/revisions\/197"}],"up":[{"embeddable":true,"href":"https:\/\/munskankarna.org\/oulu\/wp-json\/wp\/v2\/pages\/35"}],"wp:attachment":[{"href":"https:\/\/munskankarna.org\/oulu\/wp-json\/wp\/v2\/media?parent=57"}],"curies":[{"name":"wp","href":"https:\/\/api.w.org\/{rel}","templated":true}]}}