{"id":60,"date":"2014-10-16T22:42:01","date_gmt":"2014-10-16T19:42:01","guid":{"rendered":"http:\/\/www.munskankarna.org\/oulunmunska\/?page_id=60"},"modified":"2014-10-19T20:04:58","modified_gmt":"2014-10-19T17:04:58","slug":"koulutus","status":"publish","type":"page","link":"https:\/\/munskankarna.org\/oulu\/koulutus\/","title":{"rendered":"Koulutus"},"content":{"rendered":"<p>Oulun Munsk\u00e4nkarna tukee j\u00e4seni\u00e4\u00e4n niiden pyrkiess\u00e4 laajentamaan ja syvent\u00e4m\u00e4\u00e4n tietoutta viineist\u00e4 ja muista jaloista juomista sek\u00e4 edist\u00e4m\u00e4\u00e4n hyvi\u00e4 ja kohtuullisia juomatapoja.<\/p>\n<p>Koulutusta j\u00e4rjestet\u00e4\u00e4n nelj\u00e4ll\u00e4 tasolla Munsk\u00e4nkarna-j\u00e4rjest\u00f6n yhteisten oppimistavoitteiden mukaisesti. Kurssien j\u00e4lkeen osanottajilla on mahdollisuus suorittaa tasokoe. Tasokokeen l\u00e4p\u00e4isseet saavat diplomin ja suoritusta vastaavan rintamerkin.<\/p>\n<p>Oulun Munsk\u00e4nkarna j\u00e4rjest\u00e4\u00e4 koulutustapahtumia. Suuren osan koulutusmateriaalin sis\u00e4ll\u00f6st\u00e4 vastaa Suomen Munsk\u00e4nkarna ry. Koulutus pit\u00e4\u00e4 t\u00e4ll\u00e4 hetkell\u00e4 sis\u00e4ll\u00e4\u00e4n, viisi erilaista kurssia:<\/p>\n<p><span style=\"text-decoration: underline\"><strong>Peruskurssi<\/strong> <\/span>on yhden illan mittainen johdatus viinien maailaan ja on tarkoitettu aloittelijoille ja voidaan tilata esim. osaksi ty\u00f6paikan illanviettoa.<\/p>\n<p><span style=\"text-decoration: underline\"><strong>I-tason kurssi<\/strong> <\/span>on helpohko kurssi, jossa p\u00e4\u00e4paino on viinialueiden tuntemisella sek\u00e4 maistelun peruselementeiss\u00e4.<\/p>\n<p><span style=\"text-decoration: underline\"><strong>Ryp\u00e4lekurssi<\/strong> <\/span>keskittyy jo nimens\u00e4kin mukaan ryp\u00e4leiden opiskeluun ja niiden tunnistamiseen. I-tason kurssia ja ryp\u00e4lekurssia j\u00e4rjestet\u00e4\u00e4n j\u00e4senist\u00f6n kiinnostuksen mukaan. Kokeita j\u00e4rjestet\u00e4\u00e4n samoin kiinnostuksen mukaan n 1 kerran vuodessa.<\/p>\n<p><span style=\"text-decoration: underline\"><strong>II- ja III- tason kurssit<\/strong><\/span> vaativat jo intensiivisemp\u00e4\u00e4 perehtymist\u00e4 viinien maailmaan. II-tason suorittaneita j\u00e4seni\u00e4 on Munsk\u00e4nkarna Aboassa vain muutama ja III-tason suorittaneita koko Suomessa 5 kappaletta. N\u00e4m\u00e4 kokeet toteutetaan tiiviiss\u00e4 yhteisty\u00f6ss\u00e4 Ruotsin Munsk\u00e4nkarnan kanssa.<\/p>\n<p>Koulutus aineistot l\u00f6ytyv\u00e4t toimihenkil\u00f6sivuilta osoitteesta <a href=\"https:\/\/munskankarna.org\/tiedotteet\/tasokurssien-oppimateriaalit\/\">https:\/\/munskankarna.org\/tiedotteet\/tasokurssien-oppimateriaalit\/ <\/a><\/p>\n","protected":false},"excerpt":{"rendered":"<p>Oulun Munsk\u00e4nkarna tukee j\u00e4seni\u00e4\u00e4n niiden pyrkiess\u00e4 laajentamaan ja syvent\u00e4m\u00e4\u00e4n tietoutta viineist\u00e4 ja muista jaloista juomista sek\u00e4 edist\u00e4m\u00e4\u00e4n hyvi\u00e4 ja kohtuullisia juomatapoja. Koulutusta j\u00e4rjestet\u00e4\u00e4n nelj\u00e4ll\u00e4 tasolla Munsk\u00e4nkarna-j\u00e4rjest\u00f6n yhteisten oppimistavoitteiden mukaisesti. Kurssien j\u00e4lkeen osanottajilla on mahdollisuus suorittaa tasokoe. Tasokokeen l\u00e4p\u00e4isseet saavat diplomin ja suoritusta vastaavan rintamerkin. Oulun Munsk\u00e4nkarna j\u00e4rjest\u00e4\u00e4 koulutustapahtumia. Suuren osan koulutusmateriaalin sis\u00e4ll\u00f6st\u00e4 vastaa Suomen Munsk\u00e4nkarna [&hellip;]<\/p>\n","protected":false},"author":10,"featured_media":0,"parent":0,"menu_order":0,"comment_status":"closed","ping_status":"closed","template":"","meta":{"_monsterinsights_skip_tracking":false,"_monsterinsights_sitenote_active":false,"_monsterinsights_sitenote_note":"","_monsterinsights_sitenote_category":0,"footnotes":""},"class_list":["post-60","page","type-page","status-publish","hentry"],"yoast_head":"<!-- This site is optimized with the Yoast SEO plugin v27.3 - https:\/\/yoast.com\/product\/yoast-seo-wordpress\/ -->\n<title>Koulutus - Oulun Munsk\u00e4nkarna<\/title>\n<meta name=\"robots\" content=\"index, follow, max-snippet:-1, max-image-preview:large, max-video-preview:-1\" \/>\n<link rel=\"canonical\" href=\"https:\/\/munskankarna.org\/oulu\/koulutus\/\" \/>\n<meta property=\"og:locale\" content=\"fi_FI\" \/>\n<meta property=\"og:type\" content=\"article\" \/>\n<meta property=\"og:title\" content=\"Koulutus - Oulun Munsk\u00e4nkarna\" \/>\n<meta property=\"og:description\" content=\"Oulun Munsk\u00e4nkarna tukee j\u00e4seni\u00e4\u00e4n niiden pyrkiess\u00e4 laajentamaan ja syvent\u00e4m\u00e4\u00e4n tietoutta viineist\u00e4 ja muista jaloista juomista sek\u00e4 edist\u00e4m\u00e4\u00e4n hyvi\u00e4 ja kohtuullisia juomatapoja. Koulutusta j\u00e4rjestet\u00e4\u00e4n nelj\u00e4ll\u00e4 tasolla Munsk\u00e4nkarna-j\u00e4rjest\u00f6n yhteisten oppimistavoitteiden mukaisesti. Kurssien j\u00e4lkeen osanottajilla on mahdollisuus suorittaa tasokoe. Tasokokeen l\u00e4p\u00e4isseet saavat diplomin ja suoritusta vastaavan rintamerkin. Oulun Munsk\u00e4nkarna j\u00e4rjest\u00e4\u00e4 koulutustapahtumia. Suuren osan koulutusmateriaalin sis\u00e4ll\u00f6st\u00e4 vastaa Suomen Munsk\u00e4nkarna [&hellip;]\" \/>\n<meta property=\"og:url\" content=\"https:\/\/munskankarna.org\/oulu\/koulutus\/\" \/>\n<meta property=\"og:site_name\" content=\"Oulun Munsk\u00e4nkarna\" \/>\n<meta property=\"article:modified_time\" content=\"2014-10-19T17:04:58+00:00\" \/>\n<meta name=\"twitter:card\" content=\"summary_large_image\" \/>\n<meta name=\"twitter:label1\" content=\"Arvioitu lukuaika\" \/>\n\t<meta name=\"twitter:data1\" content=\"1 minuutti\" \/>\n<script type=\"application\/ld+json\" class=\"yoast-schema-graph\">{\"@context\":\"https:\\\/\\\/schema.org\",\"@graph\":[{\"@type\":\"WebPage\",\"@id\":\"https:\\\/\\\/munskankarna.org\\\/oulu\\\/koulutus\\\/\",\"url\":\"https:\\\/\\\/munskankarna.org\\\/oulu\\\/koulutus\\\/\",\"name\":\"Koulutus - Oulun Munsk\u00e4nkarna\",\"isPartOf\":{\"@id\":\"https:\\\/\\\/munskankarna.org\\\/oulu\\\/#website\"},\"datePublished\":\"2014-10-16T19:42:01+00:00\",\"dateModified\":\"2014-10-19T17:04:58+00:00\",\"breadcrumb\":{\"@id\":\"https:\\\/\\\/munskankarna.org\\\/oulu\\\/koulutus\\\/#breadcrumb\"},\"inLanguage\":\"fi\",\"potentialAction\":[{\"@type\":\"ReadAction\",\"target\":[\"https:\\\/\\\/munskankarna.org\\\/oulu\\\/koulutus\\\/\"]}]},{\"@type\":\"BreadcrumbList\",\"@id\":\"https:\\\/\\\/munskankarna.org\\\/oulu\\\/koulutus\\\/#breadcrumb\",\"itemListElement\":[{\"@type\":\"ListItem\",\"position\":1,\"name\":\"Home\",\"item\":\"https:\\\/\\\/munskankarna.org\\\/oulu\\\/\"},{\"@type\":\"ListItem\",\"position\":2,\"name\":\"Koulutus\"}]},{\"@type\":\"WebSite\",\"@id\":\"https:\\\/\\\/munskankarna.org\\\/oulu\\\/#website\",\"url\":\"https:\\\/\\\/munskankarna.org\\\/oulu\\\/\",\"name\":\"Oulun Munsk\u00e4nkarna\",\"description\":\"Viinitastingeja ja -koulutusta jo vuodesta 2001\",\"potentialAction\":[{\"@type\":\"SearchAction\",\"target\":{\"@type\":\"EntryPoint\",\"urlTemplate\":\"https:\\\/\\\/munskankarna.org\\\/oulu\\\/?s={search_term_string}\"},\"query-input\":{\"@type\":\"PropertyValueSpecification\",\"valueRequired\":true,\"valueName\":\"search_term_string\"}}],\"inLanguage\":\"fi\"}]}<\/script>\n<!-- \/ Yoast SEO plugin. -->","yoast_head_json":{"title":"Koulutus - Oulun Munsk\u00e4nkarna","robots":{"index":"index","follow":"follow","max-snippet":"max-snippet:-1","max-image-preview":"max-image-preview:large","max-video-preview":"max-video-preview:-1"},"canonical":"https:\/\/munskankarna.org\/oulu\/koulutus\/","og_locale":"fi_FI","og_type":"article","og_title":"Koulutus - Oulun Munsk\u00e4nkarna","og_description":"Oulun Munsk\u00e4nkarna tukee j\u00e4seni\u00e4\u00e4n niiden pyrkiess\u00e4 laajentamaan ja syvent\u00e4m\u00e4\u00e4n tietoutta viineist\u00e4 ja muista jaloista juomista sek\u00e4 edist\u00e4m\u00e4\u00e4n hyvi\u00e4 ja kohtuullisia juomatapoja. Koulutusta j\u00e4rjestet\u00e4\u00e4n nelj\u00e4ll\u00e4 tasolla Munsk\u00e4nkarna-j\u00e4rjest\u00f6n yhteisten oppimistavoitteiden mukaisesti. Kurssien j\u00e4lkeen osanottajilla on mahdollisuus suorittaa tasokoe. Tasokokeen l\u00e4p\u00e4isseet saavat diplomin ja suoritusta vastaavan rintamerkin. Oulun Munsk\u00e4nkarna j\u00e4rjest\u00e4\u00e4 koulutustapahtumia. Suuren osan koulutusmateriaalin sis\u00e4ll\u00f6st\u00e4 vastaa Suomen Munsk\u00e4nkarna [&hellip;]","og_url":"https:\/\/munskankarna.org\/oulu\/koulutus\/","og_site_name":"Oulun Munsk\u00e4nkarna","article_modified_time":"2014-10-19T17:04:58+00:00","twitter_card":"summary_large_image","twitter_misc":{"Arvioitu lukuaika":"1 minuutti"},"schema":{"@context":"https:\/\/schema.org","@graph":[{"@type":"WebPage","@id":"https:\/\/munskankarna.org\/oulu\/koulutus\/","url":"https:\/\/munskankarna.org\/oulu\/koulutus\/","name":"Koulutus - Oulun Munsk\u00e4nkarna","isPartOf":{"@id":"https:\/\/munskankarna.org\/oulu\/#website"},"datePublished":"2014-10-16T19:42:01+00:00","dateModified":"2014-10-19T17:04:58+00:00","breadcrumb":{"@id":"https:\/\/munskankarna.org\/oulu\/koulutus\/#breadcrumb"},"inLanguage":"fi","potentialAction":[{"@type":"ReadAction","target":["https:\/\/munskankarna.org\/oulu\/koulutus\/"]}]},{"@type":"BreadcrumbList","@id":"https:\/\/munskankarna.org\/oulu\/koulutus\/#breadcrumb","itemListElement":[{"@type":"ListItem","position":1,"name":"Home","item":"https:\/\/munskankarna.org\/oulu\/"},{"@type":"ListItem","position":2,"name":"Koulutus"}]},{"@type":"WebSite","@id":"https:\/\/munskankarna.org\/oulu\/#website","url":"https:\/\/munskankarna.org\/oulu\/","name":"Oulun Munsk\u00e4nkarna","description":"Viinitastingeja ja -koulutusta jo vuodesta 2001","potentialAction":[{"@type":"SearchAction","target":{"@type":"EntryPoint","urlTemplate":"https:\/\/munskankarna.org\/oulu\/?s={search_term_string}"},"query-input":{"@type":"PropertyValueSpecification","valueRequired":true,"valueName":"search_term_string"}}],"inLanguage":"fi"}]}},"_links":{"self":[{"href":"https:\/\/munskankarna.org\/oulu\/wp-json\/wp\/v2\/pages\/60","targetHints":{"allow":["GET"]}}],"collection":[{"href":"https:\/\/munskankarna.org\/oulu\/wp-json\/wp\/v2\/pages"}],"about":[{"href":"https:\/\/munskankarna.org\/oulu\/wp-json\/wp\/v2\/types\/page"}],"author":[{"embeddable":true,"href":"https:\/\/munskankarna.org\/oulu\/wp-json\/wp\/v2\/users\/10"}],"replies":[{"embeddable":true,"href":"https:\/\/munskankarna.org\/oulu\/wp-json\/wp\/v2\/comments?post=60"}],"version-history":[{"count":6,"href":"https:\/\/munskankarna.org\/oulu\/wp-json\/wp\/v2\/pages\/60\/revisions"}],"predecessor-version":[{"id":75,"href":"https:\/\/munskankarna.org\/oulu\/wp-json\/wp\/v2\/pages\/60\/revisions\/75"}],"wp:attachment":[{"href":"https:\/\/munskankarna.org\/oulu\/wp-json\/wp\/v2\/media?parent=60"}],"curies":[{"name":"wp","href":"https:\/\/api.w.org\/{rel}","templated":true}]}}