{"id":9,"date":"2020-02-20T14:34:22","date_gmt":"2020-02-20T12:34:22","guid":{"rendered":"https:\/\/www.munskankarna.org\/pori\/?page_id=9"},"modified":"2025-01-14T15:27:54","modified_gmt":"2025-01-14T13:27:54","slug":"jasenyys","status":"publish","type":"page","link":"https:\/\/munskankarna.org\/pori\/jasenyys\/","title":{"rendered":"J\u00e4senyys"},"content":{"rendered":"\n<p>Kiinnostuitko toiminnastamme? Otamme mielell\u00e4mme uusia viineist\u00e4 kiinnostuneita j\u00e4seni\u00e4. Tiet\u00e4mystaso ei ole esteen\u00e4, kunhan olet kiinnostunut viineist\u00e4 ja oppimaan lis\u00e4\u00e4! <br>J\u00e4seneksi p\u00e4\u00e4set tulemalla mukaan maisteluun vierailijana, jonka j\u00e4lkeen voit halutessasi liitty\u00e4 j\u00e4seneksi. Maistelun hinta ilmoitetaan erikseen.<\/p>\n\n\n\n<p>Mik\u00e4li j\u00e4senyys kiinnostaa, otathan yhteytt\u00e4 hallitukseemme.<\/p>\n\n\n\n<p>J\u00e4senmaksumme vuodelle 2025 on 30 \u20ac per j\u00e4sen.<\/p>\n\n\n\n<p><\/p>\n","protected":false},"excerpt":{"rendered":"<p>Kiinnostuitko toiminnastamme? Otamme mielell\u00e4mme uusia viineist\u00e4 kiinnostuneita j\u00e4seni\u00e4. Tiet\u00e4mystaso ei ole esteen\u00e4, kunhan olet kiinnostunut viineist\u00e4 ja oppimaan lis\u00e4\u00e4! J\u00e4seneksi p\u00e4\u00e4set tulemalla mukaan maisteluun vierailijana, jonka j\u00e4lkeen voit halutessasi liitty\u00e4 j\u00e4seneksi. Maistelun hinta ilmoitetaan erikseen. Mik\u00e4li j\u00e4senyys kiinnostaa, otathan yhteytt\u00e4 hallitukseemme. J\u00e4senmaksumme vuodelle 2025 on 30 \u20ac per j\u00e4sen.<\/p>\n","protected":false},"author":26,"featured_media":0,"parent":0,"menu_order":1,"comment_status":"closed","ping_status":"closed","template":"","meta":{"footnotes":""},"class_list":["post-9","page","type-page","status-publish","hentry"],"yoast_head":"<!-- This site is optimized with the Yoast SEO plugin v27.0 - https:\/\/yoast.com\/product\/yoast-seo-wordpress\/ -->\n<title>J\u00e4senyys - Porin Munsk\u00e4nkarna<\/title>\n<meta name=\"robots\" content=\"index, follow, max-snippet:-1, max-image-preview:large, max-video-preview:-1\" \/>\n<link rel=\"canonical\" href=\"https:\/\/munskankarna.org\/pori\/jasenyys\/\" \/>\n<meta property=\"og:locale\" content=\"fi_FI\" \/>\n<meta property=\"og:type\" content=\"article\" \/>\n<meta property=\"og:title\" content=\"J\u00e4senyys - Porin Munsk\u00e4nkarna\" \/>\n<meta property=\"og:description\" content=\"Kiinnostuitko toiminnastamme? Otamme mielell\u00e4mme uusia viineist\u00e4 kiinnostuneita j\u00e4seni\u00e4. Tiet\u00e4mystaso ei ole esteen\u00e4, kunhan olet kiinnostunut viineist\u00e4 ja oppimaan lis\u00e4\u00e4! J\u00e4seneksi p\u00e4\u00e4set tulemalla mukaan maisteluun vierailijana, jonka j\u00e4lkeen voit halutessasi liitty\u00e4 j\u00e4seneksi. Maistelun hinta ilmoitetaan erikseen. Mik\u00e4li j\u00e4senyys kiinnostaa, otathan yhteytt\u00e4 hallitukseemme. J\u00e4senmaksumme vuodelle 2025 on 30 \u20ac per j\u00e4sen.\" \/>\n<meta property=\"og:url\" content=\"https:\/\/munskankarna.org\/pori\/jasenyys\/\" \/>\n<meta property=\"og:site_name\" content=\"Porin Munsk\u00e4nkarna\" \/>\n<meta property=\"article:modified_time\" content=\"2025-01-14T13:27:54+00:00\" \/>\n<meta name=\"twitter:card\" content=\"summary_large_image\" \/>\n<script type=\"application\/ld+json\" class=\"yoast-schema-graph\">{\"@context\":\"https:\/\/schema.org\",\"@graph\":[{\"@type\":\"WebPage\",\"@id\":\"https:\/\/munskankarna.org\/pori\/jasenyys\/\",\"url\":\"https:\/\/munskankarna.org\/pori\/jasenyys\/\",\"name\":\"J\u00e4senyys - Porin Munsk\u00e4nkarna\",\"isPartOf\":{\"@id\":\"https:\/\/munskankarna.org\/pori\/#website\"},\"datePublished\":\"2020-02-20T12:34:22+00:00\",\"dateModified\":\"2025-01-14T13:27:54+00:00\",\"breadcrumb\":{\"@id\":\"https:\/\/munskankarna.org\/pori\/jasenyys\/#breadcrumb\"},\"inLanguage\":\"fi\",\"potentialAction\":[{\"@type\":\"ReadAction\",\"target\":[\"https:\/\/munskankarna.org\/pori\/jasenyys\/\"]}]},{\"@type\":\"BreadcrumbList\",\"@id\":\"https:\/\/munskankarna.org\/pori\/jasenyys\/#breadcrumb\",\"itemListElement\":[{\"@type\":\"ListItem\",\"position\":1,\"name\":\"Home\",\"item\":\"https:\/\/munskankarna.org\/pori\/\"},{\"@type\":\"ListItem\",\"position\":2,\"name\":\"J\u00e4senyys\"}]},{\"@type\":\"WebSite\",\"@id\":\"https:\/\/munskankarna.org\/pori\/#website\",\"url\":\"https:\/\/munskankarna.org\/pori\/\",\"name\":\"Porin Munsk\u00e4nkarna\",\"description\":\"Tastingeja ja koulutusta jo vuodesta 2013\",\"potentialAction\":[{\"@type\":\"SearchAction\",\"target\":{\"@type\":\"EntryPoint\",\"urlTemplate\":\"https:\/\/munskankarna.org\/pori\/?s={search_term_string}\"},\"query-input\":{\"@type\":\"PropertyValueSpecification\",\"valueRequired\":true,\"valueName\":\"search_term_string\"}}],\"inLanguage\":\"fi\"}]}<\/script>\n<!-- \/ Yoast SEO plugin. -->","yoast_head_json":{"title":"J\u00e4senyys - Porin Munsk\u00e4nkarna","robots":{"index":"index","follow":"follow","max-snippet":"max-snippet:-1","max-image-preview":"max-image-preview:large","max-video-preview":"max-video-preview:-1"},"canonical":"https:\/\/munskankarna.org\/pori\/jasenyys\/","og_locale":"fi_FI","og_type":"article","og_title":"J\u00e4senyys - Porin Munsk\u00e4nkarna","og_description":"Kiinnostuitko toiminnastamme? Otamme mielell\u00e4mme uusia viineist\u00e4 kiinnostuneita j\u00e4seni\u00e4. Tiet\u00e4mystaso ei ole esteen\u00e4, kunhan olet kiinnostunut viineist\u00e4 ja oppimaan lis\u00e4\u00e4! J\u00e4seneksi p\u00e4\u00e4set tulemalla mukaan maisteluun vierailijana, jonka j\u00e4lkeen voit halutessasi liitty\u00e4 j\u00e4seneksi. Maistelun hinta ilmoitetaan erikseen. Mik\u00e4li j\u00e4senyys kiinnostaa, otathan yhteytt\u00e4 hallitukseemme. J\u00e4senmaksumme vuodelle 2025 on 30 \u20ac per j\u00e4sen.","og_url":"https:\/\/munskankarna.org\/pori\/jasenyys\/","og_site_name":"Porin Munsk\u00e4nkarna","article_modified_time":"2025-01-14T13:27:54+00:00","twitter_card":"summary_large_image","schema":{"@context":"https:\/\/schema.org","@graph":[{"@type":"WebPage","@id":"https:\/\/munskankarna.org\/pori\/jasenyys\/","url":"https:\/\/munskankarna.org\/pori\/jasenyys\/","name":"J\u00e4senyys - Porin Munsk\u00e4nkarna","isPartOf":{"@id":"https:\/\/munskankarna.org\/pori\/#website"},"datePublished":"2020-02-20T12:34:22+00:00","dateModified":"2025-01-14T13:27:54+00:00","breadcrumb":{"@id":"https:\/\/munskankarna.org\/pori\/jasenyys\/#breadcrumb"},"inLanguage":"fi","potentialAction":[{"@type":"ReadAction","target":["https:\/\/munskankarna.org\/pori\/jasenyys\/"]}]},{"@type":"BreadcrumbList","@id":"https:\/\/munskankarna.org\/pori\/jasenyys\/#breadcrumb","itemListElement":[{"@type":"ListItem","position":1,"name":"Home","item":"https:\/\/munskankarna.org\/pori\/"},{"@type":"ListItem","position":2,"name":"J\u00e4senyys"}]},{"@type":"WebSite","@id":"https:\/\/munskankarna.org\/pori\/#website","url":"https:\/\/munskankarna.org\/pori\/","name":"Porin Munsk\u00e4nkarna","description":"Tastingeja ja koulutusta jo vuodesta 2013","potentialAction":[{"@type":"SearchAction","target":{"@type":"EntryPoint","urlTemplate":"https:\/\/munskankarna.org\/pori\/?s={search_term_string}"},"query-input":{"@type":"PropertyValueSpecification","valueRequired":true,"valueName":"search_term_string"}}],"inLanguage":"fi"}]}},"_links":{"self":[{"href":"https:\/\/munskankarna.org\/pori\/wp-json\/wp\/v2\/pages\/9","targetHints":{"allow":["GET"]}}],"collection":[{"href":"https:\/\/munskankarna.org\/pori\/wp-json\/wp\/v2\/pages"}],"about":[{"href":"https:\/\/munskankarna.org\/pori\/wp-json\/wp\/v2\/types\/page"}],"author":[{"embeddable":true,"href":"https:\/\/munskankarna.org\/pori\/wp-json\/wp\/v2\/users\/26"}],"replies":[{"embeddable":true,"href":"https:\/\/munskankarna.org\/pori\/wp-json\/wp\/v2\/comments?post=9"}],"version-history":[{"count":5,"href":"https:\/\/munskankarna.org\/pori\/wp-json\/wp\/v2\/pages\/9\/revisions"}],"predecessor-version":[{"id":155,"href":"https:\/\/munskankarna.org\/pori\/wp-json\/wp\/v2\/pages\/9\/revisions\/155"}],"wp:attachment":[{"href":"https:\/\/munskankarna.org\/pori\/wp-json\/wp\/v2\/media?parent=9"}],"curies":[{"name":"wp","href":"https:\/\/api.w.org\/{rel}","templated":true}]}}