{"id":2,"date":"2018-01-29T15:42:12","date_gmt":"2018-01-29T13:42:12","guid":{"rendered":"http:\/\/www.munskankarna.org\/tampere\/?page_id=2"},"modified":"2025-02-02T21:56:21","modified_gmt":"2025-02-02T19:56:21","slug":"tampereen-munskankarna","status":"publish","type":"page","link":"https:\/\/munskankarna.org\/tampere\/","title":{"rendered":"Tampereen Munsk\u00e4nkarna"},"content":{"rendered":"<p>Viiniseura Munsk\u00e4nkarna (viinurit, juomanlaskijat, viininmaistelijat) perustettiin Ruotsissa vuonna 1958. Viiniharrastus levisi my\u00f6s Suomeen ja\u00a0ensimm\u00e4inen yhdistys aloitti toimintansa Turussa vuonna 1982. Sen j\u00e4lkeen\u00a0viiniseuroja on syntynyt eri puolille maatamme. Nykyisin Munsk\u00e4nkarnan\u00a0j\u00e4senill\u00e4 on viiniseuroja my\u00f6s Belgiassa, Hollannissa, Ranskassa, Iso-Britanniassa, Sveitsiss\u00e4, Singaporessa ja Japanissa.<\/p>\n<p>Harrastuksen laajentuessa Suomessa selkeytettiin toimintaa perustamalla\u00a01.7.2000 Keskusliitto Suomen Munsk\u00e4nkarna ry, johon kuuluu t\u00e4ll\u00e4 hetkell\u00e4 14\u00a0suomenkielist\u00e4 paikallisseuraa. Ne ovat rekister\u00f6ityj\u00e4 yhdistyksi\u00e4, joilla on\u00a0kullakin oma, itsen\u00e4inen hallintonsa. Ruotsinkieliset yhdistykset (6 kpl) muodostavat oman alueellisen yhdistyksens\u00e4 Svenska Munsk\u00e4nkarna i Finland r.f.<\/p>\n<p>Munsk\u00e4nkarnan (tuttavallisemmin Munskan) j\u00e4seni\u00e4 on kaikkiaan yli 12.000,\u00a0joten se on maailman suurin viiniseura. Suomessa munskalaisia on noin 1000.<\/p>\n<p>Munskan toiminnan tavoitteena on levitt\u00e4\u00e4 ja syvent\u00e4\u00e4 viinien ja muiden\u00a0jalojen juomien tuntemusta sek\u00e4 edist\u00e4\u00e4 hyvi\u00e4 ja kohtuullisia juomatapoja.<\/p>\n<p><b>Tampereen Munsk\u00e4nkarna<\/b>\u00a0on perustettu vuonna 1991. Seura on siis jo juhlinut 30-vuotisjuhliaan. Seuran historiaan mahtuu enemm\u00e4n ja v\u00e4hemm\u00e4n vilkkaita toimintajaksoja. T\u00e4ll\u00e4 hetkell\u00e4 toiminta on s\u00e4\u00e4nn\u00f6llist\u00e4 ja seura kokoontuu kesi\u00e4 lukuun ottamatta kerran kuussa mielenkiintoisten viinien \u00e4\u00e4relle. Tervetuloa mukaan!<\/p>\n","protected":false},"excerpt":{"rendered":"<p>Viiniseura Munsk\u00e4nkarna (viinurit, juomanlaskijat, viininmaistelijat) perustettiin Ruotsissa vuonna 1958. Viiniharrastus levisi my\u00f6s Suomeen ja\u00a0ensimm\u00e4inen yhdistys aloitti toimintansa Turussa vuonna 1982. Sen j\u00e4lkeen\u00a0viiniseuroja on syntynyt eri puolille maatamme. Nykyisin Munsk\u00e4nkarnan\u00a0j\u00e4senill\u00e4 on viiniseuroja my\u00f6s Belgiassa, Hollannissa, Ranskassa, Iso-Britanniassa, Sveitsiss\u00e4, Singaporessa ja Japanissa. Harrastuksen laajentuessa Suomessa selkeytettiin toimintaa perustamalla\u00a01.7.2000 Keskusliitto Suomen Munsk\u00e4nkarna ry, johon kuuluu t\u00e4ll\u00e4 hetkell\u00e4 14\u00a0suomenkielist\u00e4 [&hellip;]<\/p>\n","protected":false},"author":21,"featured_media":0,"parent":0,"menu_order":0,"comment_status":"closed","ping_status":"open","template":"","meta":{"footnotes":""},"class_list":["post-2","page","type-page","status-publish","hentry"],"yoast_head":"<!-- This site is optimized with the Yoast SEO plugin v27.3 - https:\/\/yoast.com\/product\/yoast-seo-wordpress\/ -->\n<title>Tampereen Munsk\u00e4nkarna - Tampereen Munsk\u00e4nkarna<\/title>\n<meta name=\"robots\" content=\"index, follow, max-snippet:-1, max-image-preview:large, max-video-preview:-1\" \/>\n<link rel=\"canonical\" href=\"https:\/\/munskankarna.org\/tampere\/\" \/>\n<meta property=\"og:locale\" content=\"fi_FI\" \/>\n<meta property=\"og:type\" content=\"article\" \/>\n<meta property=\"og:title\" content=\"Tampereen Munsk\u00e4nkarna - Tampereen Munsk\u00e4nkarna\" \/>\n<meta property=\"og:description\" content=\"Viiniseura Munsk\u00e4nkarna (viinurit, juomanlaskijat, viininmaistelijat) perustettiin Ruotsissa vuonna 1958. Viiniharrastus levisi my\u00f6s Suomeen ja\u00a0ensimm\u00e4inen yhdistys aloitti toimintansa Turussa vuonna 1982. Sen j\u00e4lkeen\u00a0viiniseuroja on syntynyt eri puolille maatamme. Nykyisin Munsk\u00e4nkarnan\u00a0j\u00e4senill\u00e4 on viiniseuroja my\u00f6s Belgiassa, Hollannissa, Ranskassa, Iso-Britanniassa, Sveitsiss\u00e4, Singaporessa ja Japanissa. Harrastuksen laajentuessa Suomessa selkeytettiin toimintaa perustamalla\u00a01.7.2000 Keskusliitto Suomen Munsk\u00e4nkarna ry, johon kuuluu t\u00e4ll\u00e4 hetkell\u00e4 14\u00a0suomenkielist\u00e4 [&hellip;]\" \/>\n<meta property=\"og:url\" content=\"https:\/\/munskankarna.org\/tampere\/\" \/>\n<meta property=\"og:site_name\" content=\"Tampereen Munsk\u00e4nkarna\" \/>\n<meta property=\"article:modified_time\" content=\"2025-02-02T19:56:21+00:00\" \/>\n<meta name=\"twitter:card\" content=\"summary_large_image\" \/>\n<meta name=\"twitter:label1\" content=\"Arvioitu lukuaika\" \/>\n\t<meta name=\"twitter:data1\" content=\"1 minuutti\" \/>\n<script type=\"application\/ld+json\" class=\"yoast-schema-graph\">{\"@context\":\"https:\\\/\\\/schema.org\",\"@graph\":[{\"@type\":\"WebPage\",\"@id\":\"https:\\\/\\\/munskankarna.org\\\/tampere\\\/\",\"url\":\"https:\\\/\\\/munskankarna.org\\\/tampere\\\/\",\"name\":\"Tampereen Munsk\u00e4nkarna - Tampereen Munsk\u00e4nkarna\",\"isPartOf\":{\"@id\":\"https:\\\/\\\/munskankarna.org\\\/tampere\\\/#website\"},\"datePublished\":\"2018-01-29T13:42:12+00:00\",\"dateModified\":\"2025-02-02T19:56:21+00:00\",\"breadcrumb\":{\"@id\":\"https:\\\/\\\/munskankarna.org\\\/tampere\\\/#breadcrumb\"},\"inLanguage\":\"fi\",\"potentialAction\":[{\"@type\":\"ReadAction\",\"target\":[\"https:\\\/\\\/munskankarna.org\\\/tampere\\\/\"]}]},{\"@type\":\"BreadcrumbList\",\"@id\":\"https:\\\/\\\/munskankarna.org\\\/tampere\\\/#breadcrumb\",\"itemListElement\":[{\"@type\":\"ListItem\",\"position\":1,\"name\":\"Home\",\"item\":\"https:\\\/\\\/munskankarna.org\\\/tampere\\\/\"},{\"@type\":\"ListItem\",\"position\":2,\"name\":\"Tampereen Munsk\u00e4nkarna\"}]},{\"@type\":\"WebSite\",\"@id\":\"https:\\\/\\\/munskankarna.org\\\/tampere\\\/#website\",\"url\":\"https:\\\/\\\/munskankarna.org\\\/tampere\\\/\",\"name\":\"Tampereen Munsk\u00e4nkarna\",\"description\":\"Viinitietoutta vuodesta 1991.\",\"potentialAction\":[{\"@type\":\"SearchAction\",\"target\":{\"@type\":\"EntryPoint\",\"urlTemplate\":\"https:\\\/\\\/munskankarna.org\\\/tampere\\\/?s={search_term_string}\"},\"query-input\":{\"@type\":\"PropertyValueSpecification\",\"valueRequired\":true,\"valueName\":\"search_term_string\"}}],\"inLanguage\":\"fi\"}]}<\/script>\n<!-- \/ Yoast SEO plugin. -->","yoast_head_json":{"title":"Tampereen Munsk\u00e4nkarna - Tampereen Munsk\u00e4nkarna","robots":{"index":"index","follow":"follow","max-snippet":"max-snippet:-1","max-image-preview":"max-image-preview:large","max-video-preview":"max-video-preview:-1"},"canonical":"https:\/\/munskankarna.org\/tampere\/","og_locale":"fi_FI","og_type":"article","og_title":"Tampereen Munsk\u00e4nkarna - Tampereen Munsk\u00e4nkarna","og_description":"Viiniseura Munsk\u00e4nkarna (viinurit, juomanlaskijat, viininmaistelijat) perustettiin Ruotsissa vuonna 1958. Viiniharrastus levisi my\u00f6s Suomeen ja\u00a0ensimm\u00e4inen yhdistys aloitti toimintansa Turussa vuonna 1982. Sen j\u00e4lkeen\u00a0viiniseuroja on syntynyt eri puolille maatamme. Nykyisin Munsk\u00e4nkarnan\u00a0j\u00e4senill\u00e4 on viiniseuroja my\u00f6s Belgiassa, Hollannissa, Ranskassa, Iso-Britanniassa, Sveitsiss\u00e4, Singaporessa ja Japanissa. Harrastuksen laajentuessa Suomessa selkeytettiin toimintaa perustamalla\u00a01.7.2000 Keskusliitto Suomen Munsk\u00e4nkarna ry, johon kuuluu t\u00e4ll\u00e4 hetkell\u00e4 14\u00a0suomenkielist\u00e4 [&hellip;]","og_url":"https:\/\/munskankarna.org\/tampere\/","og_site_name":"Tampereen Munsk\u00e4nkarna","article_modified_time":"2025-02-02T19:56:21+00:00","twitter_card":"summary_large_image","twitter_misc":{"Arvioitu lukuaika":"1 minuutti"},"schema":{"@context":"https:\/\/schema.org","@graph":[{"@type":"WebPage","@id":"https:\/\/munskankarna.org\/tampere\/","url":"https:\/\/munskankarna.org\/tampere\/","name":"Tampereen Munsk\u00e4nkarna - Tampereen Munsk\u00e4nkarna","isPartOf":{"@id":"https:\/\/munskankarna.org\/tampere\/#website"},"datePublished":"2018-01-29T13:42:12+00:00","dateModified":"2025-02-02T19:56:21+00:00","breadcrumb":{"@id":"https:\/\/munskankarna.org\/tampere\/#breadcrumb"},"inLanguage":"fi","potentialAction":[{"@type":"ReadAction","target":["https:\/\/munskankarna.org\/tampere\/"]}]},{"@type":"BreadcrumbList","@id":"https:\/\/munskankarna.org\/tampere\/#breadcrumb","itemListElement":[{"@type":"ListItem","position":1,"name":"Home","item":"https:\/\/munskankarna.org\/tampere\/"},{"@type":"ListItem","position":2,"name":"Tampereen Munsk\u00e4nkarna"}]},{"@type":"WebSite","@id":"https:\/\/munskankarna.org\/tampere\/#website","url":"https:\/\/munskankarna.org\/tampere\/","name":"Tampereen Munsk\u00e4nkarna","description":"Viinitietoutta vuodesta 1991.","potentialAction":[{"@type":"SearchAction","target":{"@type":"EntryPoint","urlTemplate":"https:\/\/munskankarna.org\/tampere\/?s={search_term_string}"},"query-input":{"@type":"PropertyValueSpecification","valueRequired":true,"valueName":"search_term_string"}}],"inLanguage":"fi"}]}},"_links":{"self":[{"href":"https:\/\/munskankarna.org\/tampere\/wp-json\/wp\/v2\/pages\/2","targetHints":{"allow":["GET"]}}],"collection":[{"href":"https:\/\/munskankarna.org\/tampere\/wp-json\/wp\/v2\/pages"}],"about":[{"href":"https:\/\/munskankarna.org\/tampere\/wp-json\/wp\/v2\/types\/page"}],"author":[{"embeddable":true,"href":"https:\/\/munskankarna.org\/tampere\/wp-json\/wp\/v2\/users\/21"}],"replies":[{"embeddable":true,"href":"https:\/\/munskankarna.org\/tampere\/wp-json\/wp\/v2\/comments?post=2"}],"version-history":[{"count":6,"href":"https:\/\/munskankarna.org\/tampere\/wp-json\/wp\/v2\/pages\/2\/revisions"}],"predecessor-version":[{"id":392,"href":"https:\/\/munskankarna.org\/tampere\/wp-json\/wp\/v2\/pages\/2\/revisions\/392"}],"wp:attachment":[{"href":"https:\/\/munskankarna.org\/tampere\/wp-json\/wp\/v2\/media?parent=2"}],"curies":[{"name":"wp","href":"https:\/\/api.w.org\/{rel}","templated":true}]}}