{"id":39,"date":"2018-01-31T11:48:52","date_gmt":"2018-01-31T09:48:52","guid":{"rendered":"http:\/\/www.munskankarna.org\/tampere\/?page_id=39"},"modified":"2018-01-31T11:49:22","modified_gmt":"2018-01-31T09:49:22","slug":"kuvagalleriatesti","status":"publish","type":"page","link":"https:\/\/munskankarna.org\/tampere\/kuvagalleriatesti\/","title":{"rendered":"Kuvagalleriatesti"},"content":{"rendered":"<p>Testataan kuvagalleriaa.<\/p>\n\n\t\t<style type=\"text\/css\">\n\t\t\t#gallery-1 {\n\t\t\t\tmargin: auto;\n\t\t\t}\n\t\t\t#gallery-1 .gallery-item {\n\t\t\t\tfloat: left;\n\t\t\t\tmargin-top: 10px;\n\t\t\t\ttext-align: center;\n\t\t\t\twidth: 50%;\n\t\t\t}\n\t\t\t#gallery-1 img {\n\t\t\t\tborder: 2px solid #cfcfcf;\n\t\t\t}\n\t\t\t#gallery-1 .gallery-caption {\n\t\t\t\tmargin-left: 0;\n\t\t\t}\n\t\t\t\/* see gallery_shortcode() in wp-includes\/media.php *\/\n\t\t<\/style>\n\t\t<div id='gallery-1' class='gallery galleryid-39 gallery-columns-2 gallery-size-medium'><dl class='gallery-item'>\n\t\t\t<dt class='gallery-icon landscape'>\n\t\t\t\t<a href='https:\/\/munskankarna.org\/tampere\/wp-content\/uploads\/sites\/7\/2018\/01\/IMG_2303.jpg'><img loading=\"lazy\" decoding=\"async\" width=\"300\" height=\"225\" src=\"https:\/\/munskankarna.org\/tampere\/wp-content\/uploads\/sites\/7\/2018\/01\/IMG_2303-300x225.jpg\" class=\"attachment-medium size-medium\" alt=\"\" aria-describedby=\"gallery-1-41\" srcset=\"https:\/\/munskankarna.org\/tampere\/wp-content\/uploads\/sites\/7\/2018\/01\/IMG_2303-300x225.jpg 300w, https:\/\/munskankarna.org\/tampere\/wp-content\/uploads\/sites\/7\/2018\/01\/IMG_2303-768x576.jpg 768w, https:\/\/munskankarna.org\/tampere\/wp-content\/uploads\/sites\/7\/2018\/01\/IMG_2303-1024x768.jpg 1024w, https:\/\/munskankarna.org\/tampere\/wp-content\/uploads\/sites\/7\/2018\/01\/IMG_2303-624x468.jpg 624w, https:\/\/munskankarna.org\/tampere\/wp-content\/uploads\/sites\/7\/2018\/01\/IMG_2303.jpg 1600w\" sizes=\"auto, (max-width: 300px) 100vw, 300px\" \/><\/a>\n\t\t\t<\/dt>\n\t\t\t\t<dd class='wp-caption-text gallery-caption' id='gallery-1-41'>\n\t\t\t\tViinipulloja kaupassa.\n\t\t\t\t<\/dd><\/dl><dl class='gallery-item'>\n\t\t\t<dt class='gallery-icon landscape'>\n\t\t\t\t<a href='https:\/\/munskankarna.org\/tampere\/wp-content\/uploads\/sites\/7\/2018\/01\/IMG_2342.jpg'><img loading=\"lazy\" decoding=\"async\" width=\"300\" height=\"225\" src=\"https:\/\/munskankarna.org\/tampere\/wp-content\/uploads\/sites\/7\/2018\/01\/IMG_2342-300x225.jpg\" class=\"attachment-medium size-medium\" alt=\"\" aria-describedby=\"gallery-1-42\" srcset=\"https:\/\/munskankarna.org\/tampere\/wp-content\/uploads\/sites\/7\/2018\/01\/IMG_2342-300x225.jpg 300w, https:\/\/munskankarna.org\/tampere\/wp-content\/uploads\/sites\/7\/2018\/01\/IMG_2342-768x576.jpg 768w, https:\/\/munskankarna.org\/tampere\/wp-content\/uploads\/sites\/7\/2018\/01\/IMG_2342-1024x768.jpg 1024w, https:\/\/munskankarna.org\/tampere\/wp-content\/uploads\/sites\/7\/2018\/01\/IMG_2342-624x468.jpg 624w, https:\/\/munskankarna.org\/tampere\/wp-content\/uploads\/sites\/7\/2018\/01\/IMG_2342.jpg 1600w\" sizes=\"auto, (max-width: 300px) 100vw, 300px\" \/><\/a>\n\t\t\t<\/dt>\n\t\t\t\t<dd class='wp-caption-text gallery-caption' id='gallery-1-42'>\n\t\t\t\tPatsas.\n\t\t\t\t<\/dd><\/dl><br style=\"clear: both\" \/><dl class='gallery-item'>\n\t\t\t<dt class='gallery-icon landscape'>\n\t\t\t\t<a href='https:\/\/munskankarna.org\/tampere\/wp-content\/uploads\/sites\/7\/2018\/01\/IMG_2359.jpg'><img loading=\"lazy\" decoding=\"async\" width=\"300\" height=\"225\" src=\"https:\/\/munskankarna.org\/tampere\/wp-content\/uploads\/sites\/7\/2018\/01\/IMG_2359-300x225.jpg\" class=\"attachment-medium size-medium\" alt=\"\" aria-describedby=\"gallery-1-43\" srcset=\"https:\/\/munskankarna.org\/tampere\/wp-content\/uploads\/sites\/7\/2018\/01\/IMG_2359-300x225.jpg 300w, https:\/\/munskankarna.org\/tampere\/wp-content\/uploads\/sites\/7\/2018\/01\/IMG_2359-768x576.jpg 768w, https:\/\/munskankarna.org\/tampere\/wp-content\/uploads\/sites\/7\/2018\/01\/IMG_2359-1024x768.jpg 1024w, https:\/\/munskankarna.org\/tampere\/wp-content\/uploads\/sites\/7\/2018\/01\/IMG_2359-624x468.jpg 624w, https:\/\/munskankarna.org\/tampere\/wp-content\/uploads\/sites\/7\/2018\/01\/IMG_2359.jpg 1600w\" sizes=\"auto, (max-width: 300px) 100vw, 300px\" \/><\/a>\n\t\t\t<\/dt>\n\t\t\t\t<dd class='wp-caption-text gallery-caption' id='gallery-1-43'>\n\t\t\t\tMaisema.\n\t\t\t\t<\/dd><\/dl><dl class='gallery-item'>\n\t\t\t<dt class='gallery-icon landscape'>\n\t\t\t\t<a href='https:\/\/munskankarna.org\/tampere\/wp-content\/uploads\/sites\/7\/2018\/01\/IMG_2385.jpg'><img loading=\"lazy\" decoding=\"async\" width=\"300\" height=\"225\" src=\"https:\/\/munskankarna.org\/tampere\/wp-content\/uploads\/sites\/7\/2018\/01\/IMG_2385-300x225.jpg\" class=\"attachment-medium size-medium\" alt=\"\" aria-describedby=\"gallery-1-44\" srcset=\"https:\/\/munskankarna.org\/tampere\/wp-content\/uploads\/sites\/7\/2018\/01\/IMG_2385-300x225.jpg 300w, https:\/\/munskankarna.org\/tampere\/wp-content\/uploads\/sites\/7\/2018\/01\/IMG_2385-768x576.jpg 768w, https:\/\/munskankarna.org\/tampere\/wp-content\/uploads\/sites\/7\/2018\/01\/IMG_2385-1024x768.jpg 1024w, https:\/\/munskankarna.org\/tampere\/wp-content\/uploads\/sites\/7\/2018\/01\/IMG_2385-624x468.jpg 624w, https:\/\/munskankarna.org\/tampere\/wp-content\/uploads\/sites\/7\/2018\/01\/IMG_2385.jpg 1600w\" sizes=\"auto, (max-width: 300px) 100vw, 300px\" \/><\/a>\n\t\t\t<\/dt>\n\t\t\t\t<dd class='wp-caption-text gallery-caption' id='gallery-1-44'>\n\t\t\t\tAuto?\n\t\t\t\t<\/dd><\/dl><br style=\"clear: both\" \/><dl class='gallery-item'>\n\t\t\t<dt class='gallery-icon landscape'>\n\t\t\t\t<a href='https:\/\/munskankarna.org\/tampere\/wp-content\/uploads\/sites\/7\/2018\/01\/IMG_2412.jpg'><img loading=\"lazy\" decoding=\"async\" width=\"300\" height=\"225\" src=\"https:\/\/munskankarna.org\/tampere\/wp-content\/uploads\/sites\/7\/2018\/01\/IMG_2412-300x225.jpg\" class=\"attachment-medium size-medium\" alt=\"\" aria-describedby=\"gallery-1-45\" srcset=\"https:\/\/munskankarna.org\/tampere\/wp-content\/uploads\/sites\/7\/2018\/01\/IMG_2412-300x225.jpg 300w, https:\/\/munskankarna.org\/tampere\/wp-content\/uploads\/sites\/7\/2018\/01\/IMG_2412-768x576.jpg 768w, https:\/\/munskankarna.org\/tampere\/wp-content\/uploads\/sites\/7\/2018\/01\/IMG_2412-1024x768.jpg 1024w, https:\/\/munskankarna.org\/tampere\/wp-content\/uploads\/sites\/7\/2018\/01\/IMG_2412-624x468.jpg 624w, https:\/\/munskankarna.org\/tampere\/wp-content\/uploads\/sites\/7\/2018\/01\/IMG_2412.jpg 1600w\" sizes=\"auto, (max-width: 300px) 100vw, 300px\" \/><\/a>\n\t\t\t<\/dt>\n\t\t\t\t<dd class='wp-caption-text gallery-caption' id='gallery-1-45'>\n\t\t\t\tArkkitehtuuria.\n\t\t\t\t<\/dd><\/dl><dl class='gallery-item'>\n\t\t\t<dt class='gallery-icon landscape'>\n\t\t\t\t<a href='https:\/\/munskankarna.org\/tampere\/wp-content\/uploads\/sites\/7\/2018\/01\/maja-petric-8287-1.jpg'><img loading=\"lazy\" decoding=\"async\" width=\"300\" height=\"200\" src=\"https:\/\/munskankarna.org\/tampere\/wp-content\/uploads\/sites\/7\/2018\/01\/maja-petric-8287-1-300x200.jpg\" class=\"attachment-medium size-medium\" alt=\"\" aria-describedby=\"gallery-1-30\" srcset=\"https:\/\/munskankarna.org\/tampere\/wp-content\/uploads\/sites\/7\/2018\/01\/maja-petric-8287-1-300x200.jpg 300w, https:\/\/munskankarna.org\/tampere\/wp-content\/uploads\/sites\/7\/2018\/01\/maja-petric-8287-1-768x513.jpg 768w, https:\/\/munskankarna.org\/tampere\/wp-content\/uploads\/sites\/7\/2018\/01\/maja-petric-8287-1-1024x684.jpg 1024w, https:\/\/munskankarna.org\/tampere\/wp-content\/uploads\/sites\/7\/2018\/01\/maja-petric-8287-1-624x417.jpg 624w, https:\/\/munskankarna.org\/tampere\/wp-content\/uploads\/sites\/7\/2018\/01\/maja-petric-8287-1.jpg 1199w\" sizes=\"auto, (max-width: 300px) 100vw, 300px\" \/><\/a>\n\t\t\t<\/dt>\n\t\t\t\t<dd class='wp-caption-text gallery-caption' id='gallery-1-30'>\n\t\t\t\tRyp\u00e4leit\u00e4 k\u00e4siss\u00e4.\n\t\t\t\t<\/dd><\/dl><br style=\"clear: both\" \/>\n\t\t<\/div>\n\n","protected":false},"excerpt":{"rendered":"<p>Testataan kuvagalleriaa.<\/p>\n","protected":false},"author":1,"featured_media":0,"parent":0,"menu_order":99,"comment_status":"closed","ping_status":"closed","template":"","meta":{"footnotes":""},"class_list":["post-39","page","type-page","status-publish","hentry"],"yoast_head":"<!-- This site is optimized with the Yoast SEO plugin v27.3 - https:\/\/yoast.com\/product\/yoast-seo-wordpress\/ -->\n<title>Kuvagalleriatesti - Tampereen Munsk\u00e4nkarna<\/title>\n<meta name=\"robots\" content=\"index, follow, max-snippet:-1, max-image-preview:large, max-video-preview:-1\" \/>\n<link rel=\"canonical\" href=\"https:\/\/munskankarna.org\/tampere\/kuvagalleriatesti\/\" \/>\n<meta property=\"og:locale\" content=\"fi_FI\" \/>\n<meta property=\"og:type\" content=\"article\" \/>\n<meta property=\"og:title\" content=\"Kuvagalleriatesti - Tampereen Munsk\u00e4nkarna\" \/>\n<meta property=\"og:description\" content=\"Testataan kuvagalleriaa.\" \/>\n<meta property=\"og:url\" content=\"https:\/\/munskankarna.org\/tampere\/kuvagalleriatesti\/\" \/>\n<meta property=\"og:site_name\" content=\"Tampereen Munsk\u00e4nkarna\" \/>\n<meta property=\"article:modified_time\" content=\"2018-01-31T09:49:22+00:00\" \/>\n<meta property=\"og:image\" content=\"https:\/\/munskankarna.org\/tampere\/wp-content\/uploads\/sites\/7\/2018\/01\/IMG_2303-300x225.jpg\" \/>\n<meta name=\"twitter:card\" content=\"summary_large_image\" \/>\n<script type=\"application\/ld+json\" class=\"yoast-schema-graph\">{\"@context\":\"https:\\\/\\\/schema.org\",\"@graph\":[{\"@type\":\"WebPage\",\"@id\":\"https:\\\/\\\/munskankarna.org\\\/tampere\\\/kuvagalleriatesti\\\/\",\"url\":\"https:\\\/\\\/munskankarna.org\\\/tampere\\\/kuvagalleriatesti\\\/\",\"name\":\"Kuvagalleriatesti - Tampereen Munsk\u00e4nkarna\",\"isPartOf\":{\"@id\":\"https:\\\/\\\/munskankarna.org\\\/tampere\\\/#website\"},\"datePublished\":\"2018-01-31T09:48:52+00:00\",\"dateModified\":\"2018-01-31T09:49:22+00:00\",\"breadcrumb\":{\"@id\":\"https:\\\/\\\/munskankarna.org\\\/tampere\\\/kuvagalleriatesti\\\/#breadcrumb\"},\"inLanguage\":\"fi\",\"potentialAction\":[{\"@type\":\"ReadAction\",\"target\":[\"https:\\\/\\\/munskankarna.org\\\/tampere\\\/kuvagalleriatesti\\\/\"]}]},{\"@type\":\"BreadcrumbList\",\"@id\":\"https:\\\/\\\/munskankarna.org\\\/tampere\\\/kuvagalleriatesti\\\/#breadcrumb\",\"itemListElement\":[{\"@type\":\"ListItem\",\"position\":1,\"name\":\"Home\",\"item\":\"https:\\\/\\\/munskankarna.org\\\/tampere\\\/\"},{\"@type\":\"ListItem\",\"position\":2,\"name\":\"Kuvagalleriatesti\"}]},{\"@type\":\"WebSite\",\"@id\":\"https:\\\/\\\/munskankarna.org\\\/tampere\\\/#website\",\"url\":\"https:\\\/\\\/munskankarna.org\\\/tampere\\\/\",\"name\":\"Tampereen Munsk\u00e4nkarna\",\"description\":\"Viinitietoutta vuodesta 1991.\",\"potentialAction\":[{\"@type\":\"SearchAction\",\"target\":{\"@type\":\"EntryPoint\",\"urlTemplate\":\"https:\\\/\\\/munskankarna.org\\\/tampere\\\/?s={search_term_string}\"},\"query-input\":{\"@type\":\"PropertyValueSpecification\",\"valueRequired\":true,\"valueName\":\"search_term_string\"}}],\"inLanguage\":\"fi\"}]}<\/script>\n<!-- \/ Yoast SEO plugin. -->","yoast_head_json":{"title":"Kuvagalleriatesti - Tampereen Munsk\u00e4nkarna","robots":{"index":"index","follow":"follow","max-snippet":"max-snippet:-1","max-image-preview":"max-image-preview:large","max-video-preview":"max-video-preview:-1"},"canonical":"https:\/\/munskankarna.org\/tampere\/kuvagalleriatesti\/","og_locale":"fi_FI","og_type":"article","og_title":"Kuvagalleriatesti - Tampereen Munsk\u00e4nkarna","og_description":"Testataan kuvagalleriaa.","og_url":"https:\/\/munskankarna.org\/tampere\/kuvagalleriatesti\/","og_site_name":"Tampereen Munsk\u00e4nkarna","article_modified_time":"2018-01-31T09:49:22+00:00","og_image":[{"url":"https:\/\/munskankarna.org\/tampere\/wp-content\/uploads\/sites\/7\/2018\/01\/IMG_2303-300x225.jpg","type":"","width":"","height":""}],"twitter_card":"summary_large_image","schema":{"@context":"https:\/\/schema.org","@graph":[{"@type":"WebPage","@id":"https:\/\/munskankarna.org\/tampere\/kuvagalleriatesti\/","url":"https:\/\/munskankarna.org\/tampere\/kuvagalleriatesti\/","name":"Kuvagalleriatesti - Tampereen Munsk\u00e4nkarna","isPartOf":{"@id":"https:\/\/munskankarna.org\/tampere\/#website"},"datePublished":"2018-01-31T09:48:52+00:00","dateModified":"2018-01-31T09:49:22+00:00","breadcrumb":{"@id":"https:\/\/munskankarna.org\/tampere\/kuvagalleriatesti\/#breadcrumb"},"inLanguage":"fi","potentialAction":[{"@type":"ReadAction","target":["https:\/\/munskankarna.org\/tampere\/kuvagalleriatesti\/"]}]},{"@type":"BreadcrumbList","@id":"https:\/\/munskankarna.org\/tampere\/kuvagalleriatesti\/#breadcrumb","itemListElement":[{"@type":"ListItem","position":1,"name":"Home","item":"https:\/\/munskankarna.org\/tampere\/"},{"@type":"ListItem","position":2,"name":"Kuvagalleriatesti"}]},{"@type":"WebSite","@id":"https:\/\/munskankarna.org\/tampere\/#website","url":"https:\/\/munskankarna.org\/tampere\/","name":"Tampereen Munsk\u00e4nkarna","description":"Viinitietoutta vuodesta 1991.","potentialAction":[{"@type":"SearchAction","target":{"@type":"EntryPoint","urlTemplate":"https:\/\/munskankarna.org\/tampere\/?s={search_term_string}"},"query-input":{"@type":"PropertyValueSpecification","valueRequired":true,"valueName":"search_term_string"}}],"inLanguage":"fi"}]}},"_links":{"self":[{"href":"https:\/\/munskankarna.org\/tampere\/wp-json\/wp\/v2\/pages\/39","targetHints":{"allow":["GET"]}}],"collection":[{"href":"https:\/\/munskankarna.org\/tampere\/wp-json\/wp\/v2\/pages"}],"about":[{"href":"https:\/\/munskankarna.org\/tampere\/wp-json\/wp\/v2\/types\/page"}],"author":[{"embeddable":true,"href":"https:\/\/munskankarna.org\/tampere\/wp-json\/wp\/v2\/users\/1"}],"replies":[{"embeddable":true,"href":"https:\/\/munskankarna.org\/tampere\/wp-json\/wp\/v2\/comments?post=39"}],"version-history":[{"count":3,"href":"https:\/\/munskankarna.org\/tampere\/wp-json\/wp\/v2\/pages\/39\/revisions"}],"predecessor-version":[{"id":66,"href":"https:\/\/munskankarna.org\/tampere\/wp-json\/wp\/v2\/pages\/39\/revisions\/66"}],"wp:attachment":[{"href":"https:\/\/munskankarna.org\/tampere\/wp-json\/wp\/v2\/media?parent=39"}],"curies":[{"name":"wp","href":"https:\/\/api.w.org\/{rel}","templated":true}]}}