{"id":579,"date":"2023-03-11T19:49:44","date_gmt":"2023-03-11T17:49:44","guid":{"rendered":"https:\/\/munskankarna.org\/turku\/?page_id=579"},"modified":"2025-02-11T16:50:20","modified_gmt":"2025-02-11T14:50:20","slug":"koulutus","status":"publish","type":"page","link":"https:\/\/munskankarna.org\/turku\/koulutus\/","title":{"rendered":"Koulutus"},"content":{"rendered":"<div class=\"entry-content\">\n<p>Tied\u00e4tk\u00f6 mik\u00e4 on Ranskan viljellyin tumma ryp\u00e4le? Miss\u00e4 maassa viinik\u00f6ynn\u00f6ksi\u00e4 viljell\u00e4\u00e4n jopa 3000 metrin korkeudessa? Ent\u00e4 millainen ilmasto vallitsee Napa Valleyss\u00e4?<\/p>\n<p>N\u00e4ihin ja moniiin muihin viinikysymyksiin saat vastaukset meid\u00e4n kursseilla. Kaikki koulutukset sis\u00e4lt\u00e4v\u00e4t lis\u00e4ksi aiheeseen liittyvi\u00e4 maisteluita.<\/p>\n<p>J\u00e4rjest\u00e4mme vuosittain 1-2 peruskurssia tasokokeineen. Lis\u00e4ksi opintopiirin kokoontumiset tarjoavat edistyneemmille j\u00e4senille teemallisia viini-iltoja.<\/p>\n<p>&nbsp;<\/p>\n<p><a href=\"https:\/\/munskankarna.org\/turku\/wp-content\/uploads\/sites\/10\/2024\/10\/Snapseed-68-scaled.jpg\"><img loading=\"lazy\" decoding=\"async\" class=\"alignnone size-large wp-image-732\" src=\"https:\/\/munskankarna.org\/turku\/wp-content\/uploads\/sites\/10\/2024\/10\/Snapseed-68-1024x1004.jpg\" alt=\"\" width=\"625\" height=\"613\" srcset=\"https:\/\/munskankarna.org\/turku\/wp-content\/uploads\/sites\/10\/2024\/10\/Snapseed-68-1024x1004.jpg 1024w, https:\/\/munskankarna.org\/turku\/wp-content\/uploads\/sites\/10\/2024\/10\/Snapseed-68-300x294.jpg 300w, https:\/\/munskankarna.org\/turku\/wp-content\/uploads\/sites\/10\/2024\/10\/Snapseed-68-768x753.jpg 768w, https:\/\/munskankarna.org\/turku\/wp-content\/uploads\/sites\/10\/2024\/10\/Snapseed-68-1536x1507.jpg 1536w, https:\/\/munskankarna.org\/turku\/wp-content\/uploads\/sites\/10\/2024\/10\/Snapseed-68-2048x2009.jpg 2048w, https:\/\/munskankarna.org\/turku\/wp-content\/uploads\/sites\/10\/2024\/10\/Snapseed-68-624x612.jpg 624w\" sizes=\"auto, (max-width: 625px) 100vw, 625px\" \/><\/a><\/p>\n<p><strong>Tasokokeet ja vaatimustasot hyv\u00e4ksyttyihin suorituksiin<\/strong><\/p>\n<ul>\n<li>1-taso<\/li>\n<li>Ryp\u00e4lekurssi<\/li>\n<li>2-taso<\/li>\n<li>3-taso<\/li>\n<\/ul>\n<p><strong>1-taso, vihre\u00e4 merkki<\/strong><\/p>\n<p>Kurssilla k\u00e4yd\u00e4\u00e4n l\u00e4pi t\u00e4rkeimpien viinialueiden ominaispiirteet. Koulutusmateriaalit perustuvat Munskan 1-tason aineistoon. Esitietovaatimuksia ei ole. Kurssi sis\u00e4lt\u00e4\u00e4 5-7 kokoontumista, joiden tavoitteena on maistamisen ja sit\u00e4 tukevan teorian ja keskustelujen kautta tutustua k\u00e4sitelt\u00e4v\u00e4\u00e4n alueeseen. Kurssin puolen tunnin teoriakokeessa on 15 kysymyst\u00e4, joista noin puolet pit\u00e4\u00e4 saada oikein. Maistelukokeessa pit\u00e4\u00e4 puolestaan tunnistaa kahdesta punaviinist\u00e4 tanniinisempi ja kahdesta valkoviinist\u00e4 hapokkaampi.<\/p>\n<p><strong>Ryp\u00e4lekurssi, keltainen merkki<\/strong><\/p>\n<p>Kurssilla k\u00e4yd\u00e4\u00e4n l\u00e4pi viinin valmistamisen vaiheet ja niiden vaikutus viinin makuun sek\u00e4 tutustutaan tunnetuimpien ryp\u00e4lelajikkeiden ominaisuuksiin. Koulutusmateriaalit perustuvat Munskan ryp\u00e4lekurssiaineistoon. Esitietovaatimuksia ei ole. Kurssi koostuu 5-7 viinin maisteluun painottuvasta kurssikerrasta. Kurssiaineistoon perustuvassa puolen tunnin teoriakokeessa pit\u00e4\u00e4 saada 15 kysymyksest\u00e4 noin puolet oikein. Maistelukokeessa pit\u00e4\u00e4 l\u00f6yt\u00e4\u00e4 kolmesta punaviinist\u00e4 Pinot Noir, Shiraz ja Cabernet Sauvignon sek\u00e4 kolmesta valkoviinist\u00e4 Chardonnay, Sauvignon Blanc ja Riesling.<\/p>\n<p><a href=\"https:\/\/munskankarna.org\/turku\/wp-content\/uploads\/sites\/10\/2024\/12\/5063d888-871d-439d-9a40-83130723f4b8.jpg\"><img loading=\"lazy\" decoding=\"async\" class=\"alignnone size-large wp-image-735\" src=\"https:\/\/munskankarna.org\/turku\/wp-content\/uploads\/sites\/10\/2024\/12\/5063d888-871d-439d-9a40-83130723f4b8-1024x768.jpg\" alt=\"\" width=\"625\" height=\"469\" srcset=\"https:\/\/munskankarna.org\/turku\/wp-content\/uploads\/sites\/10\/2024\/12\/5063d888-871d-439d-9a40-83130723f4b8-1024x768.jpg 1024w, https:\/\/munskankarna.org\/turku\/wp-content\/uploads\/sites\/10\/2024\/12\/5063d888-871d-439d-9a40-83130723f4b8-300x225.jpg 300w, https:\/\/munskankarna.org\/turku\/wp-content\/uploads\/sites\/10\/2024\/12\/5063d888-871d-439d-9a40-83130723f4b8-768x576.jpg 768w, https:\/\/munskankarna.org\/turku\/wp-content\/uploads\/sites\/10\/2024\/12\/5063d888-871d-439d-9a40-83130723f4b8-1536x1152.jpg 1536w, https:\/\/munskankarna.org\/turku\/wp-content\/uploads\/sites\/10\/2024\/12\/5063d888-871d-439d-9a40-83130723f4b8-624x468.jpg 624w, https:\/\/munskankarna.org\/turku\/wp-content\/uploads\/sites\/10\/2024\/12\/5063d888-871d-439d-9a40-83130723f4b8.jpg 2048w\" sizes=\"auto, (max-width: 625px) 100vw, 625px\" \/><\/a><\/p>\n<p><strong>2-taso, sininen merkki<br \/>\n<\/strong><br \/>\nHarjoitustapa on kuukausittain kokoontuva itseohjautuva paikallinen opintopiiri. Tasokurssin p\u00e4\u00e4asiallinen aineisto on Munskan 2-tason esitysaineisto, aikaisempi 1-kurssiaineisto ja ryp\u00e4lekurssiaineisto.<\/p>\n<p>Kokeen esitietovaatimuksena on 1-taso- tai ryp\u00e4lekokeen hyv\u00e4ksytty suorittaminen. 2-tason pienryhm\u00e4\u00e4n voi ja kannattaa\u00a0kuitenkin osallistua jo ennen n\u00e4it\u00e4 kokeita. Kakkostason koe\u00a0j\u00e4rjestet\u00e4\u00e4n kerran vuodessa; yleens\u00e4 koep\u00e4iv\u00e4 on maaliskuun\u00a03. lauantai. Kysymykset, koeviiniluettelo ja arvosteluohjeet tulevat Ruotsista, mutta ne k\u00e4\u00e4nnet\u00e4\u00e4n suomeksi ja kysymyksiin\u00a0vastataan suomeksi. Teoriakokeessa on 50-60 monivalintateht\u00e4v\u00e4\u00e4 ja noin 30 erityyppist\u00e4 sanallista teht\u00e4v\u00e4\u00e4. Maistelukokeessa, jota kutsutaan usein k\u00e4yt\u00e4nn\u00f6n kokeeksi, pit\u00e4\u00e4 tunnistaa kolmen valkoisen ja nelj\u00e4n punaisen viinin dominoiva\u00a0ryp\u00e4le, alkuper\u00e4maa ja viinialue. Hyv\u00e4ksytyt pisterajat teoriaja maistelukokeille m\u00e4\u00e4ritt\u00e4\u00e4 emoj\u00e4rjest\u00e4 Ruotsissa ja raja-arvot\u00a0vaihtuvat vuosittain. Nyrkkis\u00e4\u00e4nt\u00f6n\u00e4 on, ett\u00e4 v\u00e4hint\u00e4\u00e4n puolet\u00a0olisi saatava oikein.<\/p>\n<p><strong>3-taso, punainen merkki<\/strong><\/p>\n<p>Kolmostason suositeltava opiskelutapa on s\u00e4\u00e4nn\u00f6llisesti kokoontuva itseohjautuva pienryhm\u00e4, jossa kokoontumisten tiheytt\u00e4 ja sis\u00e4lt\u00f6\u00e4 s\u00e4\u00e4det\u00e4\u00e4n\u00a0seuraavaksi vuorossa olevan kokeen mukaan. Erityisesti teoriakoe vaatii paljon itsen\u00e4ist\u00e4 opiskelua\u00a0Kokeen esitietovaatimuksena on 2-kokeen hyv\u00e4ksytty suorittaminen. Koe koostuu kolmesta eri osasta, jotka on suoritettava m\u00e4\u00e4r\u00e4tyss\u00e4 j\u00e4rjestyksess\u00e4: teoria, kypsyysn\u00e4yte ja k\u00e4yt\u00e4nt\u00f6. Seuraavaan vaiheeseen voi jatkaa vasta, kun edellinen on\u00a0hyv\u00e4ksytty. Osioista teoria ja k\u00e4yt\u00e4nt\u00f6 j\u00e4rjestet\u00e4\u00e4n vuorovuosittain marraskuun 2. lauantai. Kypsyysn\u00e4yte on valvojan ohjaamana itsen\u00e4isesti tehty englannin- tai ruotsinkielinen kirjallinen\u00a0tutkielma erikseen sovitusta aiheesta.<\/p>\n<p>Teorian kysymykset ja arvosteluohjeet tulevat emoj\u00e4rjest\u00f6lt\u00e4\u00a0Ruotsista, ne k\u00e4\u00e4nnet\u00e4\u00e4n suomeksi ja niihin vastataan suomeksi.\u00a0Koe voidaan pit\u00e4\u00e4 paikallisesti ja sen rakenne on sama kuin 2-tasolla. Maistelukoe j\u00e4rjestet\u00e4\u00e4n Tukholmassa. Siin\u00e4 tunnistettavana on 20 viinin alkuper\u00e4 ja dominoiva ryp\u00e4le. Lis\u00e4ksi v\u00e4kev\u00f6idyiss\u00e4 ja makeissa viineiss\u00e4 kysyt\u00e4\u00e4n my\u00f6s valmistusmenetelm\u00e4\u00e4.\u00a0Koe voi sis\u00e4lt\u00e4\u00e4 my\u00f6s kuohuviinej\u00e4.<\/p>\n<\/div>\n","protected":false},"excerpt":{"rendered":"<p>Tied\u00e4tk\u00f6 mik\u00e4 on Ranskan viljellyin tumma ryp\u00e4le? Miss\u00e4 maassa viinik\u00f6ynn\u00f6ksi\u00e4 viljell\u00e4\u00e4n jopa 3000 metrin korkeudessa? Ent\u00e4 millainen ilmasto vallitsee Napa Valleyss\u00e4? N\u00e4ihin ja moniiin muihin viinikysymyksiin saat vastaukset meid\u00e4n kursseilla. Kaikki koulutukset sis\u00e4lt\u00e4v\u00e4t lis\u00e4ksi aiheeseen liittyvi\u00e4 maisteluita. J\u00e4rjest\u00e4mme vuosittain 1-2 peruskurssia tasokokeineen. Lis\u00e4ksi opintopiirin kokoontumiset tarjoavat edistyneemmille j\u00e4senille teemallisia viini-iltoja. &nbsp; Tasokokeet ja vaatimustasot hyv\u00e4ksyttyihin [&hellip;]<\/p>\n","protected":false},"author":32,"featured_media":0,"parent":0,"menu_order":2,"comment_status":"closed","ping_status":"closed","template":"page-templates\/full-width.php","meta":{"footnotes":""},"class_list":["post-579","page","type-page","status-publish","hentry"],"yoast_head":"<!-- This site is optimized with the Yoast SEO plugin v27.3 - https:\/\/yoast.com\/product\/yoast-seo-wordpress\/ -->\n<title>Koulutus - Munsk\u00e4nkarna Aboa<\/title>\n<meta name=\"robots\" content=\"index, follow, max-snippet:-1, max-image-preview:large, max-video-preview:-1\" \/>\n<link rel=\"canonical\" href=\"https:\/\/munskankarna.org\/turku\/koulutus\/\" \/>\n<meta property=\"og:locale\" content=\"fi_FI\" \/>\n<meta property=\"og:type\" content=\"article\" \/>\n<meta property=\"og:title\" content=\"Koulutus - Munsk\u00e4nkarna Aboa\" \/>\n<meta property=\"og:description\" content=\"Tied\u00e4tk\u00f6 mik\u00e4 on Ranskan viljellyin tumma ryp\u00e4le? Miss\u00e4 maassa viinik\u00f6ynn\u00f6ksi\u00e4 viljell\u00e4\u00e4n jopa 3000 metrin korkeudessa? Ent\u00e4 millainen ilmasto vallitsee Napa Valleyss\u00e4? N\u00e4ihin ja moniiin muihin viinikysymyksiin saat vastaukset meid\u00e4n kursseilla. Kaikki koulutukset sis\u00e4lt\u00e4v\u00e4t lis\u00e4ksi aiheeseen liittyvi\u00e4 maisteluita. J\u00e4rjest\u00e4mme vuosittain 1-2 peruskurssia tasokokeineen. Lis\u00e4ksi opintopiirin kokoontumiset tarjoavat edistyneemmille j\u00e4senille teemallisia viini-iltoja. &nbsp; Tasokokeet ja vaatimustasot hyv\u00e4ksyttyihin [&hellip;]\" \/>\n<meta property=\"og:url\" content=\"https:\/\/munskankarna.org\/turku\/koulutus\/\" \/>\n<meta property=\"og:site_name\" content=\"Munsk\u00e4nkarna Aboa\" \/>\n<meta property=\"article:modified_time\" content=\"2025-02-11T14:50:20+00:00\" \/>\n<meta property=\"og:image\" content=\"https:\/\/munskankarna.org\/turku\/wp-content\/uploads\/sites\/10\/2024\/10\/Snapseed-68-scaled.jpg\" \/>\n\t<meta property=\"og:image:width\" content=\"2560\" \/>\n\t<meta property=\"og:image:height\" content=\"2511\" \/>\n\t<meta property=\"og:image:type\" content=\"image\/jpeg\" \/>\n<meta name=\"twitter:card\" content=\"summary_large_image\" \/>\n<meta name=\"twitter:label1\" content=\"Arvioitu lukuaika\" \/>\n\t<meta name=\"twitter:data1\" content=\"3 minuuttia\" \/>\n<script type=\"application\/ld+json\" class=\"yoast-schema-graph\">{\"@context\":\"https:\\\/\\\/schema.org\",\"@graph\":[{\"@type\":\"WebPage\",\"@id\":\"https:\\\/\\\/munskankarna.org\\\/turku\\\/koulutus\\\/\",\"url\":\"https:\\\/\\\/munskankarna.org\\\/turku\\\/koulutus\\\/\",\"name\":\"Koulutus - Munsk\u00e4nkarna Aboa\",\"isPartOf\":{\"@id\":\"https:\\\/\\\/munskankarna.org\\\/turku\\\/#website\"},\"primaryImageOfPage\":{\"@id\":\"https:\\\/\\\/munskankarna.org\\\/turku\\\/koulutus\\\/#primaryimage\"},\"image\":{\"@id\":\"https:\\\/\\\/munskankarna.org\\\/turku\\\/koulutus\\\/#primaryimage\"},\"thumbnailUrl\":\"https:\\\/\\\/munskankarna.org\\\/turku\\\/wp-content\\\/uploads\\\/sites\\\/10\\\/2024\\\/10\\\/Snapseed-68-1024x1004.jpg\",\"datePublished\":\"2023-03-11T17:49:44+00:00\",\"dateModified\":\"2025-02-11T14:50:20+00:00\",\"breadcrumb\":{\"@id\":\"https:\\\/\\\/munskankarna.org\\\/turku\\\/koulutus\\\/#breadcrumb\"},\"inLanguage\":\"fi\",\"potentialAction\":[{\"@type\":\"ReadAction\",\"target\":[\"https:\\\/\\\/munskankarna.org\\\/turku\\\/koulutus\\\/\"]}]},{\"@type\":\"ImageObject\",\"inLanguage\":\"fi\",\"@id\":\"https:\\\/\\\/munskankarna.org\\\/turku\\\/koulutus\\\/#primaryimage\",\"url\":\"https:\\\/\\\/munskankarna.org\\\/turku\\\/wp-content\\\/uploads\\\/sites\\\/10\\\/2024\\\/10\\\/Snapseed-68-scaled.jpg\",\"contentUrl\":\"https:\\\/\\\/munskankarna.org\\\/turku\\\/wp-content\\\/uploads\\\/sites\\\/10\\\/2024\\\/10\\\/Snapseed-68-scaled.jpg\",\"width\":2560,\"height\":2511},{\"@type\":\"BreadcrumbList\",\"@id\":\"https:\\\/\\\/munskankarna.org\\\/turku\\\/koulutus\\\/#breadcrumb\",\"itemListElement\":[{\"@type\":\"ListItem\",\"position\":1,\"name\":\"Home\",\"item\":\"https:\\\/\\\/munskankarna.org\\\/turku\\\/\"},{\"@type\":\"ListItem\",\"position\":2,\"name\":\"Koulutus\"}]},{\"@type\":\"WebSite\",\"@id\":\"https:\\\/\\\/munskankarna.org\\\/turku\\\/#website\",\"url\":\"https:\\\/\\\/munskankarna.org\\\/turku\\\/\",\"name\":\"Munsk\u00e4nkarna Aboa\",\"description\":\"Suomen Munsk\u00e4nkarna ry:n Turun paikallisseura\",\"potentialAction\":[{\"@type\":\"SearchAction\",\"target\":{\"@type\":\"EntryPoint\",\"urlTemplate\":\"https:\\\/\\\/munskankarna.org\\\/turku\\\/?s={search_term_string}\"},\"query-input\":{\"@type\":\"PropertyValueSpecification\",\"valueRequired\":true,\"valueName\":\"search_term_string\"}}],\"inLanguage\":\"fi\"}]}<\/script>\n<!-- \/ Yoast SEO plugin. -->","yoast_head_json":{"title":"Koulutus - Munsk\u00e4nkarna Aboa","robots":{"index":"index","follow":"follow","max-snippet":"max-snippet:-1","max-image-preview":"max-image-preview:large","max-video-preview":"max-video-preview:-1"},"canonical":"https:\/\/munskankarna.org\/turku\/koulutus\/","og_locale":"fi_FI","og_type":"article","og_title":"Koulutus - Munsk\u00e4nkarna Aboa","og_description":"Tied\u00e4tk\u00f6 mik\u00e4 on Ranskan viljellyin tumma ryp\u00e4le? Miss\u00e4 maassa viinik\u00f6ynn\u00f6ksi\u00e4 viljell\u00e4\u00e4n jopa 3000 metrin korkeudessa? Ent\u00e4 millainen ilmasto vallitsee Napa Valleyss\u00e4? N\u00e4ihin ja moniiin muihin viinikysymyksiin saat vastaukset meid\u00e4n kursseilla. Kaikki koulutukset sis\u00e4lt\u00e4v\u00e4t lis\u00e4ksi aiheeseen liittyvi\u00e4 maisteluita. J\u00e4rjest\u00e4mme vuosittain 1-2 peruskurssia tasokokeineen. Lis\u00e4ksi opintopiirin kokoontumiset tarjoavat edistyneemmille j\u00e4senille teemallisia viini-iltoja. &nbsp; Tasokokeet ja vaatimustasot hyv\u00e4ksyttyihin [&hellip;]","og_url":"https:\/\/munskankarna.org\/turku\/koulutus\/","og_site_name":"Munsk\u00e4nkarna Aboa","article_modified_time":"2025-02-11T14:50:20+00:00","og_image":[{"width":2560,"height":2511,"url":"https:\/\/munskankarna.org\/turku\/wp-content\/uploads\/sites\/10\/2024\/10\/Snapseed-68-scaled.jpg","type":"image\/jpeg"}],"twitter_card":"summary_large_image","twitter_misc":{"Arvioitu lukuaika":"3 minuuttia"},"schema":{"@context":"https:\/\/schema.org","@graph":[{"@type":"WebPage","@id":"https:\/\/munskankarna.org\/turku\/koulutus\/","url":"https:\/\/munskankarna.org\/turku\/koulutus\/","name":"Koulutus - Munsk\u00e4nkarna Aboa","isPartOf":{"@id":"https:\/\/munskankarna.org\/turku\/#website"},"primaryImageOfPage":{"@id":"https:\/\/munskankarna.org\/turku\/koulutus\/#primaryimage"},"image":{"@id":"https:\/\/munskankarna.org\/turku\/koulutus\/#primaryimage"},"thumbnailUrl":"https:\/\/munskankarna.org\/turku\/wp-content\/uploads\/sites\/10\/2024\/10\/Snapseed-68-1024x1004.jpg","datePublished":"2023-03-11T17:49:44+00:00","dateModified":"2025-02-11T14:50:20+00:00","breadcrumb":{"@id":"https:\/\/munskankarna.org\/turku\/koulutus\/#breadcrumb"},"inLanguage":"fi","potentialAction":[{"@type":"ReadAction","target":["https:\/\/munskankarna.org\/turku\/koulutus\/"]}]},{"@type":"ImageObject","inLanguage":"fi","@id":"https:\/\/munskankarna.org\/turku\/koulutus\/#primaryimage","url":"https:\/\/munskankarna.org\/turku\/wp-content\/uploads\/sites\/10\/2024\/10\/Snapseed-68-scaled.jpg","contentUrl":"https:\/\/munskankarna.org\/turku\/wp-content\/uploads\/sites\/10\/2024\/10\/Snapseed-68-scaled.jpg","width":2560,"height":2511},{"@type":"BreadcrumbList","@id":"https:\/\/munskankarna.org\/turku\/koulutus\/#breadcrumb","itemListElement":[{"@type":"ListItem","position":1,"name":"Home","item":"https:\/\/munskankarna.org\/turku\/"},{"@type":"ListItem","position":2,"name":"Koulutus"}]},{"@type":"WebSite","@id":"https:\/\/munskankarna.org\/turku\/#website","url":"https:\/\/munskankarna.org\/turku\/","name":"Munsk\u00e4nkarna Aboa","description":"Suomen Munsk\u00e4nkarna ry:n Turun paikallisseura","potentialAction":[{"@type":"SearchAction","target":{"@type":"EntryPoint","urlTemplate":"https:\/\/munskankarna.org\/turku\/?s={search_term_string}"},"query-input":{"@type":"PropertyValueSpecification","valueRequired":true,"valueName":"search_term_string"}}],"inLanguage":"fi"}]}},"_links":{"self":[{"href":"https:\/\/munskankarna.org\/turku\/wp-json\/wp\/v2\/pages\/579","targetHints":{"allow":["GET"]}}],"collection":[{"href":"https:\/\/munskankarna.org\/turku\/wp-json\/wp\/v2\/pages"}],"about":[{"href":"https:\/\/munskankarna.org\/turku\/wp-json\/wp\/v2\/types\/page"}],"author":[{"embeddable":true,"href":"https:\/\/munskankarna.org\/turku\/wp-json\/wp\/v2\/users\/32"}],"replies":[{"embeddable":true,"href":"https:\/\/munskankarna.org\/turku\/wp-json\/wp\/v2\/comments?post=579"}],"version-history":[{"count":18,"href":"https:\/\/munskankarna.org\/turku\/wp-json\/wp\/v2\/pages\/579\/revisions"}],"predecessor-version":[{"id":767,"href":"https:\/\/munskankarna.org\/turku\/wp-json\/wp\/v2\/pages\/579\/revisions\/767"}],"wp:attachment":[{"href":"https:\/\/munskankarna.org\/turku\/wp-json\/wp\/v2\/media?parent=579"}],"curies":[{"name":"wp","href":"https:\/\/api.w.org\/{rel}","templated":true}]}}