{"id":744,"date":"2025-02-11T14:02:24","date_gmt":"2025-02-11T12:02:24","guid":{"rendered":"https:\/\/munskankarna.org\/turku\/?page_id=744"},"modified":"2025-08-27T12:15:07","modified_gmt":"2025-08-27T09:15:07","slug":"meista","status":"publish","type":"page","link":"https:\/\/munskankarna.org\/turku\/meista\/","title":{"rendered":"Meist\u00e4"},"content":{"rendered":"<p><a href=\"https:\/\/munskankarna.org\/turku\/wp-content\/uploads\/sites\/10\/2023\/12\/82a42523-5a04-46dc-8104-dca30538d9c2.jpg\"><img loading=\"lazy\" decoding=\"async\" class=\"alignnone wp-image-683 size-large\" src=\"https:\/\/munskankarna.org\/turku\/wp-content\/uploads\/sites\/10\/2023\/12\/82a42523-5a04-46dc-8104-dca30538d9c2-e1703022392603-1024x575.jpg\" alt=\"\" width=\"625\" height=\"351\" srcset=\"https:\/\/munskankarna.org\/turku\/wp-content\/uploads\/sites\/10\/2023\/12\/82a42523-5a04-46dc-8104-dca30538d9c2-e1703022392603-1024x575.jpg 1024w, https:\/\/munskankarna.org\/turku\/wp-content\/uploads\/sites\/10\/2023\/12\/82a42523-5a04-46dc-8104-dca30538d9c2-e1703022392603-300x168.jpg 300w, https:\/\/munskankarna.org\/turku\/wp-content\/uploads\/sites\/10\/2023\/12\/82a42523-5a04-46dc-8104-dca30538d9c2-e1703022392603-768x431.jpg 768w, https:\/\/munskankarna.org\/turku\/wp-content\/uploads\/sites\/10\/2023\/12\/82a42523-5a04-46dc-8104-dca30538d9c2-e1703022392603-1536x862.jpg 1536w, https:\/\/munskankarna.org\/turku\/wp-content\/uploads\/sites\/10\/2023\/12\/82a42523-5a04-46dc-8104-dca30538d9c2-e1703022392603-624x350.jpg 624w, https:\/\/munskankarna.org\/turku\/wp-content\/uploads\/sites\/10\/2023\/12\/82a42523-5a04-46dc-8104-dca30538d9c2-e1703022392603.jpg 2040w\" sizes=\"auto, (max-width: 625px) 100vw, 625px\" \/><\/a><\/p>\n<p>Turkuun perustettiin vuonna 1982 Munsk\u00e4nkarna-viiniseuran ensimm\u00e4inen alaj\u00e4rjest\u00f6 Ruotsin ulkopuolelle, Munsk\u00e4nkarna Aboa. Toiminnan ytimess\u00e4 ovat j\u00e4senille j\u00e4rjestetyt maistelutilaisuudet eli tastingit. Tilaisuuksia j\u00e4rjestet\u00e4\u00e4n kuukausittain vaihtelevin teemoin, lukuunottamatta lyhytt\u00e4 kes\u00e4taukoa.<\/p>\n<p>Kokoonnumme Aurajoen rannalla sijaitsevan Manillan Vanhan viinatehtaan tilassa. Tastingej\u00e4 on j\u00e4rjestetty esimerkiksi eri maiden tai alueiden viineist\u00e4, ryp\u00e4leteemoilla tai liittyen ruoan ja viinin yhdist\u00e4miseen. Tastingien lis\u00e4ksi teemme my\u00f6s ravintola- ja viinibaarivierailuja.<\/p>\n<p>Lis\u00e4ksi yhdistys tarjoaa mahdollisuuden viinien opiskeluun rennossa ja iloisessa seurassa. Viiniosaamistaan p\u00e4\u00e4see mittaamaan tasokokeissa ja viinikilpailuissa.<\/p>\n<p><a href=\"https:\/\/munskankarna.org\/turku\/wp-content\/uploads\/sites\/10\/2025\/08\/Munskankarna-Aboa-ry-PRHn-hyvaksymat-saannot-19.11.2024.pdf\">Munska\u0308nkarna Aboa ry PRHn hyva\u0308ksyma\u0308t sa\u0308a\u0308nno\u0308t 19.11.2024<\/a><\/p>\n","protected":false},"excerpt":{"rendered":"<p>Turkuun perustettiin vuonna 1982 Munsk\u00e4nkarna-viiniseuran ensimm\u00e4inen alaj\u00e4rjest\u00f6 Ruotsin ulkopuolelle, Munsk\u00e4nkarna Aboa. Toiminnan ytimess\u00e4 ovat j\u00e4senille j\u00e4rjestetyt maistelutilaisuudet eli tastingit. Tilaisuuksia j\u00e4rjestet\u00e4\u00e4n kuukausittain vaihtelevin teemoin, lukuunottamatta lyhytt\u00e4 kes\u00e4taukoa. Kokoonnumme Aurajoen rannalla sijaitsevan Manillan Vanhan viinatehtaan tilassa. Tastingej\u00e4 on j\u00e4rjestetty esimerkiksi eri maiden tai alueiden viineist\u00e4, ryp\u00e4leteemoilla tai liittyen ruoan ja viinin yhdist\u00e4miseen. Tastingien lis\u00e4ksi teemme my\u00f6s [&hellip;]<\/p>\n","protected":false},"author":35,"featured_media":0,"parent":0,"menu_order":0,"comment_status":"closed","ping_status":"closed","template":"","meta":{"footnotes":""},"class_list":["post-744","page","type-page","status-publish","hentry"],"yoast_head":"<!-- This site is optimized with the Yoast SEO plugin v27.0 - https:\/\/yoast.com\/product\/yoast-seo-wordpress\/ -->\n<title>Meist\u00e4 - Munsk\u00e4nkarna Aboa<\/title>\n<meta name=\"robots\" content=\"index, follow, max-snippet:-1, max-image-preview:large, max-video-preview:-1\" \/>\n<link rel=\"canonical\" href=\"https:\/\/munskankarna.org\/turku\/meista\/\" \/>\n<meta property=\"og:locale\" content=\"fi_FI\" \/>\n<meta property=\"og:type\" content=\"article\" \/>\n<meta property=\"og:title\" content=\"Meist\u00e4 - Munsk\u00e4nkarna Aboa\" \/>\n<meta property=\"og:description\" content=\"Turkuun perustettiin vuonna 1982 Munsk\u00e4nkarna-viiniseuran ensimm\u00e4inen alaj\u00e4rjest\u00f6 Ruotsin ulkopuolelle, Munsk\u00e4nkarna Aboa. Toiminnan ytimess\u00e4 ovat j\u00e4senille j\u00e4rjestetyt maistelutilaisuudet eli tastingit. Tilaisuuksia j\u00e4rjestet\u00e4\u00e4n kuukausittain vaihtelevin teemoin, lukuunottamatta lyhytt\u00e4 kes\u00e4taukoa. Kokoonnumme Aurajoen rannalla sijaitsevan Manillan Vanhan viinatehtaan tilassa. Tastingej\u00e4 on j\u00e4rjestetty esimerkiksi eri maiden tai alueiden viineist\u00e4, ryp\u00e4leteemoilla tai liittyen ruoan ja viinin yhdist\u00e4miseen. Tastingien lis\u00e4ksi teemme my\u00f6s [&hellip;]\" \/>\n<meta property=\"og:url\" content=\"https:\/\/munskankarna.org\/turku\/meista\/\" \/>\n<meta property=\"og:site_name\" content=\"Munsk\u00e4nkarna Aboa\" \/>\n<meta property=\"article:modified_time\" content=\"2025-08-27T09:15:07+00:00\" \/>\n<meta property=\"og:image\" content=\"https:\/\/munskankarna.org\/turku\/wp-content\/uploads\/sites\/10\/2023\/12\/82a42523-5a04-46dc-8104-dca30538d9c2-e1703022392603.jpg\" \/>\n\t<meta property=\"og:image:width\" content=\"2040\" \/>\n\t<meta property=\"og:image:height\" content=\"1145\" \/>\n\t<meta property=\"og:image:type\" content=\"image\/jpeg\" \/>\n<meta name=\"twitter:card\" content=\"summary_large_image\" \/>\n<meta name=\"twitter:label1\" content=\"Arvioitu lukuaika\" \/>\n\t<meta name=\"twitter:data1\" content=\"1 minuutti\" \/>\n<script type=\"application\/ld+json\" class=\"yoast-schema-graph\">{\"@context\":\"https:\/\/schema.org\",\"@graph\":[{\"@type\":\"WebPage\",\"@id\":\"https:\/\/munskankarna.org\/turku\/meista\/\",\"url\":\"https:\/\/munskankarna.org\/turku\/meista\/\",\"name\":\"Meist\u00e4 - Munsk\u00e4nkarna Aboa\",\"isPartOf\":{\"@id\":\"https:\/\/munskankarna.org\/turku\/#website\"},\"primaryImageOfPage\":{\"@id\":\"https:\/\/munskankarna.org\/turku\/meista\/#primaryimage\"},\"image\":{\"@id\":\"https:\/\/munskankarna.org\/turku\/meista\/#primaryimage\"},\"thumbnailUrl\":\"https:\/\/munskankarna.org\/turku\/wp-content\/uploads\/sites\/10\/2023\/12\/82a42523-5a04-46dc-8104-dca30538d9c2-e1703022392603-1024x575.jpg\",\"datePublished\":\"2025-02-11T12:02:24+00:00\",\"dateModified\":\"2025-08-27T09:15:07+00:00\",\"breadcrumb\":{\"@id\":\"https:\/\/munskankarna.org\/turku\/meista\/#breadcrumb\"},\"inLanguage\":\"fi\",\"potentialAction\":[{\"@type\":\"ReadAction\",\"target\":[\"https:\/\/munskankarna.org\/turku\/meista\/\"]}]},{\"@type\":\"ImageObject\",\"inLanguage\":\"fi\",\"@id\":\"https:\/\/munskankarna.org\/turku\/meista\/#primaryimage\",\"url\":\"https:\/\/munskankarna.org\/turku\/wp-content\/uploads\/sites\/10\/2023\/12\/82a42523-5a04-46dc-8104-dca30538d9c2-e1703022392603.jpg\",\"contentUrl\":\"https:\/\/munskankarna.org\/turku\/wp-content\/uploads\/sites\/10\/2023\/12\/82a42523-5a04-46dc-8104-dca30538d9c2-e1703022392603.jpg\",\"width\":2040,\"height\":1145},{\"@type\":\"BreadcrumbList\",\"@id\":\"https:\/\/munskankarna.org\/turku\/meista\/#breadcrumb\",\"itemListElement\":[{\"@type\":\"ListItem\",\"position\":1,\"name\":\"Home\",\"item\":\"https:\/\/munskankarna.org\/turku\/\"},{\"@type\":\"ListItem\",\"position\":2,\"name\":\"Meist\u00e4\"}]},{\"@type\":\"WebSite\",\"@id\":\"https:\/\/munskankarna.org\/turku\/#website\",\"url\":\"https:\/\/munskankarna.org\/turku\/\",\"name\":\"Munsk\u00e4nkarna Aboa\",\"description\":\"Suomen Munsk\u00e4nkarna ry:n Turun paikallisseura\",\"potentialAction\":[{\"@type\":\"SearchAction\",\"target\":{\"@type\":\"EntryPoint\",\"urlTemplate\":\"https:\/\/munskankarna.org\/turku\/?s={search_term_string}\"},\"query-input\":{\"@type\":\"PropertyValueSpecification\",\"valueRequired\":true,\"valueName\":\"search_term_string\"}}],\"inLanguage\":\"fi\"}]}<\/script>\n<!-- \/ Yoast SEO plugin. -->","yoast_head_json":{"title":"Meist\u00e4 - Munsk\u00e4nkarna Aboa","robots":{"index":"index","follow":"follow","max-snippet":"max-snippet:-1","max-image-preview":"max-image-preview:large","max-video-preview":"max-video-preview:-1"},"canonical":"https:\/\/munskankarna.org\/turku\/meista\/","og_locale":"fi_FI","og_type":"article","og_title":"Meist\u00e4 - Munsk\u00e4nkarna Aboa","og_description":"Turkuun perustettiin vuonna 1982 Munsk\u00e4nkarna-viiniseuran ensimm\u00e4inen alaj\u00e4rjest\u00f6 Ruotsin ulkopuolelle, Munsk\u00e4nkarna Aboa. Toiminnan ytimess\u00e4 ovat j\u00e4senille j\u00e4rjestetyt maistelutilaisuudet eli tastingit. Tilaisuuksia j\u00e4rjestet\u00e4\u00e4n kuukausittain vaihtelevin teemoin, lukuunottamatta lyhytt\u00e4 kes\u00e4taukoa. Kokoonnumme Aurajoen rannalla sijaitsevan Manillan Vanhan viinatehtaan tilassa. Tastingej\u00e4 on j\u00e4rjestetty esimerkiksi eri maiden tai alueiden viineist\u00e4, ryp\u00e4leteemoilla tai liittyen ruoan ja viinin yhdist\u00e4miseen. Tastingien lis\u00e4ksi teemme my\u00f6s [&hellip;]","og_url":"https:\/\/munskankarna.org\/turku\/meista\/","og_site_name":"Munsk\u00e4nkarna Aboa","article_modified_time":"2025-08-27T09:15:07+00:00","og_image":[{"width":2040,"height":1145,"url":"https:\/\/munskankarna.org\/turku\/wp-content\/uploads\/sites\/10\/2023\/12\/82a42523-5a04-46dc-8104-dca30538d9c2-e1703022392603.jpg","type":"image\/jpeg"}],"twitter_card":"summary_large_image","twitter_misc":{"Arvioitu lukuaika":"1 minuutti"},"schema":{"@context":"https:\/\/schema.org","@graph":[{"@type":"WebPage","@id":"https:\/\/munskankarna.org\/turku\/meista\/","url":"https:\/\/munskankarna.org\/turku\/meista\/","name":"Meist\u00e4 - Munsk\u00e4nkarna Aboa","isPartOf":{"@id":"https:\/\/munskankarna.org\/turku\/#website"},"primaryImageOfPage":{"@id":"https:\/\/munskankarna.org\/turku\/meista\/#primaryimage"},"image":{"@id":"https:\/\/munskankarna.org\/turku\/meista\/#primaryimage"},"thumbnailUrl":"https:\/\/munskankarna.org\/turku\/wp-content\/uploads\/sites\/10\/2023\/12\/82a42523-5a04-46dc-8104-dca30538d9c2-e1703022392603-1024x575.jpg","datePublished":"2025-02-11T12:02:24+00:00","dateModified":"2025-08-27T09:15:07+00:00","breadcrumb":{"@id":"https:\/\/munskankarna.org\/turku\/meista\/#breadcrumb"},"inLanguage":"fi","potentialAction":[{"@type":"ReadAction","target":["https:\/\/munskankarna.org\/turku\/meista\/"]}]},{"@type":"ImageObject","inLanguage":"fi","@id":"https:\/\/munskankarna.org\/turku\/meista\/#primaryimage","url":"https:\/\/munskankarna.org\/turku\/wp-content\/uploads\/sites\/10\/2023\/12\/82a42523-5a04-46dc-8104-dca30538d9c2-e1703022392603.jpg","contentUrl":"https:\/\/munskankarna.org\/turku\/wp-content\/uploads\/sites\/10\/2023\/12\/82a42523-5a04-46dc-8104-dca30538d9c2-e1703022392603.jpg","width":2040,"height":1145},{"@type":"BreadcrumbList","@id":"https:\/\/munskankarna.org\/turku\/meista\/#breadcrumb","itemListElement":[{"@type":"ListItem","position":1,"name":"Home","item":"https:\/\/munskankarna.org\/turku\/"},{"@type":"ListItem","position":2,"name":"Meist\u00e4"}]},{"@type":"WebSite","@id":"https:\/\/munskankarna.org\/turku\/#website","url":"https:\/\/munskankarna.org\/turku\/","name":"Munsk\u00e4nkarna Aboa","description":"Suomen Munsk\u00e4nkarna ry:n Turun paikallisseura","potentialAction":[{"@type":"SearchAction","target":{"@type":"EntryPoint","urlTemplate":"https:\/\/munskankarna.org\/turku\/?s={search_term_string}"},"query-input":{"@type":"PropertyValueSpecification","valueRequired":true,"valueName":"search_term_string"}}],"inLanguage":"fi"}]}},"_links":{"self":[{"href":"https:\/\/munskankarna.org\/turku\/wp-json\/wp\/v2\/pages\/744","targetHints":{"allow":["GET"]}}],"collection":[{"href":"https:\/\/munskankarna.org\/turku\/wp-json\/wp\/v2\/pages"}],"about":[{"href":"https:\/\/munskankarna.org\/turku\/wp-json\/wp\/v2\/types\/page"}],"author":[{"embeddable":true,"href":"https:\/\/munskankarna.org\/turku\/wp-json\/wp\/v2\/users\/35"}],"replies":[{"embeddable":true,"href":"https:\/\/munskankarna.org\/turku\/wp-json\/wp\/v2\/comments?post=744"}],"version-history":[{"count":5,"href":"https:\/\/munskankarna.org\/turku\/wp-json\/wp\/v2\/pages\/744\/revisions"}],"predecessor-version":[{"id":797,"href":"https:\/\/munskankarna.org\/turku\/wp-json\/wp\/v2\/pages\/744\/revisions\/797"}],"wp:attachment":[{"href":"https:\/\/munskankarna.org\/turku\/wp-json\/wp\/v2\/media?parent=744"}],"curies":[{"name":"wp","href":"https:\/\/api.w.org\/{rel}","templated":true}]}}